{"id":4981,"date":"2019-08-30T12:00:07","date_gmt":"2019-08-30T10:00:07","guid":{"rendered":"https:\/\/www.informationsportal.de\/?page_id=4981"},"modified":"2020-09-03T16:48:34","modified_gmt":"2020-09-03T14:48:34","slug":"systemuntersuchung","status":"publish","type":"page","link":"https:\/\/www.informationsportal.de\/aok-bw\/sv-bibliothek\/meldeverfahren\/gemeinsame-meldeverfahren\/sonstige-themen-3\/systemuntersuchung\/","title":{"rendered":"Systemuntersuchung"},"content":{"rendered":"\n<h2 class=\"wp-block-heading\">Untersuchung von Entgeltabrechnungsprogrammen und Ausf\u00fcllhilfen<\/h2>\n\n\n\n<p>Nachfolgend finden Sie die Dokumente, die die Systemuntersuchung von Standardsoftware und Ausf\u00fcllhilfen behandelt. Dies schlie\u00dft die Daten\u00fcbermittlung von Meldungen und Beitragsnachweisen und die Datenweiterleitung innerhalb der Sozialversicherung ein.<\/p>\n","protected":false},"excerpt":{"rendered":"<p>Untersuchung von Entgeltabrechnungsprogrammen und Ausf\u00fcllhilfen Nachfolgend finden Sie die Dokumente, die die Systemuntersuchung von Standardsoftware und Ausf\u00fcllhilfen behandelt.  Dies schlie\u00dft die Daten\u00fcbermittlung von Meldungen und Beitragsnachweisen und die Datenweiterleitung innerhalb der Sozialversicherung ein.<\/p>","protected":false},"author":1,"featured_media":0,"parent":4983,"menu_order":0,"comment_status":"closed","ping_status":"closed","template":"tpl_documents.php","meta":{"_acf_changed":false,"footnotes":""},"class_list":["post-4981","page","type-page","status-publish","hentry"],"acf":[],"yoast_head":"<!-- This site is optimized with the Yoast SEO plugin v26.3 - https:\/\/yoast.com\/wordpress\/plugins\/seo\/ -->\n<title>Systemuntersuchung - Informationsportal der AOK Baden-W\u00fcrttemberg f\u00fcr Arbeitgeber<\/title>\n<meta name=\"robots\" content=\"index, follow, max-snippet:-1, max-image-preview:large, max-video-preview:-1\" \/>\n<link rel=\"canonical\" href=\"https:\/\/www.informationsportal.de\/aok-bw\/sv-bibliothek\/meldeverfahren\/gemeinsame-meldeverfahren\/sonstige-themen-3\/systemuntersuchung\/\" \/>\n<meta property=\"og:locale\" content=\"de_DE\" \/>\n<meta property=\"og:type\" content=\"article\" \/>\n<meta property=\"og:title\" content=\"Systemuntersuchung - Informationsportal der AOK Baden-W\u00fcrttemberg f\u00fcr Arbeitgeber\" \/>\n<meta property=\"og:description\" content=\"Untersuchung von Entgeltabrechnungsprogrammen und Ausf\u00fcllhilfen Nachfolgend finden Sie die Dokumente, die die Systemuntersuchung von Standardsoftware und Ausf\u00fcllhilfen behandelt. Dies schlie\u00dft die Daten\u00fcbermittlung von Meldungen und Beitragsnachweisen und die Datenweiterleitung innerhalb der Sozialversicherung ein.\" \/>\n<meta property=\"og:url\" content=\"https:\/\/www.informationsportal.de\/aok-bw\/sv-bibliothek\/meldeverfahren\/gemeinsame-meldeverfahren\/sonstige-themen-3\/systemuntersuchung\/\" \/>\n<meta property=\"og:site_name\" content=\"Informationsportal der AOK Baden-W\u00fcrttemberg f\u00fcr Arbeitgeber\" \/>\n<meta property=\"article:modified_time\" content=\"2020-09-03T14:48:34+00:00\" \/>\n<meta name=\"twitter:card\" content=\"summary_large_image\" \/>\n<script type=\"application\/ld+json\" class=\"yoast-schema-graph\">{\"@context\":\"https:\/\/schema.org\",\"@graph\":[{\"@type\":\"WebPage\",\"@id\":\"https:\/\/www.informationsportal.de\/aok-bw\/sv-bibliothek\/meldeverfahren\/gemeinsame-meldeverfahren\/sonstige-themen-3\/systemuntersuchung\/\",\"url\":\"https:\/\/www.informationsportal.de\/aok-bw\/sv-bibliothek\/meldeverfahren\/gemeinsame-meldeverfahren\/sonstige-themen-3\/systemuntersuchung\/\",\"name\":\"Systemuntersuchung - Informationsportal der AOK Baden-W\u00fcrttemberg f\u00fcr Arbeitgeber\",\"isPartOf\":{\"@id\":\"https:\/\/www.informationsportal.de\/aok-bw\/#website\"},\"datePublished\":\"2019-08-30T10:00:07+00:00\",\"dateModified\":\"2020-09-03T14:48:34+00:00\",\"breadcrumb\":{\"@id\":\"https:\/\/www.informationsportal.de\/aok-bw\/sv-bibliothek\/meldeverfahren\/gemeinsame-meldeverfahren\/sonstige-themen-3\/systemuntersuchung\/#breadcrumb\"},\"inLanguage\":\"de\",\"potentialAction\":[{\"@type\":\"ReadAction\",\"target\":[\"https:\/\/www.informationsportal.de\/aok-bw\/sv-bibliothek\/meldeverfahren\/gemeinsame-meldeverfahren\/sonstige-themen-3\/systemuntersuchung\/\"]}]},{\"@type\":\"BreadcrumbList\",\"@id\":\"https:\/\/www.informationsportal.de\/aok-bw\/sv-bibliothek\/meldeverfahren\/gemeinsame-meldeverfahren\/sonstige-themen-3\/systemuntersuchung\/#breadcrumb\",\"itemListElement\":[{\"@type\":\"ListItem\",\"position\":1,\"name\":\"SV-Bibliothek\",\"item\":\"https:\/\/www.informationsportal.de\/aok-bw\/sv-bibliothek\/\"},{\"@type\":\"ListItem\",\"position\":2,\"name\":\"Meldeverfahren\",\"item\":\"https:\/\/www.informationsportal.de\/aok-bw\/sv-bibliothek\/meldeverfahren\/\"},{\"@type\":\"ListItem\",\"position\":3,\"name\":\"Gemeinsame Meldeverfahren\",\"item\":\"https:\/\/www.informationsportal.de\/aok-bw\/sv-bibliothek\/meldeverfahren\/gemeinsame-meldeverfahren\/\"},{\"@type\":\"ListItem\",\"position\":4,\"name\":\"Sonstige Themen\",\"item\":\"https:\/\/www.informationsportal.de\/aok-bw\/sv-bibliothek\/meldeverfahren\/gemeinsame-meldeverfahren\/sonstige-themen-3\/\"},{\"@type\":\"ListItem\",\"position\":5,\"name\":\"Systemuntersuchung\"}]},{\"@type\":\"WebSite\",\"@id\":\"https:\/\/www.informationsportal.de\/aok-bw\/#website\",\"url\":\"https:\/\/www.informationsportal.de\/aok-bw\/\",\"name\":\"Informationsportal der AOK Baden-W\u00fcrttemberg f\u00fcr Arbeitgeber\",\"description\":\"Das Informationsportal ist ein Wegweiser zu den Meldepflichten der Sozialversicherung\",\"potentialAction\":[{\"@type\":\"SearchAction\",\"target\":{\"@type\":\"EntryPoint\",\"urlTemplate\":\"https:\/\/www.informationsportal.de\/aok-bw\/?s={search_term_string}\"},\"query-input\":{\"@type\":\"PropertyValueSpecification\",\"valueRequired\":true,\"valueName\":\"search_term_string\"}}],\"inLanguage\":\"de\"}]}<\/script>\n<!-- \/ Yoast SEO plugin. -->","yoast_head_json":{"title":"Systemuntersuchung - Informationsportal der AOK Baden-W\u00fcrttemberg f\u00fcr Arbeitgeber","robots":{"index":"index","follow":"follow","max-snippet":"max-snippet:-1","max-image-preview":"max-image-preview:large","max-video-preview":"max-video-preview:-1"},"canonical":"https:\/\/www.informationsportal.de\/aok-bw\/sv-bibliothek\/meldeverfahren\/gemeinsame-meldeverfahren\/sonstige-themen-3\/systemuntersuchung\/","og_locale":"de_DE","og_type":"article","og_title":"Systemuntersuchung - Informationsportal der AOK Baden-W\u00fcrttemberg f\u00fcr Arbeitgeber","og_description":"Untersuchung von Entgeltabrechnungsprogrammen und Ausf\u00fcllhilfen Nachfolgend finden Sie die Dokumente, die die Systemuntersuchung von Standardsoftware und Ausf\u00fcllhilfen behandelt. Dies schlie\u00dft die Daten\u00fcbermittlung von Meldungen und Beitragsnachweisen und die Datenweiterleitung innerhalb der Sozialversicherung ein.","og_url":"https:\/\/www.informationsportal.de\/aok-bw\/sv-bibliothek\/meldeverfahren\/gemeinsame-meldeverfahren\/sonstige-themen-3\/systemuntersuchung\/","og_site_name":"Informationsportal der AOK Baden-W\u00fcrttemberg f\u00fcr Arbeitgeber","article_modified_time":"2020-09-03T14:48:34+00:00","twitter_card":"summary_large_image","schema":{"@context":"https:\/\/schema.org","@graph":[{"@type":"WebPage","@id":"https:\/\/www.informationsportal.de\/aok-bw\/sv-bibliothek\/meldeverfahren\/gemeinsame-meldeverfahren\/sonstige-themen-3\/systemuntersuchung\/","url":"https:\/\/www.informationsportal.de\/aok-bw\/sv-bibliothek\/meldeverfahren\/gemeinsame-meldeverfahren\/sonstige-themen-3\/systemuntersuchung\/","name":"Systemuntersuchung - Informationsportal der AOK Baden-W\u00fcrttemberg f\u00fcr Arbeitgeber","isPartOf":{"@id":"https:\/\/www.informationsportal.de\/aok-bw\/#website"},"datePublished":"2019-08-30T10:00:07+00:00","dateModified":"2020-09-03T14:48:34+00:00","breadcrumb":{"@id":"https:\/\/www.informationsportal.de\/aok-bw\/sv-bibliothek\/meldeverfahren\/gemeinsame-meldeverfahren\/sonstige-themen-3\/systemuntersuchung\/#breadcrumb"},"inLanguage":"de","potentialAction":[{"@type":"ReadAction","target":["https:\/\/www.informationsportal.de\/aok-bw\/sv-bibliothek\/meldeverfahren\/gemeinsame-meldeverfahren\/sonstige-themen-3\/systemuntersuchung\/"]}]},{"@type":"BreadcrumbList","@id":"https:\/\/www.informationsportal.de\/aok-bw\/sv-bibliothek\/meldeverfahren\/gemeinsame-meldeverfahren\/sonstige-themen-3\/systemuntersuchung\/#breadcrumb","itemListElement":[{"@type":"ListItem","position":1,"name":"SV-Bibliothek","item":"https:\/\/www.informationsportal.de\/aok-bw\/sv-bibliothek\/"},{"@type":"ListItem","position":2,"name":"Meldeverfahren","item":"https:\/\/www.informationsportal.de\/aok-bw\/sv-bibliothek\/meldeverfahren\/"},{"@type":"ListItem","position":3,"name":"Gemeinsame Meldeverfahren","item":"https:\/\/www.informationsportal.de\/aok-bw\/sv-bibliothek\/meldeverfahren\/gemeinsame-meldeverfahren\/"},{"@type":"ListItem","position":4,"name":"Sonstige Themen","item":"https:\/\/www.informationsportal.de\/aok-bw\/sv-bibliothek\/meldeverfahren\/gemeinsame-meldeverfahren\/sonstige-themen-3\/"},{"@type":"ListItem","position":5,"name":"Systemuntersuchung"}]},{"@type":"WebSite","@id":"https:\/\/www.informationsportal.de\/aok-bw\/#website","url":"https:\/\/www.informationsportal.de\/aok-bw\/","name":"Informationsportal der AOK Baden-W\u00fcrttemberg f\u00fcr Arbeitgeber","description":"Das Informationsportal ist ein Wegweiser zu den Meldepflichten der Sozialversicherung","potentialAction":[{"@type":"SearchAction","target":{"@type":"EntryPoint","urlTemplate":"https:\/\/www.informationsportal.de\/aok-bw\/?s={search_term_string}"},"query-input":{"@type":"PropertyValueSpecification","valueRequired":true,"valueName":"search_term_string"}}],"inLanguage":"de"}]}},"_links":{"self":[{"href":"https:\/\/www.informationsportal.de\/aok-bw\/wp-json\/wp\/v2\/pages\/4981","targetHints":{"allow":["GET"]}}],"collection":[{"href":"https:\/\/www.informationsportal.de\/aok-bw\/wp-json\/wp\/v2\/pages"}],"about":[{"href":"https:\/\/www.informationsportal.de\/aok-bw\/wp-json\/wp\/v2\/types\/page"}],"author":[{"embeddable":true,"href":"https:\/\/www.informationsportal.de\/aok-bw\/wp-json\/wp\/v2\/users\/1"}],"replies":[{"embeddable":true,"href":"https:\/\/www.informationsportal.de\/aok-bw\/wp-json\/wp\/v2\/comments?post=4981"}],"version-history":[{"count":1,"href":"https:\/\/www.informationsportal.de\/aok-bw\/wp-json\/wp\/v2\/pages\/4981\/revisions"}],"predecessor-version":[{"id":9886,"href":"https:\/\/www.informationsportal.de\/aok-bw\/wp-json\/wp\/v2\/pages\/4981\/revisions\/9886"}],"up":[{"embeddable":true,"href":"https:\/\/www.informationsportal.de\/aok-bw\/wp-json\/wp\/v2\/pages\/4983"}],"wp:attachment":[{"href":"https:\/\/www.informationsportal.de\/aok-bw\/wp-json\/wp\/v2\/media?parent=4981"}],"curies":[{"name":"wp","href":"https:\/\/api.w.org\/{rel}","templated":true}]}}