{"id":5901,"date":"2019-11-14T13:06:39","date_gmt":"2019-11-14T12:06:39","guid":{"rendered":"https:\/\/www.informationsportal.de\/?page_id=5901"},"modified":"2020-09-03T16:50:21","modified_gmt":"2020-09-03T14:50:21","slug":"fehlerpruefungsverfahren","status":"publish","type":"page","link":"https:\/\/www.informationsportal.de\/aok-bw\/sv-bibliothek\/meldeverfahren\/gemeinsame-meldeverfahren\/sonstige-themen-3\/fehlerpruefungsverfahren\/","title":{"rendered":"Fehlerpr\u00fcfungsverfahren"},"content":{"rendered":"\n<h2 class=\"wp-block-heading\">Fehlerpr\u00fcfungsverfahren f\u00fcr den Datenaustausch<\/h2>\n\n\n\n<p>Nachfolgend finden Sie die Dokumente, die das vorgesehene Fehlerpr\u00fcfungsverfahren f\u00fcr den Datenaustausch zwischen den Einzugsstellen, Arbeitgebern und den zentralen Datenannahmestellen beschreiben. Zielsetzung ist die Qualit\u00e4tssicherung der verwendeten Software.<\/p>\n","protected":false},"excerpt":{"rendered":"<p>Fehlerpr\u00fcfungsverfahren f\u00fcr den Datenaustausch Nachfolgend finden Sie die Dokumente, die das vorgesehene Fehlerpr\u00fcfungsverfahren f\u00fcr den Datenaustausch zwischen den Einzugsstellen, Arbeitgebern und den zentralen Datenannahmestellen beschreiben.  Zielsetzung ist die Qualit\u00e4tssicherung der verwendeten Software.<\/p>","protected":false},"author":1,"featured_media":0,"parent":4983,"menu_order":0,"comment_status":"closed","ping_status":"closed","template":"tpl_documents.php","meta":{"_acf_changed":false,"footnotes":""},"class_list":["post-5901","page","type-page","status-publish","hentry"],"acf":[],"yoast_head":"<!-- This site is optimized with the Yoast SEO plugin v26.3 - https:\/\/yoast.com\/wordpress\/plugins\/seo\/ -->\n<title>Fehlerpr\u00fcfungsverfahren - Informationsportal der AOK Baden-W\u00fcrttemberg f\u00fcr Arbeitgeber<\/title>\n<meta name=\"robots\" content=\"index, follow, max-snippet:-1, max-image-preview:large, max-video-preview:-1\" \/>\n<link rel=\"canonical\" href=\"https:\/\/www.informationsportal.de\/aok-bw\/sv-bibliothek\/meldeverfahren\/gemeinsame-meldeverfahren\/sonstige-themen-3\/fehlerpruefungsverfahren\/\" \/>\n<meta property=\"og:locale\" content=\"de_DE\" \/>\n<meta property=\"og:type\" content=\"article\" \/>\n<meta property=\"og:title\" content=\"Fehlerpr\u00fcfungsverfahren - Informationsportal der AOK Baden-W\u00fcrttemberg f\u00fcr Arbeitgeber\" \/>\n<meta property=\"og:description\" content=\"Fehlerpr\u00fcfungsverfahren f\u00fcr den Datenaustausch Nachfolgend finden Sie die Dokumente, die das vorgesehene Fehlerpr\u00fcfungsverfahren f\u00fcr den Datenaustausch zwischen den Einzugsstellen, Arbeitgebern und den zentralen Datenannahmestellen beschreiben. Zielsetzung ist die Qualit\u00e4tssicherung der verwendeten Software.\" \/>\n<meta property=\"og:url\" content=\"https:\/\/www.informationsportal.de\/aok-bw\/sv-bibliothek\/meldeverfahren\/gemeinsame-meldeverfahren\/sonstige-themen-3\/fehlerpruefungsverfahren\/\" \/>\n<meta property=\"og:site_name\" content=\"Informationsportal der AOK Baden-W\u00fcrttemberg f\u00fcr Arbeitgeber\" \/>\n<meta property=\"article:modified_time\" content=\"2020-09-03T14:50:21+00:00\" \/>\n<meta name=\"twitter:card\" content=\"summary_large_image\" \/>\n<script type=\"application\/ld+json\" class=\"yoast-schema-graph\">{\"@context\":\"https:\/\/schema.org\",\"@graph\":[{\"@type\":\"WebPage\",\"@id\":\"https:\/\/www.informationsportal.de\/aok-bw\/sv-bibliothek\/meldeverfahren\/gemeinsame-meldeverfahren\/sonstige-themen-3\/fehlerpruefungsverfahren\/\",\"url\":\"https:\/\/www.informationsportal.de\/aok-bw\/sv-bibliothek\/meldeverfahren\/gemeinsame-meldeverfahren\/sonstige-themen-3\/fehlerpruefungsverfahren\/\",\"name\":\"Fehlerpr\u00fcfungsverfahren - Informationsportal der AOK Baden-W\u00fcrttemberg f\u00fcr Arbeitgeber\",\"isPartOf\":{\"@id\":\"https:\/\/www.informationsportal.de\/aok-bw\/#website\"},\"datePublished\":\"2019-11-14T12:06:39+00:00\",\"dateModified\":\"2020-09-03T14:50:21+00:00\",\"breadcrumb\":{\"@id\":\"https:\/\/www.informationsportal.de\/aok-bw\/sv-bibliothek\/meldeverfahren\/gemeinsame-meldeverfahren\/sonstige-themen-3\/fehlerpruefungsverfahren\/#breadcrumb\"},\"inLanguage\":\"de\",\"potentialAction\":[{\"@type\":\"ReadAction\",\"target\":[\"https:\/\/www.informationsportal.de\/aok-bw\/sv-bibliothek\/meldeverfahren\/gemeinsame-meldeverfahren\/sonstige-themen-3\/fehlerpruefungsverfahren\/\"]}]},{\"@type\":\"BreadcrumbList\",\"@id\":\"https:\/\/www.informationsportal.de\/aok-bw\/sv-bibliothek\/meldeverfahren\/gemeinsame-meldeverfahren\/sonstige-themen-3\/fehlerpruefungsverfahren\/#breadcrumb\",\"itemListElement\":[{\"@type\":\"ListItem\",\"position\":1,\"name\":\"SV-Bibliothek\",\"item\":\"https:\/\/www.informationsportal.de\/aok-bw\/sv-bibliothek\/\"},{\"@type\":\"ListItem\",\"position\":2,\"name\":\"Meldeverfahren\",\"item\":\"https:\/\/www.informationsportal.de\/aok-bw\/sv-bibliothek\/meldeverfahren\/\"},{\"@type\":\"ListItem\",\"position\":3,\"name\":\"Gemeinsame Meldeverfahren\",\"item\":\"https:\/\/www.informationsportal.de\/aok-bw\/sv-bibliothek\/meldeverfahren\/gemeinsame-meldeverfahren\/\"},{\"@type\":\"ListItem\",\"position\":4,\"name\":\"Sonstige Themen\",\"item\":\"https:\/\/www.informationsportal.de\/aok-bw\/sv-bibliothek\/meldeverfahren\/gemeinsame-meldeverfahren\/sonstige-themen-3\/\"},{\"@type\":\"ListItem\",\"position\":5,\"name\":\"Fehlerpr\u00fcfungsverfahren\"}]},{\"@type\":\"WebSite\",\"@id\":\"https:\/\/www.informationsportal.de\/aok-bw\/#website\",\"url\":\"https:\/\/www.informationsportal.de\/aok-bw\/\",\"name\":\"Informationsportal der AOK Baden-W\u00fcrttemberg f\u00fcr Arbeitgeber\",\"description\":\"Das Informationsportal ist ein Wegweiser zu den Meldepflichten der Sozialversicherung\",\"potentialAction\":[{\"@type\":\"SearchAction\",\"target\":{\"@type\":\"EntryPoint\",\"urlTemplate\":\"https:\/\/www.informationsportal.de\/aok-bw\/?s={search_term_string}\"},\"query-input\":{\"@type\":\"PropertyValueSpecification\",\"valueRequired\":true,\"valueName\":\"search_term_string\"}}],\"inLanguage\":\"de\"}]}<\/script>\n<!-- \/ Yoast SEO plugin. -->","yoast_head_json":{"title":"Fehlerpr\u00fcfungsverfahren - Informationsportal der AOK Baden-W\u00fcrttemberg f\u00fcr Arbeitgeber","robots":{"index":"index","follow":"follow","max-snippet":"max-snippet:-1","max-image-preview":"max-image-preview:large","max-video-preview":"max-video-preview:-1"},"canonical":"https:\/\/www.informationsportal.de\/aok-bw\/sv-bibliothek\/meldeverfahren\/gemeinsame-meldeverfahren\/sonstige-themen-3\/fehlerpruefungsverfahren\/","og_locale":"de_DE","og_type":"article","og_title":"Fehlerpr\u00fcfungsverfahren - Informationsportal der AOK Baden-W\u00fcrttemberg f\u00fcr Arbeitgeber","og_description":"Fehlerpr\u00fcfungsverfahren f\u00fcr den Datenaustausch Nachfolgend finden Sie die Dokumente, die das vorgesehene Fehlerpr\u00fcfungsverfahren f\u00fcr den Datenaustausch zwischen den Einzugsstellen, Arbeitgebern und den zentralen Datenannahmestellen beschreiben. Zielsetzung ist die Qualit\u00e4tssicherung der verwendeten Software.","og_url":"https:\/\/www.informationsportal.de\/aok-bw\/sv-bibliothek\/meldeverfahren\/gemeinsame-meldeverfahren\/sonstige-themen-3\/fehlerpruefungsverfahren\/","og_site_name":"Informationsportal der AOK Baden-W\u00fcrttemberg f\u00fcr Arbeitgeber","article_modified_time":"2020-09-03T14:50:21+00:00","twitter_card":"summary_large_image","schema":{"@context":"https:\/\/schema.org","@graph":[{"@type":"WebPage","@id":"https:\/\/www.informationsportal.de\/aok-bw\/sv-bibliothek\/meldeverfahren\/gemeinsame-meldeverfahren\/sonstige-themen-3\/fehlerpruefungsverfahren\/","url":"https:\/\/www.informationsportal.de\/aok-bw\/sv-bibliothek\/meldeverfahren\/gemeinsame-meldeverfahren\/sonstige-themen-3\/fehlerpruefungsverfahren\/","name":"Fehlerpr\u00fcfungsverfahren - Informationsportal der AOK Baden-W\u00fcrttemberg f\u00fcr Arbeitgeber","isPartOf":{"@id":"https:\/\/www.informationsportal.de\/aok-bw\/#website"},"datePublished":"2019-11-14T12:06:39+00:00","dateModified":"2020-09-03T14:50:21+00:00","breadcrumb":{"@id":"https:\/\/www.informationsportal.de\/aok-bw\/sv-bibliothek\/meldeverfahren\/gemeinsame-meldeverfahren\/sonstige-themen-3\/fehlerpruefungsverfahren\/#breadcrumb"},"inLanguage":"de","potentialAction":[{"@type":"ReadAction","target":["https:\/\/www.informationsportal.de\/aok-bw\/sv-bibliothek\/meldeverfahren\/gemeinsame-meldeverfahren\/sonstige-themen-3\/fehlerpruefungsverfahren\/"]}]},{"@type":"BreadcrumbList","@id":"https:\/\/www.informationsportal.de\/aok-bw\/sv-bibliothek\/meldeverfahren\/gemeinsame-meldeverfahren\/sonstige-themen-3\/fehlerpruefungsverfahren\/#breadcrumb","itemListElement":[{"@type":"ListItem","position":1,"name":"SV-Bibliothek","item":"https:\/\/www.informationsportal.de\/aok-bw\/sv-bibliothek\/"},{"@type":"ListItem","position":2,"name":"Meldeverfahren","item":"https:\/\/www.informationsportal.de\/aok-bw\/sv-bibliothek\/meldeverfahren\/"},{"@type":"ListItem","position":3,"name":"Gemeinsame Meldeverfahren","item":"https:\/\/www.informationsportal.de\/aok-bw\/sv-bibliothek\/meldeverfahren\/gemeinsame-meldeverfahren\/"},{"@type":"ListItem","position":4,"name":"Sonstige Themen","item":"https:\/\/www.informationsportal.de\/aok-bw\/sv-bibliothek\/meldeverfahren\/gemeinsame-meldeverfahren\/sonstige-themen-3\/"},{"@type":"ListItem","position":5,"name":"Fehlerpr\u00fcfungsverfahren"}]},{"@type":"WebSite","@id":"https:\/\/www.informationsportal.de\/aok-bw\/#website","url":"https:\/\/www.informationsportal.de\/aok-bw\/","name":"Informationsportal der AOK Baden-W\u00fcrttemberg f\u00fcr Arbeitgeber","description":"Das Informationsportal ist ein Wegweiser zu den Meldepflichten der Sozialversicherung","potentialAction":[{"@type":"SearchAction","target":{"@type":"EntryPoint","urlTemplate":"https:\/\/www.informationsportal.de\/aok-bw\/?s={search_term_string}"},"query-input":{"@type":"PropertyValueSpecification","valueRequired":true,"valueName":"search_term_string"}}],"inLanguage":"de"}]}},"_links":{"self":[{"href":"https:\/\/www.informationsportal.de\/aok-bw\/wp-json\/wp\/v2\/pages\/5901","targetHints":{"allow":["GET"]}}],"collection":[{"href":"https:\/\/www.informationsportal.de\/aok-bw\/wp-json\/wp\/v2\/pages"}],"about":[{"href":"https:\/\/www.informationsportal.de\/aok-bw\/wp-json\/wp\/v2\/types\/page"}],"author":[{"embeddable":true,"href":"https:\/\/www.informationsportal.de\/aok-bw\/wp-json\/wp\/v2\/users\/1"}],"replies":[{"embeddable":true,"href":"https:\/\/www.informationsportal.de\/aok-bw\/wp-json\/wp\/v2\/comments?post=5901"}],"version-history":[{"count":1,"href":"https:\/\/www.informationsportal.de\/aok-bw\/wp-json\/wp\/v2\/pages\/5901\/revisions"}],"predecessor-version":[{"id":9889,"href":"https:\/\/www.informationsportal.de\/aok-bw\/wp-json\/wp\/v2\/pages\/5901\/revisions\/9889"}],"up":[{"embeddable":true,"href":"https:\/\/www.informationsportal.de\/aok-bw\/wp-json\/wp\/v2\/pages\/4983"}],"wp:attachment":[{"href":"https:\/\/www.informationsportal.de\/aok-bw\/wp-json\/wp\/v2\/media?parent=5901"}],"curies":[{"name":"wp","href":"https:\/\/api.w.org\/{rel}","templated":true}]}}