{"id":23,"date":"2017-01-01T16:00:00","date_gmt":"2017-01-01T16:00:00","guid":{"rendered":"https:\/\/www.informationsportal.de\/?page_id=23"},"modified":"2025-09-10T13:55:45","modified_gmt":"2025-09-10T11:55:45","slug":"impressum-und-rechtliche-hinweise","status":"publish","type":"page","link":"https:\/\/www.informationsportal.de\/bahn-bkk\/impressum-und-rechtliche-hinweise\/","title":{"rendered":"Impressum und rechtliche Hinweise"},"content":{"rendered":"<h3><\/h3>\r\n<h2 id=\"h-impressum\" class=\"wp-block-heading\"><strong>Impressum <\/strong><\/h2>\r\n<h3>\r\n\r\n<\/h3>\r\n<p>Diensteanbieter im Sinne des \u00a7 5 DDG ist die Informationstechnische Servicestelle der gesetzlichen Krankenversicherung:<\/p>\r\n<h3>\r\n\r\n<\/h3>\r\n<p><strong>ITSG GmbH<\/strong><\/p>\r\n<h3>\r\n\r\n<\/h3>\r\n<p>Kaiserleistra\u00dfe 10-16<\/p>\r\n<h3>\r\n\r\n<\/h3>\r\n<p>D-63067 Offenbach am Main<\/p>\r\n<h3>\r\n\r\n<\/h3>\r\n<h3>\r\n\r\n<\/h3>\r\n<p>Telefon: 069 \u2013 8700 358 &#8211; 0<\/p>\r\n<h3>\r\n\r\n<\/h3>\r\n<p>Telefax: 069 \u2013 8700 358 -300<\/p>\r\n<h3>\r\n\r\n<\/h3>\r\n<p>E-Mail: <a href=\"mailto:kontakt@itsg.de\">kontakt@itsg.de<\/a><\/p>\r\n<h3>\r\n\r\n<\/h3>\r\n<p>Internet: <a href=\"https:\/\/www.itsg.de\" target=\"_blank\" rel=\"noreferrer noopener\">www.itsg.de<\/a><\/p>\r\n<h3>\r\n\r\n<\/h3>\r\n<p class=\"wp-block-spacer\" aria-hidden=\"true\">\u00a0<\/p>\r\n<h3><\/h3>\r\n<h2>Rechtliche Hinweise<\/h2>\r\n<h3><strong>Urheberrecht<\/strong><\/h3>\r\n<p>Das Urheberrecht liegt bei der ITSG Informationstechnische Servicestelle der Gesetzlichen Krankenversicherung GmbH, Kaiserleistra\u00dfe 10-16, 63067 Offenbach am Main. Alle Texte, Bilder, Graphiken, Ton-, Video- und Animationsdateien einschlie\u00dflich der Arrangements auf unseren Webseiten unterliegen dem Urheberrecht oder anderen Gesetzen zum Schutz geistigen Eigentums. Sie sind nur f\u00fcr den individuellen Zugriff des Nutzers bestimmt. Des Weiteren d\u00fcrfen sie ausschlie\u00dflich mit unserer Zustimmung f\u00fcr Handelszwecke oder zur Weitergabe kopiert oder ver\u00e4ndert werden.<\/p>\r\n<h3><strong>Verlinkung durch andere Anbieter<\/strong><\/h3>\r\n<p>Das Setzen von Hyperlinks \u2013 insbesondere von Deep-Links, Inline-Links oder Links in Frame-Technology \u2013 auf unseren Internetseiten ist ausschlie\u00dflich mit unserer vorigen schriftlichen Zustimmung erlaubt.<\/p>\r\n<h3><strong>Haftungsausschluss<\/strong><\/h3>\r\n<p>Unsere Internetseiten sind ein unverbindlicher Service. Die ITSG pr\u00fcft sorgf\u00e4ltig, ob die hier gegebenen Informationen korrekt, aktuell und vollst\u00e4ndig sind. Allerdings behalten wir uns Fehler und Irrt\u00fcmer vor und stellen die Angaben ohne jegliche Zusicherung oder Gew\u00e4hrleistung &#8211; ob ausdr\u00fccklich oder stillschweigend &#8211; zur Verf\u00fcgung. \u00c4nderungen oder Aktualisierungen nehmen wir regelm\u00e4\u00dfig und ohne Ank\u00fcndigung vor. Verbindliche Ausk\u00fcnfte, Empfehlungen oder Erkl\u00e4rungen erteilen wir ausschlie\u00dflich im Rahmen individueller Kommunikation. Inhalte anderer Anbieter machen wir uns nicht zu eigen, auch wenn wir in Form von Hyperlinks darauf hinweisen. Diese Hinweise sind lediglich als zus\u00e4tzlicher Service zu verstehen und kein Teil unseres Internetangebotes. Die Sicherheit unserer Internetseiten ist uns ein wichtiges Anliegen. Bitte beachten Sie aber, dass die ITSG GmbH im Hinblick auf die Unverbindlichkeit des Services aus keinem Rechtsgrund eine Haftung im Zusammenhang mit den Internetseiten \u00fcbernimmt. Dies betrifft &#8211; beispielhaft &#8211; \u00dcbertragungsfehler von Schriftst\u00fccken, unbefugte Ver\u00e4nderung der Angaben auf dem Server durch Dritte oder Irrt\u00fcmer bei Dokumenten. Ausgeschlossen sind insbesondere auch Sch\u00e4den durch Infizierung Ihrer Computerumgebung mit Viren oder anderen Sch\u00e4dlingen. Soweit Teile dieses Haftungsausschlusses ung\u00fcltig sein sollten, gelten die anderen Teile unver\u00e4ndert weiter.<\/p>","protected":false},"excerpt":{"rendered":"<p>Impressum Diensteanbieter im Sinne des \u00a7 5 DDG ist die Informationstechnische Servicestelle der gesetzlichen Krankenversicherung: ITSG GmbH Kaiserleistra\u00dfe 10-16 D-63067 Offenbach am Main Telefon: 069 \u2013 8700 358 &#8211; 0 Telefax: 069 \u2013 8700 358 -300 E-Mail: kontakt@itsg.de Internet: www.itsg.de Rechtliche Hinweise Urheberrecht Das Urheberrecht liegt bei der ITSG Informationstechnische Servicestelle der Gesetzlichen Krankenversicherung GmbH, [&hellip;]<\/p>","protected":false},"author":1,"featured_media":0,"parent":0,"menu_order":0,"comment_status":"closed","ping_status":"closed","template":"","meta":{"_acf_changed":false,"footnotes":""},"class_list":["post-23","page","type-page","status-publish","hentry"],"acf":[],"yoast_head":"<!-- This site is optimized with the Yoast SEO plugin v26.3 - https:\/\/yoast.com\/wordpress\/plugins\/seo\/ -->\n<title>Impressum und rechtliche Hinweise - Informationsportal f\u00fcr Arbeitgeber der BAHN-BKK<\/title>\n<meta name=\"robots\" content=\"index, follow, max-snippet:-1, max-image-preview:large, max-video-preview:-1\" \/>\n<link rel=\"canonical\" href=\"https:\/\/www.informationsportal.de\/bahn-bkk\/impressum-und-rechtliche-hinweise\/\" \/>\n<meta property=\"og:locale\" content=\"de_DE\" \/>\n<meta property=\"og:type\" content=\"article\" \/>\n<meta property=\"og:title\" content=\"Impressum und rechtliche Hinweise - Informationsportal f\u00fcr Arbeitgeber der BAHN-BKK\" \/>\n<meta property=\"og:description\" content=\"Impressum Diensteanbieter im Sinne des \u00a7 5 DDG ist die Informationstechnische Servicestelle der gesetzlichen Krankenversicherung: ITSG GmbH Kaiserleistra\u00dfe 10-16 D-63067 Offenbach am Main Telefon: 069 \u2013 8700 358 &#8211; 0 Telefax: 069 \u2013 8700 358 -300 E-Mail: kontakt@itsg.de Internet: www.itsg.de Rechtliche Hinweise Urheberrecht Das Urheberrecht liegt bei der ITSG Informationstechnische Servicestelle der Gesetzlichen Krankenversicherung GmbH, [&hellip;]\" \/>\n<meta property=\"og:url\" content=\"https:\/\/www.informationsportal.de\/bahn-bkk\/impressum-und-rechtliche-hinweise\/\" \/>\n<meta property=\"og:site_name\" content=\"Informationsportal f\u00fcr Arbeitgeber der BAHN-BKK\" \/>\n<meta property=\"article:modified_time\" content=\"2025-09-10T11:55:45+00:00\" \/>\n<meta name=\"twitter:card\" content=\"summary_large_image\" \/>\n<meta name=\"twitter:label1\" content=\"Gesch\u00e4tzte Lesezeit\" \/>\n\t<meta name=\"twitter:data1\" content=\"2\u00a0Minuten\" \/>\n<script type=\"application\/ld+json\" class=\"yoast-schema-graph\">{\"@context\":\"https:\/\/schema.org\",\"@graph\":[{\"@type\":\"WebPage\",\"@id\":\"https:\/\/www.informationsportal.de\/bahn-bkk\/impressum-und-rechtliche-hinweise\/\",\"url\":\"https:\/\/www.informationsportal.de\/bahn-bkk\/impressum-und-rechtliche-hinweise\/\",\"name\":\"Impressum und rechtliche Hinweise - Informationsportal f\u00fcr Arbeitgeber der BAHN-BKK\",\"isPartOf\":{\"@id\":\"https:\/\/www.informationsportal.de\/bahn-bkk\/#website\"},\"datePublished\":\"2017-01-01T16:00:00+00:00\",\"dateModified\":\"2025-09-10T11:55:45+00:00\",\"inLanguage\":\"de\",\"potentialAction\":[{\"@type\":\"ReadAction\",\"target\":[\"https:\/\/www.informationsportal.de\/bahn-bkk\/impressum-und-rechtliche-hinweise\/\"]}]},{\"@type\":\"WebSite\",\"@id\":\"https:\/\/www.informationsportal.de\/bahn-bkk\/#website\",\"url\":\"https:\/\/www.informationsportal.de\/bahn-bkk\/\",\"name\":\"Informationsportal f\u00fcr Arbeitgeber der BAHN-BKK\",\"description\":\"Das Informationsportal ist ein Wegweiser zu den Meldepflichten der Sozialversicherung\",\"potentialAction\":[{\"@type\":\"SearchAction\",\"target\":{\"@type\":\"EntryPoint\",\"urlTemplate\":\"https:\/\/www.informationsportal.de\/bahn-bkk\/?s={search_term_string}\"},\"query-input\":{\"@type\":\"PropertyValueSpecification\",\"valueRequired\":true,\"valueName\":\"search_term_string\"}}],\"inLanguage\":\"de\"}]}<\/script>\n<!-- \/ Yoast SEO plugin. -->","yoast_head_json":{"title":"Impressum und rechtliche Hinweise - Informationsportal f\u00fcr Arbeitgeber der BAHN-BKK","robots":{"index":"index","follow":"follow","max-snippet":"max-snippet:-1","max-image-preview":"max-image-preview:large","max-video-preview":"max-video-preview:-1"},"canonical":"https:\/\/www.informationsportal.de\/bahn-bkk\/impressum-und-rechtliche-hinweise\/","og_locale":"de_DE","og_type":"article","og_title":"Impressum und rechtliche Hinweise - Informationsportal f\u00fcr Arbeitgeber der BAHN-BKK","og_description":"Impressum Diensteanbieter im Sinne des \u00a7 5 DDG ist die Informationstechnische Servicestelle der gesetzlichen Krankenversicherung: ITSG GmbH Kaiserleistra\u00dfe 10-16 D-63067 Offenbach am Main Telefon: 069 \u2013 8700 358 &#8211; 0 Telefax: 069 \u2013 8700 358 -300 E-Mail: kontakt@itsg.de Internet: www.itsg.de Rechtliche Hinweise Urheberrecht Das Urheberrecht liegt bei der ITSG Informationstechnische Servicestelle der Gesetzlichen Krankenversicherung GmbH, [&hellip;]","og_url":"https:\/\/www.informationsportal.de\/bahn-bkk\/impressum-und-rechtliche-hinweise\/","og_site_name":"Informationsportal f\u00fcr Arbeitgeber der BAHN-BKK","article_modified_time":"2025-09-10T11:55:45+00:00","twitter_card":"summary_large_image","twitter_misc":{"Gesch\u00e4tzte Lesezeit":"2\u00a0Minuten"},"schema":{"@context":"https:\/\/schema.org","@graph":[{"@type":"WebPage","@id":"https:\/\/www.informationsportal.de\/bahn-bkk\/impressum-und-rechtliche-hinweise\/","url":"https:\/\/www.informationsportal.de\/bahn-bkk\/impressum-und-rechtliche-hinweise\/","name":"Impressum und rechtliche Hinweise - Informationsportal f\u00fcr Arbeitgeber der BAHN-BKK","isPartOf":{"@id":"https:\/\/www.informationsportal.de\/bahn-bkk\/#website"},"datePublished":"2017-01-01T16:00:00+00:00","dateModified":"2025-09-10T11:55:45+00:00","inLanguage":"de","potentialAction":[{"@type":"ReadAction","target":["https:\/\/www.informationsportal.de\/bahn-bkk\/impressum-und-rechtliche-hinweise\/"]}]},{"@type":"WebSite","@id":"https:\/\/www.informationsportal.de\/bahn-bkk\/#website","url":"https:\/\/www.informationsportal.de\/bahn-bkk\/","name":"Informationsportal f\u00fcr Arbeitgeber der BAHN-BKK","description":"Das Informationsportal ist ein Wegweiser zu den Meldepflichten der Sozialversicherung","potentialAction":[{"@type":"SearchAction","target":{"@type":"EntryPoint","urlTemplate":"https:\/\/www.informationsportal.de\/bahn-bkk\/?s={search_term_string}"},"query-input":{"@type":"PropertyValueSpecification","valueRequired":true,"valueName":"search_term_string"}}],"inLanguage":"de"}]}},"_links":{"self":[{"href":"https:\/\/www.informationsportal.de\/bahn-bkk\/wp-json\/wp\/v2\/pages\/23","targetHints":{"allow":["GET"]}}],"collection":[{"href":"https:\/\/www.informationsportal.de\/bahn-bkk\/wp-json\/wp\/v2\/pages"}],"about":[{"href":"https:\/\/www.informationsportal.de\/bahn-bkk\/wp-json\/wp\/v2\/types\/page"}],"author":[{"embeddable":true,"href":"https:\/\/www.informationsportal.de\/bahn-bkk\/wp-json\/wp\/v2\/users\/1"}],"replies":[{"embeddable":true,"href":"https:\/\/www.informationsportal.de\/bahn-bkk\/wp-json\/wp\/v2\/comments?post=23"}],"version-history":[{"count":5,"href":"https:\/\/www.informationsportal.de\/bahn-bkk\/wp-json\/wp\/v2\/pages\/23\/revisions"}],"predecessor-version":[{"id":16051,"href":"https:\/\/www.informationsportal.de\/bahn-bkk\/wp-json\/wp\/v2\/pages\/23\/revisions\/16051"}],"wp:attachment":[{"href":"https:\/\/www.informationsportal.de\/bahn-bkk\/wp-json\/wp\/v2\/media?parent=23"}],"curies":[{"name":"wp","href":"https:\/\/api.w.org\/{rel}","templated":true}]}}