{"id":17626,"date":"2023-07-26T15:00:14","date_gmt":"2023-07-26T13:00:14","guid":{"rendered":"https:\/\/www.informationsportal.de\/bkk-diakonie\/?page_id=17626"},"modified":"2025-03-19T16:18:10","modified_gmt":"2025-03-19T15:18:10","slug":"links-und-adressen","status":"publish","type":"page","link":"https:\/\/www.informationsportal.de\/bkk-diakonie\/ueber-das-portal\/links-und-adressen\/","title":{"rendered":"Links und Adressen"},"content":{"rendered":"\n<p>Die Sozialversicherungstr\u00e4ger sind jeweils f\u00fcr die Inhalte und ihre Richtigkeit zust\u00e4ndig, soweit sie auch die betreffenden Fachverfahren verantworten. Die beteiligten Sozialversicherungstr\u00e4ger erreichen Sie unter den nachfolgend angegebenen M\u00f6glichkeiten:<\/p>\n\n\n\n<h2 class=\"wp-block-heading\">GKV-Spitzenverband<\/h2>\n\n\n\n<p>Reinhardtstra\u00dfe 28, 10117 Berlin<br>Telefon: +49 30 \/ 206 288 &#8211; 0<br>Telefax: +49 30 \/ 206 288 &#8211; 88<\/p>\n\n\n\n<p>Homepage: <a href=\"https:\/\/www.gkv-spitzenverband.de\/\">https:\/\/www.gkv-spitzenverband.de\/<br><\/a>E-Mail: <a href=\"mailto:kontakt@gkv-spitzenverband.de\">kontakt@gkv-spitzenverband.de<br><\/a><a href=\"https:\/\/www.gkv-spitzenverband.de\/kontakt\/kontakt\" target=\"_blank\" rel=\"noopener noreferrer\">Kontakt im Internet<br><\/a><\/p>\n\n\n\n<hr class=\"wp-block-separator has-alpha-channel-opacity\"\/>\n\n\n\n<h2 class=\"wp-block-heading\">Deutsche Rentenversicherung Bund<\/h2>\n\n\n\n<p>10704 Berlin<br>Telefon: +49 30 \/ 865 &#8211; 0<br>Telefax: +49 30 \/ 865 \u2013 27 240<\/p>\n\n\n\n<p>Homepage: <a href=\"http:\/\/www.deutsche-rentenversicherung.de\/\">http:\/\/www.deutsche-rentenversicherung.de\/<br><\/a>E-Mail: <a href=\"mailto:drv@drv-bund.de\">drv@drv-bund.de<br><\/a><a href=\"https:\/\/www.deutsche-rentenversicherung.de\/DRV\/DE\/Beratung-und-Kontakt\/Kontakt\/kontakt_node.html\" target=\"_blank\" rel=\"noopener noreferrer\">Kontakt im Internet<br><\/a><\/p>\n\n\n\n<hr class=\"wp-block-separator has-alpha-channel-opacity\"\/>\n\n\n\n<h2 class=\"wp-block-heading\">Bundesagentur f\u00fcr Arbeit<\/h2>\n\n\n\n<p>Regensburger Stra\u00dfe 104, 90478 N\u00fcrnberg<br>Telefon: 0800 \/ 4 5555 20;<br>aus dem Ausland +49 911 \/ 1203 1010<br>Telefax: +49 911 \/ 179 &#8211; 2123<\/p>\n\n\n\n<p>Homepage: <a href=\"https:\/\/www.arbeitsagentur.de\/\">https:\/\/www.arbeitsagentur.de\/<br><\/a>Kontaktm\u00f6glichkeiten: <a href=\"https:\/\/www.arbeitsagentur.de\/ueber-uns\/ansprechpartner\" target=\"_blank\" rel=\"noopener\">Ihre Ansprechpartnerinnen und Ansprechpartner<\/a><\/p>\n\n\n\n<hr class=\"wp-block-separator has-alpha-channel-opacity\"\/>\n\n\n\n<h2 class=\"wp-block-heading\">Deutsche Gesetzliche Unfallversicherung e.V.<\/h2>\n\n\n\n<p>Glinkastra\u00dfe 40, 10117 Berlin<br>Telefon: 0800 \/ 60 50 40 4;<br>aus dem Ausland +49 30 \/ 288 763 &#8211; 800<br>Telefax: +49 30 \/ 288 763 &#8211; 808<\/p>\n\n\n\n<p>E-Mail: <a href=\"mailto:info@dguv.de\">info@dguv.de<br><\/a>Homepage: <a href=\"http:\/\/www.dguv.de\/\">http:\/\/www.dguv.de\/<br><\/a><a href=\"http:\/\/www.dguv.de\/de\/kontakt.jsp\" target=\"_blank\" rel=\"noopener noreferrer\">Kontakt im Internet<br><\/a><\/p>\n\n\n\n<p>Betreiber des Informationsportals ist die Informationstechnische Servicestelle der gesetzlichen Krankenversicherung &#8211; ITSG GmbH. Kontaktdaten: siehe Impressum<\/p>\n","protected":false},"excerpt":{"rendered":"<p>Die Sozialversicherungstr\u00e4ger sind jeweils f\u00fcr die Inhalte und ihre Richtigkeit zust\u00e4ndig, soweit sie auch die betreffenden Fachverfahren verantworten.  Die beteiligten Sozialversicherungstr\u00e4ger erreichen Sie unter den nachfolgend angegebenen M\u00f6glichkeiten: GKV-Spitzenverband Reinhardtstra\u00dfe 28, 10117 BerlinTelefon: +49 30 \/ 206 288 &#8211; 0Telefax: +49 30 \/ 206 288 &#8211; 88 Homepage: https:\/\/www.gkv-spitzenverband.de\/E-Mail: kontakt@gkv-spitzenverband.deKontakt im Internet Deutsche Rentenversicherung Bund [&hellip;]<\/p>","protected":false},"author":14,"featured_media":0,"parent":11,"menu_order":0,"comment_status":"closed","ping_status":"closed","template":"","meta":{"_acf_changed":false,"footnotes":""},"class_list":["post-17626","page","type-page","status-publish","hentry"],"acf":[],"yoast_head":"<!-- This site is optimized with the Yoast SEO plugin v26.3 - https:\/\/yoast.com\/wordpress\/plugins\/seo\/ -->\n<title>Links und Adressen - Informationsportal f\u00fcr Arbeitgeber der BKK Diakonie<\/title>\n<meta name=\"robots\" content=\"index, follow, max-snippet:-1, max-image-preview:large, max-video-preview:-1\" \/>\n<link rel=\"canonical\" href=\"https:\/\/www.informationsportal.de\/bkk-diakonie\/ueber-das-portal\/links-und-adressen\/\" \/>\n<meta property=\"og:locale\" content=\"de_DE\" \/>\n<meta property=\"og:type\" content=\"article\" \/>\n<meta property=\"og:title\" content=\"Links und Adressen - Informationsportal f\u00fcr Arbeitgeber der BKK Diakonie\" \/>\n<meta property=\"og:description\" content=\"Die Sozialversicherungstr\u00e4ger sind jeweils f\u00fcr die Inhalte und ihre Richtigkeit zust\u00e4ndig, soweit sie auch die betreffenden Fachverfahren verantworten. Die beteiligten Sozialversicherungstr\u00e4ger erreichen Sie unter den nachfolgend angegebenen M\u00f6glichkeiten: GKV-Spitzenverband Reinhardtstra\u00dfe 28, 10117 BerlinTelefon: +49 30 \/ 206 288 &#8211; 0Telefax: +49 30 \/ 206 288 &#8211; 88 Homepage: https:\/\/www.gkv-spitzenverband.de\/E-Mail: kontakt@gkv-spitzenverband.deKontakt im Internet Deutsche Rentenversicherung Bund [&hellip;]\" \/>\n<meta property=\"og:url\" content=\"https:\/\/www.informationsportal.de\/bkk-diakonie\/ueber-das-portal\/links-und-adressen\/\" \/>\n<meta property=\"og:site_name\" content=\"Informationsportal f\u00fcr Arbeitgeber der BKK Diakonie\" \/>\n<meta property=\"article:modified_time\" content=\"2025-03-19T15:18:10+00:00\" \/>\n<meta name=\"twitter:card\" content=\"summary_large_image\" \/>\n<meta name=\"twitter:label1\" content=\"Gesch\u00e4tzte Lesezeit\" \/>\n\t<meta name=\"twitter:data1\" content=\"1\u00a0Minute\" \/>\n<script type=\"application\/ld+json\" class=\"yoast-schema-graph\">{\"@context\":\"https:\/\/schema.org\",\"@graph\":[{\"@type\":\"WebPage\",\"@id\":\"https:\/\/www.informationsportal.de\/bkk-diakonie\/ueber-das-portal\/links-und-adressen\/\",\"url\":\"https:\/\/www.informationsportal.de\/bkk-diakonie\/ueber-das-portal\/links-und-adressen\/\",\"name\":\"Links und Adressen - Informationsportal f\u00fcr Arbeitgeber der BKK Diakonie\",\"isPartOf\":{\"@id\":\"https:\/\/www.informationsportal.de\/bkk-diakonie\/#website\"},\"datePublished\":\"2023-07-26T13:00:14+00:00\",\"dateModified\":\"2025-03-19T15:18:10+00:00\",\"breadcrumb\":{\"@id\":\"https:\/\/www.informationsportal.de\/bkk-diakonie\/ueber-das-portal\/links-und-adressen\/#breadcrumb\"},\"inLanguage\":\"de\",\"potentialAction\":[{\"@type\":\"ReadAction\",\"target\":[\"https:\/\/www.informationsportal.de\/bkk-diakonie\/ueber-das-portal\/links-und-adressen\/\"]}]},{\"@type\":\"BreadcrumbList\",\"@id\":\"https:\/\/www.informationsportal.de\/bkk-diakonie\/ueber-das-portal\/links-und-adressen\/#breadcrumb\",\"itemListElement\":[{\"@type\":\"ListItem\",\"position\":1,\"name\":\"\u00dcber das Portal\",\"item\":\"https:\/\/www.informationsportal.de\/bkk-diakonie\/ueber-das-portal\/\"},{\"@type\":\"ListItem\",\"position\":2,\"name\":\"Links und Adressen\"}]},{\"@type\":\"WebSite\",\"@id\":\"https:\/\/www.informationsportal.de\/bkk-diakonie\/#website\",\"url\":\"https:\/\/www.informationsportal.de\/bkk-diakonie\/\",\"name\":\"Informationsportal f\u00fcr Arbeitgeber der BKK Diakonie\",\"description\":\"\",\"potentialAction\":[{\"@type\":\"SearchAction\",\"target\":{\"@type\":\"EntryPoint\",\"urlTemplate\":\"https:\/\/www.informationsportal.de\/bkk-diakonie\/?s={search_term_string}\"},\"query-input\":{\"@type\":\"PropertyValueSpecification\",\"valueRequired\":true,\"valueName\":\"search_term_string\"}}],\"inLanguage\":\"de\"}]}<\/script>\n<!-- \/ Yoast SEO plugin. -->","yoast_head_json":{"title":"Links und Adressen - Informationsportal f\u00fcr Arbeitgeber der BKK Diakonie","robots":{"index":"index","follow":"follow","max-snippet":"max-snippet:-1","max-image-preview":"max-image-preview:large","max-video-preview":"max-video-preview:-1"},"canonical":"https:\/\/www.informationsportal.de\/bkk-diakonie\/ueber-das-portal\/links-und-adressen\/","og_locale":"de_DE","og_type":"article","og_title":"Links und Adressen - Informationsportal f\u00fcr Arbeitgeber der BKK Diakonie","og_description":"Die Sozialversicherungstr\u00e4ger sind jeweils f\u00fcr die Inhalte und ihre Richtigkeit zust\u00e4ndig, soweit sie auch die betreffenden Fachverfahren verantworten. Die beteiligten Sozialversicherungstr\u00e4ger erreichen Sie unter den nachfolgend angegebenen M\u00f6glichkeiten: GKV-Spitzenverband Reinhardtstra\u00dfe 28, 10117 BerlinTelefon: +49 30 \/ 206 288 &#8211; 0Telefax: +49 30 \/ 206 288 &#8211; 88 Homepage: https:\/\/www.gkv-spitzenverband.de\/E-Mail: kontakt@gkv-spitzenverband.deKontakt im Internet Deutsche Rentenversicherung Bund [&hellip;]","og_url":"https:\/\/www.informationsportal.de\/bkk-diakonie\/ueber-das-portal\/links-und-adressen\/","og_site_name":"Informationsportal f\u00fcr Arbeitgeber der BKK Diakonie","article_modified_time":"2025-03-19T15:18:10+00:00","twitter_card":"summary_large_image","twitter_misc":{"Gesch\u00e4tzte Lesezeit":"1\u00a0Minute"},"schema":{"@context":"https:\/\/schema.org","@graph":[{"@type":"WebPage","@id":"https:\/\/www.informationsportal.de\/bkk-diakonie\/ueber-das-portal\/links-und-adressen\/","url":"https:\/\/www.informationsportal.de\/bkk-diakonie\/ueber-das-portal\/links-und-adressen\/","name":"Links und Adressen - Informationsportal f\u00fcr Arbeitgeber der BKK Diakonie","isPartOf":{"@id":"https:\/\/www.informationsportal.de\/bkk-diakonie\/#website"},"datePublished":"2023-07-26T13:00:14+00:00","dateModified":"2025-03-19T15:18:10+00:00","breadcrumb":{"@id":"https:\/\/www.informationsportal.de\/bkk-diakonie\/ueber-das-portal\/links-und-adressen\/#breadcrumb"},"inLanguage":"de","potentialAction":[{"@type":"ReadAction","target":["https:\/\/www.informationsportal.de\/bkk-diakonie\/ueber-das-portal\/links-und-adressen\/"]}]},{"@type":"BreadcrumbList","@id":"https:\/\/www.informationsportal.de\/bkk-diakonie\/ueber-das-portal\/links-und-adressen\/#breadcrumb","itemListElement":[{"@type":"ListItem","position":1,"name":"\u00dcber das Portal","item":"https:\/\/www.informationsportal.de\/bkk-diakonie\/ueber-das-portal\/"},{"@type":"ListItem","position":2,"name":"Links und Adressen"}]},{"@type":"WebSite","@id":"https:\/\/www.informationsportal.de\/bkk-diakonie\/#website","url":"https:\/\/www.informationsportal.de\/bkk-diakonie\/","name":"Informationsportal f\u00fcr Arbeitgeber der BKK Diakonie","description":"","potentialAction":[{"@type":"SearchAction","target":{"@type":"EntryPoint","urlTemplate":"https:\/\/www.informationsportal.de\/bkk-diakonie\/?s={search_term_string}"},"query-input":{"@type":"PropertyValueSpecification","valueRequired":true,"valueName":"search_term_string"}}],"inLanguage":"de"}]}},"_links":{"self":[{"href":"https:\/\/www.informationsportal.de\/bkk-diakonie\/wp-json\/wp\/v2\/pages\/17626","targetHints":{"allow":["GET"]}}],"collection":[{"href":"https:\/\/www.informationsportal.de\/bkk-diakonie\/wp-json\/wp\/v2\/pages"}],"about":[{"href":"https:\/\/www.informationsportal.de\/bkk-diakonie\/wp-json\/wp\/v2\/types\/page"}],"author":[{"embeddable":true,"href":"https:\/\/www.informationsportal.de\/bkk-diakonie\/wp-json\/wp\/v2\/users\/14"}],"replies":[{"embeddable":true,"href":"https:\/\/www.informationsportal.de\/bkk-diakonie\/wp-json\/wp\/v2\/comments?post=17626"}],"version-history":[{"count":2,"href":"https:\/\/www.informationsportal.de\/bkk-diakonie\/wp-json\/wp\/v2\/pages\/17626\/revisions"}],"predecessor-version":[{"id":18199,"href":"https:\/\/www.informationsportal.de\/bkk-diakonie\/wp-json\/wp\/v2\/pages\/17626\/revisions\/18199"}],"up":[{"embeddable":true,"href":"https:\/\/www.informationsportal.de\/bkk-diakonie\/wp-json\/wp\/v2\/pages\/11"}],"wp:attachment":[{"href":"https:\/\/www.informationsportal.de\/bkk-diakonie\/wp-json\/wp\/v2\/media?parent=17626"}],"curies":[{"name":"wp","href":"https:\/\/api.w.org\/{rel}","templated":true}]}}