{"id":360,"date":"2017-01-01T16:00:00","date_gmt":"2017-01-01T16:00:00","guid":{"rendered":"https:\/\/www.informationsportal.de\/?page_id=360"},"modified":"2020-08-26T12:21:48","modified_gmt":"2020-08-26T10:21:48","slug":"sv-bibliothek","status":"publish","type":"page","link":"https:\/\/www.informationsportal.de\/bkk-diakonie\/sv-bibliothek\/","title":{"rendered":"SV-Bibliothek"},"content":{"rendered":"\n<h2>Dokumente der Sozialversicherung \u2013 die SV-Bibliothek<\/h2>\n<p>Im Bereich der SV-Bibliothek finden Sie Dokumente der Sozialversicherung aus den Themenbereichen Versicherungsrecht, Beitragsrecht und Meldeverfahren. Diese Dokumente enthalten Regelungen, die die Tr\u00e4ger der Sozialversicherung im gesetzlichen Auftrag ver\u00f6ffentlicht haben. Zu den behandelten Themen geh\u00f6ren beispielsweise:<\/p>\n<ul>\n<li>Wer ist in welchem Zweig der Sozialversicherung versichert?<\/li>\n<li>Welche Beitr\u00e4ge m\u00fcssen Arbeitgeber abf\u00fchren?<\/li>\n<li>Wie melden Arbeitgeber Sachverhalte korrekt?<\/li>\n<\/ul>\n<p>Wissen Sie schon, was Sie suchen? Dann navigieren Sie direkt in den Hauptbereichen \u201eVersicherungs- und Beitragsrecht\u201c und \u201eMeldeverfahren\u201c. Oder nutzen Sie unsere erweiterte Suche.<\/p>\n","protected":false},"excerpt":{"rendered":"Dokumente der Sozialversicherung \u2013 die SV-Bibliothek Im Bereich der SV-Bibliothek finden Sie Dokumente der Sozialversicherung aus den Themenbereichen Versicherungsrecht, Beitragsrecht und Meldeverfahren. Diese Dokumente enthalten Regelungen, die die Tr\u00e4ger der Sozialversicherung im gesetzlichen Auftrag ver\u00f6ffentlicht haben. Zu den behandelten Themen geh\u00f6ren beispielsweise: Wer ist in welchem Zweig der Sozialversicherung versichert? Welche Beitr\u00e4ge m\u00fcssen Arbeitgeber abf\u00fchren? [...]","protected":false},"author":2,"featured_media":0,"parent":0,"menu_order":0,"comment_status":"closed","ping_status":"closed","template":"tpl_tails.php","meta":{"_acf_changed":false,"footnotes":""},"class_list":["post-360","page","type-page","status-publish","hentry"],"acf":[],"yoast_head":"<!-- This site is optimized with the Yoast SEO plugin v26.3 - https:\/\/yoast.com\/wordpress\/plugins\/seo\/ -->\n<title>SV-Bibliothek - Informationsportal f\u00fcr Arbeitgeber der BKK Diakonie<\/title>\n<meta name=\"robots\" content=\"index, follow, max-snippet:-1, max-image-preview:large, max-video-preview:-1\" \/>\n<link rel=\"canonical\" href=\"https:\/\/www.informationsportal.de\/bkk-diakonie\/sv-bibliothek\/\" \/>\n<meta property=\"og:locale\" content=\"de_DE\" \/>\n<meta property=\"og:type\" content=\"article\" \/>\n<meta property=\"og:title\" content=\"SV-Bibliothek - Informationsportal f\u00fcr Arbeitgeber der BKK Diakonie\" \/>\n<meta property=\"og:url\" content=\"https:\/\/www.informationsportal.de\/bkk-diakonie\/sv-bibliothek\/\" \/>\n<meta property=\"og:site_name\" content=\"Informationsportal f\u00fcr Arbeitgeber der BKK Diakonie\" \/>\n<meta property=\"article:modified_time\" content=\"2020-08-26T10:21:48+00:00\" \/>\n<meta name=\"twitter:card\" content=\"summary_large_image\" \/>\n<script type=\"application\/ld+json\" class=\"yoast-schema-graph\">{\"@context\":\"https:\/\/schema.org\",\"@graph\":[{\"@type\":\"WebPage\",\"@id\":\"https:\/\/www.informationsportal.de\/bkk-diakonie\/sv-bibliothek\/\",\"url\":\"https:\/\/www.informationsportal.de\/bkk-diakonie\/sv-bibliothek\/\",\"name\":\"SV-Bibliothek - Informationsportal f\u00fcr Arbeitgeber der BKK Diakonie\",\"isPartOf\":{\"@id\":\"https:\/\/www.informationsportal.de\/bkk-diakonie\/#website\"},\"datePublished\":\"2017-01-01T16:00:00+00:00\",\"dateModified\":\"2020-08-26T10:21:48+00:00\",\"inLanguage\":\"de\",\"potentialAction\":[{\"@type\":\"ReadAction\",\"target\":[\"https:\/\/www.informationsportal.de\/bkk-diakonie\/sv-bibliothek\/\"]}]},{\"@type\":\"WebSite\",\"@id\":\"https:\/\/www.informationsportal.de\/bkk-diakonie\/#website\",\"url\":\"https:\/\/www.informationsportal.de\/bkk-diakonie\/\",\"name\":\"Informationsportal f\u00fcr Arbeitgeber der BKK Diakonie\",\"description\":\"\",\"potentialAction\":[{\"@type\":\"SearchAction\",\"target\":{\"@type\":\"EntryPoint\",\"urlTemplate\":\"https:\/\/www.informationsportal.de\/bkk-diakonie\/?s={search_term_string}\"},\"query-input\":{\"@type\":\"PropertyValueSpecification\",\"valueRequired\":true,\"valueName\":\"search_term_string\"}}],\"inLanguage\":\"de\"}]}<\/script>\n<!-- \/ Yoast SEO plugin. -->","yoast_head_json":{"title":"SV-Bibliothek - Informationsportal f\u00fcr Arbeitgeber der BKK Diakonie","robots":{"index":"index","follow":"follow","max-snippet":"max-snippet:-1","max-image-preview":"max-image-preview:large","max-video-preview":"max-video-preview:-1"},"canonical":"https:\/\/www.informationsportal.de\/bkk-diakonie\/sv-bibliothek\/","og_locale":"de_DE","og_type":"article","og_title":"SV-Bibliothek - Informationsportal f\u00fcr Arbeitgeber der BKK Diakonie","og_url":"https:\/\/www.informationsportal.de\/bkk-diakonie\/sv-bibliothek\/","og_site_name":"Informationsportal f\u00fcr Arbeitgeber der BKK Diakonie","article_modified_time":"2020-08-26T10:21:48+00:00","twitter_card":"summary_large_image","schema":{"@context":"https:\/\/schema.org","@graph":[{"@type":"WebPage","@id":"https:\/\/www.informationsportal.de\/bkk-diakonie\/sv-bibliothek\/","url":"https:\/\/www.informationsportal.de\/bkk-diakonie\/sv-bibliothek\/","name":"SV-Bibliothek - Informationsportal f\u00fcr Arbeitgeber der BKK Diakonie","isPartOf":{"@id":"https:\/\/www.informationsportal.de\/bkk-diakonie\/#website"},"datePublished":"2017-01-01T16:00:00+00:00","dateModified":"2020-08-26T10:21:48+00:00","inLanguage":"de","potentialAction":[{"@type":"ReadAction","target":["https:\/\/www.informationsportal.de\/bkk-diakonie\/sv-bibliothek\/"]}]},{"@type":"WebSite","@id":"https:\/\/www.informationsportal.de\/bkk-diakonie\/#website","url":"https:\/\/www.informationsportal.de\/bkk-diakonie\/","name":"Informationsportal f\u00fcr Arbeitgeber der BKK Diakonie","description":"","potentialAction":[{"@type":"SearchAction","target":{"@type":"EntryPoint","urlTemplate":"https:\/\/www.informationsportal.de\/bkk-diakonie\/?s={search_term_string}"},"query-input":{"@type":"PropertyValueSpecification","valueRequired":true,"valueName":"search_term_string"}}],"inLanguage":"de"}]}},"_links":{"self":[{"href":"https:\/\/www.informationsportal.de\/bkk-diakonie\/wp-json\/wp\/v2\/pages\/360","targetHints":{"allow":["GET"]}}],"collection":[{"href":"https:\/\/www.informationsportal.de\/bkk-diakonie\/wp-json\/wp\/v2\/pages"}],"about":[{"href":"https:\/\/www.informationsportal.de\/bkk-diakonie\/wp-json\/wp\/v2\/types\/page"}],"author":[{"embeddable":true,"href":"https:\/\/www.informationsportal.de\/bkk-diakonie\/wp-json\/wp\/v2\/users\/2"}],"replies":[{"embeddable":true,"href":"https:\/\/www.informationsportal.de\/bkk-diakonie\/wp-json\/wp\/v2\/comments?post=360"}],"version-history":[{"count":5,"href":"https:\/\/www.informationsportal.de\/bkk-diakonie\/wp-json\/wp\/v2\/pages\/360\/revisions"}],"predecessor-version":[{"id":10009,"href":"https:\/\/www.informationsportal.de\/bkk-diakonie\/wp-json\/wp\/v2\/pages\/360\/revisions\/10009"}],"wp:attachment":[{"href":"https:\/\/www.informationsportal.de\/bkk-diakonie\/wp-json\/wp\/v2\/media?parent=360"}],"curies":[{"name":"wp","href":"https:\/\/api.w.org\/{rel}","templated":true}]}}