{"id":4849,"date":"2019-06-20T15:42:58","date_gmt":"2019-06-20T13:42:58","guid":{"rendered":"https:\/\/www.informationsportal.de\/?page_id=4849"},"modified":"2019-06-20T15:42:58","modified_gmt":"2019-06-20T13:42:58","slug":"studierende-und-praktikanten","status":"publish","type":"page","link":"https:\/\/www.informationsportal.de\/bkk-mahle\/sv-bibliothek\/versicherung-und-beitragsrecht\/gemeinsame-dokumente-der-sozialversicherung\/studierende-und-praktikanten\/","title":{"rendered":"Studierende und Praktikanten"},"content":{"rendered":"<p><strong>Besch\u00e4ftigung von Studierenden als Werktstudenten und Besch\u00e4ftigung von Praktikanten<\/strong><br \/>\n Nachfolgend finden Sie die Dokumente, die die Besch\u00e4ftigung von Studierenden und Praktikanten behandeln. Bei den besch\u00e4ftigten Studierenden steht der Status als Werkstudent im Mittelpunkt.<\/p>","protected":false},"excerpt":{"rendered":"<p>Besch\u00e4ftigung von Studierenden als Werktstudenten und Besch\u00e4ftigung von Praktikanten Nachfolgend finden Sie die Dokumente, die die Besch\u00e4ftigung von Studierenden und Praktikanten behandeln.  Bei den besch\u00e4ftigten Studierenden steht der Status als Werkstudent im Mittelpunkt.<\/p>","protected":false},"author":1,"featured_media":0,"parent":4837,"menu_order":0,"comment_status":"closed","ping_status":"closed","template":"tpl_documents.php","meta":{"_acf_changed":false,"footnotes":""},"class_list":["post-4849","page","type-page","status-publish","hentry"],"acf":[],"yoast_head":"<!-- This site is optimized with the Yoast SEO plugin v26.3 - https:\/\/yoast.com\/wordpress\/plugins\/seo\/ -->\n<title>Studierende und Praktikanten - Informationsportal f\u00fcr Arbeitgeber der BKK Mahle<\/title>\n<meta name=\"robots\" content=\"index, follow, max-snippet:-1, max-image-preview:large, max-video-preview:-1\" \/>\n<link rel=\"canonical\" href=\"https:\/\/www.informationsportal.de\/bkk-mahle\/sv-bibliothek\/versicherung-und-beitragsrecht\/gemeinsame-dokumente-der-sozialversicherung\/studierende-und-praktikanten\/\" \/>\n<meta property=\"og:locale\" content=\"de_DE\" \/>\n<meta property=\"og:type\" content=\"article\" \/>\n<meta property=\"og:title\" content=\"Studierende und Praktikanten - Informationsportal f\u00fcr Arbeitgeber der BKK Mahle\" \/>\n<meta property=\"og:description\" content=\"Besch\u00e4ftigung von Studierenden als Werktstudenten und Besch\u00e4ftigung von Praktikanten Nachfolgend finden Sie die Dokumente, die die Besch\u00e4ftigung von Studierenden und Praktikanten behandeln. Bei den besch\u00e4ftigten Studierenden steht der Status als Werkstudent im Mittelpunkt.\" \/>\n<meta property=\"og:url\" content=\"https:\/\/www.informationsportal.de\/bkk-mahle\/sv-bibliothek\/versicherung-und-beitragsrecht\/gemeinsame-dokumente-der-sozialversicherung\/studierende-und-praktikanten\/\" \/>\n<meta property=\"og:site_name\" content=\"Informationsportal f\u00fcr Arbeitgeber der BKK Mahle\" \/>\n<meta name=\"twitter:card\" content=\"summary_large_image\" \/>\n<script type=\"application\/ld+json\" class=\"yoast-schema-graph\">{\"@context\":\"https:\/\/schema.org\",\"@graph\":[{\"@type\":\"WebPage\",\"@id\":\"https:\/\/www.informationsportal.de\/bkk-mahle\/sv-bibliothek\/versicherung-und-beitragsrecht\/gemeinsame-dokumente-der-sozialversicherung\/studierende-und-praktikanten\/\",\"url\":\"https:\/\/www.informationsportal.de\/bkk-mahle\/sv-bibliothek\/versicherung-und-beitragsrecht\/gemeinsame-dokumente-der-sozialversicherung\/studierende-und-praktikanten\/\",\"name\":\"Studierende und Praktikanten - Informationsportal f\u00fcr Arbeitgeber der BKK Mahle\",\"isPartOf\":{\"@id\":\"https:\/\/www.informationsportal.de\/bkk-mahle\/#website\"},\"datePublished\":\"2019-06-20T13:42:58+00:00\",\"breadcrumb\":{\"@id\":\"https:\/\/www.informationsportal.de\/bkk-mahle\/sv-bibliothek\/versicherung-und-beitragsrecht\/gemeinsame-dokumente-der-sozialversicherung\/studierende-und-praktikanten\/#breadcrumb\"},\"inLanguage\":\"de\",\"potentialAction\":[{\"@type\":\"ReadAction\",\"target\":[\"https:\/\/www.informationsportal.de\/bkk-mahle\/sv-bibliothek\/versicherung-und-beitragsrecht\/gemeinsame-dokumente-der-sozialversicherung\/studierende-und-praktikanten\/\"]}]},{\"@type\":\"BreadcrumbList\",\"@id\":\"https:\/\/www.informationsportal.de\/bkk-mahle\/sv-bibliothek\/versicherung-und-beitragsrecht\/gemeinsame-dokumente-der-sozialversicherung\/studierende-und-praktikanten\/#breadcrumb\",\"itemListElement\":[{\"@type\":\"ListItem\",\"position\":1,\"name\":\"SV-Bibliothek\",\"item\":\"https:\/\/www.informationsportal.de\/bkk-mahle\/sv-bibliothek\/\"},{\"@type\":\"ListItem\",\"position\":2,\"name\":\"Versicherungs- und Beitragsrecht\",\"item\":\"https:\/\/www.informationsportal.de\/bkk-mahle\/sv-bibliothek\/versicherung-und-beitragsrecht\/\"},{\"@type\":\"ListItem\",\"position\":3,\"name\":\"Gemeinsame Dokumente der Sozialversicherung\",\"item\":\"https:\/\/www.informationsportal.de\/bkk-mahle\/sv-bibliothek\/versicherung-und-beitragsrecht\/gemeinsame-dokumente-der-sozialversicherung\/\"},{\"@type\":\"ListItem\",\"position\":4,\"name\":\"Studierende und Praktikanten\"}]},{\"@type\":\"WebSite\",\"@id\":\"https:\/\/www.informationsportal.de\/bkk-mahle\/#website\",\"url\":\"https:\/\/www.informationsportal.de\/bkk-mahle\/\",\"name\":\"Informationsportal f\u00fcr Arbeitgeber der BKK Mahle\",\"description\":\"\",\"potentialAction\":[{\"@type\":\"SearchAction\",\"target\":{\"@type\":\"EntryPoint\",\"urlTemplate\":\"https:\/\/www.informationsportal.de\/bkk-mahle\/?s={search_term_string}\"},\"query-input\":{\"@type\":\"PropertyValueSpecification\",\"valueRequired\":true,\"valueName\":\"search_term_string\"}}],\"inLanguage\":\"de\"}]}<\/script>\n<!-- \/ Yoast SEO plugin. -->","yoast_head_json":{"title":"Studierende und Praktikanten - Informationsportal f\u00fcr Arbeitgeber der BKK Mahle","robots":{"index":"index","follow":"follow","max-snippet":"max-snippet:-1","max-image-preview":"max-image-preview:large","max-video-preview":"max-video-preview:-1"},"canonical":"https:\/\/www.informationsportal.de\/bkk-mahle\/sv-bibliothek\/versicherung-und-beitragsrecht\/gemeinsame-dokumente-der-sozialversicherung\/studierende-und-praktikanten\/","og_locale":"de_DE","og_type":"article","og_title":"Studierende und Praktikanten - Informationsportal f\u00fcr Arbeitgeber der BKK Mahle","og_description":"Besch\u00e4ftigung von Studierenden als Werktstudenten und Besch\u00e4ftigung von Praktikanten Nachfolgend finden Sie die Dokumente, die die Besch\u00e4ftigung von Studierenden und Praktikanten behandeln. Bei den besch\u00e4ftigten Studierenden steht der Status als Werkstudent im Mittelpunkt.","og_url":"https:\/\/www.informationsportal.de\/bkk-mahle\/sv-bibliothek\/versicherung-und-beitragsrecht\/gemeinsame-dokumente-der-sozialversicherung\/studierende-und-praktikanten\/","og_site_name":"Informationsportal f\u00fcr Arbeitgeber der BKK Mahle","twitter_card":"summary_large_image","schema":{"@context":"https:\/\/schema.org","@graph":[{"@type":"WebPage","@id":"https:\/\/www.informationsportal.de\/bkk-mahle\/sv-bibliothek\/versicherung-und-beitragsrecht\/gemeinsame-dokumente-der-sozialversicherung\/studierende-und-praktikanten\/","url":"https:\/\/www.informationsportal.de\/bkk-mahle\/sv-bibliothek\/versicherung-und-beitragsrecht\/gemeinsame-dokumente-der-sozialversicherung\/studierende-und-praktikanten\/","name":"Studierende und Praktikanten - Informationsportal f\u00fcr Arbeitgeber der BKK Mahle","isPartOf":{"@id":"https:\/\/www.informationsportal.de\/bkk-mahle\/#website"},"datePublished":"2019-06-20T13:42:58+00:00","breadcrumb":{"@id":"https:\/\/www.informationsportal.de\/bkk-mahle\/sv-bibliothek\/versicherung-und-beitragsrecht\/gemeinsame-dokumente-der-sozialversicherung\/studierende-und-praktikanten\/#breadcrumb"},"inLanguage":"de","potentialAction":[{"@type":"ReadAction","target":["https:\/\/www.informationsportal.de\/bkk-mahle\/sv-bibliothek\/versicherung-und-beitragsrecht\/gemeinsame-dokumente-der-sozialversicherung\/studierende-und-praktikanten\/"]}]},{"@type":"BreadcrumbList","@id":"https:\/\/www.informationsportal.de\/bkk-mahle\/sv-bibliothek\/versicherung-und-beitragsrecht\/gemeinsame-dokumente-der-sozialversicherung\/studierende-und-praktikanten\/#breadcrumb","itemListElement":[{"@type":"ListItem","position":1,"name":"SV-Bibliothek","item":"https:\/\/www.informationsportal.de\/bkk-mahle\/sv-bibliothek\/"},{"@type":"ListItem","position":2,"name":"Versicherungs- und Beitragsrecht","item":"https:\/\/www.informationsportal.de\/bkk-mahle\/sv-bibliothek\/versicherung-und-beitragsrecht\/"},{"@type":"ListItem","position":3,"name":"Gemeinsame Dokumente der Sozialversicherung","item":"https:\/\/www.informationsportal.de\/bkk-mahle\/sv-bibliothek\/versicherung-und-beitragsrecht\/gemeinsame-dokumente-der-sozialversicherung\/"},{"@type":"ListItem","position":4,"name":"Studierende und Praktikanten"}]},{"@type":"WebSite","@id":"https:\/\/www.informationsportal.de\/bkk-mahle\/#website","url":"https:\/\/www.informationsportal.de\/bkk-mahle\/","name":"Informationsportal f\u00fcr Arbeitgeber der BKK Mahle","description":"","potentialAction":[{"@type":"SearchAction","target":{"@type":"EntryPoint","urlTemplate":"https:\/\/www.informationsportal.de\/bkk-mahle\/?s={search_term_string}"},"query-input":{"@type":"PropertyValueSpecification","valueRequired":true,"valueName":"search_term_string"}}],"inLanguage":"de"}]}},"_links":{"self":[{"href":"https:\/\/www.informationsportal.de\/bkk-mahle\/wp-json\/wp\/v2\/pages\/4849","targetHints":{"allow":["GET"]}}],"collection":[{"href":"https:\/\/www.informationsportal.de\/bkk-mahle\/wp-json\/wp\/v2\/pages"}],"about":[{"href":"https:\/\/www.informationsportal.de\/bkk-mahle\/wp-json\/wp\/v2\/types\/page"}],"author":[{"embeddable":true,"href":"https:\/\/www.informationsportal.de\/bkk-mahle\/wp-json\/wp\/v2\/users\/1"}],"replies":[{"embeddable":true,"href":"https:\/\/www.informationsportal.de\/bkk-mahle\/wp-json\/wp\/v2\/comments?post=4849"}],"version-history":[{"count":0,"href":"https:\/\/www.informationsportal.de\/bkk-mahle\/wp-json\/wp\/v2\/pages\/4849\/revisions"}],"up":[{"embeddable":true,"href":"https:\/\/www.informationsportal.de\/bkk-mahle\/wp-json\/wp\/v2\/pages\/4837"}],"wp:attachment":[{"href":"https:\/\/www.informationsportal.de\/bkk-mahle\/wp-json\/wp\/v2\/media?parent=4849"}],"curies":[{"name":"wp","href":"https:\/\/api.w.org\/{rel}","templated":true}]}}