{"id":4893,"date":"2019-06-21T12:44:15","date_gmt":"2019-06-21T10:44:15","guid":{"rendered":"https:\/\/www.informationsportal.de\/?page_id=4893"},"modified":"2019-06-21T12:44:15","modified_gmt":"2019-06-21T10:44:15","slug":"zahlung-von-beitraegen","status":"publish","type":"page","link":"https:\/\/www.informationsportal.de\/bkk-mahle\/sv-bibliothek\/versicherung-und-beitragsrecht\/beitragseinzug\/zahlung-von-beitraegen\/","title":{"rendered":"Zahlung von Beitr\u00e4gen"},"content":{"rendered":"<p><strong>F\u00e4lligkeit, Erstattung und Verrechnung von Beitragszahlungen<\/strong><br \/>\nNachfolgend finden Sie die Dokumente, die die Zahlung von Beitr\u00e4gen behandeln. Dies umfasst die F\u00e4lligkeit des Gesamtsozialversicherungsbeitrags sowie die Verrechnung und Erstattung von Beitr\u00e4gen, die zuviel gezahlt wurden.<\/p>","protected":false},"excerpt":{"rendered":"<p>F\u00e4lligkeit, Erstattung und Verrechnung von Beitragszahlungen Nachfolgend finden Sie die Dokumente, die die Zahlung von Beitr\u00e4gen behandeln.  Dies umfasst die F\u00e4lligkeit des Gesamtsozialversicherungsbeitrags sowie die Verrechnung und Erstattung von Beitr\u00e4gen, die zuviel gezahlt wurden.<\/p>","protected":false},"author":1,"featured_media":0,"parent":4888,"menu_order":0,"comment_status":"closed","ping_status":"closed","template":"tpl_documents.php","meta":{"_acf_changed":false,"footnotes":""},"class_list":["post-4893","page","type-page","status-publish","hentry"],"acf":[],"yoast_head":"<!-- This site is optimized with the Yoast SEO plugin v26.3 - https:\/\/yoast.com\/wordpress\/plugins\/seo\/ -->\n<title>Zahlung von Beitr\u00e4gen - Informationsportal f\u00fcr Arbeitgeber der BKK Mahle<\/title>\n<meta name=\"robots\" content=\"index, follow, max-snippet:-1, max-image-preview:large, max-video-preview:-1\" \/>\n<link rel=\"canonical\" href=\"https:\/\/www.informationsportal.de\/bkk-mahle\/sv-bibliothek\/versicherung-und-beitragsrecht\/beitragseinzug\/zahlung-von-beitraegen\/\" \/>\n<meta property=\"og:locale\" content=\"de_DE\" \/>\n<meta property=\"og:type\" content=\"article\" \/>\n<meta property=\"og:title\" content=\"Zahlung von Beitr\u00e4gen - Informationsportal f\u00fcr Arbeitgeber der BKK Mahle\" \/>\n<meta property=\"og:description\" content=\"F\u00e4lligkeit, Erstattung und Verrechnung von Beitragszahlungen Nachfolgend finden Sie die Dokumente, die die Zahlung von Beitr\u00e4gen behandeln. Dies umfasst die F\u00e4lligkeit des Gesamtsozialversicherungsbeitrags sowie die Verrechnung und Erstattung von Beitr\u00e4gen, die zuviel gezahlt wurden.\" \/>\n<meta property=\"og:url\" content=\"https:\/\/www.informationsportal.de\/bkk-mahle\/sv-bibliothek\/versicherung-und-beitragsrecht\/beitragseinzug\/zahlung-von-beitraegen\/\" \/>\n<meta property=\"og:site_name\" content=\"Informationsportal f\u00fcr Arbeitgeber der BKK Mahle\" \/>\n<meta name=\"twitter:card\" content=\"summary_large_image\" \/>\n<script type=\"application\/ld+json\" class=\"yoast-schema-graph\">{\"@context\":\"https:\/\/schema.org\",\"@graph\":[{\"@type\":\"WebPage\",\"@id\":\"https:\/\/www.informationsportal.de\/bkk-mahle\/sv-bibliothek\/versicherung-und-beitragsrecht\/beitragseinzug\/zahlung-von-beitraegen\/\",\"url\":\"https:\/\/www.informationsportal.de\/bkk-mahle\/sv-bibliothek\/versicherung-und-beitragsrecht\/beitragseinzug\/zahlung-von-beitraegen\/\",\"name\":\"Zahlung von Beitr\u00e4gen - Informationsportal f\u00fcr Arbeitgeber der BKK Mahle\",\"isPartOf\":{\"@id\":\"https:\/\/www.informationsportal.de\/bkk-mahle\/#website\"},\"datePublished\":\"2019-06-21T10:44:15+00:00\",\"breadcrumb\":{\"@id\":\"https:\/\/www.informationsportal.de\/bkk-mahle\/sv-bibliothek\/versicherung-und-beitragsrecht\/beitragseinzug\/zahlung-von-beitraegen\/#breadcrumb\"},\"inLanguage\":\"de\",\"potentialAction\":[{\"@type\":\"ReadAction\",\"target\":[\"https:\/\/www.informationsportal.de\/bkk-mahle\/sv-bibliothek\/versicherung-und-beitragsrecht\/beitragseinzug\/zahlung-von-beitraegen\/\"]}]},{\"@type\":\"BreadcrumbList\",\"@id\":\"https:\/\/www.informationsportal.de\/bkk-mahle\/sv-bibliothek\/versicherung-und-beitragsrecht\/beitragseinzug\/zahlung-von-beitraegen\/#breadcrumb\",\"itemListElement\":[{\"@type\":\"ListItem\",\"position\":1,\"name\":\"SV-Bibliothek\",\"item\":\"https:\/\/www.informationsportal.de\/bkk-mahle\/sv-bibliothek\/\"},{\"@type\":\"ListItem\",\"position\":2,\"name\":\"Versicherungs- und Beitragsrecht\",\"item\":\"https:\/\/www.informationsportal.de\/bkk-mahle\/sv-bibliothek\/versicherung-und-beitragsrecht\/\"},{\"@type\":\"ListItem\",\"position\":3,\"name\":\"Beitragseinzug\",\"item\":\"https:\/\/www.informationsportal.de\/bkk-mahle\/sv-bibliothek\/versicherung-und-beitragsrecht\/beitragseinzug\/\"},{\"@type\":\"ListItem\",\"position\":4,\"name\":\"Zahlung von Beitr\u00e4gen\"}]},{\"@type\":\"WebSite\",\"@id\":\"https:\/\/www.informationsportal.de\/bkk-mahle\/#website\",\"url\":\"https:\/\/www.informationsportal.de\/bkk-mahle\/\",\"name\":\"Informationsportal f\u00fcr Arbeitgeber der BKK Mahle\",\"description\":\"\",\"potentialAction\":[{\"@type\":\"SearchAction\",\"target\":{\"@type\":\"EntryPoint\",\"urlTemplate\":\"https:\/\/www.informationsportal.de\/bkk-mahle\/?s={search_term_string}\"},\"query-input\":{\"@type\":\"PropertyValueSpecification\",\"valueRequired\":true,\"valueName\":\"search_term_string\"}}],\"inLanguage\":\"de\"}]}<\/script>\n<!-- \/ Yoast SEO plugin. -->","yoast_head_json":{"title":"Zahlung von Beitr\u00e4gen - Informationsportal f\u00fcr Arbeitgeber der BKK Mahle","robots":{"index":"index","follow":"follow","max-snippet":"max-snippet:-1","max-image-preview":"max-image-preview:large","max-video-preview":"max-video-preview:-1"},"canonical":"https:\/\/www.informationsportal.de\/bkk-mahle\/sv-bibliothek\/versicherung-und-beitragsrecht\/beitragseinzug\/zahlung-von-beitraegen\/","og_locale":"de_DE","og_type":"article","og_title":"Zahlung von Beitr\u00e4gen - Informationsportal f\u00fcr Arbeitgeber der BKK Mahle","og_description":"F\u00e4lligkeit, Erstattung und Verrechnung von Beitragszahlungen Nachfolgend finden Sie die Dokumente, die die Zahlung von Beitr\u00e4gen behandeln. Dies umfasst die F\u00e4lligkeit des Gesamtsozialversicherungsbeitrags sowie die Verrechnung und Erstattung von Beitr\u00e4gen, die zuviel gezahlt wurden.","og_url":"https:\/\/www.informationsportal.de\/bkk-mahle\/sv-bibliothek\/versicherung-und-beitragsrecht\/beitragseinzug\/zahlung-von-beitraegen\/","og_site_name":"Informationsportal f\u00fcr Arbeitgeber der BKK Mahle","twitter_card":"summary_large_image","schema":{"@context":"https:\/\/schema.org","@graph":[{"@type":"WebPage","@id":"https:\/\/www.informationsportal.de\/bkk-mahle\/sv-bibliothek\/versicherung-und-beitragsrecht\/beitragseinzug\/zahlung-von-beitraegen\/","url":"https:\/\/www.informationsportal.de\/bkk-mahle\/sv-bibliothek\/versicherung-und-beitragsrecht\/beitragseinzug\/zahlung-von-beitraegen\/","name":"Zahlung von Beitr\u00e4gen - Informationsportal f\u00fcr Arbeitgeber der BKK Mahle","isPartOf":{"@id":"https:\/\/www.informationsportal.de\/bkk-mahle\/#website"},"datePublished":"2019-06-21T10:44:15+00:00","breadcrumb":{"@id":"https:\/\/www.informationsportal.de\/bkk-mahle\/sv-bibliothek\/versicherung-und-beitragsrecht\/beitragseinzug\/zahlung-von-beitraegen\/#breadcrumb"},"inLanguage":"de","potentialAction":[{"@type":"ReadAction","target":["https:\/\/www.informationsportal.de\/bkk-mahle\/sv-bibliothek\/versicherung-und-beitragsrecht\/beitragseinzug\/zahlung-von-beitraegen\/"]}]},{"@type":"BreadcrumbList","@id":"https:\/\/www.informationsportal.de\/bkk-mahle\/sv-bibliothek\/versicherung-und-beitragsrecht\/beitragseinzug\/zahlung-von-beitraegen\/#breadcrumb","itemListElement":[{"@type":"ListItem","position":1,"name":"SV-Bibliothek","item":"https:\/\/www.informationsportal.de\/bkk-mahle\/sv-bibliothek\/"},{"@type":"ListItem","position":2,"name":"Versicherungs- und Beitragsrecht","item":"https:\/\/www.informationsportal.de\/bkk-mahle\/sv-bibliothek\/versicherung-und-beitragsrecht\/"},{"@type":"ListItem","position":3,"name":"Beitragseinzug","item":"https:\/\/www.informationsportal.de\/bkk-mahle\/sv-bibliothek\/versicherung-und-beitragsrecht\/beitragseinzug\/"},{"@type":"ListItem","position":4,"name":"Zahlung von Beitr\u00e4gen"}]},{"@type":"WebSite","@id":"https:\/\/www.informationsportal.de\/bkk-mahle\/#website","url":"https:\/\/www.informationsportal.de\/bkk-mahle\/","name":"Informationsportal f\u00fcr Arbeitgeber der BKK Mahle","description":"","potentialAction":[{"@type":"SearchAction","target":{"@type":"EntryPoint","urlTemplate":"https:\/\/www.informationsportal.de\/bkk-mahle\/?s={search_term_string}"},"query-input":{"@type":"PropertyValueSpecification","valueRequired":true,"valueName":"search_term_string"}}],"inLanguage":"de"}]}},"_links":{"self":[{"href":"https:\/\/www.informationsportal.de\/bkk-mahle\/wp-json\/wp\/v2\/pages\/4893","targetHints":{"allow":["GET"]}}],"collection":[{"href":"https:\/\/www.informationsportal.de\/bkk-mahle\/wp-json\/wp\/v2\/pages"}],"about":[{"href":"https:\/\/www.informationsportal.de\/bkk-mahle\/wp-json\/wp\/v2\/types\/page"}],"author":[{"embeddable":true,"href":"https:\/\/www.informationsportal.de\/bkk-mahle\/wp-json\/wp\/v2\/users\/1"}],"replies":[{"embeddable":true,"href":"https:\/\/www.informationsportal.de\/bkk-mahle\/wp-json\/wp\/v2\/comments?post=4893"}],"version-history":[{"count":0,"href":"https:\/\/www.informationsportal.de\/bkk-mahle\/wp-json\/wp\/v2\/pages\/4893\/revisions"}],"up":[{"embeddable":true,"href":"https:\/\/www.informationsportal.de\/bkk-mahle\/wp-json\/wp\/v2\/pages\/4888"}],"wp:attachment":[{"href":"https:\/\/www.informationsportal.de\/bkk-mahle\/wp-json\/wp\/v2\/media?parent=4893"}],"curies":[{"name":"wp","href":"https:\/\/api.w.org\/{rel}","templated":true}]}}