{"id":4843,"date":"2019-06-20T15:12:16","date_gmt":"2019-06-20T13:12:16","guid":{"rendered":"https:\/\/www.informationsportal.de\/?page_id=4843"},"modified":"2022-08-23T11:19:19","modified_gmt":"2022-08-23T09:19:19","slug":"gleitzone-und-uebergangsbereich","status":"publish","type":"page","link":"https:\/\/www.informationsportal.de\/bkk-mobil-oil\/sv-bibliothek\/versicherung-und-beitragsrecht\/gemeinsame-dokumente-der-sozialversicherung\/gleitzone-und-uebergangsbereich\/","title":{"rendered":"\u00dcbergangsbereich"},"content":{"rendered":"\n<h2 class=\"wp-block-heading\">Besch\u00e4ftigung im \u00dcbergangsbereich (Midijobber)<\/h2>\n\n\n\n<p>Nachfolgend finden Sie die Dokumente, die die Besch\u00e4ftigung von Arbeitnehmern mit einem Arbeitsentgelt im \u00dcbergangsbereich behandeln. Diese Arbeitnehmer werden auch Midijobber genannt. Seit dem 1. Juli 2019 hat der \u00dcbergangsbereich die Gleitzone abgel\u00f6st.<\/p>\n","protected":false},"excerpt":{"rendered":"<p>Besch\u00e4ftigung im \u00dcbergangsbereich (Midijobber) Nachfolgend finden Sie die Dokumente, die die Besch\u00e4ftigung von Arbeitnehmern mit einem Arbeitsentgelt im \u00dcbergangsbereich behandeln.  Diese Arbeitnehmer werden auch Midijobber genannt.  Seit dem 1.  Juli 2019 hat der \u00dcbergangsbereich die Gleitzone abgel\u00f6st.<\/p>","protected":false},"author":1,"featured_media":0,"parent":4837,"menu_order":0,"comment_status":"closed","ping_status":"closed","template":"tpl_documents.php","meta":{"_acf_changed":false,"footnotes":""},"class_list":["post-4843","page","type-page","status-publish","hentry"],"acf":[],"yoast_head":"<!-- This site is optimized with the Yoast SEO plugin v26.3 - https:\/\/yoast.com\/wordpress\/plugins\/seo\/ -->\n<title>\u00dcbergangsbereich - Informationsportal f\u00fcr Arbeitgeber der BKK Mobil Oil<\/title>\n<meta name=\"robots\" content=\"index, follow, max-snippet:-1, max-image-preview:large, max-video-preview:-1\" \/>\n<link rel=\"canonical\" href=\"https:\/\/www.informationsportal.de\/bkk-mobil-oil\/sv-bibliothek\/versicherung-und-beitragsrecht\/gemeinsame-dokumente-der-sozialversicherung\/gleitzone-und-uebergangsbereich\/\" \/>\n<meta property=\"og:locale\" content=\"de_DE\" \/>\n<meta property=\"og:type\" content=\"article\" \/>\n<meta property=\"og:title\" content=\"\u00dcbergangsbereich - Informationsportal f\u00fcr Arbeitgeber der BKK Mobil Oil\" \/>\n<meta property=\"og:description\" content=\"Besch\u00e4ftigung im \u00dcbergangsbereich (Midijobber) Nachfolgend finden Sie die Dokumente, die die Besch\u00e4ftigung von Arbeitnehmern mit einem Arbeitsentgelt im \u00dcbergangsbereich behandeln. Diese Arbeitnehmer werden auch Midijobber genannt. Seit dem 1. Juli 2019 hat der \u00dcbergangsbereich die Gleitzone abgel\u00f6st.\" \/>\n<meta property=\"og:url\" content=\"https:\/\/www.informationsportal.de\/bkk-mobil-oil\/sv-bibliothek\/versicherung-und-beitragsrecht\/gemeinsame-dokumente-der-sozialversicherung\/gleitzone-und-uebergangsbereich\/\" \/>\n<meta property=\"og:site_name\" content=\"Informationsportal f\u00fcr Arbeitgeber der BKK Mobil Oil\" \/>\n<meta property=\"article:modified_time\" content=\"2022-08-23T09:19:19+00:00\" \/>\n<meta name=\"twitter:card\" content=\"summary_large_image\" \/>\n<script type=\"application\/ld+json\" class=\"yoast-schema-graph\">{\"@context\":\"https:\/\/schema.org\",\"@graph\":[{\"@type\":\"WebPage\",\"@id\":\"https:\/\/www.informationsportal.de\/bkk-mobil-oil\/sv-bibliothek\/versicherung-und-beitragsrecht\/gemeinsame-dokumente-der-sozialversicherung\/gleitzone-und-uebergangsbereich\/\",\"url\":\"https:\/\/www.informationsportal.de\/bkk-mobil-oil\/sv-bibliothek\/versicherung-und-beitragsrecht\/gemeinsame-dokumente-der-sozialversicherung\/gleitzone-und-uebergangsbereich\/\",\"name\":\"\u00dcbergangsbereich - Informationsportal f\u00fcr Arbeitgeber der BKK Mobil Oil\",\"isPartOf\":{\"@id\":\"https:\/\/www.informationsportal.de\/bkk-mobil-oil\/#website\"},\"datePublished\":\"2019-06-20T13:12:16+00:00\",\"dateModified\":\"2022-08-23T09:19:19+00:00\",\"breadcrumb\":{\"@id\":\"https:\/\/www.informationsportal.de\/bkk-mobil-oil\/sv-bibliothek\/versicherung-und-beitragsrecht\/gemeinsame-dokumente-der-sozialversicherung\/gleitzone-und-uebergangsbereich\/#breadcrumb\"},\"inLanguage\":\"de\",\"potentialAction\":[{\"@type\":\"ReadAction\",\"target\":[\"https:\/\/www.informationsportal.de\/bkk-mobil-oil\/sv-bibliothek\/versicherung-und-beitragsrecht\/gemeinsame-dokumente-der-sozialversicherung\/gleitzone-und-uebergangsbereich\/\"]}]},{\"@type\":\"BreadcrumbList\",\"@id\":\"https:\/\/www.informationsportal.de\/bkk-mobil-oil\/sv-bibliothek\/versicherung-und-beitragsrecht\/gemeinsame-dokumente-der-sozialversicherung\/gleitzone-und-uebergangsbereich\/#breadcrumb\",\"itemListElement\":[{\"@type\":\"ListItem\",\"position\":1,\"name\":\"SV-Bibliothek\",\"item\":\"https:\/\/www.informationsportal.de\/bkk-mobil-oil\/sv-bibliothek\/\"},{\"@type\":\"ListItem\",\"position\":2,\"name\":\"Versicherungs- und Beitragsrecht\",\"item\":\"https:\/\/www.informationsportal.de\/bkk-mobil-oil\/sv-bibliothek\/versicherung-und-beitragsrecht\/\"},{\"@type\":\"ListItem\",\"position\":3,\"name\":\"Gemeinsame Dokumente der Sozialversicherung\",\"item\":\"https:\/\/www.informationsportal.de\/bkk-mobil-oil\/sv-bibliothek\/versicherung-und-beitragsrecht\/gemeinsame-dokumente-der-sozialversicherung\/\"},{\"@type\":\"ListItem\",\"position\":4,\"name\":\"\u00dcbergangsbereich\"}]},{\"@type\":\"WebSite\",\"@id\":\"https:\/\/www.informationsportal.de\/bkk-mobil-oil\/#website\",\"url\":\"https:\/\/www.informationsportal.de\/bkk-mobil-oil\/\",\"name\":\"Informationsportal f\u00fcr Arbeitgeber der BKK Mobil Oil\",\"description\":\"Eine weitere Informationsportal f\u00fcr Arbeitgeber Websites Website\",\"potentialAction\":[{\"@type\":\"SearchAction\",\"target\":{\"@type\":\"EntryPoint\",\"urlTemplate\":\"https:\/\/www.informationsportal.de\/bkk-mobil-oil\/?s={search_term_string}\"},\"query-input\":{\"@type\":\"PropertyValueSpecification\",\"valueRequired\":true,\"valueName\":\"search_term_string\"}}],\"inLanguage\":\"de\"}]}<\/script>\n<!-- \/ Yoast SEO plugin. -->","yoast_head_json":{"title":"\u00dcbergangsbereich - Informationsportal f\u00fcr Arbeitgeber der BKK Mobil Oil","robots":{"index":"index","follow":"follow","max-snippet":"max-snippet:-1","max-image-preview":"max-image-preview:large","max-video-preview":"max-video-preview:-1"},"canonical":"https:\/\/www.informationsportal.de\/bkk-mobil-oil\/sv-bibliothek\/versicherung-und-beitragsrecht\/gemeinsame-dokumente-der-sozialversicherung\/gleitzone-und-uebergangsbereich\/","og_locale":"de_DE","og_type":"article","og_title":"\u00dcbergangsbereich - Informationsportal f\u00fcr Arbeitgeber der BKK Mobil Oil","og_description":"Besch\u00e4ftigung im \u00dcbergangsbereich (Midijobber) Nachfolgend finden Sie die Dokumente, die die Besch\u00e4ftigung von Arbeitnehmern mit einem Arbeitsentgelt im \u00dcbergangsbereich behandeln. Diese Arbeitnehmer werden auch Midijobber genannt. Seit dem 1. Juli 2019 hat der \u00dcbergangsbereich die Gleitzone abgel\u00f6st.","og_url":"https:\/\/www.informationsportal.de\/bkk-mobil-oil\/sv-bibliothek\/versicherung-und-beitragsrecht\/gemeinsame-dokumente-der-sozialversicherung\/gleitzone-und-uebergangsbereich\/","og_site_name":"Informationsportal f\u00fcr Arbeitgeber der BKK Mobil Oil","article_modified_time":"2022-08-23T09:19:19+00:00","twitter_card":"summary_large_image","schema":{"@context":"https:\/\/schema.org","@graph":[{"@type":"WebPage","@id":"https:\/\/www.informationsportal.de\/bkk-mobil-oil\/sv-bibliothek\/versicherung-und-beitragsrecht\/gemeinsame-dokumente-der-sozialversicherung\/gleitzone-und-uebergangsbereich\/","url":"https:\/\/www.informationsportal.de\/bkk-mobil-oil\/sv-bibliothek\/versicherung-und-beitragsrecht\/gemeinsame-dokumente-der-sozialversicherung\/gleitzone-und-uebergangsbereich\/","name":"\u00dcbergangsbereich - Informationsportal f\u00fcr Arbeitgeber der BKK Mobil Oil","isPartOf":{"@id":"https:\/\/www.informationsportal.de\/bkk-mobil-oil\/#website"},"datePublished":"2019-06-20T13:12:16+00:00","dateModified":"2022-08-23T09:19:19+00:00","breadcrumb":{"@id":"https:\/\/www.informationsportal.de\/bkk-mobil-oil\/sv-bibliothek\/versicherung-und-beitragsrecht\/gemeinsame-dokumente-der-sozialversicherung\/gleitzone-und-uebergangsbereich\/#breadcrumb"},"inLanguage":"de","potentialAction":[{"@type":"ReadAction","target":["https:\/\/www.informationsportal.de\/bkk-mobil-oil\/sv-bibliothek\/versicherung-und-beitragsrecht\/gemeinsame-dokumente-der-sozialversicherung\/gleitzone-und-uebergangsbereich\/"]}]},{"@type":"BreadcrumbList","@id":"https:\/\/www.informationsportal.de\/bkk-mobil-oil\/sv-bibliothek\/versicherung-und-beitragsrecht\/gemeinsame-dokumente-der-sozialversicherung\/gleitzone-und-uebergangsbereich\/#breadcrumb","itemListElement":[{"@type":"ListItem","position":1,"name":"SV-Bibliothek","item":"https:\/\/www.informationsportal.de\/bkk-mobil-oil\/sv-bibliothek\/"},{"@type":"ListItem","position":2,"name":"Versicherungs- und Beitragsrecht","item":"https:\/\/www.informationsportal.de\/bkk-mobil-oil\/sv-bibliothek\/versicherung-und-beitragsrecht\/"},{"@type":"ListItem","position":3,"name":"Gemeinsame Dokumente der Sozialversicherung","item":"https:\/\/www.informationsportal.de\/bkk-mobil-oil\/sv-bibliothek\/versicherung-und-beitragsrecht\/gemeinsame-dokumente-der-sozialversicherung\/"},{"@type":"ListItem","position":4,"name":"\u00dcbergangsbereich"}]},{"@type":"WebSite","@id":"https:\/\/www.informationsportal.de\/bkk-mobil-oil\/#website","url":"https:\/\/www.informationsportal.de\/bkk-mobil-oil\/","name":"Informationsportal f\u00fcr Arbeitgeber der BKK Mobil Oil","description":"Eine weitere Informationsportal f\u00fcr Arbeitgeber Websites Website","potentialAction":[{"@type":"SearchAction","target":{"@type":"EntryPoint","urlTemplate":"https:\/\/www.informationsportal.de\/bkk-mobil-oil\/?s={search_term_string}"},"query-input":{"@type":"PropertyValueSpecification","valueRequired":true,"valueName":"search_term_string"}}],"inLanguage":"de"}]}},"_links":{"self":[{"href":"https:\/\/www.informationsportal.de\/bkk-mobil-oil\/wp-json\/wp\/v2\/pages\/4843","targetHints":{"allow":["GET"]}}],"collection":[{"href":"https:\/\/www.informationsportal.de\/bkk-mobil-oil\/wp-json\/wp\/v2\/pages"}],"about":[{"href":"https:\/\/www.informationsportal.de\/bkk-mobil-oil\/wp-json\/wp\/v2\/types\/page"}],"author":[{"embeddable":true,"href":"https:\/\/www.informationsportal.de\/bkk-mobil-oil\/wp-json\/wp\/v2\/users\/1"}],"replies":[{"embeddable":true,"href":"https:\/\/www.informationsportal.de\/bkk-mobil-oil\/wp-json\/wp\/v2\/comments?post=4843"}],"version-history":[{"count":2,"href":"https:\/\/www.informationsportal.de\/bkk-mobil-oil\/wp-json\/wp\/v2\/pages\/4843\/revisions"}],"predecessor-version":[{"id":15943,"href":"https:\/\/www.informationsportal.de\/bkk-mobil-oil\/wp-json\/wp\/v2\/pages\/4843\/revisions\/15943"}],"up":[{"embeddable":true,"href":"https:\/\/www.informationsportal.de\/bkk-mobil-oil\/wp-json\/wp\/v2\/pages\/4837"}],"wp:attachment":[{"href":"https:\/\/www.informationsportal.de\/bkk-mobil-oil\/wp-json\/wp\/v2\/media?parent=4843"}],"curies":[{"name":"wp","href":"https:\/\/api.w.org\/{rel}","templated":true}]}}