{"id":257,"date":"2017-01-01T16:00:00","date_gmt":"2017-01-01T15:00:00","guid":{"rendered":"https:\/\/www.informationsportal.de\/?page_id=257"},"modified":"2021-12-02T09:31:55","modified_gmt":"2021-12-02T08:31:55","slug":"leichte-sprache","status":"publish","type":"page","link":"https:\/\/www.informationsportal.de\/bkkgs\/leichte-sprache\/","title":{"rendered":"Leichte Sprache"},"content":{"rendered":"<h1 style=\"margin-right: -14.3pt\"><span style=\"font-size: 20.0pt;line-height: 115%\">\u00dcber diese Internet-Seite<\/span><\/h1>\nHerzlich willkommen auf dieser Internet-Seite.\nSie hei\u00dft: <strong>Informations-Portal zur Sozial-Versicherung f\u00fcr Arbeit-Geber<\/strong>.\n\nHier erkl\u00e4ren wir Ihnen, was das Informations-Portal ist.\nUnd wie die Internet-Seite funktioniert.\n<h2>Was ist das Informations-Portal?\nWof\u00fcr ist das Informations-Portal gut?<\/h2>\n<strong>Informations-Portal<\/strong> ist ein anderes Wort f\u00fcr:\n<strong>Informations-Internet-Seite<\/strong>.\n\nDas Informations-Portal ist f\u00fcr <strong>Arbeit-Geber<\/strong>.\n\n<strong>Arbeit-Geber<\/strong> geben anderen Menschen Arbeit.\nDiese Menschen nennt man <strong>Arbeit-Nehmer<\/strong>.\n\nArbeit-Nehmer m\u00fcssen in der <strong>Sozial-Versicherung<\/strong> versichert sein.\nDazu geh\u00f6ren:\n<ul>\n \t<li>die Kranken-Versicherung,<\/li>\n \t<li>die Pflege-Versicherung,<\/li>\n \t<li>die Renten-Versicherung,<\/li>\n \t<li>die Arbeitslosen-Versicherung und<\/li>\n \t<li>die Unfall-Versicherung.<\/li>\n<\/ul>\nDie Sozial-Versicherung sch\u00fctzt den Arbeit-Nehmer. Zum Beispiel wenn er krank ist.\nUnd nicht arbeiten kann. Und deshalb kein Geld verdienen kann.\n\nF\u00fcr die Sozial-Versicherung sind verschiedene Stellen zust\u00e4ndig.\nZum Beispiel:\n<ul>\n \t<li>die Kranken-Kassen,<\/li>\n \t<li>die Mini-Job-Zentrale,<\/li>\n \t<li>die Deutsche Renten-Versicherung,<\/li>\n \t<li>die Agentur f\u00fcr Arbeit,<\/li>\n \t<li>die Berufs-Genossenschaften.<\/li>\n<\/ul>\nWenn ein Arbeit-Geber einer Person eine Arbeit gibt,\ndann muss er das bei der Sozial-Versicherung anmelden.\nDabei muss er an viele verschiedene Sachen denken.\nUnd Meldungen an verschiedene Stellen abschicken.\nDas ist nicht so einfach.\nMan kann schnell mal etwas vergessen.\nOder ein Formular falsch ausf\u00fcllen.\n\nDeshalb gibt es dieses Informations-Portal.\nEs soll dem Arbeit-Geber bei den Meldungen\nan die Sozial-Versicherung helfen.\n<h2>Meldung an die Sozial-Versicherung &#8211; Was muss der Arbeit-Geber machen?<\/h2>\nWenn sich beim Arbeit-Geber oder beim Arbeit-Nehmer etwas \u00e4ndert,\ndann muss der Arbeit-Geber das bei der Sozial-Versicherung melden.\nZum Beispiel:\n<ul>\n \t<li>Der Arbeit-Geber will einen neuen Arbeit-Nehmer einstellen.<\/li>\n \t<li>Der Arbeit-Nehmer wird krank. Oder er hat einen Unfall.<\/li>\n \t<li>Der Arbeit-Nehmer geht in Rente.\nDas bedeutet: Er hat viele Jahre gearbeitet. Jetzt ist er alt. Und muss nicht mehr arbeiten. Statt Arbeits-Lohn bekommt er jeden Monat Rente.<\/li>\n<\/ul>\nDer Arbeit-Geber muss das bei der Sozial-Versicherung melden.\nDas ist nicht so einfach. Er muss viele Fragen beantworten:\n<ul>\n \t<li>Wann muss ich eine Meldung abgeben?<\/li>\n \t<li>An wen muss ich eine Meldung abgeben?<\/li>\n \t<li>Was muss in der Meldung stehen?<\/li>\n<\/ul>\n<h2>Wie hilft das Informations-Portal dem Arbeit-Geber?<\/h2>\nBei der Meldung an die Sozial-Versicherung gibt es 3 gro\u00dfe Bereiche.\nHier kann man mit der Informations-Suche anfangen:\n<ul>\n \t<li><strong>Neuer Arbeit-Geber:<\/strong> Der Arbeit-Geber ist ganz neu. Er will zum ersten Mal einen Arbeit-Nehmer einstellen.<\/li>\n \t<li><strong>Neu-Einstellungen:<\/strong> Der Arbeit-Geber will einen neuen Arbeit-Nehmer einstellen. Er kennt sich etwas aus.<\/li>\n \t<li><strong>Ver\u00e4nderungen:<\/strong> Beim Arbeit-Geber oder beim Arbeit-Nehmer \u00e4ndert sich etwas.<\/li>\n<\/ul>\nDiese Bereiche findet man auch auf dem Informations-Portal.\n\nAuf der Start-Seite gibt es 3 gro\u00dfe Felder:\n\n<img loading=\"lazy\" decoding=\"async\" class=\"alignnone  wp-image-2730\" src=\"https:\/\/www.informationsportal.de\/bkkgs\/wp-content\/uploads\/sites\/53\/2017\/01\/Drei-Hauptkacheln_sv-m-2-1.png\" alt=\"Drei Hauptkacheln\" width=\"866\" height=\"267\" srcset=\"https:\/\/www.informationsportal.de\/bkkgs\/wp-content\/uploads\/sites\/53\/2017\/01\/Drei-Hauptkacheln_sv-m-2-1.png 812w, https:\/\/www.informationsportal.de\/bkkgs\/wp-content\/uploads\/sites\/53\/2017\/01\/Drei-Hauptkacheln_sv-m-2-1-300x92.png 300w, https:\/\/www.informationsportal.de\/bkkgs\/wp-content\/uploads\/sites\/53\/2017\/01\/Drei-Hauptkacheln_sv-m-2-1-768x236.png 768w\" sizes=\"auto, (max-width: 866px) 100vw, 866px\" \/>\n\nZu jedem Feld gibt es eine <strong>Liste mit Fragen<\/strong>.\nMan sagt auch: <strong>Fragen-Katalog<\/strong>.\nDie Fragen passen genau zu dem ausgesuchten Thema.\n\nWenn man auf ein Feld klickt,\nkommt man zu dem Fragen-Katalog.\n\nAm Anfang muss man einfach nur ein Feld ausw\u00e4hlen und klicken:\n\n<img loading=\"lazy\" decoding=\"async\" class=\"alignnone  wp-image-2480\" src=\"https:\/\/www.informationsportal.de\/bkkgs\/wp-content\/uploads\/sites\/53\/2016\/12\/6-Kacheln_Uebersicht-3-2-1.png\" alt=\"Bild: 6 Hauptkacheln\" width=\"860\" height=\"540\" srcset=\"https:\/\/www.informationsportal.de\/bkkgs\/wp-content\/uploads\/sites\/53\/2016\/12\/6-Kacheln_Uebersicht-3-2-1.png 767w, https:\/\/www.informationsportal.de\/bkkgs\/wp-content\/uploads\/sites\/53\/2016\/12\/6-Kacheln_Uebersicht-3-2-1-300x189.png 300w\" sizes=\"auto, (max-width: 860px) 100vw, 860px\" \/>\n\nUnd dann muss man Fragen in einem Frage-Bogen beantworten.\nAlle Fragen m\u00fcssen nur mit <strong>Ja<\/strong> oder <strong>Nein<\/strong> beantwortet werden.\n\n<img loading=\"lazy\" decoding=\"async\" class=\"alignnone  wp-image-2768\" src=\"https:\/\/www.informationsportal.de\/bkkgs\/wp-content\/uploads\/sites\/53\/2017\/01\/Frage-Antwort-Katalog_sv-m-2-1.png\" alt=\"Frage-Antwort-Katalog\" width=\"859\" height=\"375\" srcset=\"https:\/\/www.informationsportal.de\/bkkgs\/wp-content\/uploads\/sites\/53\/2017\/01\/Frage-Antwort-Katalog_sv-m-2-1.png 900w, https:\/\/www.informationsportal.de\/bkkgs\/wp-content\/uploads\/sites\/53\/2017\/01\/Frage-Antwort-Katalog_sv-m-2-1-300x131.png 300w, https:\/\/www.informationsportal.de\/bkkgs\/wp-content\/uploads\/sites\/53\/2017\/01\/Frage-Antwort-Katalog_sv-m-2-1-768x335.png 768w\" sizes=\"auto, (max-width: 859px) 100vw, 859px\" \/>\n\nAm Ende kommt eine <strong>Ergebnis-Seite.<\/strong>\nDort steht genau, was der Arbeit-Geber machen muss.\nDamit er bei der Meldung an die Sozial-Versicherung nichts vergisst.\nUnd alles richtig macht.\n\n<img loading=\"lazy\" decoding=\"async\" width=\"836\" height=\"641\" class=\"alignnone size-full wp-image-2759\" src=\"https:\/\/www.informationsportal.de\/bkkgs\/wp-content\/uploads\/sites\/53\/2017\/01\/Ergebnisseite_sv-m-2-1.png\" alt=\"Ergebnisseite\" srcset=\"https:\/\/www.informationsportal.de\/bkkgs\/wp-content\/uploads\/sites\/53\/2017\/01\/Ergebnisseite_sv-m-2-1.png 836w, https:\/\/www.informationsportal.de\/bkkgs\/wp-content\/uploads\/sites\/53\/2017\/01\/Ergebnisseite_sv-m-2-1-300x230.png 300w, https:\/\/www.informationsportal.de\/bkkgs\/wp-content\/uploads\/sites\/53\/2017\/01\/Ergebnisseite_sv-m-2-1-768x589.png 768w\" sizes=\"auto, (max-width: 836px) 100vw, 836px\" \/>\n\nAuf der Ergebnis-Seite findet er auch <strong>alle wichtigen Informationen und Links<\/strong>.\n\n<strong>Link<\/strong> bedeutet <strong>Verbindung<\/strong>. Wenn man auf einen Link klickt, kommt man auf eine andere Seite mit Informationen.\n\nDas Informations-Portal zeigt dem Arbeit-Geber also genau, was er machen muss.\n\nDie Ergebnis-Seite kann er direkt am PC lesen. Und ausdrucken.\nEr kann sie auch auf seinem Computer speichern. Als Dokument. Das heisst PDF und ist immer gut zu lesen.\nDas geht rechts oben auf der Seite wenn man hier klickt:\n\n<img loading=\"lazy\" decoding=\"async\" class=\"alignnone  wp-image-2761\" src=\"https:\/\/www.informationsportal.de\/bkkgs\/wp-content\/uploads\/sites\/53\/2017\/01\/PDF-Icon_sv-m-2-1.png\" alt=\"PDF-Icon\" width=\"116\" height=\"58\">\n\nAuf dem Informations-Portal gibt es noch mehr n\u00fctzliche Informationen.\nZum Beispiel:\n\n<img loading=\"lazy\" decoding=\"async\" width=\"826\" height=\"186\" class=\"alignnone size-full wp-image-2484\" src=\"https:\/\/www.informationsportal.de\/bkkgs\/wp-content\/uploads\/sites\/53\/2016\/12\/Themenkachel-3-2-1.png\" alt=\"Bild: Themenkacheln\" srcset=\"https:\/\/www.informationsportal.de\/bkkgs\/wp-content\/uploads\/sites\/53\/2016\/12\/Themenkachel-3-2-1.png 826w, https:\/\/www.informationsportal.de\/bkkgs\/wp-content\/uploads\/sites\/53\/2016\/12\/Themenkachel-3-2-1-300x68.png 300w, https:\/\/www.informationsportal.de\/bkkgs\/wp-content\/uploads\/sites\/53\/2016\/12\/Themenkachel-3-2-1-768x173.png 768w\" sizes=\"auto, (max-width: 826px) 100vw, 826px\" \/>\n\n<hr>\n\n<h2>Wie kann ich im Informations-Portal etwas suchen?<\/h2>\nEs gibt auch eine Suche f\u00fcr unsere Seiten.\nGanz oben rechts finden Sie ein Such-Feld mit einer kleinen Lupe.\n\n<img loading=\"lazy\" decoding=\"async\" width=\"263\" height=\"115\" class=\"alignnone size-full wp-image-2764\" src=\"https:\/\/www.informationsportal.de\/bkkgs\/wp-content\/uploads\/sites\/53\/2017\/01\/Suche_sv-m-2-1.png\" alt=\"Suche Eingabe\">\n\nDort k\u00f6nnen Sie ein Wort eintragen. Und auf die Lupe daneben klicken.\nDann sehen Sie eine neue Seite.\n\n<img loading=\"lazy\" decoding=\"async\" class=\"alignnone  wp-image-2765\" src=\"https:\/\/www.informationsportal.de\/bkkgs\/wp-content\/uploads\/sites\/53\/2017\/01\/Suchergebnis_Rente_sv-m-2-1.png\" alt=\"Suchergebnis Beispiel Rente\" width=\"818\" height=\"476\" srcset=\"https:\/\/www.informationsportal.de\/bkkgs\/wp-content\/uploads\/sites\/53\/2017\/01\/Suchergebnis_Rente_sv-m-2-1.png 782w, https:\/\/www.informationsportal.de\/bkkgs\/wp-content\/uploads\/sites\/53\/2017\/01\/Suchergebnis_Rente_sv-m-2-1-300x175.png 300w, https:\/\/www.informationsportal.de\/bkkgs\/wp-content\/uploads\/sites\/53\/2017\/01\/Suchergebnis_Rente_sv-m-2-1-768x447.png 768w\" sizes=\"auto, (max-width: 818px) 100vw, 818px\" \/>\n\nAuf der Seite sehen Sie eine Liste mit \u00dcberschriften.\nSie passen zu Ihrem Such-Wort.\n\nWenn Sie auf eine \u00dcberschrift klicken,\ndann kommen Sie zu der Seite mit der Information.\n<h2>Wie kann ich auf der Internet-Seite die Tastatur benutzen?<\/h2>\nMan kann auf der Internet-Seite auch alles mit der Tastatur machen.\nDas bedeutet: Man benutzt die Computer-Maus nicht.\n\n<strong>Von einem Punkt zum n\u00e4chsten wechseln<\/strong> geht einfach: Einfach nur die Taste mit den zwei Pfeilen dr\u00fccken. Die Taste hei\u00dft: <strong>Tabulator-Taste<\/strong>.\n\n<img loading=\"lazy\" decoding=\"async\" class=\"alignnone wp-image-1857 size-full\" src=\"https:\/\/www.informationsportal.de\/bkkgs\/wp-content\/uploads\/sites\/53\/2016\/11\/Tab-1-3-2-1.png\" width=\"265\" height=\"76\">\nTabulator-Taste &#8211; kurz TAB &#8211; auf der Tastatur\n\nMeistens sind auf dieser Taste nur die zwei Pfeile mit den Strichen.\n\n<strong>Wenn einen zur\u00fcck gehen m\u00f6chte:<\/strong> Dann die Shift-Taste dr\u00fccken und unten halten. Dann die Tabulator-Taste nochmal dr\u00fccken.\n\n<img loading=\"lazy\" decoding=\"async\" class=\"alignnone wp-image-1859 size-full\" src=\"https:\/\/www.informationsportal.de\/bkkgs\/wp-content\/uploads\/sites\/53\/2016\/11\/ShiftTab-1-3-2-1.png\" alt=\"ShiftTab\" width=\"528\" height=\"111\" srcset=\"https:\/\/www.informationsportal.de\/bkkgs\/wp-content\/uploads\/sites\/53\/2016\/11\/ShiftTab-1-3-2-1.png 528w, https:\/\/www.informationsportal.de\/bkkgs\/wp-content\/uploads\/sites\/53\/2016\/11\/ShiftTab-1-3-2-1-300x63.png 300w\" sizes=\"auto, (max-width: 528px) 100vw, 528px\" \/>\n\nShift und TAB um einen Schritt zur\u00fcck zu gehen.\n\n<strong>Wenn man etwas ausw\u00e4hlen will<\/strong>, dr\u00fcckt man die Enter-Taste.\nDas ist die gr\u00f6\u00dfte Taste auf der Tastatur.\n\n<a href=\"https:\/\/www.informationsportal.de\/wp-content\/uploads\/2016\/01\/Enter.png\">\n<\/a><img loading=\"lazy\" decoding=\"async\" class=\"alignnone wp-image-1858 size-full\" src=\"https:\/\/www.informationsportal.de\/bkkgs\/wp-content\/uploads\/sites\/53\/2016\/11\/Enter-1-3-2-1.png\" width=\"265\" height=\"76\">\nEnter-Taste auf der Tastatur\n\nAuf dieser Taste ist oft nur der eckige Pfeil.\n\n<strong>Wenn die Schrift zu klein ist<\/strong>: Dann dr\u00fcckt man die Taste mit der Schrift <strong>Strg<\/strong>.\nTaste nach unten gedr\u00fcckt halten und auch noch auf die Taste <strong>+<\/strong> dr\u00fccken.\n\n<strong><img loading=\"lazy\" decoding=\"async\" class=\"alignnone wp-image-1861 size-full\" src=\"https:\/\/www.informationsportal.de\/bkkgs\/wp-content\/uploads\/sites\/53\/2016\/11\/Strg_Sterchen-3-2-1.png\" width=\"252\" height=\"70\"><\/strong>\n\n<strong>\n<\/strong><strong> Strg<\/strong>-Taste und <strong>+<\/strong> Taste zum Vergr\u00f6\u00dfern der Schrift\n\nDann sieht man die ganze Seite gr\u00f6\u00dfer. Das k\u00f6nnen Sie auch oft nach einander machen. Die Seite wird immer gr\u00f6\u00dfer.\n\n<strong>Wenn die Schrift zu gro\u00df ist:<\/strong> Wieder die Taste <strong>Strg<\/strong> dr\u00fccken und unten halten. Dann die Taste <strong>\u2013<\/strong> dr\u00fccken. Die Taste hei\u00dft Minus. Nun wird die Schrift kleiner.\nDas k\u00f6nnen Sie auch oft nach einander machen.\n\n<img loading=\"lazy\" decoding=\"async\" class=\"alignnone wp-image-1862 size-full\" src=\"https:\/\/www.informationsportal.de\/bkkgs\/wp-content\/uploads\/sites\/53\/2016\/11\/Strg_Bindestrich-1-3-2-1.png\" width=\"253\" height=\"70\">\nStrg-Taste und &#8211; Taste zum Verkleinern der Schrift\n<h2>Wie kann ich Texte anh\u00f6ren?<\/h2>\nViele Texte auf unseren Seiten kann man sich auch anh\u00f6ren.\nWenn das geht, gibt es rechts oben ein Feld.\nDort steht dann: Vorlesen.\n\n<img loading=\"lazy\" decoding=\"async\" class=\"alignnone  wp-image-2766\" src=\"https:\/\/www.informationsportal.de\/bkkgs\/wp-content\/uploads\/sites\/53\/2017\/01\/Vorlesen_sv-m-2-1.png\" alt=\"Service-Funktion Vorlesen\" width=\"348\" height=\"75\">\n\nEinfach auf <strong>Vorlesen<\/strong> klicken.\nDann k\u00f6nnen Sie den Text anh\u00f6ren.\n\nWir hoffen:\nWir haben Ihnen unsere Internet-Seiten gut erkl\u00e4rt. Und Sie schauen sich die Seiten vom Informations-Portal f\u00fcr Arbeit-Geber an. Wir hoffen auch, dass Sie dort wichtige Infos f\u00fcr sich finden!\n\n<a href=\"https:\/\/www.informationsportal.de\/bkkgs\/\">\u0084 Hier kommen Sie zur <strong>Start-Seite<\/strong> vom Informations-Portal.<\/a>\n\n<strong>Tipp:\n<\/strong>Die Texte auf dem Informations-Portal sind alle in schwerer Sprache.\nBitte fragen Sie jemanden in Ihrer N\u00e4he, wenn Sie etwas nicht verstehen.\n\n&nbsp;","protected":false},"excerpt":{"rendered":"<p>\u00dcber diese Internet-Seite Herzlich willkommen auf dieser Internet-Seite.  Sie hei\u00dft: Informations-Portal zur Sozial-Versicherung f\u00fcr Arbeit-Geber.  Hier erkl\u00e4ren wir Ihnen, was das Informations-Portal ist.  Und wie die Internet-Seite funktioniert.  Was ist das Informations-Portal? Wof\u00fcr ist das Informations-Portal gut? Informations-Portal ist ein anderes Wort f\u00fcr: Informations-Internet-Seite.  Das Informations-Portal ist f\u00fcr Arbeit-Geber.  Arbeit-Geber geben anderen Menschen Arbeit.  Diese [&hellip;]<\/p>","protected":false},"author":2,"featured_media":0,"parent":0,"menu_order":0,"comment_status":"closed","ping_status":"closed","template":"","meta":{"_acf_changed":false,"footnotes":""},"class_list":["post-257","page","type-page","status-publish","hentry"],"acf":[],"yoast_head":"<!-- This site is optimized with the Yoast SEO plugin v26.3 - https:\/\/yoast.com\/wordpress\/plugins\/seo\/ -->\n<title>Leichte Sprache - Informationsportal f\u00fcr Arbeitgeber der BKK GILDEMEISTER SEIDENSTICKER<\/title>\n<meta name=\"robots\" content=\"index, follow, max-snippet:-1, max-image-preview:large, max-video-preview:-1\" \/>\n<link rel=\"canonical\" href=\"https:\/\/www.informationsportal.de\/bkkgs\/leichte-sprache\/\" \/>\n<meta property=\"og:locale\" content=\"de_DE\" \/>\n<meta property=\"og:type\" content=\"article\" \/>\n<meta property=\"og:title\" content=\"Leichte Sprache - Informationsportal f\u00fcr Arbeitgeber der BKK GILDEMEISTER SEIDENSTICKER\" \/>\n<meta property=\"og:description\" content=\"\u00dcber diese Internet-Seite Herzlich willkommen auf dieser Internet-Seite. Sie hei\u00dft: Informations-Portal zur Sozial-Versicherung f\u00fcr Arbeit-Geber. Hier erkl\u00e4ren wir Ihnen, was das Informations-Portal ist. Und wie die Internet-Seite funktioniert. Was ist das Informations-Portal? Wof\u00fcr ist das Informations-Portal gut? Informations-Portal ist ein anderes Wort f\u00fcr: Informations-Internet-Seite. Das Informations-Portal ist f\u00fcr Arbeit-Geber. Arbeit-Geber geben anderen Menschen Arbeit. Diese [&hellip;]\" \/>\n<meta property=\"og:url\" content=\"https:\/\/www.informationsportal.de\/bkkgs\/leichte-sprache\/\" \/>\n<meta property=\"og:site_name\" content=\"Informationsportal f\u00fcr Arbeitgeber der BKK GILDEMEISTER SEIDENSTICKER\" \/>\n<meta property=\"article:modified_time\" content=\"2021-12-02T08:31:55+00:00\" \/>\n<meta property=\"og:image\" content=\"https:\/\/www.informationsportal.de\/bkkgs\/wp-content\/uploads\/sites\/53\/2017\/01\/Drei-Hauptkacheln_sv-m-2-1.png\" \/>\n<meta name=\"twitter:card\" content=\"summary_large_image\" \/>\n<meta name=\"twitter:label1\" content=\"Gesch\u00e4tzte Lesezeit\" \/>\n\t<meta name=\"twitter:data1\" content=\"7\u00a0Minuten\" \/>\n<script type=\"application\/ld+json\" class=\"yoast-schema-graph\">{\"@context\":\"https:\/\/schema.org\",\"@graph\":[{\"@type\":\"WebPage\",\"@id\":\"https:\/\/www.informationsportal.de\/bkkgs\/leichte-sprache\/\",\"url\":\"https:\/\/www.informationsportal.de\/bkkgs\/leichte-sprache\/\",\"name\":\"Leichte Sprache - Informationsportal f\u00fcr Arbeitgeber der BKK GILDEMEISTER SEIDENSTICKER\",\"isPartOf\":{\"@id\":\"https:\/\/www.informationsportal.de\/bkkgs\/#website\"},\"primaryImageOfPage\":{\"@id\":\"https:\/\/www.informationsportal.de\/bkkgs\/leichte-sprache\/#primaryimage\"},\"image\":{\"@id\":\"https:\/\/www.informationsportal.de\/bkkgs\/leichte-sprache\/#primaryimage\"},\"thumbnailUrl\":\"https:\/\/www.informationsportal.de\/bkkgs\/wp-content\/uploads\/sites\/53\/2017\/01\/Drei-Hauptkacheln_sv-m-2-1.png\",\"datePublished\":\"2017-01-01T15:00:00+00:00\",\"dateModified\":\"2021-12-02T08:31:55+00:00\",\"inLanguage\":\"de\",\"potentialAction\":[{\"@type\":\"ReadAction\",\"target\":[\"https:\/\/www.informationsportal.de\/bkkgs\/leichte-sprache\/\"]}]},{\"@type\":\"ImageObject\",\"inLanguage\":\"de\",\"@id\":\"https:\/\/www.informationsportal.de\/bkkgs\/leichte-sprache\/#primaryimage\",\"url\":\"https:\/\/www.informationsportal.de\/bkkgs\/wp-content\/uploads\/sites\/53\/2017\/01\/Drei-Hauptkacheln_sv-m-2-1.png\",\"contentUrl\":\"https:\/\/www.informationsportal.de\/bkkgs\/wp-content\/uploads\/sites\/53\/2017\/01\/Drei-Hauptkacheln_sv-m-2-1.png\",\"width\":812,\"height\":250,\"caption\":\"Drei Hauptkacheln\"},{\"@type\":\"WebSite\",\"@id\":\"https:\/\/www.informationsportal.de\/bkkgs\/#website\",\"url\":\"https:\/\/www.informationsportal.de\/bkkgs\/\",\"name\":\"Informationsportal f\u00fcr Arbeitgeber der BKK GILDEMEISTER SEIDENSTICKER\",\"description\":\"Das Informationsportal ist ein Wegweiser zu den Meldepflichten der Sozialversicherung\",\"potentialAction\":[{\"@type\":\"SearchAction\",\"target\":{\"@type\":\"EntryPoint\",\"urlTemplate\":\"https:\/\/www.informationsportal.de\/bkkgs\/?s={search_term_string}\"},\"query-input\":{\"@type\":\"PropertyValueSpecification\",\"valueRequired\":true,\"valueName\":\"search_term_string\"}}],\"inLanguage\":\"de\"}]}<\/script>\n<!-- \/ Yoast SEO plugin. -->","yoast_head_json":{"title":"Leichte Sprache - Informationsportal f\u00fcr Arbeitgeber der BKK GILDEMEISTER SEIDENSTICKER","robots":{"index":"index","follow":"follow","max-snippet":"max-snippet:-1","max-image-preview":"max-image-preview:large","max-video-preview":"max-video-preview:-1"},"canonical":"https:\/\/www.informationsportal.de\/bkkgs\/leichte-sprache\/","og_locale":"de_DE","og_type":"article","og_title":"Leichte Sprache - Informationsportal f\u00fcr Arbeitgeber der BKK GILDEMEISTER SEIDENSTICKER","og_description":"\u00dcber diese Internet-Seite Herzlich willkommen auf dieser Internet-Seite. Sie hei\u00dft: Informations-Portal zur Sozial-Versicherung f\u00fcr Arbeit-Geber. Hier erkl\u00e4ren wir Ihnen, was das Informations-Portal ist. Und wie die Internet-Seite funktioniert. Was ist das Informations-Portal? Wof\u00fcr ist das Informations-Portal gut? Informations-Portal ist ein anderes Wort f\u00fcr: Informations-Internet-Seite. Das Informations-Portal ist f\u00fcr Arbeit-Geber. Arbeit-Geber geben anderen Menschen Arbeit. Diese [&hellip;]","og_url":"https:\/\/www.informationsportal.de\/bkkgs\/leichte-sprache\/","og_site_name":"Informationsportal f\u00fcr Arbeitgeber der BKK GILDEMEISTER SEIDENSTICKER","article_modified_time":"2021-12-02T08:31:55+00:00","og_image":[{"url":"https:\/\/www.informationsportal.de\/bkkgs\/wp-content\/uploads\/sites\/53\/2017\/01\/Drei-Hauptkacheln_sv-m-2-1.png","type":"","width":"","height":""}],"twitter_card":"summary_large_image","twitter_misc":{"Gesch\u00e4tzte Lesezeit":"7\u00a0Minuten"},"schema":{"@context":"https:\/\/schema.org","@graph":[{"@type":"WebPage","@id":"https:\/\/www.informationsportal.de\/bkkgs\/leichte-sprache\/","url":"https:\/\/www.informationsportal.de\/bkkgs\/leichte-sprache\/","name":"Leichte Sprache - Informationsportal f\u00fcr Arbeitgeber der BKK GILDEMEISTER SEIDENSTICKER","isPartOf":{"@id":"https:\/\/www.informationsportal.de\/bkkgs\/#website"},"primaryImageOfPage":{"@id":"https:\/\/www.informationsportal.de\/bkkgs\/leichte-sprache\/#primaryimage"},"image":{"@id":"https:\/\/www.informationsportal.de\/bkkgs\/leichte-sprache\/#primaryimage"},"thumbnailUrl":"https:\/\/www.informationsportal.de\/bkkgs\/wp-content\/uploads\/sites\/53\/2017\/01\/Drei-Hauptkacheln_sv-m-2-1.png","datePublished":"2017-01-01T15:00:00+00:00","dateModified":"2021-12-02T08:31:55+00:00","inLanguage":"de","potentialAction":[{"@type":"ReadAction","target":["https:\/\/www.informationsportal.de\/bkkgs\/leichte-sprache\/"]}]},{"@type":"ImageObject","inLanguage":"de","@id":"https:\/\/www.informationsportal.de\/bkkgs\/leichte-sprache\/#primaryimage","url":"https:\/\/www.informationsportal.de\/bkkgs\/wp-content\/uploads\/sites\/53\/2017\/01\/Drei-Hauptkacheln_sv-m-2-1.png","contentUrl":"https:\/\/www.informationsportal.de\/bkkgs\/wp-content\/uploads\/sites\/53\/2017\/01\/Drei-Hauptkacheln_sv-m-2-1.png","width":812,"height":250,"caption":"Drei Hauptkacheln"},{"@type":"WebSite","@id":"https:\/\/www.informationsportal.de\/bkkgs\/#website","url":"https:\/\/www.informationsportal.de\/bkkgs\/","name":"Informationsportal f\u00fcr Arbeitgeber der BKK GILDEMEISTER SEIDENSTICKER","description":"Das Informationsportal ist ein Wegweiser zu den Meldepflichten der Sozialversicherung","potentialAction":[{"@type":"SearchAction","target":{"@type":"EntryPoint","urlTemplate":"https:\/\/www.informationsportal.de\/bkkgs\/?s={search_term_string}"},"query-input":{"@type":"PropertyValueSpecification","valueRequired":true,"valueName":"search_term_string"}}],"inLanguage":"de"}]}},"_links":{"self":[{"href":"https:\/\/www.informationsportal.de\/bkkgs\/wp-json\/wp\/v2\/pages\/257","targetHints":{"allow":["GET"]}}],"collection":[{"href":"https:\/\/www.informationsportal.de\/bkkgs\/wp-json\/wp\/v2\/pages"}],"about":[{"href":"https:\/\/www.informationsportal.de\/bkkgs\/wp-json\/wp\/v2\/types\/page"}],"author":[{"embeddable":true,"href":"https:\/\/www.informationsportal.de\/bkkgs\/wp-json\/wp\/v2\/users\/2"}],"replies":[{"embeddable":true,"href":"https:\/\/www.informationsportal.de\/bkkgs\/wp-json\/wp\/v2\/comments?post=257"}],"version-history":[{"count":1,"href":"https:\/\/www.informationsportal.de\/bkkgs\/wp-json\/wp\/v2\/pages\/257\/revisions"}],"predecessor-version":[{"id":14016,"href":"https:\/\/www.informationsportal.de\/bkkgs\/wp-json\/wp\/v2\/pages\/257\/revisions\/14016"}],"wp:attachment":[{"href":"https:\/\/www.informationsportal.de\/bkkgs\/wp-json\/wp\/v2\/media?parent=257"}],"curies":[{"name":"wp","href":"https:\/\/api.w.org\/{rel}","templated":true}]}}