{"id":260,"date":"2017-01-01T16:00:00","date_gmt":"2017-01-01T16:00:00","guid":{"rendered":"https:\/\/www.informationsportal.de\/?page_id=260"},"modified":"2017-01-01T16:00:00","modified_gmt":"2017-01-01T16:00:00","slug":"gemerkte-seiten","status":"publish","type":"page","link":"https:\/\/www.informationsportal.de\/continentale-bkk\/gemerkte-seiten\/","title":{"rendered":"Gemerkte Seiten"},"content":{"rendered":"<div class=\"toogle content\">\n<h3>Wichtige Hinweise zu gemerkten Seiten. Bitte hier klicken<\/h3>\n<div>\n<p>Ihre eingegebenen Angaben in den Frage-Antwort-Katalogen werden hier automatisch zwischengespeichert. So k\u00f6nnen Sie diese wieder aufrufen und weiter bearbeiten. <strong>Wichtig:<\/strong> Ihre Angaben werden beim Schlie\u00dfen des Browser-Fensters oder sp\u00e4testens nach 24 Stunden Inaktivit\u00e4t wieder gel\u00f6scht. Nutzen Sie bei Ergebnisseiten die PDF-Funktion und speichern Sie Ihre Ergebnisse auf Ihrem Computer. <a href=\"https:\/\/www.informationsportal.de\/continentale-bkk\/benutzerhinweise\/gemerkte-seiten-nutzerhinweise\/\">Weitere Informationen zu &#8222;Gemerkten Seiten&#8220; finden Sie hier \u00bb<\/a><\/p>\n<\/div>\n<\/div>","protected":false},"excerpt":{"rendered":"<p>Wichtige Hinweise zu gemerkten Seiten.  Bitte hier klicken Ihre eingegebenen Angaben in den Frage-Antwort-Katalogen werden hier automatisch zwischengespeichert.  So k\u00f6nnen Sie diese wieder aufrufen und weiter bearbeiten.  Wichtig: Ihre Angaben werden beim Schlie\u00dfen des Browser-Fensters oder sp\u00e4testens nach 24 Stunden Inaktivit\u00e4t wieder gel\u00f6scht.  Nutzen Sie bei Ergebnisseiten die PDF-Funktion und speichern Sie Ihre Ergebnisse auf [&hellip;]<\/p>","protected":false},"author":2,"featured_media":0,"parent":0,"menu_order":0,"comment_status":"closed","ping_status":"closed","template":"tpl_favorite.php","meta":{"_acf_changed":false,"footnotes":""},"class_list":["post-260","page","type-page","status-publish","hentry"],"acf":[],"yoast_head":"<!-- This site is optimized with the Yoast SEO plugin v26.3 - https:\/\/yoast.com\/wordpress\/plugins\/seo\/ -->\n<title>Gemerkte Seiten - Informationsportal f\u00fcr Arbeitgeber der Continentale BKK<\/title>\n<meta name=\"robots\" content=\"index, follow, max-snippet:-1, max-image-preview:large, max-video-preview:-1\" \/>\n<link rel=\"canonical\" href=\"https:\/\/www.informationsportal.de\/continentale-bkk\/gemerkte-seiten\/\" \/>\n<meta property=\"og:locale\" content=\"de_DE\" \/>\n<meta property=\"og:type\" content=\"article\" \/>\n<meta property=\"og:title\" content=\"Gemerkte Seiten - Informationsportal f\u00fcr Arbeitgeber der Continentale BKK\" \/>\n<meta property=\"og:description\" content=\"Wichtige Hinweise zu gemerkten Seiten. Bitte hier klicken Ihre eingegebenen Angaben in den Frage-Antwort-Katalogen werden hier automatisch zwischengespeichert. So k\u00f6nnen Sie diese wieder aufrufen und weiter bearbeiten. Wichtig: Ihre Angaben werden beim Schlie\u00dfen des Browser-Fensters oder sp\u00e4testens nach 24 Stunden Inaktivit\u00e4t wieder gel\u00f6scht. Nutzen Sie bei Ergebnisseiten die PDF-Funktion und speichern Sie Ihre Ergebnisse auf [&hellip;]\" \/>\n<meta property=\"og:url\" content=\"https:\/\/www.informationsportal.de\/continentale-bkk\/gemerkte-seiten\/\" \/>\n<meta property=\"og:site_name\" content=\"Informationsportal f\u00fcr Arbeitgeber der Continentale BKK\" \/>\n<meta name=\"twitter:card\" content=\"summary_large_image\" \/>\n<script type=\"application\/ld+json\" class=\"yoast-schema-graph\">{\"@context\":\"https:\/\/schema.org\",\"@graph\":[{\"@type\":\"WebPage\",\"@id\":\"https:\/\/www.informationsportal.de\/continentale-bkk\/gemerkte-seiten\/\",\"url\":\"https:\/\/www.informationsportal.de\/continentale-bkk\/gemerkte-seiten\/\",\"name\":\"Gemerkte Seiten - Informationsportal f\u00fcr Arbeitgeber der Continentale BKK\",\"isPartOf\":{\"@id\":\"https:\/\/www.informationsportal.de\/continentale-bkk\/#website\"},\"datePublished\":\"2017-01-01T16:00:00+00:00\",\"inLanguage\":\"de\",\"potentialAction\":[{\"@type\":\"ReadAction\",\"target\":[\"https:\/\/www.informationsportal.de\/continentale-bkk\/gemerkte-seiten\/\"]}]},{\"@type\":\"WebSite\",\"@id\":\"https:\/\/www.informationsportal.de\/continentale-bkk\/#website\",\"url\":\"https:\/\/www.informationsportal.de\/continentale-bkk\/\",\"name\":\"Informationsportal f\u00fcr Arbeitgeber der Continentale BKK\",\"description\":\"Das Informationsportal ist ein Wegweiser zu den Meldepflichten der Sozialversicherung\",\"potentialAction\":[{\"@type\":\"SearchAction\",\"target\":{\"@type\":\"EntryPoint\",\"urlTemplate\":\"https:\/\/www.informationsportal.de\/continentale-bkk\/?s={search_term_string}\"},\"query-input\":{\"@type\":\"PropertyValueSpecification\",\"valueRequired\":true,\"valueName\":\"search_term_string\"}}],\"inLanguage\":\"de\"}]}<\/script>\n<!-- \/ Yoast SEO plugin. -->","yoast_head_json":{"title":"Gemerkte Seiten - Informationsportal f\u00fcr Arbeitgeber der Continentale BKK","robots":{"index":"index","follow":"follow","max-snippet":"max-snippet:-1","max-image-preview":"max-image-preview:large","max-video-preview":"max-video-preview:-1"},"canonical":"https:\/\/www.informationsportal.de\/continentale-bkk\/gemerkte-seiten\/","og_locale":"de_DE","og_type":"article","og_title":"Gemerkte Seiten - Informationsportal f\u00fcr Arbeitgeber der Continentale BKK","og_description":"Wichtige Hinweise zu gemerkten Seiten. Bitte hier klicken Ihre eingegebenen Angaben in den Frage-Antwort-Katalogen werden hier automatisch zwischengespeichert. So k\u00f6nnen Sie diese wieder aufrufen und weiter bearbeiten. Wichtig: Ihre Angaben werden beim Schlie\u00dfen des Browser-Fensters oder sp\u00e4testens nach 24 Stunden Inaktivit\u00e4t wieder gel\u00f6scht. Nutzen Sie bei Ergebnisseiten die PDF-Funktion und speichern Sie Ihre Ergebnisse auf [&hellip;]","og_url":"https:\/\/www.informationsportal.de\/continentale-bkk\/gemerkte-seiten\/","og_site_name":"Informationsportal f\u00fcr Arbeitgeber der Continentale BKK","twitter_card":"summary_large_image","schema":{"@context":"https:\/\/schema.org","@graph":[{"@type":"WebPage","@id":"https:\/\/www.informationsportal.de\/continentale-bkk\/gemerkte-seiten\/","url":"https:\/\/www.informationsportal.de\/continentale-bkk\/gemerkte-seiten\/","name":"Gemerkte Seiten - Informationsportal f\u00fcr Arbeitgeber der Continentale BKK","isPartOf":{"@id":"https:\/\/www.informationsportal.de\/continentale-bkk\/#website"},"datePublished":"2017-01-01T16:00:00+00:00","inLanguage":"de","potentialAction":[{"@type":"ReadAction","target":["https:\/\/www.informationsportal.de\/continentale-bkk\/gemerkte-seiten\/"]}]},{"@type":"WebSite","@id":"https:\/\/www.informationsportal.de\/continentale-bkk\/#website","url":"https:\/\/www.informationsportal.de\/continentale-bkk\/","name":"Informationsportal f\u00fcr Arbeitgeber der Continentale BKK","description":"Das Informationsportal ist ein Wegweiser zu den Meldepflichten der Sozialversicherung","potentialAction":[{"@type":"SearchAction","target":{"@type":"EntryPoint","urlTemplate":"https:\/\/www.informationsportal.de\/continentale-bkk\/?s={search_term_string}"},"query-input":{"@type":"PropertyValueSpecification","valueRequired":true,"valueName":"search_term_string"}}],"inLanguage":"de"}]}},"_links":{"self":[{"href":"https:\/\/www.informationsportal.de\/continentale-bkk\/wp-json\/wp\/v2\/pages\/260","targetHints":{"allow":["GET"]}}],"collection":[{"href":"https:\/\/www.informationsportal.de\/continentale-bkk\/wp-json\/wp\/v2\/pages"}],"about":[{"href":"https:\/\/www.informationsportal.de\/continentale-bkk\/wp-json\/wp\/v2\/types\/page"}],"author":[{"embeddable":true,"href":"https:\/\/www.informationsportal.de\/continentale-bkk\/wp-json\/wp\/v2\/users\/2"}],"replies":[{"embeddable":true,"href":"https:\/\/www.informationsportal.de\/continentale-bkk\/wp-json\/wp\/v2\/comments?post=260"}],"version-history":[{"count":0,"href":"https:\/\/www.informationsportal.de\/continentale-bkk\/wp-json\/wp\/v2\/pages\/260\/revisions"}],"wp:attachment":[{"href":"https:\/\/www.informationsportal.de\/continentale-bkk\/wp-json\/wp\/v2\/media?parent=260"}],"curies":[{"name":"wp","href":"https:\/\/api.w.org\/{rel}","templated":true}]}}