{"id":1889,"date":"2017-01-01T16:00:00","date_gmt":"2017-01-01T16:00:00","guid":{"rendered":"https:\/\/www.informationsportal.de\/?page_id=1889"},"modified":"2023-07-26T14:51:28","modified_gmt":"2023-07-26T12:51:28","slug":"links-und-adressen","status":"publish","type":"page","link":"https:\/\/www.informationsportal.de\/hek\/ueber-das-portal\/links-und-adressen\/","title":{"rendered":"Links und Adressen"},"content":{"rendered":"Die Sozialversicherungstr\u00e4ger sind jeweils f\u00fcr die Inhalte und ihre Richtigkeit zust\u00e4ndig, soweit sie auch die betreffenden Fachverfahren verantworten. Die beteiligten Sozialversicherungstr\u00e4ger erreichen Sie unter den nachfolgend angegebenen M\u00f6glichkeiten:\n<h2>GKV-Spitzenverband<\/h2>\nReinhardtstra\u00dfe 28, 10117 Berlin\nTelefon: +49 30 \/ 206 288 &#8211; 0\nTelefax: +49 30 \/ 206 288 &#8211; 88\n\nHomepage: <a href=\"https:\/\/www.gkv-spitzenverband.de\/\">https:\/\/www.gkv-spitzenverband.de\/\n<\/a>E-Mail: <a href=\"mailto:kontakt@gkv-spitzenverband.de\">kontakt@gkv-spitzenverband.de\n<\/a><a href=\"https:\/\/www.gkv-spitzenverband.de\/kontakt\/kontakt\">Kontakt im Internet\n<\/a>\n<h2>Deutsche Rentenversicherung Bund<\/h2>\n10704 Berlin\nTelefon: +49 30 \/ 865 &#8211; 0\nTelefax: +49 30 \/ 865 \u2013 27 240\n\nHomepage: <a href=\"http:\/\/www.deutsche-rentenversicherung.de\/\">http:\/\/www.deutsche-rentenversicherung.de\/\n<\/a>E-Mail: <a href=\"mailto:drv@drv-bund.de\">drv@drv-bund.de\n<\/a><a href=\"http:\/\/www.deutsche-rentenversicherung.de\/Allgemein\/de\/Navigation\/5_Services\/01_kontakt_und_beratung\/01_kontakt\/00_kontakt_node.html\">Kontakt im Internet\n<\/a>\n<h2>Bundesagentur f\u00fcr Arbeit<\/h2>\nRegensburger Stra\u00dfe 104, 90478 N\u00fcrnberg\nTelefon: 0800 \/ 4 5555 20;\naus dem Ausland +49 911 \/ 1203 1010\nTelefax: +49 911 \/ 179 &#8211; 2123\n\nHomepage: <a href=\"https:\/\/www.arbeitsagentur.de\/\">https:\/\/www.arbeitsagentur.de\/\n<\/a>Kontaktm\u00f6glichkeiten: <a title=\"https:\/\/www.arbeitsagentur.de\/ueber-uns\/ansprechpartner\" href=\"https:\/\/www.arbeitsagentur.de\/ueber-uns\/ansprechpartner\" target=\"_blank\" rel=\"noreferrer noopener\">Ihre Ansprechpartnerinnen und Ansprechpartner<\/a>\n<h2>Deutsche Gesetzliche Unfallversicherung e.V.<\/h2>\nGlinkastra\u00dfe 40, 10117 Berlin\nTelefon: 0800 \/ 60 50 40 4;\naus dem Ausland +49 30 \/ 288 763 &#8211; 800\nTelefax: +49 30 \/ 288 763 &#8211; 808\n\nE-Mail: <a href=\"mailto:info@dguv.de\">info@dguv.de\n<\/a>Homepage: <a href=\"http:\/\/www.dguv.de\/\">http:\/\/www.dguv.de\/\n<\/a><a href=\"http:\/\/www.dguv.de\/de\/kontakt.jsp\">Kontakt im Internet\n<\/a>\n\nBetreiber des Informationsportals ist die Informationstechnische Servicestelle der gesetzlichen Krankenversicherung &#8211; ITSG GmbH. Kontaktdaten: siehe Impressum","protected":false},"excerpt":{"rendered":"<p>Die Sozialversicherungstr\u00e4ger sind jeweils f\u00fcr die Inhalte und ihre Richtigkeit zust\u00e4ndig, soweit sie auch die betreffenden Fachverfahren verantworten.  Die beteiligten Sozialversicherungstr\u00e4ger erreichen Sie unter den nachfolgend angegebenen M\u00f6glichkeiten: GKV-Spitzenverband Reinhardtstra\u00dfe 28, 10117 Berlin Telefon: +49 30 \/ 206 288 &#8211; 0 Telefax: +49 30 \/ 206 288 &#8211; 88 Homepage: https:\/\/www.gkv-spitzenverband.de\/ E-Mail: kontakt@gkv-spitzenverband.de Kontakt im [&hellip;]<\/p>","protected":false},"author":2,"featured_media":0,"parent":11,"menu_order":0,"comment_status":"closed","ping_status":"closed","template":"","meta":{"_acf_changed":false,"footnotes":""},"class_list":["post-1889","page","type-page","status-publish","hentry"],"acf":[],"yoast_head":"<!-- This site is optimized with the Yoast SEO plugin v26.3 - https:\/\/yoast.com\/wordpress\/plugins\/seo\/ -->\n<title>Links und Adressen - Informationsportal f\u00fcr Arbeitgeber der HEK<\/title>\n<meta name=\"robots\" content=\"index, follow, max-snippet:-1, max-image-preview:large, max-video-preview:-1\" \/>\n<link rel=\"canonical\" href=\"https:\/\/www.informationsportal.de\/hek\/ueber-das-portal\/links-und-adressen\/\" \/>\n<meta property=\"og:locale\" content=\"de_DE\" \/>\n<meta property=\"og:type\" content=\"article\" \/>\n<meta property=\"og:title\" content=\"Links und Adressen - Informationsportal f\u00fcr Arbeitgeber der HEK\" \/>\n<meta property=\"og:description\" content=\"Die Sozialversicherungstr\u00e4ger sind jeweils f\u00fcr die Inhalte und ihre Richtigkeit zust\u00e4ndig, soweit sie auch die betreffenden Fachverfahren verantworten. Die beteiligten Sozialversicherungstr\u00e4ger erreichen Sie unter den nachfolgend angegebenen M\u00f6glichkeiten: GKV-Spitzenverband Reinhardtstra\u00dfe 28, 10117 Berlin Telefon: +49 30 \/ 206 288 &#8211; 0 Telefax: +49 30 \/ 206 288 &#8211; 88 Homepage: https:\/\/www.gkv-spitzenverband.de\/ E-Mail: kontakt@gkv-spitzenverband.de Kontakt im [&hellip;]\" \/>\n<meta property=\"og:url\" content=\"https:\/\/www.informationsportal.de\/hek\/ueber-das-portal\/links-und-adressen\/\" \/>\n<meta property=\"og:site_name\" content=\"Informationsportal f\u00fcr Arbeitgeber der HEK\" \/>\n<meta property=\"article:modified_time\" content=\"2023-07-26T12:51:28+00:00\" \/>\n<meta name=\"twitter:card\" content=\"summary_large_image\" \/>\n<meta name=\"twitter:label1\" content=\"Gesch\u00e4tzte Lesezeit\" \/>\n\t<meta name=\"twitter:data1\" content=\"1\u00a0Minute\" \/>\n<script type=\"application\/ld+json\" class=\"yoast-schema-graph\">{\"@context\":\"https:\/\/schema.org\",\"@graph\":[{\"@type\":\"WebPage\",\"@id\":\"https:\/\/www.informationsportal.de\/hek\/ueber-das-portal\/links-und-adressen\/\",\"url\":\"https:\/\/www.informationsportal.de\/hek\/ueber-das-portal\/links-und-adressen\/\",\"name\":\"Links und Adressen - Informationsportal f\u00fcr Arbeitgeber der HEK\",\"isPartOf\":{\"@id\":\"https:\/\/www.informationsportal.de\/hek\/#website\"},\"datePublished\":\"2017-01-01T16:00:00+00:00\",\"dateModified\":\"2023-07-26T12:51:28+00:00\",\"breadcrumb\":{\"@id\":\"https:\/\/www.informationsportal.de\/hek\/ueber-das-portal\/links-und-adressen\/#breadcrumb\"},\"inLanguage\":\"de\",\"potentialAction\":[{\"@type\":\"ReadAction\",\"target\":[\"https:\/\/www.informationsportal.de\/hek\/ueber-das-portal\/links-und-adressen\/\"]}]},{\"@type\":\"BreadcrumbList\",\"@id\":\"https:\/\/www.informationsportal.de\/hek\/ueber-das-portal\/links-und-adressen\/#breadcrumb\",\"itemListElement\":[{\"@type\":\"ListItem\",\"position\":1,\"name\":\"\u00dcber das Portal\",\"item\":\"https:\/\/www.informationsportal.de\/hek\/ueber-das-portal\/\"},{\"@type\":\"ListItem\",\"position\":2,\"name\":\"Links und Adressen\"}]},{\"@type\":\"WebSite\",\"@id\":\"https:\/\/www.informationsportal.de\/hek\/#website\",\"url\":\"https:\/\/www.informationsportal.de\/hek\/\",\"name\":\"Informationsportal f\u00fcr Arbeitgeber der HEK\",\"description\":\"Das Informationsportal ist ein Wegweiser zu den Meldepflichten der Sozialversicherung\",\"potentialAction\":[{\"@type\":\"SearchAction\",\"target\":{\"@type\":\"EntryPoint\",\"urlTemplate\":\"https:\/\/www.informationsportal.de\/hek\/?s={search_term_string}\"},\"query-input\":{\"@type\":\"PropertyValueSpecification\",\"valueRequired\":true,\"valueName\":\"search_term_string\"}}],\"inLanguage\":\"de\"}]}<\/script>\n<!-- \/ Yoast SEO plugin. -->","yoast_head_json":{"title":"Links und Adressen - Informationsportal f\u00fcr Arbeitgeber der HEK","robots":{"index":"index","follow":"follow","max-snippet":"max-snippet:-1","max-image-preview":"max-image-preview:large","max-video-preview":"max-video-preview:-1"},"canonical":"https:\/\/www.informationsportal.de\/hek\/ueber-das-portal\/links-und-adressen\/","og_locale":"de_DE","og_type":"article","og_title":"Links und Adressen - Informationsportal f\u00fcr Arbeitgeber der HEK","og_description":"Die Sozialversicherungstr\u00e4ger sind jeweils f\u00fcr die Inhalte und ihre Richtigkeit zust\u00e4ndig, soweit sie auch die betreffenden Fachverfahren verantworten. Die beteiligten Sozialversicherungstr\u00e4ger erreichen Sie unter den nachfolgend angegebenen M\u00f6glichkeiten: GKV-Spitzenverband Reinhardtstra\u00dfe 28, 10117 Berlin Telefon: +49 30 \/ 206 288 &#8211; 0 Telefax: +49 30 \/ 206 288 &#8211; 88 Homepage: https:\/\/www.gkv-spitzenverband.de\/ E-Mail: kontakt@gkv-spitzenverband.de Kontakt im [&hellip;]","og_url":"https:\/\/www.informationsportal.de\/hek\/ueber-das-portal\/links-und-adressen\/","og_site_name":"Informationsportal f\u00fcr Arbeitgeber der HEK","article_modified_time":"2023-07-26T12:51:28+00:00","twitter_card":"summary_large_image","twitter_misc":{"Gesch\u00e4tzte Lesezeit":"1\u00a0Minute"},"schema":{"@context":"https:\/\/schema.org","@graph":[{"@type":"WebPage","@id":"https:\/\/www.informationsportal.de\/hek\/ueber-das-portal\/links-und-adressen\/","url":"https:\/\/www.informationsportal.de\/hek\/ueber-das-portal\/links-und-adressen\/","name":"Links und Adressen - Informationsportal f\u00fcr Arbeitgeber der HEK","isPartOf":{"@id":"https:\/\/www.informationsportal.de\/hek\/#website"},"datePublished":"2017-01-01T16:00:00+00:00","dateModified":"2023-07-26T12:51:28+00:00","breadcrumb":{"@id":"https:\/\/www.informationsportal.de\/hek\/ueber-das-portal\/links-und-adressen\/#breadcrumb"},"inLanguage":"de","potentialAction":[{"@type":"ReadAction","target":["https:\/\/www.informationsportal.de\/hek\/ueber-das-portal\/links-und-adressen\/"]}]},{"@type":"BreadcrumbList","@id":"https:\/\/www.informationsportal.de\/hek\/ueber-das-portal\/links-und-adressen\/#breadcrumb","itemListElement":[{"@type":"ListItem","position":1,"name":"\u00dcber das Portal","item":"https:\/\/www.informationsportal.de\/hek\/ueber-das-portal\/"},{"@type":"ListItem","position":2,"name":"Links und Adressen"}]},{"@type":"WebSite","@id":"https:\/\/www.informationsportal.de\/hek\/#website","url":"https:\/\/www.informationsportal.de\/hek\/","name":"Informationsportal f\u00fcr Arbeitgeber der HEK","description":"Das Informationsportal ist ein Wegweiser zu den Meldepflichten der Sozialversicherung","potentialAction":[{"@type":"SearchAction","target":{"@type":"EntryPoint","urlTemplate":"https:\/\/www.informationsportal.de\/hek\/?s={search_term_string}"},"query-input":{"@type":"PropertyValueSpecification","valueRequired":true,"valueName":"search_term_string"}}],"inLanguage":"de"}]}},"_links":{"self":[{"href":"https:\/\/www.informationsportal.de\/hek\/wp-json\/wp\/v2\/pages\/1889","targetHints":{"allow":["GET"]}}],"collection":[{"href":"https:\/\/www.informationsportal.de\/hek\/wp-json\/wp\/v2\/pages"}],"about":[{"href":"https:\/\/www.informationsportal.de\/hek\/wp-json\/wp\/v2\/types\/page"}],"author":[{"embeddable":true,"href":"https:\/\/www.informationsportal.de\/hek\/wp-json\/wp\/v2\/users\/2"}],"replies":[{"embeddable":true,"href":"https:\/\/www.informationsportal.de\/hek\/wp-json\/wp\/v2\/comments?post=1889"}],"version-history":[{"count":2,"href":"https:\/\/www.informationsportal.de\/hek\/wp-json\/wp\/v2\/pages\/1889\/revisions"}],"predecessor-version":[{"id":16001,"href":"https:\/\/www.informationsportal.de\/hek\/wp-json\/wp\/v2\/pages\/1889\/revisions\/16001"}],"up":[{"embeddable":true,"href":"https:\/\/www.informationsportal.de\/hek\/wp-json\/wp\/v2\/pages\/11"}],"wp:attachment":[{"href":"https:\/\/www.informationsportal.de\/hek\/wp-json\/wp\/v2\/media?parent=1889"}],"curies":[{"name":"wp","href":"https:\/\/api.w.org\/{rel}","templated":true}]}}