{"id":4832,"date":"2019-06-20T13:56:49","date_gmt":"2019-06-20T11:56:49","guid":{"rendered":"https:\/\/www.informationsportal.de\/?page_id=4832"},"modified":"2022-08-23T11:32:28","modified_gmt":"2022-08-23T09:32:28","slug":"geringfuegig-entlohnte-beschaeftigung-und-kurzfristige-beschaeftigung","status":"publish","type":"page","link":"https:\/\/www.informationsportal.de\/hkk\/sv-bibliothek\/versicherung-und-beitragsrecht\/gemeinsame-dokumente-der-sozialversicherung\/geringfuegig-entlohnte-beschaeftigung-und-kurzfristige-beschaeftigung\/","title":{"rendered":"Geringf\u00fcgige Besch\u00e4ftigung"},"content":{"rendered":"<h2>Geringf\u00fcgig entlohnte Besch\u00e4ftigung und kurzfristige Besch\u00e4ftigung<\/h2>\nNachfolgend finden Sie die Dokumente, die die Besch\u00e4ftigung von geringf\u00fcgig besch\u00e4ftigten Arbeitnehmern behandeln. Dazu z\u00e4hlen die kurzfristig besch\u00e4ftigten Arbeitnehmer (Kurzfristige Minijobber) und die geringf\u00fcgig entlohnten Arbeitnehmer. Hierbei werden auch melderechtliche Aspekte beschrieben.","protected":false},"excerpt":{"rendered":"<p>Geringf\u00fcgig entlohnte Besch\u00e4ftigung und kurzfristige Besch\u00e4ftigung Nachfolgend finden Sie die Dokumente, die die Besch\u00e4ftigung von geringf\u00fcgig besch\u00e4ftigten Arbeitnehmern behandeln.  Dazu z\u00e4hlen die kurzfristig besch\u00e4ftigten Arbeitnehmer (Kurzfristige Minijobber) und die geringf\u00fcgig entlohnten Arbeitnehmer.  Hierbei werden auch melderechtliche Aspekte beschrieben.<\/p>","protected":false},"author":1,"featured_media":0,"parent":4837,"menu_order":0,"comment_status":"closed","ping_status":"closed","template":"tpl_documents.php","meta":{"_acf_changed":false,"footnotes":""},"class_list":["post-4832","page","type-page","status-publish","hentry"],"acf":[],"yoast_head":"<!-- This site is optimized with the Yoast SEO plugin v26.3 - https:\/\/yoast.com\/wordpress\/plugins\/seo\/ -->\n<title>Geringf\u00fcgige Besch\u00e4ftigung - Informationsportal f\u00fcr Arbeitgeber der HKK<\/title>\n<meta name=\"robots\" content=\"index, follow, max-snippet:-1, max-image-preview:large, max-video-preview:-1\" \/>\n<link rel=\"canonical\" href=\"https:\/\/www.informationsportal.de\/hkk\/sv-bibliothek\/versicherung-und-beitragsrecht\/gemeinsame-dokumente-der-sozialversicherung\/geringfuegig-entlohnte-beschaeftigung-und-kurzfristige-beschaeftigung\/\" \/>\n<meta property=\"og:locale\" content=\"de_DE\" \/>\n<meta property=\"og:type\" content=\"article\" \/>\n<meta property=\"og:title\" content=\"Geringf\u00fcgige Besch\u00e4ftigung - Informationsportal f\u00fcr Arbeitgeber der HKK\" \/>\n<meta property=\"og:description\" content=\"Geringf\u00fcgig entlohnte Besch\u00e4ftigung und kurzfristige Besch\u00e4ftigung Nachfolgend finden Sie die Dokumente, die die Besch\u00e4ftigung von geringf\u00fcgig besch\u00e4ftigten Arbeitnehmern behandeln. Dazu z\u00e4hlen die kurzfristig besch\u00e4ftigten Arbeitnehmer (Kurzfristige Minijobber) und die geringf\u00fcgig entlohnten Arbeitnehmer. Hierbei werden auch melderechtliche Aspekte beschrieben.\" \/>\n<meta property=\"og:url\" content=\"https:\/\/www.informationsportal.de\/hkk\/sv-bibliothek\/versicherung-und-beitragsrecht\/gemeinsame-dokumente-der-sozialversicherung\/geringfuegig-entlohnte-beschaeftigung-und-kurzfristige-beschaeftigung\/\" \/>\n<meta property=\"og:site_name\" content=\"Informationsportal f\u00fcr Arbeitgeber der HKK\" \/>\n<meta property=\"article:modified_time\" content=\"2022-08-23T09:32:28+00:00\" \/>\n<meta name=\"twitter:card\" content=\"summary_large_image\" \/>\n<script type=\"application\/ld+json\" class=\"yoast-schema-graph\">{\"@context\":\"https:\/\/schema.org\",\"@graph\":[{\"@type\":\"WebPage\",\"@id\":\"https:\/\/www.informationsportal.de\/hkk\/sv-bibliothek\/versicherung-und-beitragsrecht\/gemeinsame-dokumente-der-sozialversicherung\/geringfuegig-entlohnte-beschaeftigung-und-kurzfristige-beschaeftigung\/\",\"url\":\"https:\/\/www.informationsportal.de\/hkk\/sv-bibliothek\/versicherung-und-beitragsrecht\/gemeinsame-dokumente-der-sozialversicherung\/geringfuegig-entlohnte-beschaeftigung-und-kurzfristige-beschaeftigung\/\",\"name\":\"Geringf\u00fcgige Besch\u00e4ftigung - Informationsportal f\u00fcr Arbeitgeber der HKK\",\"isPartOf\":{\"@id\":\"https:\/\/www.informationsportal.de\/hkk\/#website\"},\"datePublished\":\"2019-06-20T11:56:49+00:00\",\"dateModified\":\"2022-08-23T09:32:28+00:00\",\"breadcrumb\":{\"@id\":\"https:\/\/www.informationsportal.de\/hkk\/sv-bibliothek\/versicherung-und-beitragsrecht\/gemeinsame-dokumente-der-sozialversicherung\/geringfuegig-entlohnte-beschaeftigung-und-kurzfristige-beschaeftigung\/#breadcrumb\"},\"inLanguage\":\"de\",\"potentialAction\":[{\"@type\":\"ReadAction\",\"target\":[\"https:\/\/www.informationsportal.de\/hkk\/sv-bibliothek\/versicherung-und-beitragsrecht\/gemeinsame-dokumente-der-sozialversicherung\/geringfuegig-entlohnte-beschaeftigung-und-kurzfristige-beschaeftigung\/\"]}]},{\"@type\":\"BreadcrumbList\",\"@id\":\"https:\/\/www.informationsportal.de\/hkk\/sv-bibliothek\/versicherung-und-beitragsrecht\/gemeinsame-dokumente-der-sozialversicherung\/geringfuegig-entlohnte-beschaeftigung-und-kurzfristige-beschaeftigung\/#breadcrumb\",\"itemListElement\":[{\"@type\":\"ListItem\",\"position\":1,\"name\":\"SV-Bibliothek\",\"item\":\"https:\/\/www.informationsportal.de\/hkk\/sv-bibliothek\/\"},{\"@type\":\"ListItem\",\"position\":2,\"name\":\"Versicherungs- und Beitragsrecht\",\"item\":\"https:\/\/www.informationsportal.de\/hkk\/sv-bibliothek\/versicherung-und-beitragsrecht\/\"},{\"@type\":\"ListItem\",\"position\":3,\"name\":\"Gemeinsame Dokumente der Sozialversicherung\",\"item\":\"https:\/\/www.informationsportal.de\/hkk\/sv-bibliothek\/versicherung-und-beitragsrecht\/gemeinsame-dokumente-der-sozialversicherung\/\"},{\"@type\":\"ListItem\",\"position\":4,\"name\":\"Geringf\u00fcgige Besch\u00e4ftigung\"}]},{\"@type\":\"WebSite\",\"@id\":\"https:\/\/www.informationsportal.de\/hkk\/#website\",\"url\":\"https:\/\/www.informationsportal.de\/hkk\/\",\"name\":\"Informationsportal f\u00fcr Arbeitgeber der HKK\",\"description\":\"Das Informationsportal ist ein Wegweiser zu den Meldepflichten der Sozialversicherung\",\"potentialAction\":[{\"@type\":\"SearchAction\",\"target\":{\"@type\":\"EntryPoint\",\"urlTemplate\":\"https:\/\/www.informationsportal.de\/hkk\/?s={search_term_string}\"},\"query-input\":{\"@type\":\"PropertyValueSpecification\",\"valueRequired\":true,\"valueName\":\"search_term_string\"}}],\"inLanguage\":\"de\"}]}<\/script>\n<!-- \/ Yoast SEO plugin. -->","yoast_head_json":{"title":"Geringf\u00fcgige Besch\u00e4ftigung - Informationsportal f\u00fcr Arbeitgeber der HKK","robots":{"index":"index","follow":"follow","max-snippet":"max-snippet:-1","max-image-preview":"max-image-preview:large","max-video-preview":"max-video-preview:-1"},"canonical":"https:\/\/www.informationsportal.de\/hkk\/sv-bibliothek\/versicherung-und-beitragsrecht\/gemeinsame-dokumente-der-sozialversicherung\/geringfuegig-entlohnte-beschaeftigung-und-kurzfristige-beschaeftigung\/","og_locale":"de_DE","og_type":"article","og_title":"Geringf\u00fcgige Besch\u00e4ftigung - Informationsportal f\u00fcr Arbeitgeber der HKK","og_description":"Geringf\u00fcgig entlohnte Besch\u00e4ftigung und kurzfristige Besch\u00e4ftigung Nachfolgend finden Sie die Dokumente, die die Besch\u00e4ftigung von geringf\u00fcgig besch\u00e4ftigten Arbeitnehmern behandeln. Dazu z\u00e4hlen die kurzfristig besch\u00e4ftigten Arbeitnehmer (Kurzfristige Minijobber) und die geringf\u00fcgig entlohnten Arbeitnehmer. Hierbei werden auch melderechtliche Aspekte beschrieben.","og_url":"https:\/\/www.informationsportal.de\/hkk\/sv-bibliothek\/versicherung-und-beitragsrecht\/gemeinsame-dokumente-der-sozialversicherung\/geringfuegig-entlohnte-beschaeftigung-und-kurzfristige-beschaeftigung\/","og_site_name":"Informationsportal f\u00fcr Arbeitgeber der HKK","article_modified_time":"2022-08-23T09:32:28+00:00","twitter_card":"summary_large_image","schema":{"@context":"https:\/\/schema.org","@graph":[{"@type":"WebPage","@id":"https:\/\/www.informationsportal.de\/hkk\/sv-bibliothek\/versicherung-und-beitragsrecht\/gemeinsame-dokumente-der-sozialversicherung\/geringfuegig-entlohnte-beschaeftigung-und-kurzfristige-beschaeftigung\/","url":"https:\/\/www.informationsportal.de\/hkk\/sv-bibliothek\/versicherung-und-beitragsrecht\/gemeinsame-dokumente-der-sozialversicherung\/geringfuegig-entlohnte-beschaeftigung-und-kurzfristige-beschaeftigung\/","name":"Geringf\u00fcgige Besch\u00e4ftigung - Informationsportal f\u00fcr Arbeitgeber der HKK","isPartOf":{"@id":"https:\/\/www.informationsportal.de\/hkk\/#website"},"datePublished":"2019-06-20T11:56:49+00:00","dateModified":"2022-08-23T09:32:28+00:00","breadcrumb":{"@id":"https:\/\/www.informationsportal.de\/hkk\/sv-bibliothek\/versicherung-und-beitragsrecht\/gemeinsame-dokumente-der-sozialversicherung\/geringfuegig-entlohnte-beschaeftigung-und-kurzfristige-beschaeftigung\/#breadcrumb"},"inLanguage":"de","potentialAction":[{"@type":"ReadAction","target":["https:\/\/www.informationsportal.de\/hkk\/sv-bibliothek\/versicherung-und-beitragsrecht\/gemeinsame-dokumente-der-sozialversicherung\/geringfuegig-entlohnte-beschaeftigung-und-kurzfristige-beschaeftigung\/"]}]},{"@type":"BreadcrumbList","@id":"https:\/\/www.informationsportal.de\/hkk\/sv-bibliothek\/versicherung-und-beitragsrecht\/gemeinsame-dokumente-der-sozialversicherung\/geringfuegig-entlohnte-beschaeftigung-und-kurzfristige-beschaeftigung\/#breadcrumb","itemListElement":[{"@type":"ListItem","position":1,"name":"SV-Bibliothek","item":"https:\/\/www.informationsportal.de\/hkk\/sv-bibliothek\/"},{"@type":"ListItem","position":2,"name":"Versicherungs- und Beitragsrecht","item":"https:\/\/www.informationsportal.de\/hkk\/sv-bibliothek\/versicherung-und-beitragsrecht\/"},{"@type":"ListItem","position":3,"name":"Gemeinsame Dokumente der Sozialversicherung","item":"https:\/\/www.informationsportal.de\/hkk\/sv-bibliothek\/versicherung-und-beitragsrecht\/gemeinsame-dokumente-der-sozialversicherung\/"},{"@type":"ListItem","position":4,"name":"Geringf\u00fcgige Besch\u00e4ftigung"}]},{"@type":"WebSite","@id":"https:\/\/www.informationsportal.de\/hkk\/#website","url":"https:\/\/www.informationsportal.de\/hkk\/","name":"Informationsportal f\u00fcr Arbeitgeber der HKK","description":"Das Informationsportal ist ein Wegweiser zu den Meldepflichten der Sozialversicherung","potentialAction":[{"@type":"SearchAction","target":{"@type":"EntryPoint","urlTemplate":"https:\/\/www.informationsportal.de\/hkk\/?s={search_term_string}"},"query-input":{"@type":"PropertyValueSpecification","valueRequired":true,"valueName":"search_term_string"}}],"inLanguage":"de"}]}},"_links":{"self":[{"href":"https:\/\/www.informationsportal.de\/hkk\/wp-json\/wp\/v2\/pages\/4832","targetHints":{"allow":["GET"]}}],"collection":[{"href":"https:\/\/www.informationsportal.de\/hkk\/wp-json\/wp\/v2\/pages"}],"about":[{"href":"https:\/\/www.informationsportal.de\/hkk\/wp-json\/wp\/v2\/types\/page"}],"author":[{"embeddable":true,"href":"https:\/\/www.informationsportal.de\/hkk\/wp-json\/wp\/v2\/users\/1"}],"replies":[{"embeddable":true,"href":"https:\/\/www.informationsportal.de\/hkk\/wp-json\/wp\/v2\/comments?post=4832"}],"version-history":[{"count":3,"href":"https:\/\/www.informationsportal.de\/hkk\/wp-json\/wp\/v2\/pages\/4832\/revisions"}],"predecessor-version":[{"id":16568,"href":"https:\/\/www.informationsportal.de\/hkk\/wp-json\/wp\/v2\/pages\/4832\/revisions\/16568"}],"up":[{"embeddable":true,"href":"https:\/\/www.informationsportal.de\/hkk\/wp-json\/wp\/v2\/pages\/4837"}],"wp:attachment":[{"href":"https:\/\/www.informationsportal.de\/hkk\/wp-json\/wp\/v2\/media?parent=4832"}],"curies":[{"name":"wp","href":"https:\/\/api.w.org\/{rel}","templated":true}]}}