{"id":13157,"date":"2021-07-01T15:07:31","date_gmt":"2021-07-01T13:07:31","guid":{"rendered":"https:\/\/www.informationsportal.de\/ikk-classic\/?page_id=13157"},"modified":"2023-07-03T10:50:49","modified_gmt":"2023-07-03T08:50:49","slug":"basisdienst-kea-kurzarbeitergeld-dokumente-elektronisch-annehmen","status":"publish","type":"page","link":"https:\/\/www.informationsportal.de\/ikk-classic\/sv-bibliothek\/meldeverfahren\/bundesagentur-fuer-arbeit\/basisdienst-kea-kurzarbeitergeld-dokumente-elektronisch-annehmen\/","title":{"rendered":"Basisdienst KEA: Kurzarbeitergeld-Dokumente elektronisch annehmen"},"content":{"rendered":"\n<h2>Basisdienst KEA (Kurzarbeitergeld-Dokumente elektronisch annehmen)<\/h2>\n<p>Mit der Einf\u00fchrung des Basisdienstes KEA erfolgt die Realisierung eines digitalen \u00dcbertragungskanals der Antragsdaten zum Kurzarbeitergeld aus der Entgltabrechnungssoftware des Arbeitgeber. Betroffen sind Saison-Kurzarbeitergeld, Erstattung der Sozialversicherungsbeitr\u00e4ge f\u00fcr die Bezieherinnen und Bezieher von Kurzarbeitergeld und erg\u00e4nzende Leistungen nach \u00a7 108 Abs. 1 SGB IV.<\/p>\n","protected":false},"excerpt":{"rendered":"Basisdienst KEA (Kurzarbeitergeld-Dokumente elektronisch annehmen) Mit der Einf\u00fchrung des Basisdienstes KEA erfolgt die Realisierung eines digitalen \u00dcbertragungskanals der Antragsdaten zum Kurzarbeitergeld aus der Entgltabrechnungssoftware des Arbeitgeber. Betroffen sind Saison-Kurzarbeitergeld, Erstattung der Sozialversicherungsbeitr\u00e4ge f\u00fcr die Bezieherinnen und Bezieher von Kurzarbeitergeld und erg\u00e4nzende Leistungen nach \u00a7 108 Abs. 1 SGB IV.","protected":false},"author":1,"featured_media":0,"parent":894,"menu_order":0,"comment_status":"closed","ping_status":"closed","template":"tpl_documents.php","meta":{"_acf_changed":false,"footnotes":""},"class_list":["post-13157","page","type-page","status-publish","hentry"],"acf":[],"yoast_head":"<!-- This site is optimized with the Yoast SEO plugin v26.3 - https:\/\/yoast.com\/wordpress\/plugins\/seo\/ -->\n<title>Basisdienst KEA: Kurzarbeitergeld-Dokumente elektronisch annehmen - Informationsportal f\u00fcr Arbeitgeber der IKK classic<\/title>\n<meta name=\"robots\" content=\"index, follow, max-snippet:-1, max-image-preview:large, max-video-preview:-1\" \/>\n<link rel=\"canonical\" href=\"https:\/\/www.informationsportal.de\/ikk-classic\/sv-bibliothek\/meldeverfahren\/bundesagentur-fuer-arbeit\/basisdienst-kea-kurzarbeitergeld-dokumente-elektronisch-annehmen\/\" \/>\n<meta property=\"og:locale\" content=\"de_DE\" \/>\n<meta property=\"og:type\" content=\"article\" \/>\n<meta property=\"og:title\" content=\"Basisdienst KEA: Kurzarbeitergeld-Dokumente elektronisch annehmen - Informationsportal f\u00fcr Arbeitgeber der IKK classic\" \/>\n<meta property=\"og:url\" content=\"https:\/\/www.informationsportal.de\/ikk-classic\/sv-bibliothek\/meldeverfahren\/bundesagentur-fuer-arbeit\/basisdienst-kea-kurzarbeitergeld-dokumente-elektronisch-annehmen\/\" \/>\n<meta property=\"og:site_name\" content=\"Informationsportal f\u00fcr Arbeitgeber der IKK classic\" \/>\n<meta property=\"article:modified_time\" content=\"2023-07-03T08:50:49+00:00\" \/>\n<meta name=\"twitter:card\" content=\"summary_large_image\" \/>\n<meta name=\"twitter:label1\" content=\"Gesch\u00e4tzte Lesezeit\" \/>\n\t<meta name=\"twitter:data1\" content=\"1\u00a0Minute\" \/>\n<script type=\"application\/ld+json\" class=\"yoast-schema-graph\">{\"@context\":\"https:\/\/schema.org\",\"@graph\":[{\"@type\":\"WebPage\",\"@id\":\"https:\/\/www.informationsportal.de\/ikk-classic\/sv-bibliothek\/meldeverfahren\/bundesagentur-fuer-arbeit\/basisdienst-kea-kurzarbeitergeld-dokumente-elektronisch-annehmen\/\",\"url\":\"https:\/\/www.informationsportal.de\/ikk-classic\/sv-bibliothek\/meldeverfahren\/bundesagentur-fuer-arbeit\/basisdienst-kea-kurzarbeitergeld-dokumente-elektronisch-annehmen\/\",\"name\":\"Basisdienst KEA: Kurzarbeitergeld-Dokumente elektronisch annehmen - Informationsportal f\u00fcr Arbeitgeber der IKK classic\",\"isPartOf\":{\"@id\":\"https:\/\/www.informationsportal.de\/ikk-classic\/#website\"},\"datePublished\":\"2021-07-01T13:07:31+00:00\",\"dateModified\":\"2023-07-03T08:50:49+00:00\",\"breadcrumb\":{\"@id\":\"https:\/\/www.informationsportal.de\/ikk-classic\/sv-bibliothek\/meldeverfahren\/bundesagentur-fuer-arbeit\/basisdienst-kea-kurzarbeitergeld-dokumente-elektronisch-annehmen\/#breadcrumb\"},\"inLanguage\":\"de\",\"potentialAction\":[{\"@type\":\"ReadAction\",\"target\":[\"https:\/\/www.informationsportal.de\/ikk-classic\/sv-bibliothek\/meldeverfahren\/bundesagentur-fuer-arbeit\/basisdienst-kea-kurzarbeitergeld-dokumente-elektronisch-annehmen\/\"]}]},{\"@type\":\"BreadcrumbList\",\"@id\":\"https:\/\/www.informationsportal.de\/ikk-classic\/sv-bibliothek\/meldeverfahren\/bundesagentur-fuer-arbeit\/basisdienst-kea-kurzarbeitergeld-dokumente-elektronisch-annehmen\/#breadcrumb\",\"itemListElement\":[{\"@type\":\"ListItem\",\"position\":1,\"name\":\"SV-Bibliothek\",\"item\":\"https:\/\/www.informationsportal.de\/ikk-classic\/sv-bibliothek\/\"},{\"@type\":\"ListItem\",\"position\":2,\"name\":\"Meldeverfahren\",\"item\":\"https:\/\/www.informationsportal.de\/ikk-classic\/sv-bibliothek\/meldeverfahren\/\"},{\"@type\":\"ListItem\",\"position\":3,\"name\":\"Bundesagentur f\u00fcr Arbeit\",\"item\":\"https:\/\/www.informationsportal.de\/ikk-classic\/sv-bibliothek\/meldeverfahren\/bundesagentur-fuer-arbeit\/\"},{\"@type\":\"ListItem\",\"position\":4,\"name\":\"Basisdienst KEA: Kurzarbeitergeld-Dokumente elektronisch annehmen\"}]},{\"@type\":\"WebSite\",\"@id\":\"https:\/\/www.informationsportal.de\/ikk-classic\/#website\",\"url\":\"https:\/\/www.informationsportal.de\/ikk-classic\/\",\"name\":\"Informationsportal f\u00fcr Arbeitgeber der IKK classic\",\"description\":\"Das Informationsportal ist ein Wegweiser zu den Meldepflichten der Sozialversicherung\",\"potentialAction\":[{\"@type\":\"SearchAction\",\"target\":{\"@type\":\"EntryPoint\",\"urlTemplate\":\"https:\/\/www.informationsportal.de\/ikk-classic\/?s={search_term_string}\"},\"query-input\":{\"@type\":\"PropertyValueSpecification\",\"valueRequired\":true,\"valueName\":\"search_term_string\"}}],\"inLanguage\":\"de\"}]}<\/script>\n<!-- \/ Yoast SEO plugin. -->","yoast_head_json":{"title":"Basisdienst KEA: Kurzarbeitergeld-Dokumente elektronisch annehmen - Informationsportal f\u00fcr Arbeitgeber der IKK classic","robots":{"index":"index","follow":"follow","max-snippet":"max-snippet:-1","max-image-preview":"max-image-preview:large","max-video-preview":"max-video-preview:-1"},"canonical":"https:\/\/www.informationsportal.de\/ikk-classic\/sv-bibliothek\/meldeverfahren\/bundesagentur-fuer-arbeit\/basisdienst-kea-kurzarbeitergeld-dokumente-elektronisch-annehmen\/","og_locale":"de_DE","og_type":"article","og_title":"Basisdienst KEA: Kurzarbeitergeld-Dokumente elektronisch annehmen - Informationsportal f\u00fcr Arbeitgeber der IKK classic","og_url":"https:\/\/www.informationsportal.de\/ikk-classic\/sv-bibliothek\/meldeverfahren\/bundesagentur-fuer-arbeit\/basisdienst-kea-kurzarbeitergeld-dokumente-elektronisch-annehmen\/","og_site_name":"Informationsportal f\u00fcr Arbeitgeber der IKK classic","article_modified_time":"2023-07-03T08:50:49+00:00","twitter_card":"summary_large_image","twitter_misc":{"Gesch\u00e4tzte Lesezeit":"1\u00a0Minute"},"schema":{"@context":"https:\/\/schema.org","@graph":[{"@type":"WebPage","@id":"https:\/\/www.informationsportal.de\/ikk-classic\/sv-bibliothek\/meldeverfahren\/bundesagentur-fuer-arbeit\/basisdienst-kea-kurzarbeitergeld-dokumente-elektronisch-annehmen\/","url":"https:\/\/www.informationsportal.de\/ikk-classic\/sv-bibliothek\/meldeverfahren\/bundesagentur-fuer-arbeit\/basisdienst-kea-kurzarbeitergeld-dokumente-elektronisch-annehmen\/","name":"Basisdienst KEA: Kurzarbeitergeld-Dokumente elektronisch annehmen - Informationsportal f\u00fcr Arbeitgeber der IKK classic","isPartOf":{"@id":"https:\/\/www.informationsportal.de\/ikk-classic\/#website"},"datePublished":"2021-07-01T13:07:31+00:00","dateModified":"2023-07-03T08:50:49+00:00","breadcrumb":{"@id":"https:\/\/www.informationsportal.de\/ikk-classic\/sv-bibliothek\/meldeverfahren\/bundesagentur-fuer-arbeit\/basisdienst-kea-kurzarbeitergeld-dokumente-elektronisch-annehmen\/#breadcrumb"},"inLanguage":"de","potentialAction":[{"@type":"ReadAction","target":["https:\/\/www.informationsportal.de\/ikk-classic\/sv-bibliothek\/meldeverfahren\/bundesagentur-fuer-arbeit\/basisdienst-kea-kurzarbeitergeld-dokumente-elektronisch-annehmen\/"]}]},{"@type":"BreadcrumbList","@id":"https:\/\/www.informationsportal.de\/ikk-classic\/sv-bibliothek\/meldeverfahren\/bundesagentur-fuer-arbeit\/basisdienst-kea-kurzarbeitergeld-dokumente-elektronisch-annehmen\/#breadcrumb","itemListElement":[{"@type":"ListItem","position":1,"name":"SV-Bibliothek","item":"https:\/\/www.informationsportal.de\/ikk-classic\/sv-bibliothek\/"},{"@type":"ListItem","position":2,"name":"Meldeverfahren","item":"https:\/\/www.informationsportal.de\/ikk-classic\/sv-bibliothek\/meldeverfahren\/"},{"@type":"ListItem","position":3,"name":"Bundesagentur f\u00fcr Arbeit","item":"https:\/\/www.informationsportal.de\/ikk-classic\/sv-bibliothek\/meldeverfahren\/bundesagentur-fuer-arbeit\/"},{"@type":"ListItem","position":4,"name":"Basisdienst KEA: Kurzarbeitergeld-Dokumente elektronisch annehmen"}]},{"@type":"WebSite","@id":"https:\/\/www.informationsportal.de\/ikk-classic\/#website","url":"https:\/\/www.informationsportal.de\/ikk-classic\/","name":"Informationsportal f\u00fcr Arbeitgeber der IKK classic","description":"Das Informationsportal ist ein Wegweiser zu den Meldepflichten der Sozialversicherung","potentialAction":[{"@type":"SearchAction","target":{"@type":"EntryPoint","urlTemplate":"https:\/\/www.informationsportal.de\/ikk-classic\/?s={search_term_string}"},"query-input":{"@type":"PropertyValueSpecification","valueRequired":true,"valueName":"search_term_string"}}],"inLanguage":"de"}]}},"_links":{"self":[{"href":"https:\/\/www.informationsportal.de\/ikk-classic\/wp-json\/wp\/v2\/pages\/13157","targetHints":{"allow":["GET"]}}],"collection":[{"href":"https:\/\/www.informationsportal.de\/ikk-classic\/wp-json\/wp\/v2\/pages"}],"about":[{"href":"https:\/\/www.informationsportal.de\/ikk-classic\/wp-json\/wp\/v2\/types\/page"}],"author":[{"embeddable":true,"href":"https:\/\/www.informationsportal.de\/ikk-classic\/wp-json\/wp\/v2\/users\/1"}],"replies":[{"embeddable":true,"href":"https:\/\/www.informationsportal.de\/ikk-classic\/wp-json\/wp\/v2\/comments?post=13157"}],"version-history":[{"count":3,"href":"https:\/\/www.informationsportal.de\/ikk-classic\/wp-json\/wp\/v2\/pages\/13157\/revisions"}],"predecessor-version":[{"id":16015,"href":"https:\/\/www.informationsportal.de\/ikk-classic\/wp-json\/wp\/v2\/pages\/13157\/revisions\/16015"}],"up":[{"embeddable":true,"href":"https:\/\/www.informationsportal.de\/ikk-classic\/wp-json\/wp\/v2\/pages\/894"}],"wp:attachment":[{"href":"https:\/\/www.informationsportal.de\/ikk-classic\/wp-json\/wp\/v2\/media?parent=13157"}],"curies":[{"name":"wp","href":"https:\/\/api.w.org\/{rel}","templated":true}]}}