{"id":358,"date":"2017-01-01T16:00:00","date_gmt":"2017-01-01T16:00:00","guid":{"rendered":"https:\/\/www.informationsportal.de\/?page_id=358"},"modified":"2017-01-01T16:00:00","modified_gmt":"2017-01-01T16:00:00","slug":"glossar","status":"publish","type":"page","link":"https:\/\/www.informationsportal.de\/ikk-classic\/glossar\/","title":{"rendered":"Glossar"},"content":{"rendered":"<p>Das Glossar erl\u00e4utert die wichtigsten Fachbegriffe aus den Themen des Bundesministeriums f\u00fcr Arbeit und Soziales.<\/p>\n<p>W\u00e4hlen Sie einen Anfangsbuchstaben, um eine Liste mit passenden Begriffen zu erhalten.<\/p>","protected":false},"excerpt":{"rendered":"<p>Das Glossar erl\u00e4utert die wichtigsten Fachbegriffe aus den Themen des Bundesministeriums f\u00fcr Arbeit und Soziales.  W\u00e4hlen Sie einen Anfangsbuchstaben, um eine Liste mit passenden Begriffen zu erhalten.<\/p>","protected":false},"author":2,"featured_media":0,"parent":0,"menu_order":0,"comment_status":"closed","ping_status":"closed","template":"tpl_glossar.php","meta":{"_acf_changed":false,"footnotes":""},"class_list":["post-358","page","type-page","status-publish","hentry"],"acf":[],"yoast_head":"<!-- This site is optimized with the Yoast SEO plugin v26.3 - https:\/\/yoast.com\/wordpress\/plugins\/seo\/ -->\n<title>Glossar - Informationsportal f\u00fcr Arbeitgeber der IKK classic<\/title>\n<meta name=\"robots\" content=\"index, follow, max-snippet:-1, max-image-preview:large, max-video-preview:-1\" \/>\n<link rel=\"canonical\" href=\"https:\/\/www.informationsportal.de\/ikk-classic\/glossar\/\" \/>\n<meta property=\"og:locale\" content=\"de_DE\" \/>\n<meta property=\"og:type\" content=\"article\" \/>\n<meta property=\"og:title\" content=\"Glossar - Informationsportal f\u00fcr Arbeitgeber der IKK classic\" \/>\n<meta property=\"og:description\" content=\"Das Glossar erl\u00e4utert die wichtigsten Fachbegriffe aus den Themen des Bundesministeriums f\u00fcr Arbeit und Soziales. W\u00e4hlen Sie einen Anfangsbuchstaben, um eine Liste mit passenden Begriffen zu erhalten.\" \/>\n<meta property=\"og:url\" content=\"https:\/\/www.informationsportal.de\/ikk-classic\/glossar\/\" \/>\n<meta property=\"og:site_name\" content=\"Informationsportal f\u00fcr Arbeitgeber der IKK classic\" \/>\n<meta name=\"twitter:card\" content=\"summary_large_image\" \/>\n<script type=\"application\/ld+json\" class=\"yoast-schema-graph\">{\"@context\":\"https:\/\/schema.org\",\"@graph\":[{\"@type\":\"WebPage\",\"@id\":\"https:\/\/www.informationsportal.de\/ikk-classic\/glossar\/\",\"url\":\"https:\/\/www.informationsportal.de\/ikk-classic\/glossar\/\",\"name\":\"Glossar - Informationsportal f\u00fcr Arbeitgeber der IKK classic\",\"isPartOf\":{\"@id\":\"https:\/\/www.informationsportal.de\/ikk-classic\/#website\"},\"datePublished\":\"2017-01-01T16:00:00+00:00\",\"inLanguage\":\"de\",\"potentialAction\":[{\"@type\":\"ReadAction\",\"target\":[\"https:\/\/www.informationsportal.de\/ikk-classic\/glossar\/\"]}]},{\"@type\":\"WebSite\",\"@id\":\"https:\/\/www.informationsportal.de\/ikk-classic\/#website\",\"url\":\"https:\/\/www.informationsportal.de\/ikk-classic\/\",\"name\":\"Informationsportal f\u00fcr Arbeitgeber der IKK classic\",\"description\":\"Das Informationsportal ist ein Wegweiser zu den Meldepflichten der Sozialversicherung\",\"potentialAction\":[{\"@type\":\"SearchAction\",\"target\":{\"@type\":\"EntryPoint\",\"urlTemplate\":\"https:\/\/www.informationsportal.de\/ikk-classic\/?s={search_term_string}\"},\"query-input\":{\"@type\":\"PropertyValueSpecification\",\"valueRequired\":true,\"valueName\":\"search_term_string\"}}],\"inLanguage\":\"de\"}]}<\/script>\n<!-- \/ Yoast SEO plugin. -->","yoast_head_json":{"title":"Glossar - Informationsportal f\u00fcr Arbeitgeber der IKK classic","robots":{"index":"index","follow":"follow","max-snippet":"max-snippet:-1","max-image-preview":"max-image-preview:large","max-video-preview":"max-video-preview:-1"},"canonical":"https:\/\/www.informationsportal.de\/ikk-classic\/glossar\/","og_locale":"de_DE","og_type":"article","og_title":"Glossar - Informationsportal f\u00fcr Arbeitgeber der IKK classic","og_description":"Das Glossar erl\u00e4utert die wichtigsten Fachbegriffe aus den Themen des Bundesministeriums f\u00fcr Arbeit und Soziales. W\u00e4hlen Sie einen Anfangsbuchstaben, um eine Liste mit passenden Begriffen zu erhalten.","og_url":"https:\/\/www.informationsportal.de\/ikk-classic\/glossar\/","og_site_name":"Informationsportal f\u00fcr Arbeitgeber der IKK classic","twitter_card":"summary_large_image","schema":{"@context":"https:\/\/schema.org","@graph":[{"@type":"WebPage","@id":"https:\/\/www.informationsportal.de\/ikk-classic\/glossar\/","url":"https:\/\/www.informationsportal.de\/ikk-classic\/glossar\/","name":"Glossar - Informationsportal f\u00fcr Arbeitgeber der IKK classic","isPartOf":{"@id":"https:\/\/www.informationsportal.de\/ikk-classic\/#website"},"datePublished":"2017-01-01T16:00:00+00:00","inLanguage":"de","potentialAction":[{"@type":"ReadAction","target":["https:\/\/www.informationsportal.de\/ikk-classic\/glossar\/"]}]},{"@type":"WebSite","@id":"https:\/\/www.informationsportal.de\/ikk-classic\/#website","url":"https:\/\/www.informationsportal.de\/ikk-classic\/","name":"Informationsportal f\u00fcr Arbeitgeber der IKK classic","description":"Das Informationsportal ist ein Wegweiser zu den Meldepflichten der Sozialversicherung","potentialAction":[{"@type":"SearchAction","target":{"@type":"EntryPoint","urlTemplate":"https:\/\/www.informationsportal.de\/ikk-classic\/?s={search_term_string}"},"query-input":{"@type":"PropertyValueSpecification","valueRequired":true,"valueName":"search_term_string"}}],"inLanguage":"de"}]}},"_links":{"self":[{"href":"https:\/\/www.informationsportal.de\/ikk-classic\/wp-json\/wp\/v2\/pages\/358","targetHints":{"allow":["GET"]}}],"collection":[{"href":"https:\/\/www.informationsportal.de\/ikk-classic\/wp-json\/wp\/v2\/pages"}],"about":[{"href":"https:\/\/www.informationsportal.de\/ikk-classic\/wp-json\/wp\/v2\/types\/page"}],"author":[{"embeddable":true,"href":"https:\/\/www.informationsportal.de\/ikk-classic\/wp-json\/wp\/v2\/users\/2"}],"replies":[{"embeddable":true,"href":"https:\/\/www.informationsportal.de\/ikk-classic\/wp-json\/wp\/v2\/comments?post=358"}],"version-history":[{"count":0,"href":"https:\/\/www.informationsportal.de\/ikk-classic\/wp-json\/wp\/v2\/pages\/358\/revisions"}],"wp:attachment":[{"href":"https:\/\/www.informationsportal.de\/ikk-classic\/wp-json\/wp\/v2\/media?parent=358"}],"curies":[{"name":"wp","href":"https:\/\/api.w.org\/{rel}","templated":true}]}}