{"id":898,"date":"2017-01-01T16:00:00","date_gmt":"2017-01-01T16:00:00","guid":{"rendered":"https:\/\/www.informationsportal.de\/?page_id=898"},"modified":"2021-01-06T16:23:57","modified_gmt":"2021-01-06T15:23:57","slug":"versicherungspflicht","status":"publish","type":"page","link":"https:\/\/www.informationsportal.de\/ikk-classic\/sv-bibliothek\/versicherung-und-beitragsrecht\/arbeitslosenversicherung\/versicherungspflicht\/","title":{"rendered":"Versicherungspflicht"},"content":{"rendered":"<h2>Antragspflichtversicherung nach dem Sozialgesetzbuch Drittes Buch \u2013 Arbeitsf\u00f6rderung (SGB III)<\/h2>\n<p>Mit dem Dritten Gesetz f\u00fcr moderne Dienstleistungen am Arbeitsmarkt vom 23. Dezember 2003 (BGBl I Nr. 65, S. 2848) wurde bestimmten Personenkreisen die M\u00f6glichkeit einger\u00e4umt, ein Versicherungspflichtverh\u00e4ltnis auf Antrag in der Arbeitslosenversicherung zu begr\u00fcnden. Dazu geh\u00f6ren:<\/p>\n\n<ul>\n \t<li>K\u00fcnftige Selbstst\u00e4ndige und Unternehmensgr\u00fcnder,<\/li>\n \t<li>Auslandsbesch\u00e4ftigte,<\/li>\n \t<li>Erziehende in Elternzeit und<\/li>\n \t<li>Weiterbildende.<\/li>\n<\/ul>\n<p>\u00a0Weiterf\u00fchrende Hinweise zum Versicherungspflichtverh\u00e4ltnis auf Antrag in der Arbeitslosenversicherung <a href=\"https:\/\/con.arbeitsagentur.de\/prod\/apok\/ct\/dam\/download\/documents\/Hinweis-ALV_ba013509.pdf\" target=\"_blank\" rel=\"noopener noreferrer\">finden Sie hier.<\/a><\/p>","protected":false},"excerpt":{"rendered":"<p>Antragspflichtversicherung nach dem Sozialgesetzbuch Drittes Buch \u2013 Arbeitsf\u00f6rderung (SGB III) Mit dem Dritten Gesetz f\u00fcr moderne Dienstleistungen am Arbeitsmarkt vom 23.  Dezember 2003 (BGBl I Nr.  65, S.  2848) wurde bestimmten Personenkreisen die M\u00f6glichkeit einger\u00e4umt, ein Versicherungspflichtverh\u00e4ltnis auf Antrag in der Arbeitslosenversicherung zu begr\u00fcnden.  Dazu geh\u00f6ren: K\u00fcnftige Selbstst\u00e4ndige und Unternehmensgr\u00fcnder, Auslandsbesch\u00e4ftigte, Erziehende in Elternzeit und [&hellip;]<\/p>","protected":false},"author":2,"featured_media":0,"parent":781,"menu_order":0,"comment_status":"closed","ping_status":"closed","template":"tpl_documents.php","meta":{"_acf_changed":false,"footnotes":""},"class_list":["post-898","page","type-page","status-publish","hentry"],"acf":[],"yoast_head":"<!-- This site is optimized with the Yoast SEO plugin v26.3 - https:\/\/yoast.com\/wordpress\/plugins\/seo\/ -->\n<title>Versicherungspflicht - Informationsportal f\u00fcr Arbeitgeber der IKK classic<\/title>\n<meta name=\"robots\" content=\"index, follow, max-snippet:-1, max-image-preview:large, max-video-preview:-1\" \/>\n<link rel=\"canonical\" href=\"https:\/\/www.informationsportal.de\/ikk-classic\/sv-bibliothek\/versicherung-und-beitragsrecht\/arbeitslosenversicherung\/versicherungspflicht\/\" \/>\n<meta property=\"og:locale\" content=\"de_DE\" \/>\n<meta property=\"og:type\" content=\"article\" \/>\n<meta property=\"og:title\" content=\"Versicherungspflicht - Informationsportal f\u00fcr Arbeitgeber der IKK classic\" \/>\n<meta property=\"og:description\" content=\"Antragspflichtversicherung nach dem Sozialgesetzbuch Drittes Buch \u2013 Arbeitsf\u00f6rderung (SGB III) Mit dem Dritten Gesetz f\u00fcr moderne Dienstleistungen am Arbeitsmarkt vom 23. Dezember 2003 (BGBl I Nr. 65, S. 2848) wurde bestimmten Personenkreisen die M\u00f6glichkeit einger\u00e4umt, ein Versicherungspflichtverh\u00e4ltnis auf Antrag in der Arbeitslosenversicherung zu begr\u00fcnden. Dazu geh\u00f6ren: K\u00fcnftige Selbstst\u00e4ndige und Unternehmensgr\u00fcnder, Auslandsbesch\u00e4ftigte, Erziehende in Elternzeit und [&hellip;]\" \/>\n<meta property=\"og:url\" content=\"https:\/\/www.informationsportal.de\/ikk-classic\/sv-bibliothek\/versicherung-und-beitragsrecht\/arbeitslosenversicherung\/versicherungspflicht\/\" \/>\n<meta property=\"og:site_name\" content=\"Informationsportal f\u00fcr Arbeitgeber der IKK classic\" \/>\n<meta property=\"article:modified_time\" content=\"2021-01-06T15:23:57+00:00\" \/>\n<meta name=\"twitter:card\" content=\"summary_large_image\" \/>\n<script type=\"application\/ld+json\" class=\"yoast-schema-graph\">{\"@context\":\"https:\/\/schema.org\",\"@graph\":[{\"@type\":\"WebPage\",\"@id\":\"https:\/\/www.informationsportal.de\/ikk-classic\/sv-bibliothek\/versicherung-und-beitragsrecht\/arbeitslosenversicherung\/versicherungspflicht\/\",\"url\":\"https:\/\/www.informationsportal.de\/ikk-classic\/sv-bibliothek\/versicherung-und-beitragsrecht\/arbeitslosenversicherung\/versicherungspflicht\/\",\"name\":\"Versicherungspflicht - Informationsportal f\u00fcr Arbeitgeber der IKK classic\",\"isPartOf\":{\"@id\":\"https:\/\/www.informationsportal.de\/ikk-classic\/#website\"},\"datePublished\":\"2017-01-01T16:00:00+00:00\",\"dateModified\":\"2021-01-06T15:23:57+00:00\",\"breadcrumb\":{\"@id\":\"https:\/\/www.informationsportal.de\/ikk-classic\/sv-bibliothek\/versicherung-und-beitragsrecht\/arbeitslosenversicherung\/versicherungspflicht\/#breadcrumb\"},\"inLanguage\":\"de\",\"potentialAction\":[{\"@type\":\"ReadAction\",\"target\":[\"https:\/\/www.informationsportal.de\/ikk-classic\/sv-bibliothek\/versicherung-und-beitragsrecht\/arbeitslosenversicherung\/versicherungspflicht\/\"]}]},{\"@type\":\"BreadcrumbList\",\"@id\":\"https:\/\/www.informationsportal.de\/ikk-classic\/sv-bibliothek\/versicherung-und-beitragsrecht\/arbeitslosenversicherung\/versicherungspflicht\/#breadcrumb\",\"itemListElement\":[{\"@type\":\"ListItem\",\"position\":1,\"name\":\"SV-Bibliothek\",\"item\":\"https:\/\/www.informationsportal.de\/ikk-classic\/sv-bibliothek\/\"},{\"@type\":\"ListItem\",\"position\":2,\"name\":\"Versicherungs- und Beitragsrecht\",\"item\":\"https:\/\/www.informationsportal.de\/ikk-classic\/sv-bibliothek\/versicherung-und-beitragsrecht\/\"},{\"@type\":\"ListItem\",\"position\":3,\"name\":\"Arbeitslosenversicherung\",\"item\":\"https:\/\/www.informationsportal.de\/ikk-classic\/sv-bibliothek\/versicherung-und-beitragsrecht\/arbeitslosenversicherung\/\"},{\"@type\":\"ListItem\",\"position\":4,\"name\":\"Versicherungspflicht\"}]},{\"@type\":\"WebSite\",\"@id\":\"https:\/\/www.informationsportal.de\/ikk-classic\/#website\",\"url\":\"https:\/\/www.informationsportal.de\/ikk-classic\/\",\"name\":\"Informationsportal f\u00fcr Arbeitgeber der IKK classic\",\"description\":\"Das Informationsportal ist ein Wegweiser zu den Meldepflichten der Sozialversicherung\",\"potentialAction\":[{\"@type\":\"SearchAction\",\"target\":{\"@type\":\"EntryPoint\",\"urlTemplate\":\"https:\/\/www.informationsportal.de\/ikk-classic\/?s={search_term_string}\"},\"query-input\":{\"@type\":\"PropertyValueSpecification\",\"valueRequired\":true,\"valueName\":\"search_term_string\"}}],\"inLanguage\":\"de\"}]}<\/script>\n<!-- \/ Yoast SEO plugin. -->","yoast_head_json":{"title":"Versicherungspflicht - Informationsportal f\u00fcr Arbeitgeber der IKK classic","robots":{"index":"index","follow":"follow","max-snippet":"max-snippet:-1","max-image-preview":"max-image-preview:large","max-video-preview":"max-video-preview:-1"},"canonical":"https:\/\/www.informationsportal.de\/ikk-classic\/sv-bibliothek\/versicherung-und-beitragsrecht\/arbeitslosenversicherung\/versicherungspflicht\/","og_locale":"de_DE","og_type":"article","og_title":"Versicherungspflicht - Informationsportal f\u00fcr Arbeitgeber der IKK classic","og_description":"Antragspflichtversicherung nach dem Sozialgesetzbuch Drittes Buch \u2013 Arbeitsf\u00f6rderung (SGB III) Mit dem Dritten Gesetz f\u00fcr moderne Dienstleistungen am Arbeitsmarkt vom 23. Dezember 2003 (BGBl I Nr. 65, S. 2848) wurde bestimmten Personenkreisen die M\u00f6glichkeit einger\u00e4umt, ein Versicherungspflichtverh\u00e4ltnis auf Antrag in der Arbeitslosenversicherung zu begr\u00fcnden. Dazu geh\u00f6ren: K\u00fcnftige Selbstst\u00e4ndige und Unternehmensgr\u00fcnder, Auslandsbesch\u00e4ftigte, Erziehende in Elternzeit und [&hellip;]","og_url":"https:\/\/www.informationsportal.de\/ikk-classic\/sv-bibliothek\/versicherung-und-beitragsrecht\/arbeitslosenversicherung\/versicherungspflicht\/","og_site_name":"Informationsportal f\u00fcr Arbeitgeber der IKK classic","article_modified_time":"2021-01-06T15:23:57+00:00","twitter_card":"summary_large_image","schema":{"@context":"https:\/\/schema.org","@graph":[{"@type":"WebPage","@id":"https:\/\/www.informationsportal.de\/ikk-classic\/sv-bibliothek\/versicherung-und-beitragsrecht\/arbeitslosenversicherung\/versicherungspflicht\/","url":"https:\/\/www.informationsportal.de\/ikk-classic\/sv-bibliothek\/versicherung-und-beitragsrecht\/arbeitslosenversicherung\/versicherungspflicht\/","name":"Versicherungspflicht - Informationsportal f\u00fcr Arbeitgeber der IKK classic","isPartOf":{"@id":"https:\/\/www.informationsportal.de\/ikk-classic\/#website"},"datePublished":"2017-01-01T16:00:00+00:00","dateModified":"2021-01-06T15:23:57+00:00","breadcrumb":{"@id":"https:\/\/www.informationsportal.de\/ikk-classic\/sv-bibliothek\/versicherung-und-beitragsrecht\/arbeitslosenversicherung\/versicherungspflicht\/#breadcrumb"},"inLanguage":"de","potentialAction":[{"@type":"ReadAction","target":["https:\/\/www.informationsportal.de\/ikk-classic\/sv-bibliothek\/versicherung-und-beitragsrecht\/arbeitslosenversicherung\/versicherungspflicht\/"]}]},{"@type":"BreadcrumbList","@id":"https:\/\/www.informationsportal.de\/ikk-classic\/sv-bibliothek\/versicherung-und-beitragsrecht\/arbeitslosenversicherung\/versicherungspflicht\/#breadcrumb","itemListElement":[{"@type":"ListItem","position":1,"name":"SV-Bibliothek","item":"https:\/\/www.informationsportal.de\/ikk-classic\/sv-bibliothek\/"},{"@type":"ListItem","position":2,"name":"Versicherungs- und Beitragsrecht","item":"https:\/\/www.informationsportal.de\/ikk-classic\/sv-bibliothek\/versicherung-und-beitragsrecht\/"},{"@type":"ListItem","position":3,"name":"Arbeitslosenversicherung","item":"https:\/\/www.informationsportal.de\/ikk-classic\/sv-bibliothek\/versicherung-und-beitragsrecht\/arbeitslosenversicherung\/"},{"@type":"ListItem","position":4,"name":"Versicherungspflicht"}]},{"@type":"WebSite","@id":"https:\/\/www.informationsportal.de\/ikk-classic\/#website","url":"https:\/\/www.informationsportal.de\/ikk-classic\/","name":"Informationsportal f\u00fcr Arbeitgeber der IKK classic","description":"Das Informationsportal ist ein Wegweiser zu den Meldepflichten der Sozialversicherung","potentialAction":[{"@type":"SearchAction","target":{"@type":"EntryPoint","urlTemplate":"https:\/\/www.informationsportal.de\/ikk-classic\/?s={search_term_string}"},"query-input":{"@type":"PropertyValueSpecification","valueRequired":true,"valueName":"search_term_string"}}],"inLanguage":"de"}]}},"_links":{"self":[{"href":"https:\/\/www.informationsportal.de\/ikk-classic\/wp-json\/wp\/v2\/pages\/898","targetHints":{"allow":["GET"]}}],"collection":[{"href":"https:\/\/www.informationsportal.de\/ikk-classic\/wp-json\/wp\/v2\/pages"}],"about":[{"href":"https:\/\/www.informationsportal.de\/ikk-classic\/wp-json\/wp\/v2\/types\/page"}],"author":[{"embeddable":true,"href":"https:\/\/www.informationsportal.de\/ikk-classic\/wp-json\/wp\/v2\/users\/2"}],"replies":[{"embeddable":true,"href":"https:\/\/www.informationsportal.de\/ikk-classic\/wp-json\/wp\/v2\/comments?post=898"}],"version-history":[{"count":3,"href":"https:\/\/www.informationsportal.de\/ikk-classic\/wp-json\/wp\/v2\/pages\/898\/revisions"}],"predecessor-version":[{"id":12003,"href":"https:\/\/www.informationsportal.de\/ikk-classic\/wp-json\/wp\/v2\/pages\/898\/revisions\/12003"}],"up":[{"embeddable":true,"href":"https:\/\/www.informationsportal.de\/ikk-classic\/wp-json\/wp\/v2\/pages\/781"}],"wp:attachment":[{"href":"https:\/\/www.informationsportal.de\/ikk-classic\/wp-json\/wp\/v2\/media?parent=898"}],"curies":[{"name":"wp","href":"https:\/\/api.w.org\/{rel}","templated":true}]}}