{"id":1031,"date":"2017-01-01T16:00:00","date_gmt":"2017-01-01T16:00:00","guid":{"rendered":"https:\/\/www.informationsportal.de\/?page_id=1031"},"modified":"2020-10-29T13:57:34","modified_gmt":"2020-10-29T12:57:34","slug":"gemeinsamer-beitragseinzug","status":"publish","type":"page","link":"https:\/\/www.informationsportal.de\/ikkbb\/sv-bibliothek\/versicherung-und-beitragsrecht\/beitragseinzug\/gemeinsamer-beitragseinzug\/","title":{"rendered":"Gemeinsamer Beitragseinzug"},"content":{"rendered":"\n<h2 class=\"wp-block-heading\">Einzug der Beitr\u00e4ge f\u00fcr die Kranken-, Pflege-, Renten- und Arbeitslosenversicherung<\/h2>\n\n\n\n<p>Nachfolgend finden Sie Ergebnisdokumente der Besprechungen des GKV-Spitzenverbandes, der Deutschen Rentenversicherung Bund und der Bundesagentur f\u00fcr Arbeit \u00fcber Fragen des gemeinsamen Beitragseinzugs.<\/p>\n","protected":false},"excerpt":{"rendered":"<p>Einzug der Beitr\u00e4ge f\u00fcr die Kranken-, Pflege-, Renten- und Arbeitslosenversicherung Nachfolgend finden Sie Ergebnisdokumente der Besprechungen des GKV-Spitzenverbandes, der Deutschen Rentenversicherung Bund und der Bundesagentur f\u00fcr Arbeit \u00fcber Fragen des gemeinsamen Beitragseinzugs.<\/p>","protected":false},"author":2,"featured_media":0,"parent":4888,"menu_order":0,"comment_status":"closed","ping_status":"closed","template":"tpl_documents_blog.php","meta":{"_acf_changed":false,"footnotes":""},"class_list":["post-1031","page","type-page","status-publish","hentry"],"acf":[],"yoast_head":"<!-- This site is optimized with the Yoast SEO plugin v26.3 - https:\/\/yoast.com\/wordpress\/plugins\/seo\/ -->\n<title>Gemeinsamer Beitragseinzug - Informationsportal f\u00fcr Arbeitgeber der IKK Brandenburg und Berlin<\/title>\n<meta name=\"robots\" content=\"index, follow, max-snippet:-1, max-image-preview:large, max-video-preview:-1\" \/>\n<link rel=\"canonical\" href=\"https:\/\/www.informationsportal.de\/ikkbb\/sv-bibliothek\/versicherung-und-beitragsrecht\/beitragseinzug\/gemeinsamer-beitragseinzug\/\" \/>\n<meta property=\"og:locale\" content=\"de_DE\" \/>\n<meta property=\"og:type\" content=\"article\" \/>\n<meta property=\"og:title\" content=\"Gemeinsamer Beitragseinzug - Informationsportal f\u00fcr Arbeitgeber der IKK Brandenburg und Berlin\" \/>\n<meta property=\"og:description\" content=\"Einzug der Beitr\u00e4ge f\u00fcr die Kranken-, Pflege-, Renten- und Arbeitslosenversicherung Nachfolgend finden Sie Ergebnisdokumente der Besprechungen des GKV-Spitzenverbandes, der Deutschen Rentenversicherung Bund und der Bundesagentur f\u00fcr Arbeit \u00fcber Fragen des gemeinsamen Beitragseinzugs.\" \/>\n<meta property=\"og:url\" content=\"https:\/\/www.informationsportal.de\/ikkbb\/sv-bibliothek\/versicherung-und-beitragsrecht\/beitragseinzug\/gemeinsamer-beitragseinzug\/\" \/>\n<meta property=\"og:site_name\" content=\"Informationsportal f\u00fcr Arbeitgeber der IKK Brandenburg und Berlin\" \/>\n<meta property=\"article:modified_time\" content=\"2020-10-29T12:57:34+00:00\" \/>\n<meta name=\"twitter:card\" content=\"summary_large_image\" \/>\n<script type=\"application\/ld+json\" class=\"yoast-schema-graph\">{\"@context\":\"https:\/\/schema.org\",\"@graph\":[{\"@type\":\"WebPage\",\"@id\":\"https:\/\/www.informationsportal.de\/ikkbb\/sv-bibliothek\/versicherung-und-beitragsrecht\/beitragseinzug\/gemeinsamer-beitragseinzug\/\",\"url\":\"https:\/\/www.informationsportal.de\/ikkbb\/sv-bibliothek\/versicherung-und-beitragsrecht\/beitragseinzug\/gemeinsamer-beitragseinzug\/\",\"name\":\"Gemeinsamer Beitragseinzug - Informationsportal f\u00fcr Arbeitgeber der IKK Brandenburg und Berlin\",\"isPartOf\":{\"@id\":\"https:\/\/www.informationsportal.de\/ikkbb\/#website\"},\"datePublished\":\"2017-01-01T16:00:00+00:00\",\"dateModified\":\"2020-10-29T12:57:34+00:00\",\"breadcrumb\":{\"@id\":\"https:\/\/www.informationsportal.de\/ikkbb\/sv-bibliothek\/versicherung-und-beitragsrecht\/beitragseinzug\/gemeinsamer-beitragseinzug\/#breadcrumb\"},\"inLanguage\":\"de\",\"potentialAction\":[{\"@type\":\"ReadAction\",\"target\":[\"https:\/\/www.informationsportal.de\/ikkbb\/sv-bibliothek\/versicherung-und-beitragsrecht\/beitragseinzug\/gemeinsamer-beitragseinzug\/\"]}]},{\"@type\":\"BreadcrumbList\",\"@id\":\"https:\/\/www.informationsportal.de\/ikkbb\/sv-bibliothek\/versicherung-und-beitragsrecht\/beitragseinzug\/gemeinsamer-beitragseinzug\/#breadcrumb\",\"itemListElement\":[{\"@type\":\"ListItem\",\"position\":1,\"name\":\"SV-Bibliothek\",\"item\":\"https:\/\/www.informationsportal.de\/ikkbb\/sv-bibliothek\/\"},{\"@type\":\"ListItem\",\"position\":2,\"name\":\"Versicherungs- und Beitragsrecht\",\"item\":\"https:\/\/www.informationsportal.de\/ikkbb\/sv-bibliothek\/versicherung-und-beitragsrecht\/\"},{\"@type\":\"ListItem\",\"position\":3,\"name\":\"Beitragseinzug\",\"item\":\"https:\/\/www.informationsportal.de\/ikkbb\/sv-bibliothek\/versicherung-und-beitragsrecht\/beitragseinzug\/\"},{\"@type\":\"ListItem\",\"position\":4,\"name\":\"Gemeinsamer Beitragseinzug\"}]},{\"@type\":\"WebSite\",\"@id\":\"https:\/\/www.informationsportal.de\/ikkbb\/#website\",\"url\":\"https:\/\/www.informationsportal.de\/ikkbb\/\",\"name\":\"Informationsportal f\u00fcr Arbeitgeber der IKK Brandenburg und Berlin\",\"description\":\"Eine weitere Informationsportal f\u00fcr Arbeitgeber Websites Website\",\"potentialAction\":[{\"@type\":\"SearchAction\",\"target\":{\"@type\":\"EntryPoint\",\"urlTemplate\":\"https:\/\/www.informationsportal.de\/ikkbb\/?s={search_term_string}\"},\"query-input\":{\"@type\":\"PropertyValueSpecification\",\"valueRequired\":true,\"valueName\":\"search_term_string\"}}],\"inLanguage\":\"de\"}]}<\/script>\n<!-- \/ Yoast SEO plugin. -->","yoast_head_json":{"title":"Gemeinsamer Beitragseinzug - Informationsportal f\u00fcr Arbeitgeber der IKK Brandenburg und Berlin","robots":{"index":"index","follow":"follow","max-snippet":"max-snippet:-1","max-image-preview":"max-image-preview:large","max-video-preview":"max-video-preview:-1"},"canonical":"https:\/\/www.informationsportal.de\/ikkbb\/sv-bibliothek\/versicherung-und-beitragsrecht\/beitragseinzug\/gemeinsamer-beitragseinzug\/","og_locale":"de_DE","og_type":"article","og_title":"Gemeinsamer Beitragseinzug - Informationsportal f\u00fcr Arbeitgeber der IKK Brandenburg und Berlin","og_description":"Einzug der Beitr\u00e4ge f\u00fcr die Kranken-, Pflege-, Renten- und Arbeitslosenversicherung Nachfolgend finden Sie Ergebnisdokumente der Besprechungen des GKV-Spitzenverbandes, der Deutschen Rentenversicherung Bund und der Bundesagentur f\u00fcr Arbeit \u00fcber Fragen des gemeinsamen Beitragseinzugs.","og_url":"https:\/\/www.informationsportal.de\/ikkbb\/sv-bibliothek\/versicherung-und-beitragsrecht\/beitragseinzug\/gemeinsamer-beitragseinzug\/","og_site_name":"Informationsportal f\u00fcr Arbeitgeber der IKK Brandenburg und Berlin","article_modified_time":"2020-10-29T12:57:34+00:00","twitter_card":"summary_large_image","schema":{"@context":"https:\/\/schema.org","@graph":[{"@type":"WebPage","@id":"https:\/\/www.informationsportal.de\/ikkbb\/sv-bibliothek\/versicherung-und-beitragsrecht\/beitragseinzug\/gemeinsamer-beitragseinzug\/","url":"https:\/\/www.informationsportal.de\/ikkbb\/sv-bibliothek\/versicherung-und-beitragsrecht\/beitragseinzug\/gemeinsamer-beitragseinzug\/","name":"Gemeinsamer Beitragseinzug - Informationsportal f\u00fcr Arbeitgeber der IKK Brandenburg und Berlin","isPartOf":{"@id":"https:\/\/www.informationsportal.de\/ikkbb\/#website"},"datePublished":"2017-01-01T16:00:00+00:00","dateModified":"2020-10-29T12:57:34+00:00","breadcrumb":{"@id":"https:\/\/www.informationsportal.de\/ikkbb\/sv-bibliothek\/versicherung-und-beitragsrecht\/beitragseinzug\/gemeinsamer-beitragseinzug\/#breadcrumb"},"inLanguage":"de","potentialAction":[{"@type":"ReadAction","target":["https:\/\/www.informationsportal.de\/ikkbb\/sv-bibliothek\/versicherung-und-beitragsrecht\/beitragseinzug\/gemeinsamer-beitragseinzug\/"]}]},{"@type":"BreadcrumbList","@id":"https:\/\/www.informationsportal.de\/ikkbb\/sv-bibliothek\/versicherung-und-beitragsrecht\/beitragseinzug\/gemeinsamer-beitragseinzug\/#breadcrumb","itemListElement":[{"@type":"ListItem","position":1,"name":"SV-Bibliothek","item":"https:\/\/www.informationsportal.de\/ikkbb\/sv-bibliothek\/"},{"@type":"ListItem","position":2,"name":"Versicherungs- und Beitragsrecht","item":"https:\/\/www.informationsportal.de\/ikkbb\/sv-bibliothek\/versicherung-und-beitragsrecht\/"},{"@type":"ListItem","position":3,"name":"Beitragseinzug","item":"https:\/\/www.informationsportal.de\/ikkbb\/sv-bibliothek\/versicherung-und-beitragsrecht\/beitragseinzug\/"},{"@type":"ListItem","position":4,"name":"Gemeinsamer Beitragseinzug"}]},{"@type":"WebSite","@id":"https:\/\/www.informationsportal.de\/ikkbb\/#website","url":"https:\/\/www.informationsportal.de\/ikkbb\/","name":"Informationsportal f\u00fcr Arbeitgeber der IKK Brandenburg und Berlin","description":"Eine weitere Informationsportal f\u00fcr Arbeitgeber Websites Website","potentialAction":[{"@type":"SearchAction","target":{"@type":"EntryPoint","urlTemplate":"https:\/\/www.informationsportal.de\/ikkbb\/?s={search_term_string}"},"query-input":{"@type":"PropertyValueSpecification","valueRequired":true,"valueName":"search_term_string"}}],"inLanguage":"de"}]}},"_links":{"self":[{"href":"https:\/\/www.informationsportal.de\/ikkbb\/wp-json\/wp\/v2\/pages\/1031","targetHints":{"allow":["GET"]}}],"collection":[{"href":"https:\/\/www.informationsportal.de\/ikkbb\/wp-json\/wp\/v2\/pages"}],"about":[{"href":"https:\/\/www.informationsportal.de\/ikkbb\/wp-json\/wp\/v2\/types\/page"}],"author":[{"embeddable":true,"href":"https:\/\/www.informationsportal.de\/ikkbb\/wp-json\/wp\/v2\/users\/2"}],"replies":[{"embeddable":true,"href":"https:\/\/www.informationsportal.de\/ikkbb\/wp-json\/wp\/v2\/comments?post=1031"}],"version-history":[{"count":4,"href":"https:\/\/www.informationsportal.de\/ikkbb\/wp-json\/wp\/v2\/pages\/1031\/revisions"}],"predecessor-version":[{"id":9911,"href":"https:\/\/www.informationsportal.de\/ikkbb\/wp-json\/wp\/v2\/pages\/1031\/revisions\/9911"}],"up":[{"embeddable":true,"href":"https:\/\/www.informationsportal.de\/ikkbb\/wp-json\/wp\/v2\/pages\/4888"}],"wp:attachment":[{"href":"https:\/\/www.informationsportal.de\/ikkbb\/wp-json\/wp\/v2\/media?parent=1031"}],"curies":[{"name":"wp","href":"https:\/\/api.w.org\/{rel}","templated":true}]}}