{"id":11,"date":"2017-01-01T16:00:00","date_gmt":"2017-01-01T15:00:00","guid":{"rendered":"https:\/\/www.informationsportal.de\/?page_id=11"},"modified":"2024-06-26T14:30:19","modified_gmt":"2024-06-26T12:30:19","slug":"ueber-das-portal","status":"publish","type":"page","link":"https:\/\/www.informationsportal.de\/ikkbb\/ueber-das-portal\/","title":{"rendered":"\u00dcber das Portal"},"content":{"rendered":"<h2 id=\"block-0972fc50-af0e-449e-a520-49d6b8d7b619\" class=\"block-editor-rich-text__editable block-editor-block-list__block wp-block is-selected rich-text\" role=\"group\" aria-label=\"Block: \u00dcberschrift\" data-block=\"0972fc50-af0e-449e-a520-49d6b8d7b619\" data-type=\"core\/heading\" data-title=\"\u00dcberschrift\">\u00dcber das Portal<\/h2>\r\nDas Thema Sozialversicherung ist nicht so einfach zu durchschauen. Deshalb sind viele Arbeitgeber unsicher, ob und wof\u00fcr die einzelnen Tr\u00e4ger der Sozialversicherung zust\u00e4ndig sind und wem sie was melden m\u00fcssen. Krankenkasse oder Minijob-Zentrale? Die deutsche Rentenversicherung oder die Bundesagentur f\u00fcr Arbeit? Wann ist eine Meldung beim Unfallversicherungstr\u00e4ger f\u00e4llig? Und welche Aufgabe hat der Betriebsnummern-Service?\r\n\r\nDeshalb haben wir, die ITSG GmbH, im Auftrag des Bundesinnenministeriums f\u00fcr Arbeit und Soziales (BMAS) dieses Informationsportal f\u00fcr Arbeitgeber entwickelt. Das Informationsportal ist inzwischen in <a href=\"https:\/\/www.gesetze-im-internet.de\/sgb_4\/__105.html\" target=\"_blank\" rel=\"noopener noreferrer\">\u00a7 105 SGB IV<\/a> geregelt und wird von den <a href=\"https:\/\/www.informationsportal.de\/ikkbb\/?post_type=subtheme&amp;p=14469\">Tr\u00e4gern der Sozialversicherung<\/a> gemeinsam finanziert. <a href=\"https:\/\/www.informationsportal.de\/sv-bibliothek\/meldeverfahren\/gemeinsame-meldeverfahren\/sonstige-themen\/informationsportal\/\">Die Gemeinsame Grunds\u00e4tze zum Informationsportal f\u00fcr Arbeitgeber nach \u00a7 105 Absatz 3 SGB IV finden Sie auch in unsere SV-Bibliothek.<\/a>\r\n<h2><strong>Informationen zu Meldepflichten: ausf\u00fchrlich und aktuell<\/strong><\/h2>\r\n<h2><strong>Interaktive Frage-Antwort-Kataloge<\/strong><\/h2>\r\nSind Sie Existenzgr\u00fcnder und m\u00f6chten <a href=\"https:\/\/www.informationsportal.de\/ikkbb\/einstieg\/neuer-arbeitgeber\/\">zum ersten Mal einen Arbeitnehmer einstellen<\/a>? Oder haben Sie bereits etwas <a href=\"https:\/\/www.informationsportal.de\/ikkbb\/einstieg\/neueinstellungen\/\">Erfahrung als Arbeitgeber<\/a>, wissen aber nicht genau, wie Sie den tollen Praktikanten als Teilzeitjobber \u00fcbernehmen k\u00f6nnen? Was m\u00fcssen Sie melden, <a href=\"https:\/\/www.informationsportal.de\/ikkbb\/einstieg\/veraenderungen\/\">wenn sich bei Ihnen im Betrieb oder beim Arbeitnehmer etwas \u00e4ndert<\/a>? Dann haben wir eine echte Hilfe f\u00fcr Sie: In unseren Frage-Antwort-Katalogen haben wir die wichtisgten Anl\u00e4sse (Lebenslagen) f\u00fcr eine Meldung bei der Sozialversicherung abgebildet. Aufgrund Ihrer Antworten erhalten Sie individuelle, konkrete Informationen zu den Meldepflichten, grundlegende Handlungsempfehlungen und eine \u00dcbersicht der erforderlichen Angaben. Zum Schluss erhalten Sie alle Ergebnisse als PDF \u2013 bei Neueinstellungen inklusive einer Checkliste der n\u00f6tigen Angaben.\r\n<h3 data-tadv-p=\"keep\"><strong>Passende Informationsangebote f\u00fcr Anf\u00e4nger, Erfahrene und Experten<\/strong><\/h3>\r\n<ul>\r\n \t<li>F\u00fcr Eilige bietet unser <a href=\"https:\/\/www.informationsportal.de\/ikkbb\/glossar\/\">Glossar<\/a> eine schnelle Orientierung.<\/li>\r\n \t<li>Unsere <a href=\"https:\/\/www.informationsportal.de\/ikkbb\/steckbriefe\/\">Steckbriefe<\/a> sind das Richtige f\u00fcr alle, die sich n\u00e4her informieren m\u00f6chten.<\/li>\r\n \t<li>Und wer die Dokumente nachlesen m\u00f6chte, auf denen alle Meldepflichten basieren, kann sich in unserer umfangreichen <a href=\"https:\/\/www.informationsportal.de\/ikkbb\/sv-bibliothek\/\">SV-Bibliothek<\/a> umschauen. Hier finden Sie alle Grunds\u00e4tze, Richtlinien und Beschl\u00fcsse.<\/li>\r\n \t<li>Aktuelle Entwicklungen in der Sozialversicherung, interessante Gerichtsurteile und neue Services der Sozialversicherungstr\u00e4ger \u2013 all das erfahren Sie in unserer Rubrik \u201e<a href=\"https:\/\/www.informationsportal.de\/ikkbb\/gutzuwissen\/\" target=\"_blank\" rel=\"noopener noreferrer\">Gut zu wissen<\/a>\u201c.<\/li>\r\n<\/ul>\r\n<h3><strong>Gemerkte Seiten<\/strong><\/h3>\r\nAlle genutzten Frage-Antwort-Kataloge und deren Ergebnisse werden unter &#8222;Gemerkte Seiten&#8220; gespeichert <span style=\"float: none; background-color: #ffffff; color: #191e23; cursor: text; font-family: 'Noto Serif'; font-size: 16px; font-style: normal; font-variant: normal; font-weight: 400; letter-spacing: normal; text-align: left; text-decoration: none; text-indent: 0px; text-transform: none;\">\u2013<\/span> solange, wie Ihr Browser ge\u00f6ffnet ist, bzw. h\u00f6chstens 24 Stunden.\r\n<h2><strong>Pers\u00f6nliche Beratung<\/strong><\/h2>\r\nBeachten Sie bitte, dass das Informationsportal eine Orientierungshilfe bei den Meldepflichten der Sozialversicherung darstellt. Es ersetzt jedoch nicht die pers\u00f6nliche Beratung oder die sozialversicherungsrechtliche Beurteilung eines konkreten Sachverhalts im Einzelfall. Hier stehen Ihnen gern die Berater der einzelnen Tr\u00e4ger der Sozialversicherung zur Verf\u00fcgung:\r\n<ul>\r\n \t<li><a href=\"https:\/\/www.gkv-spitzenverband.de\/service\/krankenkassenliste\/krankenkassen.jsp\" target=\"_blank\" rel=\"noopener noreferrer\">Die Krankenkasse Ihrer Arbeitnehmer<\/a><\/li>\r\n \t<li><a href=\"https:\/\/www.minijob-zentrale.de\/DE\/meta\/kontakt\/kontakt_node.html\" target=\"_blank\" rel=\"noopener noreferrer\">Minijob-Zentrale<\/a><\/li>\r\n \t<li><a href=\"https:\/\/www.deutsche-rentenversicherung.de\/DRV\/DE\/Home\/home_node.html;jsessionid=301AFC3E55B4E65792F1C5F69F317EDF.delivery1-8-replication\" target=\"_blank\" rel=\"noopener noreferrer\">Deutsche-Rentenversicherung<\/a><\/li>\r\n \t<li><a href=\"https:\/\/www.arbeitsagentur.de\/unternehmen\" target=\"_blank\" rel=\"noopener noreferrer\">Bundesagentur f\u00fcr Arbeit, Bereich Unternehmer<\/a><\/li>\r\n \t<li><a href=\"https:\/\/dguv.de\/de\/bg-uk-lv\/index.jsp\">Ihre Berufsgenossenschaft oder Unfallkasse<\/a><\/li>\r\n<\/ul>\r\nEine Liste aller Spitzenorganisationen und den jeweiligen SV-Tr\u00e4gern finden Sie unter <a href=\"https:\/\/www.informationsportal.de\/ikkbb\/ueber-das-portal\/sv-navigator\/\">SV-Navigator<\/a>.\r\n\r\nWenn Sie einen technischen Defekt festgestellt haben, dann freuen wir uns \u00fcber einen Hinweis per E-Mail. Nutzen Sie dazu unser <a href=\"https:\/\/www.informationsportal.de\/ikkbb\/kontakt\/\" target=\"_blank\" rel=\"noopener noreferrer\">Kontaktformular<\/a>.","protected":false},"excerpt":{"rendered":"<p>Mit vielen aktuellen, verl\u00e4sslichen Informationen und interaktiven Frage-Antwort-Katalogen erfahren Sie, wie Sie Meldungen zur Sozialversicherung korrekt abgeben.  So unterst\u00fctzt Sie das Informationsportal f\u00fcr Arbeitgeber.<\/p>","protected":false},"author":1,"featured_media":0,"parent":0,"menu_order":0,"comment_status":"closed","ping_status":"closed","template":"","meta":{"_acf_changed":false,"footnotes":""},"class_list":["post-11","page","type-page","status-publish","hentry"],"acf":[],"yoast_head":"<!-- This site is optimized with the Yoast SEO plugin v26.3 - https:\/\/yoast.com\/wordpress\/plugins\/seo\/ -->\n<title>\u00dcber das Portal - Informationsportal f\u00fcr Arbeitgeber der IKK Brandenburg und Berlin<\/title>\n<meta name=\"description\" content=\"Das Informationsportal f\u00fcr Arbeitgeber unterst\u00fctzt Sie als Arbeitgeiber: Hier finden Sie heraus, wie Sie korrekt Meldungen zur Sozialversicherung abgeben.\" \/>\n<meta name=\"robots\" content=\"index, follow, max-snippet:-1, max-image-preview:large, max-video-preview:-1\" \/>\n<link rel=\"canonical\" href=\"https:\/\/www.informationsportal.de\/ikkbb\/ueber-das-portal\/\" \/>\n<meta property=\"og:locale\" content=\"de_DE\" \/>\n<meta property=\"og:type\" content=\"article\" \/>\n<meta property=\"og:title\" content=\"\u00dcber das Portal - Informationsportal f\u00fcr Arbeitgeber der IKK Brandenburg und Berlin\" \/>\n<meta property=\"og:description\" content=\"Das Informationsportal f\u00fcr Arbeitgeber unterst\u00fctzt Sie als Arbeitgeiber: Hier finden Sie heraus, wie Sie korrekt Meldungen zur Sozialversicherung abgeben.\" \/>\n<meta property=\"og:url\" content=\"https:\/\/www.informationsportal.de\/ikkbb\/ueber-das-portal\/\" \/>\n<meta property=\"og:site_name\" content=\"Informationsportal f\u00fcr Arbeitgeber der IKK Brandenburg und Berlin\" \/>\n<meta property=\"article:modified_time\" content=\"2024-06-26T12:30:19+00:00\" \/>\n<meta name=\"twitter:card\" content=\"summary_large_image\" \/>\n<meta name=\"twitter:label1\" content=\"Gesch\u00e4tzte Lesezeit\" \/>\n\t<meta name=\"twitter:data1\" content=\"3\u00a0Minuten\" \/>\n<script type=\"application\/ld+json\" class=\"yoast-schema-graph\">{\"@context\":\"https:\/\/schema.org\",\"@graph\":[{\"@type\":\"WebPage\",\"@id\":\"https:\/\/www.informationsportal.de\/ikkbb\/ueber-das-portal\/\",\"url\":\"https:\/\/www.informationsportal.de\/ikkbb\/ueber-das-portal\/\",\"name\":\"\u00dcber das Portal - Informationsportal f\u00fcr Arbeitgeber der IKK Brandenburg und Berlin\",\"isPartOf\":{\"@id\":\"https:\/\/www.informationsportal.de\/ikkbb\/#website\"},\"datePublished\":\"2017-01-01T15:00:00+00:00\",\"dateModified\":\"2024-06-26T12:30:19+00:00\",\"description\":\"Das Informationsportal f\u00fcr Arbeitgeber unterst\u00fctzt Sie als Arbeitgeiber: Hier finden Sie heraus, wie Sie korrekt Meldungen zur Sozialversicherung abgeben.\",\"inLanguage\":\"de\",\"potentialAction\":[{\"@type\":\"ReadAction\",\"target\":[\"https:\/\/www.informationsportal.de\/ikkbb\/ueber-das-portal\/\"]}]},{\"@type\":\"WebSite\",\"@id\":\"https:\/\/www.informationsportal.de\/ikkbb\/#website\",\"url\":\"https:\/\/www.informationsportal.de\/ikkbb\/\",\"name\":\"Informationsportal f\u00fcr Arbeitgeber der IKK Brandenburg und Berlin\",\"description\":\"Eine weitere Informationsportal f\u00fcr Arbeitgeber Websites Website\",\"potentialAction\":[{\"@type\":\"SearchAction\",\"target\":{\"@type\":\"EntryPoint\",\"urlTemplate\":\"https:\/\/www.informationsportal.de\/ikkbb\/?s={search_term_string}\"},\"query-input\":{\"@type\":\"PropertyValueSpecification\",\"valueRequired\":true,\"valueName\":\"search_term_string\"}}],\"inLanguage\":\"de\"}]}<\/script>\n<!-- \/ Yoast SEO plugin. -->","yoast_head_json":{"title":"\u00dcber das Portal - Informationsportal f\u00fcr Arbeitgeber der IKK Brandenburg und Berlin","description":"Das Informationsportal f\u00fcr Arbeitgeber unterst\u00fctzt Sie als Arbeitgeiber: Hier finden Sie heraus, wie Sie korrekt Meldungen zur Sozialversicherung abgeben.","robots":{"index":"index","follow":"follow","max-snippet":"max-snippet:-1","max-image-preview":"max-image-preview:large","max-video-preview":"max-video-preview:-1"},"canonical":"https:\/\/www.informationsportal.de\/ikkbb\/ueber-das-portal\/","og_locale":"de_DE","og_type":"article","og_title":"\u00dcber das Portal - Informationsportal f\u00fcr Arbeitgeber der IKK Brandenburg und Berlin","og_description":"Das Informationsportal f\u00fcr Arbeitgeber unterst\u00fctzt Sie als Arbeitgeiber: Hier finden Sie heraus, wie Sie korrekt Meldungen zur Sozialversicherung abgeben.","og_url":"https:\/\/www.informationsportal.de\/ikkbb\/ueber-das-portal\/","og_site_name":"Informationsportal f\u00fcr Arbeitgeber der IKK Brandenburg und Berlin","article_modified_time":"2024-06-26T12:30:19+00:00","twitter_card":"summary_large_image","twitter_misc":{"Gesch\u00e4tzte Lesezeit":"3\u00a0Minuten"},"schema":{"@context":"https:\/\/schema.org","@graph":[{"@type":"WebPage","@id":"https:\/\/www.informationsportal.de\/ikkbb\/ueber-das-portal\/","url":"https:\/\/www.informationsportal.de\/ikkbb\/ueber-das-portal\/","name":"\u00dcber das Portal - Informationsportal f\u00fcr Arbeitgeber der IKK Brandenburg und Berlin","isPartOf":{"@id":"https:\/\/www.informationsportal.de\/ikkbb\/#website"},"datePublished":"2017-01-01T15:00:00+00:00","dateModified":"2024-06-26T12:30:19+00:00","description":"Das Informationsportal f\u00fcr Arbeitgeber unterst\u00fctzt Sie als Arbeitgeiber: Hier finden Sie heraus, wie Sie korrekt Meldungen zur Sozialversicherung abgeben.","inLanguage":"de","potentialAction":[{"@type":"ReadAction","target":["https:\/\/www.informationsportal.de\/ikkbb\/ueber-das-portal\/"]}]},{"@type":"WebSite","@id":"https:\/\/www.informationsportal.de\/ikkbb\/#website","url":"https:\/\/www.informationsportal.de\/ikkbb\/","name":"Informationsportal f\u00fcr Arbeitgeber der IKK Brandenburg und Berlin","description":"Eine weitere Informationsportal f\u00fcr Arbeitgeber Websites Website","potentialAction":[{"@type":"SearchAction","target":{"@type":"EntryPoint","urlTemplate":"https:\/\/www.informationsportal.de\/ikkbb\/?s={search_term_string}"},"query-input":{"@type":"PropertyValueSpecification","valueRequired":true,"valueName":"search_term_string"}}],"inLanguage":"de"}]}},"_links":{"self":[{"href":"https:\/\/www.informationsportal.de\/ikkbb\/wp-json\/wp\/v2\/pages\/11","targetHints":{"allow":["GET"]}}],"collection":[{"href":"https:\/\/www.informationsportal.de\/ikkbb\/wp-json\/wp\/v2\/pages"}],"about":[{"href":"https:\/\/www.informationsportal.de\/ikkbb\/wp-json\/wp\/v2\/types\/page"}],"author":[{"embeddable":true,"href":"https:\/\/www.informationsportal.de\/ikkbb\/wp-json\/wp\/v2\/users\/1"}],"replies":[{"embeddable":true,"href":"https:\/\/www.informationsportal.de\/ikkbb\/wp-json\/wp\/v2\/comments?post=11"}],"version-history":[{"count":5,"href":"https:\/\/www.informationsportal.de\/ikkbb\/wp-json\/wp\/v2\/pages\/11\/revisions"}],"predecessor-version":[{"id":17963,"href":"https:\/\/www.informationsportal.de\/ikkbb\/wp-json\/wp\/v2\/pages\/11\/revisions\/17963"}],"wp:attachment":[{"href":"https:\/\/www.informationsportal.de\/ikkbb\/wp-json\/wp\/v2\/media?parent=11"}],"curies":[{"name":"wp","href":"https:\/\/api.w.org\/{rel}","templated":true}]}}