{"id":15,"date":"2017-01-01T16:00:00","date_gmt":"2017-01-01T16:00:00","guid":{"rendered":"https:\/\/www.informationsportal.de\/?page_id=15"},"modified":"2022-08-18T09:36:30","modified_gmt":"2022-08-18T07:36:30","slug":"kontakt","status":"publish","type":"page","link":"https:\/\/www.informationsportal.de\/ikkbb\/kontakt\/","title":{"rendered":"Kontakt"},"content":{"rendered":"<h2 data-tadv-p=\"keep\">Sie haben Fragen? Kontaktangebote f\u00fcr Arbeitgeber<\/h2>\nFragen zu Meldepflichten kl\u00e4ren Sie bitte mit dem zust\u00e4ndigen Sozialversicherungstr\u00e4ger, zum Beispiel der Krankenkasse Ihres Arbeitnehmers oder der Minijob-Zentrale.\n\nGern k\u00f6nnen Sie sich auch an den <a href=\"https:\/\/www.ikkbb.de\/service\/beratung\/kontakt\/kontaktformular\" target=\"_blank\" rel=\"noopener noreferrer\">Arbeitgeber-Service der IKK BB<\/a>\u00a0wenden.\n\nF\u00fcr<strong> technische Fragen und Anliegen<\/strong> nutzen Sie bitte das nachfolgende Kontaktformular.","protected":false},"excerpt":{"rendered":"<p>Sie haben Fragen? Kontaktangebote f\u00fcr Arbeitgeber Fragen zu Meldepflichten kl\u00e4ren Sie bitte mit dem zust\u00e4ndigen Sozialversicherungstr\u00e4ger, zum Beispiel der Krankenkasse Ihres Arbeitnehmers oder der Minijob-Zentrale.  Gern k\u00f6nnen Sie sich auch an den Arbeitgeber-Service der IKK BB\u00a0wenden.  F\u00fcr technische Fragen und Anliegen nutzen Sie bitte das nachfolgende Kontaktformular.<\/p>","protected":false},"author":2,"featured_media":0,"parent":0,"menu_order":0,"comment_status":"closed","ping_status":"closed","template":"tpl_contact.php","meta":{"_acf_changed":false,"footnotes":""},"class_list":["post-15","page","type-page","status-publish","hentry"],"acf":[],"yoast_head":"<!-- This site is optimized with the Yoast SEO plugin v26.3 - https:\/\/yoast.com\/wordpress\/plugins\/seo\/ -->\n<title>Kontakt - Informationsportal f\u00fcr Arbeitgeber der IKK Brandenburg und Berlin<\/title>\n<meta name=\"description\" content=\"Sie haben Fragen? Auf unsere Seite Kontakt finden Sie die passenden Ansprechpartner. Bei technischen Problemen nutzen Sie bitte direkt das Kontaktformular.\" \/>\n<meta name=\"robots\" content=\"index, follow, max-snippet:-1, max-image-preview:large, max-video-preview:-1\" \/>\n<link rel=\"canonical\" href=\"https:\/\/www.informationsportal.de\/ikkbb\/kontakt\/\" \/>\n<meta property=\"og:locale\" content=\"de_DE\" \/>\n<meta property=\"og:type\" content=\"article\" \/>\n<meta property=\"og:title\" content=\"Kontakt - Informationsportal f\u00fcr Arbeitgeber der IKK Brandenburg und Berlin\" \/>\n<meta property=\"og:description\" content=\"Sie haben Fragen? Auf unsere Seite Kontakt finden Sie die passenden Ansprechpartner. Bei technischen Problemen nutzen Sie bitte direkt das Kontaktformular.\" \/>\n<meta property=\"og:url\" content=\"https:\/\/www.informationsportal.de\/ikkbb\/kontakt\/\" \/>\n<meta property=\"og:site_name\" content=\"Informationsportal f\u00fcr Arbeitgeber der IKK Brandenburg und Berlin\" \/>\n<meta property=\"article:modified_time\" content=\"2022-08-18T07:36:30+00:00\" \/>\n<meta name=\"twitter:card\" content=\"summary_large_image\" \/>\n<meta name=\"twitter:label1\" content=\"Gesch\u00e4tzte Lesezeit\" \/>\n\t<meta name=\"twitter:data1\" content=\"1\u00a0Minute\" \/>\n<script type=\"application\/ld+json\" class=\"yoast-schema-graph\">{\"@context\":\"https:\/\/schema.org\",\"@graph\":[{\"@type\":\"WebPage\",\"@id\":\"https:\/\/www.informationsportal.de\/ikkbb\/kontakt\/\",\"url\":\"https:\/\/www.informationsportal.de\/ikkbb\/kontakt\/\",\"name\":\"Kontakt - Informationsportal f\u00fcr Arbeitgeber der IKK Brandenburg und Berlin\",\"isPartOf\":{\"@id\":\"https:\/\/www.informationsportal.de\/ikkbb\/#website\"},\"datePublished\":\"2017-01-01T16:00:00+00:00\",\"dateModified\":\"2022-08-18T07:36:30+00:00\",\"description\":\"Sie haben Fragen? Auf unsere Seite Kontakt finden Sie die passenden Ansprechpartner. Bei technischen Problemen nutzen Sie bitte direkt das Kontaktformular.\",\"inLanguage\":\"de\",\"potentialAction\":[{\"@type\":\"ReadAction\",\"target\":[\"https:\/\/www.informationsportal.de\/ikkbb\/kontakt\/\"]}]},{\"@type\":\"WebSite\",\"@id\":\"https:\/\/www.informationsportal.de\/ikkbb\/#website\",\"url\":\"https:\/\/www.informationsportal.de\/ikkbb\/\",\"name\":\"Informationsportal f\u00fcr Arbeitgeber der IKK Brandenburg und Berlin\",\"description\":\"Eine weitere Informationsportal f\u00fcr Arbeitgeber Websites Website\",\"potentialAction\":[{\"@type\":\"SearchAction\",\"target\":{\"@type\":\"EntryPoint\",\"urlTemplate\":\"https:\/\/www.informationsportal.de\/ikkbb\/?s={search_term_string}\"},\"query-input\":{\"@type\":\"PropertyValueSpecification\",\"valueRequired\":true,\"valueName\":\"search_term_string\"}}],\"inLanguage\":\"de\"}]}<\/script>\n<!-- \/ Yoast SEO plugin. -->","yoast_head_json":{"title":"Kontakt - Informationsportal f\u00fcr Arbeitgeber der IKK Brandenburg und Berlin","description":"Sie haben Fragen? Auf unsere Seite Kontakt finden Sie die passenden Ansprechpartner. Bei technischen Problemen nutzen Sie bitte direkt das Kontaktformular.","robots":{"index":"index","follow":"follow","max-snippet":"max-snippet:-1","max-image-preview":"max-image-preview:large","max-video-preview":"max-video-preview:-1"},"canonical":"https:\/\/www.informationsportal.de\/ikkbb\/kontakt\/","og_locale":"de_DE","og_type":"article","og_title":"Kontakt - Informationsportal f\u00fcr Arbeitgeber der IKK Brandenburg und Berlin","og_description":"Sie haben Fragen? Auf unsere Seite Kontakt finden Sie die passenden Ansprechpartner. Bei technischen Problemen nutzen Sie bitte direkt das Kontaktformular.","og_url":"https:\/\/www.informationsportal.de\/ikkbb\/kontakt\/","og_site_name":"Informationsportal f\u00fcr Arbeitgeber der IKK Brandenburg und Berlin","article_modified_time":"2022-08-18T07:36:30+00:00","twitter_card":"summary_large_image","twitter_misc":{"Gesch\u00e4tzte Lesezeit":"1\u00a0Minute"},"schema":{"@context":"https:\/\/schema.org","@graph":[{"@type":"WebPage","@id":"https:\/\/www.informationsportal.de\/ikkbb\/kontakt\/","url":"https:\/\/www.informationsportal.de\/ikkbb\/kontakt\/","name":"Kontakt - Informationsportal f\u00fcr Arbeitgeber der IKK Brandenburg und Berlin","isPartOf":{"@id":"https:\/\/www.informationsportal.de\/ikkbb\/#website"},"datePublished":"2017-01-01T16:00:00+00:00","dateModified":"2022-08-18T07:36:30+00:00","description":"Sie haben Fragen? Auf unsere Seite Kontakt finden Sie die passenden Ansprechpartner. Bei technischen Problemen nutzen Sie bitte direkt das Kontaktformular.","inLanguage":"de","potentialAction":[{"@type":"ReadAction","target":["https:\/\/www.informationsportal.de\/ikkbb\/kontakt\/"]}]},{"@type":"WebSite","@id":"https:\/\/www.informationsportal.de\/ikkbb\/#website","url":"https:\/\/www.informationsportal.de\/ikkbb\/","name":"Informationsportal f\u00fcr Arbeitgeber der IKK Brandenburg und Berlin","description":"Eine weitere Informationsportal f\u00fcr Arbeitgeber Websites Website","potentialAction":[{"@type":"SearchAction","target":{"@type":"EntryPoint","urlTemplate":"https:\/\/www.informationsportal.de\/ikkbb\/?s={search_term_string}"},"query-input":{"@type":"PropertyValueSpecification","valueRequired":true,"valueName":"search_term_string"}}],"inLanguage":"de"}]}},"_links":{"self":[{"href":"https:\/\/www.informationsportal.de\/ikkbb\/wp-json\/wp\/v2\/pages\/15","targetHints":{"allow":["GET"]}}],"collection":[{"href":"https:\/\/www.informationsportal.de\/ikkbb\/wp-json\/wp\/v2\/pages"}],"about":[{"href":"https:\/\/www.informationsportal.de\/ikkbb\/wp-json\/wp\/v2\/types\/page"}],"author":[{"embeddable":true,"href":"https:\/\/www.informationsportal.de\/ikkbb\/wp-json\/wp\/v2\/users\/2"}],"replies":[{"embeddable":true,"href":"https:\/\/www.informationsportal.de\/ikkbb\/wp-json\/wp\/v2\/comments?post=15"}],"version-history":[{"count":3,"href":"https:\/\/www.informationsportal.de\/ikkbb\/wp-json\/wp\/v2\/pages\/15\/revisions"}],"predecessor-version":[{"id":16760,"href":"https:\/\/www.informationsportal.de\/ikkbb\/wp-json\/wp\/v2\/pages\/15\/revisions\/16760"}],"wp:attachment":[{"href":"https:\/\/www.informationsportal.de\/ikkbb\/wp-json\/wp\/v2\/media?parent=15"}],"curies":[{"name":"wp","href":"https:\/\/api.w.org\/{rel}","templated":true}]}}