{"id":15746,"date":"2021-12-02T13:14:52","date_gmt":"2021-12-02T12:14:52","guid":{"rendered":"https:\/\/www.informationsportal.de\/ikkbb\/entsendung-und-selbststaendige-taetigkeit-im-ausland\/"},"modified":"2021-12-02T18:15:23","modified_gmt":"2021-12-02T17:15:23","slug":"entsendung-und-selbststaendige-taetigkeit-im-ausland","status":"publish","type":"page","link":"https:\/\/www.informationsportal.de\/ikkbb\/sv-bibliothek\/meldeverfahren\/gemeinsame-meldeverfahren\/entsendung-und-selbststaendige-taetigkeit-im-ausland\/","title":{"rendered":"Entsendung und selbstst\u00e4ndige T\u00e4tigkeit im Ausland"},"content":{"rendered":"\n<h2>Entsendung und selbstst\u00e4ndige T\u00e4tigkeit im Ausland<\/h2>\n<p>Elektronisches Antrags- und Bescheinigungsverfahren A1 nach \u00a7 106a SGB IV<br>Nachfolgend finden Sie die Dokumente, die erl\u00e4utern, wie die A1-Bescheinigung A1 elektronisch beantragt und ausgestellt wird.<\/p>\n","protected":false},"excerpt":{"rendered":"Entsendung und selbstst\u00e4ndige T\u00e4tigkeit im Ausland Elektronisches Antrags- und Bescheinigungsverfahren A1 nach \u00a7 106a SGB IVNachfolgend finden Sie die Dokumente, die erl\u00e4utern, wie die A1-Bescheinigung A1 elektronisch beantragt und ausgestellt wird.","protected":false},"author":1,"featured_media":0,"parent":754,"menu_order":0,"comment_status":"closed","ping_status":"closed","template":"tpl_documents_blog.php","meta":{"_acf_changed":false,"footnotes":""},"class_list":["post-15746","page","type-page","status-publish","hentry"],"acf":[],"yoast_head":"<!-- This site is optimized with the Yoast SEO plugin v26.3 - https:\/\/yoast.com\/wordpress\/plugins\/seo\/ -->\n<title>Entsendung und selbstst\u00e4ndige T\u00e4tigkeit im Ausland - Informationsportal f\u00fcr Arbeitgeber der IKK Brandenburg und Berlin<\/title>\n<meta name=\"robots\" content=\"index, follow, max-snippet:-1, max-image-preview:large, max-video-preview:-1\" \/>\n<link rel=\"canonical\" href=\"https:\/\/www.informationsportal.de\/ikkbb\/sv-bibliothek\/meldeverfahren\/gemeinsame-meldeverfahren\/entsendung-und-selbststaendige-taetigkeit-im-ausland\/\" \/>\n<meta property=\"og:locale\" content=\"de_DE\" \/>\n<meta property=\"og:type\" content=\"article\" \/>\n<meta property=\"og:title\" content=\"Entsendung und selbstst\u00e4ndige T\u00e4tigkeit im Ausland - Informationsportal f\u00fcr Arbeitgeber der IKK Brandenburg und Berlin\" \/>\n<meta property=\"og:url\" content=\"https:\/\/www.informationsportal.de\/ikkbb\/sv-bibliothek\/meldeverfahren\/gemeinsame-meldeverfahren\/entsendung-und-selbststaendige-taetigkeit-im-ausland\/\" \/>\n<meta property=\"og:site_name\" content=\"Informationsportal f\u00fcr Arbeitgeber der IKK Brandenburg und Berlin\" \/>\n<meta property=\"article:modified_time\" content=\"2021-12-02T17:15:23+00:00\" \/>\n<meta name=\"twitter:card\" content=\"summary_large_image\" \/>\n<meta name=\"twitter:label1\" content=\"Gesch\u00e4tzte Lesezeit\" \/>\n\t<meta name=\"twitter:data1\" content=\"1\u00a0Minute\" \/>\n<script type=\"application\/ld+json\" class=\"yoast-schema-graph\">{\"@context\":\"https:\/\/schema.org\",\"@graph\":[{\"@type\":\"WebPage\",\"@id\":\"https:\/\/www.informationsportal.de\/ikkbb\/sv-bibliothek\/meldeverfahren\/gemeinsame-meldeverfahren\/entsendung-und-selbststaendige-taetigkeit-im-ausland\/\",\"url\":\"https:\/\/www.informationsportal.de\/ikkbb\/sv-bibliothek\/meldeverfahren\/gemeinsame-meldeverfahren\/entsendung-und-selbststaendige-taetigkeit-im-ausland\/\",\"name\":\"Entsendung und selbstst\u00e4ndige T\u00e4tigkeit im Ausland - Informationsportal f\u00fcr Arbeitgeber der IKK Brandenburg und Berlin\",\"isPartOf\":{\"@id\":\"https:\/\/www.informationsportal.de\/ikkbb\/#website\"},\"datePublished\":\"2021-12-02T12:14:52+00:00\",\"dateModified\":\"2021-12-02T17:15:23+00:00\",\"breadcrumb\":{\"@id\":\"https:\/\/www.informationsportal.de\/ikkbb\/sv-bibliothek\/meldeverfahren\/gemeinsame-meldeverfahren\/entsendung-und-selbststaendige-taetigkeit-im-ausland\/#breadcrumb\"},\"inLanguage\":\"de\",\"potentialAction\":[{\"@type\":\"ReadAction\",\"target\":[\"https:\/\/www.informationsportal.de\/ikkbb\/sv-bibliothek\/meldeverfahren\/gemeinsame-meldeverfahren\/entsendung-und-selbststaendige-taetigkeit-im-ausland\/\"]}]},{\"@type\":\"BreadcrumbList\",\"@id\":\"https:\/\/www.informationsportal.de\/ikkbb\/sv-bibliothek\/meldeverfahren\/gemeinsame-meldeverfahren\/entsendung-und-selbststaendige-taetigkeit-im-ausland\/#breadcrumb\",\"itemListElement\":[{\"@type\":\"ListItem\",\"position\":1,\"name\":\"SV-Bibliothek\",\"item\":\"https:\/\/www.informationsportal.de\/ikkbb\/sv-bibliothek\/\"},{\"@type\":\"ListItem\",\"position\":2,\"name\":\"Meldeverfahren\",\"item\":\"https:\/\/www.informationsportal.de\/ikkbb\/sv-bibliothek\/meldeverfahren\/\"},{\"@type\":\"ListItem\",\"position\":3,\"name\":\"Gemeinsame Meldeverfahren\",\"item\":\"https:\/\/www.informationsportal.de\/ikkbb\/sv-bibliothek\/meldeverfahren\/gemeinsame-meldeverfahren\/\"},{\"@type\":\"ListItem\",\"position\":4,\"name\":\"Entsendung und selbstst\u00e4ndige T\u00e4tigkeit im Ausland\"}]},{\"@type\":\"WebSite\",\"@id\":\"https:\/\/www.informationsportal.de\/ikkbb\/#website\",\"url\":\"https:\/\/www.informationsportal.de\/ikkbb\/\",\"name\":\"Informationsportal f\u00fcr Arbeitgeber der IKK Brandenburg und Berlin\",\"description\":\"Eine weitere Informationsportal f\u00fcr Arbeitgeber Websites Website\",\"potentialAction\":[{\"@type\":\"SearchAction\",\"target\":{\"@type\":\"EntryPoint\",\"urlTemplate\":\"https:\/\/www.informationsportal.de\/ikkbb\/?s={search_term_string}\"},\"query-input\":{\"@type\":\"PropertyValueSpecification\",\"valueRequired\":true,\"valueName\":\"search_term_string\"}}],\"inLanguage\":\"de\"}]}<\/script>\n<!-- \/ Yoast SEO plugin. -->","yoast_head_json":{"title":"Entsendung und selbstst\u00e4ndige T\u00e4tigkeit im Ausland - Informationsportal f\u00fcr Arbeitgeber der IKK Brandenburg und Berlin","robots":{"index":"index","follow":"follow","max-snippet":"max-snippet:-1","max-image-preview":"max-image-preview:large","max-video-preview":"max-video-preview:-1"},"canonical":"https:\/\/www.informationsportal.de\/ikkbb\/sv-bibliothek\/meldeverfahren\/gemeinsame-meldeverfahren\/entsendung-und-selbststaendige-taetigkeit-im-ausland\/","og_locale":"de_DE","og_type":"article","og_title":"Entsendung und selbstst\u00e4ndige T\u00e4tigkeit im Ausland - Informationsportal f\u00fcr Arbeitgeber der IKK Brandenburg und Berlin","og_url":"https:\/\/www.informationsportal.de\/ikkbb\/sv-bibliothek\/meldeverfahren\/gemeinsame-meldeverfahren\/entsendung-und-selbststaendige-taetigkeit-im-ausland\/","og_site_name":"Informationsportal f\u00fcr Arbeitgeber der IKK Brandenburg und Berlin","article_modified_time":"2021-12-02T17:15:23+00:00","twitter_card":"summary_large_image","twitter_misc":{"Gesch\u00e4tzte Lesezeit":"1\u00a0Minute"},"schema":{"@context":"https:\/\/schema.org","@graph":[{"@type":"WebPage","@id":"https:\/\/www.informationsportal.de\/ikkbb\/sv-bibliothek\/meldeverfahren\/gemeinsame-meldeverfahren\/entsendung-und-selbststaendige-taetigkeit-im-ausland\/","url":"https:\/\/www.informationsportal.de\/ikkbb\/sv-bibliothek\/meldeverfahren\/gemeinsame-meldeverfahren\/entsendung-und-selbststaendige-taetigkeit-im-ausland\/","name":"Entsendung und selbstst\u00e4ndige T\u00e4tigkeit im Ausland - Informationsportal f\u00fcr Arbeitgeber der IKK Brandenburg und Berlin","isPartOf":{"@id":"https:\/\/www.informationsportal.de\/ikkbb\/#website"},"datePublished":"2021-12-02T12:14:52+00:00","dateModified":"2021-12-02T17:15:23+00:00","breadcrumb":{"@id":"https:\/\/www.informationsportal.de\/ikkbb\/sv-bibliothek\/meldeverfahren\/gemeinsame-meldeverfahren\/entsendung-und-selbststaendige-taetigkeit-im-ausland\/#breadcrumb"},"inLanguage":"de","potentialAction":[{"@type":"ReadAction","target":["https:\/\/www.informationsportal.de\/ikkbb\/sv-bibliothek\/meldeverfahren\/gemeinsame-meldeverfahren\/entsendung-und-selbststaendige-taetigkeit-im-ausland\/"]}]},{"@type":"BreadcrumbList","@id":"https:\/\/www.informationsportal.de\/ikkbb\/sv-bibliothek\/meldeverfahren\/gemeinsame-meldeverfahren\/entsendung-und-selbststaendige-taetigkeit-im-ausland\/#breadcrumb","itemListElement":[{"@type":"ListItem","position":1,"name":"SV-Bibliothek","item":"https:\/\/www.informationsportal.de\/ikkbb\/sv-bibliothek\/"},{"@type":"ListItem","position":2,"name":"Meldeverfahren","item":"https:\/\/www.informationsportal.de\/ikkbb\/sv-bibliothek\/meldeverfahren\/"},{"@type":"ListItem","position":3,"name":"Gemeinsame Meldeverfahren","item":"https:\/\/www.informationsportal.de\/ikkbb\/sv-bibliothek\/meldeverfahren\/gemeinsame-meldeverfahren\/"},{"@type":"ListItem","position":4,"name":"Entsendung und selbstst\u00e4ndige T\u00e4tigkeit im Ausland"}]},{"@type":"WebSite","@id":"https:\/\/www.informationsportal.de\/ikkbb\/#website","url":"https:\/\/www.informationsportal.de\/ikkbb\/","name":"Informationsportal f\u00fcr Arbeitgeber der IKK Brandenburg und Berlin","description":"Eine weitere Informationsportal f\u00fcr Arbeitgeber Websites Website","potentialAction":[{"@type":"SearchAction","target":{"@type":"EntryPoint","urlTemplate":"https:\/\/www.informationsportal.de\/ikkbb\/?s={search_term_string}"},"query-input":{"@type":"PropertyValueSpecification","valueRequired":true,"valueName":"search_term_string"}}],"inLanguage":"de"}]}},"_links":{"self":[{"href":"https:\/\/www.informationsportal.de\/ikkbb\/wp-json\/wp\/v2\/pages\/15746","targetHints":{"allow":["GET"]}}],"collection":[{"href":"https:\/\/www.informationsportal.de\/ikkbb\/wp-json\/wp\/v2\/pages"}],"about":[{"href":"https:\/\/www.informationsportal.de\/ikkbb\/wp-json\/wp\/v2\/types\/page"}],"author":[{"embeddable":true,"href":"https:\/\/www.informationsportal.de\/ikkbb\/wp-json\/wp\/v2\/users\/1"}],"replies":[{"embeddable":true,"href":"https:\/\/www.informationsportal.de\/ikkbb\/wp-json\/wp\/v2\/comments?post=15746"}],"version-history":[{"count":1,"href":"https:\/\/www.informationsportal.de\/ikkbb\/wp-json\/wp\/v2\/pages\/15746\/revisions"}],"predecessor-version":[{"id":15919,"href":"https:\/\/www.informationsportal.de\/ikkbb\/wp-json\/wp\/v2\/pages\/15746\/revisions\/15919"}],"up":[{"embeddable":true,"href":"https:\/\/www.informationsportal.de\/ikkbb\/wp-json\/wp\/v2\/pages\/754"}],"wp:attachment":[{"href":"https:\/\/www.informationsportal.de\/ikkbb\/wp-json\/wp\/v2\/media?parent=15746"}],"curies":[{"name":"wp","href":"https:\/\/api.w.org\/{rel}","templated":true}]}}