{"id":16515,"date":"2022-05-05T12:51:16","date_gmt":"2022-05-05T10:51:16","guid":{"rendered":"https:\/\/www.informationsportal.de\/ikkbb\/elektronische-entgeltunterlagen\/"},"modified":"2022-05-05T13:18:40","modified_gmt":"2022-05-05T11:18:40","slug":"elektronische-entgeltunterlagen","status":"publish","type":"page","link":"https:\/\/www.informationsportal.de\/ikkbb\/sv-bibliothek\/meldeverfahren\/gesetzliche-rentenversicherung\/elektronische-entgeltunterlagen\/","title":{"rendered":"Elektronische Entgeltunterlagen"},"content":{"rendered":"\n<h2 class=\"wp-block-heading\">Art und Umfang der Speicherung der Entgeltunterlagen nach \u00a7 8 BVV und der Beitragabrechnung nach \u00a7 9 BVV<\/h2>\n\n\n\n<p>Aufgrund der \u00c4nderungen der Beitragsverfahrensverordnung (BVV) durch das Siebte Gesetz zur \u00c4nderung des Vierten Buches Sozialgesetzbuch und anderer Gesetze vom 12.06.2020 (Artikel 25) sind die dem Arbeitgeber elektronisch zur Verf\u00fcgung zu stellenden Unterlagen in elektronischer Form zu den Entgeltunterlagen zu nehmen. Au\u00dferdem hat der Arbeitgeber zur Pr\u00fcfung der Vollst\u00e4ndigkeit der Entgeltabrechnung f\u00fcr jeden Abrechnungszeitraum ein Verzeichnis aller Besch\u00e4ftigten in der Sortierfolge der Entgeltunterlagen mit den im \u00a7 9 BVV aufgef\u00fchrten Angaben und nach Einzugsstellen getrennt elektronisch zu erfassen und lesbar zur Verf\u00fcgung zu stellen.<\/p>\n","protected":false},"excerpt":{"rendered":"<p>Zu diesem Themen sind noch keine Informationen verf\u00fcgbar<\/p>","protected":false},"author":1,"featured_media":0,"parent":865,"menu_order":0,"comment_status":"closed","ping_status":"closed","template":"tpl_documents.php","meta":{"_acf_changed":false,"footnotes":""},"class_list":["post-16515","page","type-page","status-publish","hentry"],"acf":[],"yoast_head":"<!-- This site is optimized with the Yoast SEO plugin v26.3 - https:\/\/yoast.com\/wordpress\/plugins\/seo\/ -->\n<title>Elektronische Entgeltunterlagen - Informationsportal f\u00fcr Arbeitgeber der IKK Brandenburg und Berlin<\/title>\n<meta name=\"robots\" content=\"index, follow, max-snippet:-1, max-image-preview:large, max-video-preview:-1\" \/>\n<link rel=\"canonical\" href=\"https:\/\/www.informationsportal.de\/ikkbb\/sv-bibliothek\/meldeverfahren\/gesetzliche-rentenversicherung\/elektronische-entgeltunterlagen\/\" \/>\n<meta property=\"og:locale\" content=\"de_DE\" \/>\n<meta property=\"og:type\" content=\"article\" \/>\n<meta property=\"og:title\" content=\"Elektronische Entgeltunterlagen - Informationsportal f\u00fcr Arbeitgeber der IKK Brandenburg und Berlin\" \/>\n<meta property=\"og:description\" content=\"Zu diesem Themen sind noch keine Informationen verf\u00fcgbar\" \/>\n<meta property=\"og:url\" content=\"https:\/\/www.informationsportal.de\/ikkbb\/sv-bibliothek\/meldeverfahren\/gesetzliche-rentenversicherung\/elektronische-entgeltunterlagen\/\" \/>\n<meta property=\"og:site_name\" content=\"Informationsportal f\u00fcr Arbeitgeber der IKK Brandenburg und Berlin\" \/>\n<meta property=\"article:modified_time\" content=\"2022-05-05T11:18:40+00:00\" \/>\n<meta name=\"twitter:card\" content=\"summary_large_image\" \/>\n<meta name=\"twitter:label1\" content=\"Gesch\u00e4tzte Lesezeit\" \/>\n\t<meta name=\"twitter:data1\" content=\"1\u00a0Minute\" \/>\n<script type=\"application\/ld+json\" class=\"yoast-schema-graph\">{\"@context\":\"https:\/\/schema.org\",\"@graph\":[{\"@type\":\"WebPage\",\"@id\":\"https:\/\/www.informationsportal.de\/ikkbb\/sv-bibliothek\/meldeverfahren\/gesetzliche-rentenversicherung\/elektronische-entgeltunterlagen\/\",\"url\":\"https:\/\/www.informationsportal.de\/ikkbb\/sv-bibliothek\/meldeverfahren\/gesetzliche-rentenversicherung\/elektronische-entgeltunterlagen\/\",\"name\":\"Elektronische Entgeltunterlagen - Informationsportal f\u00fcr Arbeitgeber der IKK Brandenburg und Berlin\",\"isPartOf\":{\"@id\":\"https:\/\/www.informationsportal.de\/ikkbb\/#website\"},\"datePublished\":\"2022-05-05T10:51:16+00:00\",\"dateModified\":\"2022-05-05T11:18:40+00:00\",\"breadcrumb\":{\"@id\":\"https:\/\/www.informationsportal.de\/ikkbb\/sv-bibliothek\/meldeverfahren\/gesetzliche-rentenversicherung\/elektronische-entgeltunterlagen\/#breadcrumb\"},\"inLanguage\":\"de\",\"potentialAction\":[{\"@type\":\"ReadAction\",\"target\":[\"https:\/\/www.informationsportal.de\/ikkbb\/sv-bibliothek\/meldeverfahren\/gesetzliche-rentenversicherung\/elektronische-entgeltunterlagen\/\"]}]},{\"@type\":\"BreadcrumbList\",\"@id\":\"https:\/\/www.informationsportal.de\/ikkbb\/sv-bibliothek\/meldeverfahren\/gesetzliche-rentenversicherung\/elektronische-entgeltunterlagen\/#breadcrumb\",\"itemListElement\":[{\"@type\":\"ListItem\",\"position\":1,\"name\":\"SV-Bibliothek\",\"item\":\"https:\/\/www.informationsportal.de\/ikkbb\/sv-bibliothek\/\"},{\"@type\":\"ListItem\",\"position\":2,\"name\":\"Meldeverfahren\",\"item\":\"https:\/\/www.informationsportal.de\/ikkbb\/sv-bibliothek\/meldeverfahren\/\"},{\"@type\":\"ListItem\",\"position\":3,\"name\":\"Gesetzliche Rentenversicherung\",\"item\":\"https:\/\/www.informationsportal.de\/ikkbb\/sv-bibliothek\/meldeverfahren\/gesetzliche-rentenversicherung\/\"},{\"@type\":\"ListItem\",\"position\":4,\"name\":\"Elektronische Entgeltunterlagen\"}]},{\"@type\":\"WebSite\",\"@id\":\"https:\/\/www.informationsportal.de\/ikkbb\/#website\",\"url\":\"https:\/\/www.informationsportal.de\/ikkbb\/\",\"name\":\"Informationsportal f\u00fcr Arbeitgeber der IKK Brandenburg und Berlin\",\"description\":\"Eine weitere Informationsportal f\u00fcr Arbeitgeber Websites Website\",\"potentialAction\":[{\"@type\":\"SearchAction\",\"target\":{\"@type\":\"EntryPoint\",\"urlTemplate\":\"https:\/\/www.informationsportal.de\/ikkbb\/?s={search_term_string}\"},\"query-input\":{\"@type\":\"PropertyValueSpecification\",\"valueRequired\":true,\"valueName\":\"search_term_string\"}}],\"inLanguage\":\"de\"}]}<\/script>\n<!-- \/ Yoast SEO plugin. -->","yoast_head_json":{"title":"Elektronische Entgeltunterlagen - Informationsportal f\u00fcr Arbeitgeber der IKK Brandenburg und Berlin","robots":{"index":"index","follow":"follow","max-snippet":"max-snippet:-1","max-image-preview":"max-image-preview:large","max-video-preview":"max-video-preview:-1"},"canonical":"https:\/\/www.informationsportal.de\/ikkbb\/sv-bibliothek\/meldeverfahren\/gesetzliche-rentenversicherung\/elektronische-entgeltunterlagen\/","og_locale":"de_DE","og_type":"article","og_title":"Elektronische Entgeltunterlagen - Informationsportal f\u00fcr Arbeitgeber der IKK Brandenburg und Berlin","og_description":"Zu diesem Themen sind noch keine Informationen verf\u00fcgbar","og_url":"https:\/\/www.informationsportal.de\/ikkbb\/sv-bibliothek\/meldeverfahren\/gesetzliche-rentenversicherung\/elektronische-entgeltunterlagen\/","og_site_name":"Informationsportal f\u00fcr Arbeitgeber der IKK Brandenburg und Berlin","article_modified_time":"2022-05-05T11:18:40+00:00","twitter_card":"summary_large_image","twitter_misc":{"Gesch\u00e4tzte Lesezeit":"1\u00a0Minute"},"schema":{"@context":"https:\/\/schema.org","@graph":[{"@type":"WebPage","@id":"https:\/\/www.informationsportal.de\/ikkbb\/sv-bibliothek\/meldeverfahren\/gesetzliche-rentenversicherung\/elektronische-entgeltunterlagen\/","url":"https:\/\/www.informationsportal.de\/ikkbb\/sv-bibliothek\/meldeverfahren\/gesetzliche-rentenversicherung\/elektronische-entgeltunterlagen\/","name":"Elektronische Entgeltunterlagen - Informationsportal f\u00fcr Arbeitgeber der IKK Brandenburg und Berlin","isPartOf":{"@id":"https:\/\/www.informationsportal.de\/ikkbb\/#website"},"datePublished":"2022-05-05T10:51:16+00:00","dateModified":"2022-05-05T11:18:40+00:00","breadcrumb":{"@id":"https:\/\/www.informationsportal.de\/ikkbb\/sv-bibliothek\/meldeverfahren\/gesetzliche-rentenversicherung\/elektronische-entgeltunterlagen\/#breadcrumb"},"inLanguage":"de","potentialAction":[{"@type":"ReadAction","target":["https:\/\/www.informationsportal.de\/ikkbb\/sv-bibliothek\/meldeverfahren\/gesetzliche-rentenversicherung\/elektronische-entgeltunterlagen\/"]}]},{"@type":"BreadcrumbList","@id":"https:\/\/www.informationsportal.de\/ikkbb\/sv-bibliothek\/meldeverfahren\/gesetzliche-rentenversicherung\/elektronische-entgeltunterlagen\/#breadcrumb","itemListElement":[{"@type":"ListItem","position":1,"name":"SV-Bibliothek","item":"https:\/\/www.informationsportal.de\/ikkbb\/sv-bibliothek\/"},{"@type":"ListItem","position":2,"name":"Meldeverfahren","item":"https:\/\/www.informationsportal.de\/ikkbb\/sv-bibliothek\/meldeverfahren\/"},{"@type":"ListItem","position":3,"name":"Gesetzliche Rentenversicherung","item":"https:\/\/www.informationsportal.de\/ikkbb\/sv-bibliothek\/meldeverfahren\/gesetzliche-rentenversicherung\/"},{"@type":"ListItem","position":4,"name":"Elektronische Entgeltunterlagen"}]},{"@type":"WebSite","@id":"https:\/\/www.informationsportal.de\/ikkbb\/#website","url":"https:\/\/www.informationsportal.de\/ikkbb\/","name":"Informationsportal f\u00fcr Arbeitgeber der IKK Brandenburg und Berlin","description":"Eine weitere Informationsportal f\u00fcr Arbeitgeber Websites Website","potentialAction":[{"@type":"SearchAction","target":{"@type":"EntryPoint","urlTemplate":"https:\/\/www.informationsportal.de\/ikkbb\/?s={search_term_string}"},"query-input":{"@type":"PropertyValueSpecification","valueRequired":true,"valueName":"search_term_string"}}],"inLanguage":"de"}]}},"_links":{"self":[{"href":"https:\/\/www.informationsportal.de\/ikkbb\/wp-json\/wp\/v2\/pages\/16515","targetHints":{"allow":["GET"]}}],"collection":[{"href":"https:\/\/www.informationsportal.de\/ikkbb\/wp-json\/wp\/v2\/pages"}],"about":[{"href":"https:\/\/www.informationsportal.de\/ikkbb\/wp-json\/wp\/v2\/types\/page"}],"author":[{"embeddable":true,"href":"https:\/\/www.informationsportal.de\/ikkbb\/wp-json\/wp\/v2\/users\/1"}],"replies":[{"embeddable":true,"href":"https:\/\/www.informationsportal.de\/ikkbb\/wp-json\/wp\/v2\/comments?post=16515"}],"version-history":[{"count":1,"href":"https:\/\/www.informationsportal.de\/ikkbb\/wp-json\/wp\/v2\/pages\/16515\/revisions"}],"predecessor-version":[{"id":16517,"href":"https:\/\/www.informationsportal.de\/ikkbb\/wp-json\/wp\/v2\/pages\/16515\/revisions\/16517"}],"up":[{"embeddable":true,"href":"https:\/\/www.informationsportal.de\/ikkbb\/wp-json\/wp\/v2\/pages\/865"}],"wp:attachment":[{"href":"https:\/\/www.informationsportal.de\/ikkbb\/wp-json\/wp\/v2\/media?parent=16515"}],"curies":[{"name":"wp","href":"https:\/\/api.w.org\/{rel}","templated":true}]}}