{"id":17496,"date":"2023-06-15T10:31:11","date_gmt":"2023-06-15T08:31:11","guid":{"rendered":"https:\/\/www.informationsportal.de\/ikkbb\/koordinierende-stelle-kernpruefprogramme\/"},"modified":"2024-12-19T13:55:25","modified_gmt":"2024-12-19T12:55:25","slug":"koordinierende-stelle-kernpruefprogramme","status":"publish","type":"page","link":"https:\/\/www.informationsportal.de\/ikkbb\/sv-bibliothek\/meldeverfahren\/gemeinsame-meldeverfahren\/koordinierende-stelle-kernpruefprogramme\/","title":{"rendered":"Koordinierende Stelle Kernpr\u00fcfprogramme (KoSKP)"},"content":{"rendered":"\n<h2 class=\"wp-block-heading\">Koordinierende Stelle Kernpr\u00fcfprogramme<\/h2>\n\n\n\n<p>In der Besprechung der Spitzenorganisationen der Sozialversicherung zu Fragen des gemeinsamen Meldeverfahrens am 12.02.2020 (TOP 18) wurde festgelegt, dass \u00c4nderungen und Neuerungen bei Fehlerpr\u00fcfungen ausschlie\u00dflich in der Koordinierenden Stelle Kernpr\u00fcfprogramme (KoSKP) beraten und beschlossen werden. Insoweit werden verfahrenstechnische Fragen zur Neugestaltung von Fehlerpr\u00fcfungen auf Grundlage von Beschl\u00fcssen des fachlichen Gremiums geb\u00fcndelt in einem eigenst\u00e4ndigen Dokument der KoSKP abgebildet.<\/p>\n","protected":false},"excerpt":{"rendered":"<p>Koordinierende Stelle Kernpr\u00fcfprogramme In der Besprechung der Spitzenorganisationen der Sozialversicherung zu Fragen des gemeinsamen Meldeverfahrens am 12.02.2020 (TOP 18) wurde festgelegt, dass \u00c4nderungen und Neuerungen bei Fehlerpr\u00fcfungen ausschlie\u00dflich in der Koordinierenden Stelle Kernpr\u00fcfprogramme (KoSKP) beraten und beschlossen werden.  Insoweit werden verfahrenstechnische Fragen zur Neugestaltung von Fehlerpr\u00fcfungen auf Grundlage von Beschl\u00fcssen des fachlichen Gremiums geb\u00fcndelt in [&hellip;]<\/p>","protected":false},"author":14,"featured_media":0,"parent":754,"menu_order":0,"comment_status":"closed","ping_status":"closed","template":"tpl_documents.php","meta":{"_acf_changed":false,"footnotes":""},"class_list":["post-17496","page","type-page","status-publish","hentry"],"acf":[],"yoast_head":"<!-- This site is optimized with the Yoast SEO plugin v26.3 - https:\/\/yoast.com\/wordpress\/plugins\/seo\/ -->\n<title>Koordinierende Stelle Kernpr\u00fcfprogramme (KoSKP) - Informationsportal f\u00fcr Arbeitgeber der IKK Brandenburg und Berlin<\/title>\n<meta name=\"robots\" content=\"index, follow, max-snippet:-1, max-image-preview:large, max-video-preview:-1\" \/>\n<link rel=\"canonical\" href=\"https:\/\/www.informationsportal.de\/ikkbb\/sv-bibliothek\/meldeverfahren\/gemeinsame-meldeverfahren\/koordinierende-stelle-kernpruefprogramme\/\" \/>\n<meta property=\"og:locale\" content=\"de_DE\" \/>\n<meta property=\"og:type\" content=\"article\" \/>\n<meta property=\"og:title\" content=\"Koordinierende Stelle Kernpr\u00fcfprogramme (KoSKP) - Informationsportal f\u00fcr Arbeitgeber der IKK Brandenburg und Berlin\" \/>\n<meta property=\"og:description\" content=\"Koordinierende Stelle Kernpr\u00fcfprogramme In der Besprechung der Spitzenorganisationen der Sozialversicherung zu Fragen des gemeinsamen Meldeverfahrens am 12.02.2020 (TOP 18) wurde festgelegt, dass \u00c4nderungen und Neuerungen bei Fehlerpr\u00fcfungen ausschlie\u00dflich in der Koordinierenden Stelle Kernpr\u00fcfprogramme (KoSKP) beraten und beschlossen werden. Insoweit werden verfahrenstechnische Fragen zur Neugestaltung von Fehlerpr\u00fcfungen auf Grundlage von Beschl\u00fcssen des fachlichen Gremiums geb\u00fcndelt in [&hellip;]\" \/>\n<meta property=\"og:url\" content=\"https:\/\/www.informationsportal.de\/ikkbb\/sv-bibliothek\/meldeverfahren\/gemeinsame-meldeverfahren\/koordinierende-stelle-kernpruefprogramme\/\" \/>\n<meta property=\"og:site_name\" content=\"Informationsportal f\u00fcr Arbeitgeber der IKK Brandenburg und Berlin\" \/>\n<meta property=\"article:modified_time\" content=\"2024-12-19T12:55:25+00:00\" \/>\n<meta name=\"twitter:card\" content=\"summary_large_image\" \/>\n<meta name=\"twitter:label1\" content=\"Gesch\u00e4tzte Lesezeit\" \/>\n\t<meta name=\"twitter:data1\" content=\"1\u00a0Minute\" \/>\n<script type=\"application\/ld+json\" class=\"yoast-schema-graph\">{\"@context\":\"https:\/\/schema.org\",\"@graph\":[{\"@type\":\"WebPage\",\"@id\":\"https:\/\/www.informationsportal.de\/ikkbb\/sv-bibliothek\/meldeverfahren\/gemeinsame-meldeverfahren\/koordinierende-stelle-kernpruefprogramme\/\",\"url\":\"https:\/\/www.informationsportal.de\/ikkbb\/sv-bibliothek\/meldeverfahren\/gemeinsame-meldeverfahren\/koordinierende-stelle-kernpruefprogramme\/\",\"name\":\"Koordinierende Stelle Kernpr\u00fcfprogramme (KoSKP) - Informationsportal f\u00fcr Arbeitgeber der IKK Brandenburg und Berlin\",\"isPartOf\":{\"@id\":\"https:\/\/www.informationsportal.de\/ikkbb\/#website\"},\"datePublished\":\"2023-06-15T08:31:11+00:00\",\"dateModified\":\"2024-12-19T12:55:25+00:00\",\"breadcrumb\":{\"@id\":\"https:\/\/www.informationsportal.de\/ikkbb\/sv-bibliothek\/meldeverfahren\/gemeinsame-meldeverfahren\/koordinierende-stelle-kernpruefprogramme\/#breadcrumb\"},\"inLanguage\":\"de\",\"potentialAction\":[{\"@type\":\"ReadAction\",\"target\":[\"https:\/\/www.informationsportal.de\/ikkbb\/sv-bibliothek\/meldeverfahren\/gemeinsame-meldeverfahren\/koordinierende-stelle-kernpruefprogramme\/\"]}]},{\"@type\":\"BreadcrumbList\",\"@id\":\"https:\/\/www.informationsportal.de\/ikkbb\/sv-bibliothek\/meldeverfahren\/gemeinsame-meldeverfahren\/koordinierende-stelle-kernpruefprogramme\/#breadcrumb\",\"itemListElement\":[{\"@type\":\"ListItem\",\"position\":1,\"name\":\"SV-Bibliothek\",\"item\":\"https:\/\/www.informationsportal.de\/ikkbb\/sv-bibliothek\/\"},{\"@type\":\"ListItem\",\"position\":2,\"name\":\"Meldeverfahren\",\"item\":\"https:\/\/www.informationsportal.de\/ikkbb\/sv-bibliothek\/meldeverfahren\/\"},{\"@type\":\"ListItem\",\"position\":3,\"name\":\"Gemeinsame Meldeverfahren\",\"item\":\"https:\/\/www.informationsportal.de\/ikkbb\/sv-bibliothek\/meldeverfahren\/gemeinsame-meldeverfahren\/\"},{\"@type\":\"ListItem\",\"position\":4,\"name\":\"Koordinierende Stelle Kernpr\u00fcfprogramme (KoSKP)\"}]},{\"@type\":\"WebSite\",\"@id\":\"https:\/\/www.informationsportal.de\/ikkbb\/#website\",\"url\":\"https:\/\/www.informationsportal.de\/ikkbb\/\",\"name\":\"Informationsportal f\u00fcr Arbeitgeber der IKK Brandenburg und Berlin\",\"description\":\"Eine weitere Informationsportal f\u00fcr Arbeitgeber Websites Website\",\"potentialAction\":[{\"@type\":\"SearchAction\",\"target\":{\"@type\":\"EntryPoint\",\"urlTemplate\":\"https:\/\/www.informationsportal.de\/ikkbb\/?s={search_term_string}\"},\"query-input\":{\"@type\":\"PropertyValueSpecification\",\"valueRequired\":true,\"valueName\":\"search_term_string\"}}],\"inLanguage\":\"de\"}]}<\/script>\n<!-- \/ Yoast SEO plugin. -->","yoast_head_json":{"title":"Koordinierende Stelle Kernpr\u00fcfprogramme (KoSKP) - Informationsportal f\u00fcr Arbeitgeber der IKK Brandenburg und Berlin","robots":{"index":"index","follow":"follow","max-snippet":"max-snippet:-1","max-image-preview":"max-image-preview:large","max-video-preview":"max-video-preview:-1"},"canonical":"https:\/\/www.informationsportal.de\/ikkbb\/sv-bibliothek\/meldeverfahren\/gemeinsame-meldeverfahren\/koordinierende-stelle-kernpruefprogramme\/","og_locale":"de_DE","og_type":"article","og_title":"Koordinierende Stelle Kernpr\u00fcfprogramme (KoSKP) - Informationsportal f\u00fcr Arbeitgeber der IKK Brandenburg und Berlin","og_description":"Koordinierende Stelle Kernpr\u00fcfprogramme In der Besprechung der Spitzenorganisationen der Sozialversicherung zu Fragen des gemeinsamen Meldeverfahrens am 12.02.2020 (TOP 18) wurde festgelegt, dass \u00c4nderungen und Neuerungen bei Fehlerpr\u00fcfungen ausschlie\u00dflich in der Koordinierenden Stelle Kernpr\u00fcfprogramme (KoSKP) beraten und beschlossen werden. Insoweit werden verfahrenstechnische Fragen zur Neugestaltung von Fehlerpr\u00fcfungen auf Grundlage von Beschl\u00fcssen des fachlichen Gremiums geb\u00fcndelt in [&hellip;]","og_url":"https:\/\/www.informationsportal.de\/ikkbb\/sv-bibliothek\/meldeverfahren\/gemeinsame-meldeverfahren\/koordinierende-stelle-kernpruefprogramme\/","og_site_name":"Informationsportal f\u00fcr Arbeitgeber der IKK Brandenburg und Berlin","article_modified_time":"2024-12-19T12:55:25+00:00","twitter_card":"summary_large_image","twitter_misc":{"Gesch\u00e4tzte Lesezeit":"1\u00a0Minute"},"schema":{"@context":"https:\/\/schema.org","@graph":[{"@type":"WebPage","@id":"https:\/\/www.informationsportal.de\/ikkbb\/sv-bibliothek\/meldeverfahren\/gemeinsame-meldeverfahren\/koordinierende-stelle-kernpruefprogramme\/","url":"https:\/\/www.informationsportal.de\/ikkbb\/sv-bibliothek\/meldeverfahren\/gemeinsame-meldeverfahren\/koordinierende-stelle-kernpruefprogramme\/","name":"Koordinierende Stelle Kernpr\u00fcfprogramme (KoSKP) - Informationsportal f\u00fcr Arbeitgeber der IKK Brandenburg und Berlin","isPartOf":{"@id":"https:\/\/www.informationsportal.de\/ikkbb\/#website"},"datePublished":"2023-06-15T08:31:11+00:00","dateModified":"2024-12-19T12:55:25+00:00","breadcrumb":{"@id":"https:\/\/www.informationsportal.de\/ikkbb\/sv-bibliothek\/meldeverfahren\/gemeinsame-meldeverfahren\/koordinierende-stelle-kernpruefprogramme\/#breadcrumb"},"inLanguage":"de","potentialAction":[{"@type":"ReadAction","target":["https:\/\/www.informationsportal.de\/ikkbb\/sv-bibliothek\/meldeverfahren\/gemeinsame-meldeverfahren\/koordinierende-stelle-kernpruefprogramme\/"]}]},{"@type":"BreadcrumbList","@id":"https:\/\/www.informationsportal.de\/ikkbb\/sv-bibliothek\/meldeverfahren\/gemeinsame-meldeverfahren\/koordinierende-stelle-kernpruefprogramme\/#breadcrumb","itemListElement":[{"@type":"ListItem","position":1,"name":"SV-Bibliothek","item":"https:\/\/www.informationsportal.de\/ikkbb\/sv-bibliothek\/"},{"@type":"ListItem","position":2,"name":"Meldeverfahren","item":"https:\/\/www.informationsportal.de\/ikkbb\/sv-bibliothek\/meldeverfahren\/"},{"@type":"ListItem","position":3,"name":"Gemeinsame Meldeverfahren","item":"https:\/\/www.informationsportal.de\/ikkbb\/sv-bibliothek\/meldeverfahren\/gemeinsame-meldeverfahren\/"},{"@type":"ListItem","position":4,"name":"Koordinierende Stelle Kernpr\u00fcfprogramme (KoSKP)"}]},{"@type":"WebSite","@id":"https:\/\/www.informationsportal.de\/ikkbb\/#website","url":"https:\/\/www.informationsportal.de\/ikkbb\/","name":"Informationsportal f\u00fcr Arbeitgeber der IKK Brandenburg und Berlin","description":"Eine weitere Informationsportal f\u00fcr Arbeitgeber Websites Website","potentialAction":[{"@type":"SearchAction","target":{"@type":"EntryPoint","urlTemplate":"https:\/\/www.informationsportal.de\/ikkbb\/?s={search_term_string}"},"query-input":{"@type":"PropertyValueSpecification","valueRequired":true,"valueName":"search_term_string"}}],"inLanguage":"de"}]}},"_links":{"self":[{"href":"https:\/\/www.informationsportal.de\/ikkbb\/wp-json\/wp\/v2\/pages\/17496","targetHints":{"allow":["GET"]}}],"collection":[{"href":"https:\/\/www.informationsportal.de\/ikkbb\/wp-json\/wp\/v2\/pages"}],"about":[{"href":"https:\/\/www.informationsportal.de\/ikkbb\/wp-json\/wp\/v2\/types\/page"}],"author":[{"embeddable":true,"href":"https:\/\/www.informationsportal.de\/ikkbb\/wp-json\/wp\/v2\/users\/14"}],"replies":[{"embeddable":true,"href":"https:\/\/www.informationsportal.de\/ikkbb\/wp-json\/wp\/v2\/comments?post=17496"}],"version-history":[{"count":3,"href":"https:\/\/www.informationsportal.de\/ikkbb\/wp-json\/wp\/v2\/pages\/17496\/revisions"}],"predecessor-version":[{"id":18059,"href":"https:\/\/www.informationsportal.de\/ikkbb\/wp-json\/wp\/v2\/pages\/17496\/revisions\/18059"}],"up":[{"embeddable":true,"href":"https:\/\/www.informationsportal.de\/ikkbb\/wp-json\/wp\/v2\/pages\/754"}],"wp:attachment":[{"href":"https:\/\/www.informationsportal.de\/ikkbb\/wp-json\/wp\/v2\/media?parent=17496"}],"curies":[{"name":"wp","href":"https:\/\/api.w.org\/{rel}","templated":true}]}}