{"id":4857,"date":"2019-09-06T08:09:19","date_gmt":"2019-09-06T06:09:19","guid":{"rendered":"https:\/\/www.informationsportal.de\/?page_id=4857"},"modified":"2021-06-29T15:55:23","modified_gmt":"2021-06-29T13:55:23","slug":"entsendung","status":"publish","type":"page","link":"https:\/\/www.informationsportal.de\/ikkbb\/sv-bibliothek\/versicherung-und-beitragsrecht\/gemeinsame-dokumente-der-sozialversicherung\/entsendung\/","title":{"rendered":"Entsendung und Besch\u00e4ftigung im Ausland"},"content":{"rendered":"\n<h2 class=\"wp-block-heading\">Besch\u00e4ftigung von ins Ausland oder aus dem Ausland entsandten Arbeitnehmern<\/h2>\n\n\n\n<p>Nachfolgend finden Sie die Dokumente, die die Besch\u00e4ftigung von Arbeitnehmern im Ausland behandelt. Bei der Entsendung geht es um Arbeitnehmer, die ins Ausland entsendet wurden und deutschem Sozialversicherungsrecht unterliegen (Ausstrahlung) oder die aus dem Ausland entsendet wurden und ausl\u00e4ndischem Sozialversicherungsrecht unterliegen (Einstrahlung).<br>Dokumente zum Melderecht bei Entsendungen\u00a0<a href=\"https:\/\/www.informationsportal.de\/ikkbb\/sv-bibliothek\/meldeverfahren\/gemeinsame-meldeverfahren\/entsendung\/\"><span style=\"text-decoration: underline\">finden Sie in der SV-Bibliothek hier >><\/span><\/a><\/p>\n","protected":false},"excerpt":{"rendered":"<p>Besch\u00e4ftigung von ins Ausland oder aus dem Ausland entsandten Arbeitnehmern Nachfolgend finden Sie die Dokumente, die die Besch\u00e4ftigung von Arbeitnehmern im Ausland behandelt.  Bei der Entsendung geht es um Arbeitnehmer, die ins Ausland entsendet wurden und deutschem Sozialversicherungsrecht unterliegen (Ausstrahlung) oder die aus dem Ausland entsendet wurden und ausl\u00e4ndischem Sozialversicherungsrecht unterliegen (Einstrahlung).Dokumente zum Melderecht bei [&hellip;]<\/p>","protected":false},"author":1,"featured_media":0,"parent":4837,"menu_order":0,"comment_status":"closed","ping_status":"closed","template":"tpl_documents.php","meta":{"_acf_changed":false,"footnotes":""},"class_list":["post-4857","page","type-page","status-publish","hentry"],"acf":[],"yoast_head":"<!-- This site is optimized with the Yoast SEO plugin v26.3 - https:\/\/yoast.com\/wordpress\/plugins\/seo\/ -->\n<title>Entsendung und Besch\u00e4ftigung im Ausland - Informationsportal f\u00fcr Arbeitgeber der IKK Brandenburg und Berlin<\/title>\n<meta name=\"robots\" content=\"index, follow, max-snippet:-1, max-image-preview:large, max-video-preview:-1\" \/>\n<link rel=\"canonical\" href=\"https:\/\/www.informationsportal.de\/ikkbb\/sv-bibliothek\/versicherung-und-beitragsrecht\/gemeinsame-dokumente-der-sozialversicherung\/entsendung\/\" \/>\n<meta property=\"og:locale\" content=\"de_DE\" \/>\n<meta property=\"og:type\" content=\"article\" \/>\n<meta property=\"og:title\" content=\"Entsendung und Besch\u00e4ftigung im Ausland - Informationsportal f\u00fcr Arbeitgeber der IKK Brandenburg und Berlin\" \/>\n<meta property=\"og:description\" content=\"Besch\u00e4ftigung von ins Ausland oder aus dem Ausland entsandten Arbeitnehmern Nachfolgend finden Sie die Dokumente, die die Besch\u00e4ftigung von Arbeitnehmern im Ausland behandelt. Bei der Entsendung geht es um Arbeitnehmer, die ins Ausland entsendet wurden und deutschem Sozialversicherungsrecht unterliegen (Ausstrahlung) oder die aus dem Ausland entsendet wurden und ausl\u00e4ndischem Sozialversicherungsrecht unterliegen (Einstrahlung).Dokumente zum Melderecht bei [&hellip;]\" \/>\n<meta property=\"og:url\" content=\"https:\/\/www.informationsportal.de\/ikkbb\/sv-bibliothek\/versicherung-und-beitragsrecht\/gemeinsame-dokumente-der-sozialversicherung\/entsendung\/\" \/>\n<meta property=\"og:site_name\" content=\"Informationsportal f\u00fcr Arbeitgeber der IKK Brandenburg und Berlin\" \/>\n<meta property=\"article:modified_time\" content=\"2021-06-29T13:55:23+00:00\" \/>\n<meta name=\"twitter:card\" content=\"summary_large_image\" \/>\n<script type=\"application\/ld+json\" class=\"yoast-schema-graph\">{\"@context\":\"https:\/\/schema.org\",\"@graph\":[{\"@type\":\"WebPage\",\"@id\":\"https:\/\/www.informationsportal.de\/ikkbb\/sv-bibliothek\/versicherung-und-beitragsrecht\/gemeinsame-dokumente-der-sozialversicherung\/entsendung\/\",\"url\":\"https:\/\/www.informationsportal.de\/ikkbb\/sv-bibliothek\/versicherung-und-beitragsrecht\/gemeinsame-dokumente-der-sozialversicherung\/entsendung\/\",\"name\":\"Entsendung und Besch\u00e4ftigung im Ausland - Informationsportal f\u00fcr Arbeitgeber der IKK Brandenburg und Berlin\",\"isPartOf\":{\"@id\":\"https:\/\/www.informationsportal.de\/ikkbb\/#website\"},\"datePublished\":\"2019-09-06T06:09:19+00:00\",\"dateModified\":\"2021-06-29T13:55:23+00:00\",\"breadcrumb\":{\"@id\":\"https:\/\/www.informationsportal.de\/ikkbb\/sv-bibliothek\/versicherung-und-beitragsrecht\/gemeinsame-dokumente-der-sozialversicherung\/entsendung\/#breadcrumb\"},\"inLanguage\":\"de\",\"potentialAction\":[{\"@type\":\"ReadAction\",\"target\":[\"https:\/\/www.informationsportal.de\/ikkbb\/sv-bibliothek\/versicherung-und-beitragsrecht\/gemeinsame-dokumente-der-sozialversicherung\/entsendung\/\"]}]},{\"@type\":\"BreadcrumbList\",\"@id\":\"https:\/\/www.informationsportal.de\/ikkbb\/sv-bibliothek\/versicherung-und-beitragsrecht\/gemeinsame-dokumente-der-sozialversicherung\/entsendung\/#breadcrumb\",\"itemListElement\":[{\"@type\":\"ListItem\",\"position\":1,\"name\":\"SV-Bibliothek\",\"item\":\"https:\/\/www.informationsportal.de\/ikkbb\/sv-bibliothek\/\"},{\"@type\":\"ListItem\",\"position\":2,\"name\":\"Versicherungs- und Beitragsrecht\",\"item\":\"https:\/\/www.informationsportal.de\/ikkbb\/sv-bibliothek\/versicherung-und-beitragsrecht\/\"},{\"@type\":\"ListItem\",\"position\":3,\"name\":\"Gemeinsame Dokumente der Sozialversicherung\",\"item\":\"https:\/\/www.informationsportal.de\/ikkbb\/sv-bibliothek\/versicherung-und-beitragsrecht\/gemeinsame-dokumente-der-sozialversicherung\/\"},{\"@type\":\"ListItem\",\"position\":4,\"name\":\"Entsendung und Besch\u00e4ftigung im Ausland\"}]},{\"@type\":\"WebSite\",\"@id\":\"https:\/\/www.informationsportal.de\/ikkbb\/#website\",\"url\":\"https:\/\/www.informationsportal.de\/ikkbb\/\",\"name\":\"Informationsportal f\u00fcr Arbeitgeber der IKK Brandenburg und Berlin\",\"description\":\"Eine weitere Informationsportal f\u00fcr Arbeitgeber Websites Website\",\"potentialAction\":[{\"@type\":\"SearchAction\",\"target\":{\"@type\":\"EntryPoint\",\"urlTemplate\":\"https:\/\/www.informationsportal.de\/ikkbb\/?s={search_term_string}\"},\"query-input\":{\"@type\":\"PropertyValueSpecification\",\"valueRequired\":true,\"valueName\":\"search_term_string\"}}],\"inLanguage\":\"de\"}]}<\/script>\n<!-- \/ Yoast SEO plugin. -->","yoast_head_json":{"title":"Entsendung und Besch\u00e4ftigung im Ausland - Informationsportal f\u00fcr Arbeitgeber der IKK Brandenburg und Berlin","robots":{"index":"index","follow":"follow","max-snippet":"max-snippet:-1","max-image-preview":"max-image-preview:large","max-video-preview":"max-video-preview:-1"},"canonical":"https:\/\/www.informationsportal.de\/ikkbb\/sv-bibliothek\/versicherung-und-beitragsrecht\/gemeinsame-dokumente-der-sozialversicherung\/entsendung\/","og_locale":"de_DE","og_type":"article","og_title":"Entsendung und Besch\u00e4ftigung im Ausland - Informationsportal f\u00fcr Arbeitgeber der IKK Brandenburg und Berlin","og_description":"Besch\u00e4ftigung von ins Ausland oder aus dem Ausland entsandten Arbeitnehmern Nachfolgend finden Sie die Dokumente, die die Besch\u00e4ftigung von Arbeitnehmern im Ausland behandelt. Bei der Entsendung geht es um Arbeitnehmer, die ins Ausland entsendet wurden und deutschem Sozialversicherungsrecht unterliegen (Ausstrahlung) oder die aus dem Ausland entsendet wurden und ausl\u00e4ndischem Sozialversicherungsrecht unterliegen (Einstrahlung).Dokumente zum Melderecht bei [&hellip;]","og_url":"https:\/\/www.informationsportal.de\/ikkbb\/sv-bibliothek\/versicherung-und-beitragsrecht\/gemeinsame-dokumente-der-sozialversicherung\/entsendung\/","og_site_name":"Informationsportal f\u00fcr Arbeitgeber der IKK Brandenburg und Berlin","article_modified_time":"2021-06-29T13:55:23+00:00","twitter_card":"summary_large_image","schema":{"@context":"https:\/\/schema.org","@graph":[{"@type":"WebPage","@id":"https:\/\/www.informationsportal.de\/ikkbb\/sv-bibliothek\/versicherung-und-beitragsrecht\/gemeinsame-dokumente-der-sozialversicherung\/entsendung\/","url":"https:\/\/www.informationsportal.de\/ikkbb\/sv-bibliothek\/versicherung-und-beitragsrecht\/gemeinsame-dokumente-der-sozialversicherung\/entsendung\/","name":"Entsendung und Besch\u00e4ftigung im Ausland - Informationsportal f\u00fcr Arbeitgeber der IKK Brandenburg und Berlin","isPartOf":{"@id":"https:\/\/www.informationsportal.de\/ikkbb\/#website"},"datePublished":"2019-09-06T06:09:19+00:00","dateModified":"2021-06-29T13:55:23+00:00","breadcrumb":{"@id":"https:\/\/www.informationsportal.de\/ikkbb\/sv-bibliothek\/versicherung-und-beitragsrecht\/gemeinsame-dokumente-der-sozialversicherung\/entsendung\/#breadcrumb"},"inLanguage":"de","potentialAction":[{"@type":"ReadAction","target":["https:\/\/www.informationsportal.de\/ikkbb\/sv-bibliothek\/versicherung-und-beitragsrecht\/gemeinsame-dokumente-der-sozialversicherung\/entsendung\/"]}]},{"@type":"BreadcrumbList","@id":"https:\/\/www.informationsportal.de\/ikkbb\/sv-bibliothek\/versicherung-und-beitragsrecht\/gemeinsame-dokumente-der-sozialversicherung\/entsendung\/#breadcrumb","itemListElement":[{"@type":"ListItem","position":1,"name":"SV-Bibliothek","item":"https:\/\/www.informationsportal.de\/ikkbb\/sv-bibliothek\/"},{"@type":"ListItem","position":2,"name":"Versicherungs- und Beitragsrecht","item":"https:\/\/www.informationsportal.de\/ikkbb\/sv-bibliothek\/versicherung-und-beitragsrecht\/"},{"@type":"ListItem","position":3,"name":"Gemeinsame Dokumente der Sozialversicherung","item":"https:\/\/www.informationsportal.de\/ikkbb\/sv-bibliothek\/versicherung-und-beitragsrecht\/gemeinsame-dokumente-der-sozialversicherung\/"},{"@type":"ListItem","position":4,"name":"Entsendung und Besch\u00e4ftigung im Ausland"}]},{"@type":"WebSite","@id":"https:\/\/www.informationsportal.de\/ikkbb\/#website","url":"https:\/\/www.informationsportal.de\/ikkbb\/","name":"Informationsportal f\u00fcr Arbeitgeber der IKK Brandenburg und Berlin","description":"Eine weitere Informationsportal f\u00fcr Arbeitgeber Websites Website","potentialAction":[{"@type":"SearchAction","target":{"@type":"EntryPoint","urlTemplate":"https:\/\/www.informationsportal.de\/ikkbb\/?s={search_term_string}"},"query-input":{"@type":"PropertyValueSpecification","valueRequired":true,"valueName":"search_term_string"}}],"inLanguage":"de"}]}},"_links":{"self":[{"href":"https:\/\/www.informationsportal.de\/ikkbb\/wp-json\/wp\/v2\/pages\/4857","targetHints":{"allow":["GET"]}}],"collection":[{"href":"https:\/\/www.informationsportal.de\/ikkbb\/wp-json\/wp\/v2\/pages"}],"about":[{"href":"https:\/\/www.informationsportal.de\/ikkbb\/wp-json\/wp\/v2\/types\/page"}],"author":[{"embeddable":true,"href":"https:\/\/www.informationsportal.de\/ikkbb\/wp-json\/wp\/v2\/users\/1"}],"replies":[{"embeddable":true,"href":"https:\/\/www.informationsportal.de\/ikkbb\/wp-json\/wp\/v2\/comments?post=4857"}],"version-history":[{"count":5,"href":"https:\/\/www.informationsportal.de\/ikkbb\/wp-json\/wp\/v2\/pages\/4857\/revisions"}],"predecessor-version":[{"id":14111,"href":"https:\/\/www.informationsportal.de\/ikkbb\/wp-json\/wp\/v2\/pages\/4857\/revisions\/14111"}],"up":[{"embeddable":true,"href":"https:\/\/www.informationsportal.de\/ikkbb\/wp-json\/wp\/v2\/pages\/4837"}],"wp:attachment":[{"href":"https:\/\/www.informationsportal.de\/ikkbb\/wp-json\/wp\/v2\/media?parent=4857"}],"curies":[{"name":"wp","href":"https:\/\/api.w.org\/{rel}","templated":true}]}}