{"id":568,"date":"2017-01-01T16:00:00","date_gmt":"2017-01-01T16:00:00","guid":{"rendered":"https:\/\/www.informationsportal.de\/?page_id=568"},"modified":"2025-09-03T13:13:30","modified_gmt":"2025-09-03T11:13:30","slug":"sv-navigator","status":"publish","type":"page","link":"https:\/\/www.informationsportal.de\/ikkbb\/ueber-das-portal\/sv-navigator\/","title":{"rendered":"SV-Navigator: Sozialversicherungstr\u00e4ger und Spitzenorganisationen"},"content":{"rendered":"Die Sozialversicherung ist in verschiedene Zweige unterteilt. Eine Organisation, die f\u00fcr die Durchf\u00fchrung verantwortlich ist, hei\u00dft Sozialversicherungstr\u00e4ger (SV-Tr\u00e4ger). In der nachfolgenden Auflistung finden weiterf\u00fchrende Links zu Spitzenorganisationen und den jeweiligen SV-Tr\u00e4gern. Soweit sinnvoll, sind jeweils die speziellen Bereich f\u00fcr Arbeitgeber verlinkt.\n<h2>Gesetzliche Krankenversicherung<\/h2>\n<ul>\n \t<li>Spitzenorganisation ist der <a href=\"https:\/\/www.gkv-spitzenverband.de\/\">GKV-Spitzenverband<\/a>.<\/li>\n \t<li>Dort ist f\u00fcr Fragen zur Besch\u00e4ftigung im Ausland die <a href=\"https:\/\/www.dvka.de\/de\/arbeitgeber-erwerbstaetige\/\">Deutsche Verbindungsstelle Krankenversicherung \u2013 Ausland (DVKA)<\/a> zust\u00e4ndig.<\/li>\n \t<li>Tr\u00e4ger sind die gesetzlichen Krankenkassen, die Sie in einer <a href=\"https:\/\/www.gkv-spitzenverband.de\/service\/krankenkassenliste\/krankenkassen.jsp\">Liste<\/a> finden.<\/li>\n<\/ul>\n<h2>Soziale Pflegeversicherung<\/h2>\n<ul>\n \t<li>In der sozialen Pflegeversicherung sind gesetzliche Pflegekassen und die privaten Krankenversicherungen Tr\u00e4ger. Der zust\u00e4ndige Tr\u00e4ger Ihres Arbeitnehmers bestimmt sich nach der Krankenversicherung.<\/li>\n \t<li>Die Pflegekassen finden Sie in der Liste der Krankenkassen, die privaten Krankenversicherungsunternehmen bei den Mitgliedern des <a href=\"https:\/\/www.pkv.de\/verband\/ueber-uns\/mitglieder-pkv-verband\/\">PKV-Verbandes<\/a>.<\/li>\n<\/ul>\n<h2>Gesetzliche Rentenversicherung<\/h2>\n<ul>\n \t<li>Die <a href=\"https:\/\/www.deutsche-rentenversicherung.de\/DRV\/DE\/Experten\/Arbeitgeber-und-Steuerberater\/arbeitgeber-und-steuerberater_node.html\">Deutsche Rentenversicherung<\/a> ist f\u00fcr diesen Zweig der Sozialversicherung verantwortlich. Auf der Seite finden Sie auch zentrale Beratungs- und Kontaktm\u00f6glichkeiten.<\/li>\n \t<li>Anschriften und Telefonnummern der einzelnen Rentenversicherungstr\u00e4ger in Bund, auf regionaler Ebene oder bei Knappschaft-Bahn-See finden Sie unter <a href=\"https:\/\/www.deutsche-rentenversicherung.de\/DRV\/DE\/Beratung-und-Kontakt\/Kontakt\/Anschriften-Uebersicht\/anschriften-uebersicht_node.html\">Kontaktm\u00f6glichkeiten<\/a>.<\/li>\n \t<li>Die Rentenversicherungstr\u00e4ger betreiben f\u00fcr die elektronische Kommunikation mit Arbeitgebern gemeinsam die <a href=\"https:\/\/www.dsrv.info\/de\/Navigation\/20_Unsere_Verfahren\/01_Nationaler_Datenaustausch\/03_Arbeitgeber\/Arbeitgeber_index_node.html\">Datenstelle der Rentenversicherung (DSRV)<\/a>.<\/li>\n<\/ul>\n<h2>Minijob-Zentrale<\/h2>\n<ul>\n \t<li>Mit der <a href=\"https:\/\/www.minijob-zentrale.de\/DE\/home\/home_node.html\" target=\"_blank\" rel=\"noopener\">Minijob-Zentrale<\/a> wurde eine Einzugs- und Anlaufstelle eingerichtet f\u00fcr alles, was mit 450-Euro-Minijobbern oder kurzfristigen Besch\u00e4ftigungen zu tun hat. Das schlie\u00dft das Haushaltsscheck-Verfahren ein.<\/li>\n \t<li>Die weitere Verfahrensabl\u00e4ufe zwischen den Sozialversicherungstr\u00e4gern werden dort intern geregelt. Angesiedelt ist die Minijob-Zentrale bei der Deutschen Rentenversicherung Knappschaft-Bahn-See.<\/li>\n<\/ul>\n<h2>Arbeitslosenversicherung \/ Bundesagentur f\u00fcr Arbeit<\/h2>\nDie <a href=\"https:\/\/www.arbeitsagentur.de\/unternehmen\">Bundesagentur f\u00fcr Arbeit (BA)<\/a> f\u00fchrt die Arbeitslosenversicherung durch. Sie ist im \u00dcbrigen auch f\u00fcr die Betriebsnummer und den T\u00e4tigkeitsschl\u00fcssel verantwortlich. Auf der Seite <a href=\"https:\/\/www.arbeitsagentur.de\/ueber-uns\/ansprechpartner\">Ansprechpartner<\/a> finden Sie die Dienststelle vor Ort sowie zentrale Kontaktm\u00f6glichkeiten.\n<h2>Gesetzliche Unfallversicherung<\/h2>\n<ul>\n \t<li>Die Spitzenorganisation ist die <a href=\"https:\/\/dguv.de\/de\/versicherung\/index.jsp\">Deutsche Gesetzliche Unfallversicherung (DGUV)<\/a>.<\/li>\n \t<li>Die Tr\u00e4ger sind die <a href=\"https:\/\/dguv.de\/de\/bg-uk-lv\/index.jsp\">Berufsgenossenschaft und Unfallkassen<\/a>.<\/li>\n<\/ul>\n<h2>Sozialversicherung f\u00fcr Landwirtschaft, Forsten und Gartenbau<\/h2>\nDie <a href=\"https:\/\/www.svlfg.de\/\">Sozialversicherung f\u00fcr Landwirtschaft, Forsten und Gartenbau (SVLFG)<\/a> vereinigt f\u00fcr die genannten Branchen unter ihrem Dach die Funktionen von Krankenkasse, Rentenversicherungstr\u00e4ger und Berufsgenossenschaft.\n<h2>Gesetz- und Verordnungsgeber<\/h2>\nDie Verantwortlichkeiten innerhalb der Bundesregierung sind geteilt zwischen zwei Ministerien:\n<ul>\n \t<li>F\u00fcr Fragen der sozialen Sicherung ist es das <a href=\"https:\/\/www.bmas.de\/DE\/Startseite\/start.html\">Bundesministerium f\u00fcr Arbeit und Soziales (BMAS)<\/a>. Dies schlie\u00dft die Renten,- Arbeitslosen- und Unfallversicherung ein.<\/li>\n \t<li>F\u00fcr die gesetzliche Krankenversicherung und die soziale Pflegeversicherung ist das <a href=\"https:\/\/www.bundesgesundheitsministerium.de\/\">Bundesministerium f\u00fcr Gesundheit<\/a> zust\u00e4ndig.<\/li>\n \t<li>Arbeitgeber in der Seefahrt finden auf der Seite <a href=\"https:\/\/www.deutsche-flagge.de\/de\/sozialversicherung\">Deutsche Flagge<\/a> des Bundesministeriums f\u00fcr Verkehr und digitale Infrastruktur alles Wichtige.<\/li>\n<\/ul>\n<h2>K\u00fcnstlersozialkasse<\/h2>\nDie <a href=\"https:\/\/www.kuenstlersozialkasse.de\/unternehmen-und-verwerter\/kuenstlersozialabgabe.html\">K\u00fcnstlersozialkasse (KSK)<\/a> f\u00fchrt im Auftrag des Bundes die K\u00fcnstlersozialversicherung durch und erhebt die K\u00fcnstlersozialabgabe. Dies betrifft Unternehmen als Auftraggeber k\u00fcnstlerischer und publizistischer Leistungen.\n<h2>Berufsst\u00e4ndische Versorgung<\/h2>\n<ul>\n \t<li>F\u00fcr bestimmte Berufsgruppen sind die Berufsst\u00e4ndischen Versorgungseinrichtungen f\u00fcr die Alterssicherung verantwortlich. Sie sind in der <a href=\"https:\/\/www.abv.de\/fuer-arbeitgeber-und-finanzaemter.html\">Arbeitsgemeinschaft berufsst\u00e4ndischer Versorgungseinrichtungen e.V. (ABV)<\/a> organisiert.<\/li>\n \t<li>Eine <a href=\"https:\/\/www.abv.de\/nach-berufsstaenden.html\">\u00dcbersicht nach Berufsst\u00e4nden<\/a> oder eine <a href=\"https:\/\/www.abv.de\/nach-bundeslaendern.html\">\u00dcbersicht nach Bundesl\u00e4ndern<\/a> finden Sie unter dem jeweiligen Link.<\/li>\n \t<li>F\u00fcr das Meldeverfahren ist die <a href=\"https:\/\/www.dasbv.de\/\">DASBV Datenservice f\u00fcr berufsst\u00e4ndische Versorgungseinrichtungen GmbH (DASBV)<\/a> zentral verantwortlich.<\/li>\n<\/ul>\n<h2>Sozialkassen des Baugewerbes<\/h2>\nF\u00fcr Arbeitgeber im Baugewerbe ist die <a href=\"https:\/\/www.soka-bau.de\/arbeitgeber\">SOKA-BAU<\/a> wichtig. In ihr sind die Urlaubs- und Lohnausgleichskasse der Bauwirtschaft (ULAK) und die Zusatzversorgungskasse des Baugewerbes AG (ZVK) vereinigt.\n<h2>Europa<\/h2>\n<ul>\n \t<li>Gesetzliche Krankenversicherung, gesetzliche Rentenversicherung und gesetzliche Unfallversicherung haben als gemeinsame Vertretung die <a href=\"https:\/\/dsv-europa.de\/de\/news.html\">Deutsche Sozialversicherung Arbeitsgemeinschaft Europa e.V. (DSVAE)<\/a>.<\/li>\n \t<li>Ferner gibt es die <a href=\"https:\/\/www.arbeitsagentur.de\/ueber-uns\/europavertretung\">Europavertretung der Bundesagentur f\u00fcr Arbeit<\/a>.<\/li>\n<\/ul>\n<h2>sv.net und Informationsportal<\/h2>\nDie Sozialversicherung stellt einige Services f\u00fcr Arbeitgeber \u00fcber die <a href=\"https:\/\/www.itsg.de\/\">ITSG GmbH<\/a> bereit, deren Gesellschafter zur gesetzlichen Krankenversicherung geh\u00f6ren. Dazu geh\u00f6rt neben diesem Informationsportal auch die <a href=\"https:\/\/www.itsg.de\/produkte\/sv-net\/\">Ausf\u00fcllhilfe sv.net<\/a>.\n<div class=\"addressContent\"><\/div>","protected":false},"excerpt":{"rendered":"<p>Die Sozialversicherung ist in verschiedene Zweige unterteilt.  Eine Organisation, die f\u00fcr die Durchf\u00fchrung verantwortlich ist, hei\u00dft Sozialversicherungstr\u00e4ger (SV-Tr\u00e4ger).  In der nachfolgenden Auflistung finden weiterf\u00fchrende Links zu Spitzenorganisationen und den jeweiligen SV-Tr\u00e4gern.  Soweit sinnvoll, sind jeweils die speziellen Bereich f\u00fcr Arbeitgeber verlinkt.  Gesetzliche Krankenversicherung Spitzenorganisation ist der GKV-Spitzenverband.  Dort ist f\u00fcr Fragen zur Besch\u00e4ftigung im Ausland [&hellip;]<\/p>","protected":false},"author":2,"featured_media":0,"parent":11,"menu_order":0,"comment_status":"closed","ping_status":"closed","template":"","meta":{"_acf_changed":false,"footnotes":""},"class_list":["post-568","page","type-page","status-publish","hentry"],"acf":[],"yoast_head":"<!-- This site is optimized with the Yoast SEO plugin v26.3 - https:\/\/yoast.com\/wordpress\/plugins\/seo\/ -->\n<title>SV-Navigator: Sozialversicherungstr\u00e4ger und Spitzenorganisationen - Informationsportal f\u00fcr Arbeitgeber der IKK Brandenburg und Berlin<\/title>\n<meta name=\"robots\" content=\"index, follow, max-snippet:-1, max-image-preview:large, max-video-preview:-1\" \/>\n<link rel=\"canonical\" href=\"https:\/\/www.informationsportal.de\/ikkbb\/ueber-das-portal\/sv-navigator\/\" \/>\n<meta property=\"og:locale\" content=\"de_DE\" \/>\n<meta property=\"og:type\" content=\"article\" \/>\n<meta property=\"og:title\" content=\"SV-Navigator: Sozialversicherungstr\u00e4ger und Spitzenorganisationen - Informationsportal f\u00fcr Arbeitgeber der IKK Brandenburg und Berlin\" \/>\n<meta property=\"og:description\" content=\"Die Sozialversicherung ist in verschiedene Zweige unterteilt. Eine Organisation, die f\u00fcr die Durchf\u00fchrung verantwortlich ist, hei\u00dft Sozialversicherungstr\u00e4ger (SV-Tr\u00e4ger). In der nachfolgenden Auflistung finden weiterf\u00fchrende Links zu Spitzenorganisationen und den jeweiligen SV-Tr\u00e4gern. Soweit sinnvoll, sind jeweils die speziellen Bereich f\u00fcr Arbeitgeber verlinkt. Gesetzliche Krankenversicherung Spitzenorganisation ist der GKV-Spitzenverband. Dort ist f\u00fcr Fragen zur Besch\u00e4ftigung im Ausland [&hellip;]\" \/>\n<meta property=\"og:url\" content=\"https:\/\/www.informationsportal.de\/ikkbb\/ueber-das-portal\/sv-navigator\/\" \/>\n<meta property=\"og:site_name\" content=\"Informationsportal f\u00fcr Arbeitgeber der IKK Brandenburg und Berlin\" \/>\n<meta property=\"article:modified_time\" content=\"2025-09-03T11:13:30+00:00\" \/>\n<meta name=\"twitter:card\" content=\"summary_large_image\" \/>\n<meta name=\"twitter:label1\" content=\"Gesch\u00e4tzte Lesezeit\" \/>\n\t<meta name=\"twitter:data1\" content=\"3\u00a0Minuten\" \/>\n<script type=\"application\/ld+json\" class=\"yoast-schema-graph\">{\"@context\":\"https:\/\/schema.org\",\"@graph\":[{\"@type\":\"WebPage\",\"@id\":\"https:\/\/www.informationsportal.de\/ikkbb\/ueber-das-portal\/sv-navigator\/\",\"url\":\"https:\/\/www.informationsportal.de\/ikkbb\/ueber-das-portal\/sv-navigator\/\",\"name\":\"SV-Navigator: Sozialversicherungstr\u00e4ger und Spitzenorganisationen - Informationsportal f\u00fcr Arbeitgeber der IKK Brandenburg und Berlin\",\"isPartOf\":{\"@id\":\"https:\/\/www.informationsportal.de\/ikkbb\/#website\"},\"datePublished\":\"2017-01-01T16:00:00+00:00\",\"dateModified\":\"2025-09-03T11:13:30+00:00\",\"breadcrumb\":{\"@id\":\"https:\/\/www.informationsportal.de\/ikkbb\/ueber-das-portal\/sv-navigator\/#breadcrumb\"},\"inLanguage\":\"de\",\"potentialAction\":[{\"@type\":\"ReadAction\",\"target\":[\"https:\/\/www.informationsportal.de\/ikkbb\/ueber-das-portal\/sv-navigator\/\"]}]},{\"@type\":\"BreadcrumbList\",\"@id\":\"https:\/\/www.informationsportal.de\/ikkbb\/ueber-das-portal\/sv-navigator\/#breadcrumb\",\"itemListElement\":[{\"@type\":\"ListItem\",\"position\":1,\"name\":\"\u00dcber das Portal\",\"item\":\"https:\/\/www.informationsportal.de\/ikkbb\/ueber-das-portal\/\"},{\"@type\":\"ListItem\",\"position\":2,\"name\":\"SV-Navigator: Sozialversicherungstr\u00e4ger und Spitzenorganisationen\"}]},{\"@type\":\"WebSite\",\"@id\":\"https:\/\/www.informationsportal.de\/ikkbb\/#website\",\"url\":\"https:\/\/www.informationsportal.de\/ikkbb\/\",\"name\":\"Informationsportal f\u00fcr Arbeitgeber der IKK Brandenburg und Berlin\",\"description\":\"Eine weitere Informationsportal f\u00fcr Arbeitgeber Websites Website\",\"potentialAction\":[{\"@type\":\"SearchAction\",\"target\":{\"@type\":\"EntryPoint\",\"urlTemplate\":\"https:\/\/www.informationsportal.de\/ikkbb\/?s={search_term_string}\"},\"query-input\":{\"@type\":\"PropertyValueSpecification\",\"valueRequired\":true,\"valueName\":\"search_term_string\"}}],\"inLanguage\":\"de\"}]}<\/script>\n<!-- \/ Yoast SEO plugin. -->","yoast_head_json":{"title":"SV-Navigator: Sozialversicherungstr\u00e4ger und Spitzenorganisationen - Informationsportal f\u00fcr Arbeitgeber der IKK Brandenburg und Berlin","robots":{"index":"index","follow":"follow","max-snippet":"max-snippet:-1","max-image-preview":"max-image-preview:large","max-video-preview":"max-video-preview:-1"},"canonical":"https:\/\/www.informationsportal.de\/ikkbb\/ueber-das-portal\/sv-navigator\/","og_locale":"de_DE","og_type":"article","og_title":"SV-Navigator: Sozialversicherungstr\u00e4ger und Spitzenorganisationen - Informationsportal f\u00fcr Arbeitgeber der IKK Brandenburg und Berlin","og_description":"Die Sozialversicherung ist in verschiedene Zweige unterteilt. Eine Organisation, die f\u00fcr die Durchf\u00fchrung verantwortlich ist, hei\u00dft Sozialversicherungstr\u00e4ger (SV-Tr\u00e4ger). In der nachfolgenden Auflistung finden weiterf\u00fchrende Links zu Spitzenorganisationen und den jeweiligen SV-Tr\u00e4gern. Soweit sinnvoll, sind jeweils die speziellen Bereich f\u00fcr Arbeitgeber verlinkt. Gesetzliche Krankenversicherung Spitzenorganisation ist der GKV-Spitzenverband. Dort ist f\u00fcr Fragen zur Besch\u00e4ftigung im Ausland [&hellip;]","og_url":"https:\/\/www.informationsportal.de\/ikkbb\/ueber-das-portal\/sv-navigator\/","og_site_name":"Informationsportal f\u00fcr Arbeitgeber der IKK Brandenburg und Berlin","article_modified_time":"2025-09-03T11:13:30+00:00","twitter_card":"summary_large_image","twitter_misc":{"Gesch\u00e4tzte Lesezeit":"3\u00a0Minuten"},"schema":{"@context":"https:\/\/schema.org","@graph":[{"@type":"WebPage","@id":"https:\/\/www.informationsportal.de\/ikkbb\/ueber-das-portal\/sv-navigator\/","url":"https:\/\/www.informationsportal.de\/ikkbb\/ueber-das-portal\/sv-navigator\/","name":"SV-Navigator: Sozialversicherungstr\u00e4ger und Spitzenorganisationen - Informationsportal f\u00fcr Arbeitgeber der IKK Brandenburg und Berlin","isPartOf":{"@id":"https:\/\/www.informationsportal.de\/ikkbb\/#website"},"datePublished":"2017-01-01T16:00:00+00:00","dateModified":"2025-09-03T11:13:30+00:00","breadcrumb":{"@id":"https:\/\/www.informationsportal.de\/ikkbb\/ueber-das-portal\/sv-navigator\/#breadcrumb"},"inLanguage":"de","potentialAction":[{"@type":"ReadAction","target":["https:\/\/www.informationsportal.de\/ikkbb\/ueber-das-portal\/sv-navigator\/"]}]},{"@type":"BreadcrumbList","@id":"https:\/\/www.informationsportal.de\/ikkbb\/ueber-das-portal\/sv-navigator\/#breadcrumb","itemListElement":[{"@type":"ListItem","position":1,"name":"\u00dcber das Portal","item":"https:\/\/www.informationsportal.de\/ikkbb\/ueber-das-portal\/"},{"@type":"ListItem","position":2,"name":"SV-Navigator: Sozialversicherungstr\u00e4ger und Spitzenorganisationen"}]},{"@type":"WebSite","@id":"https:\/\/www.informationsportal.de\/ikkbb\/#website","url":"https:\/\/www.informationsportal.de\/ikkbb\/","name":"Informationsportal f\u00fcr Arbeitgeber der IKK Brandenburg und Berlin","description":"Eine weitere Informationsportal f\u00fcr Arbeitgeber Websites Website","potentialAction":[{"@type":"SearchAction","target":{"@type":"EntryPoint","urlTemplate":"https:\/\/www.informationsportal.de\/ikkbb\/?s={search_term_string}"},"query-input":{"@type":"PropertyValueSpecification","valueRequired":true,"valueName":"search_term_string"}}],"inLanguage":"de"}]}},"_links":{"self":[{"href":"https:\/\/www.informationsportal.de\/ikkbb\/wp-json\/wp\/v2\/pages\/568","targetHints":{"allow":["GET"]}}],"collection":[{"href":"https:\/\/www.informationsportal.de\/ikkbb\/wp-json\/wp\/v2\/pages"}],"about":[{"href":"https:\/\/www.informationsportal.de\/ikkbb\/wp-json\/wp\/v2\/types\/page"}],"author":[{"embeddable":true,"href":"https:\/\/www.informationsportal.de\/ikkbb\/wp-json\/wp\/v2\/users\/2"}],"replies":[{"embeddable":true,"href":"https:\/\/www.informationsportal.de\/ikkbb\/wp-json\/wp\/v2\/comments?post=568"}],"version-history":[{"count":5,"href":"https:\/\/www.informationsportal.de\/ikkbb\/wp-json\/wp\/v2\/pages\/568\/revisions"}],"predecessor-version":[{"id":18234,"href":"https:\/\/www.informationsportal.de\/ikkbb\/wp-json\/wp\/v2\/pages\/568\/revisions\/18234"}],"up":[{"embeddable":true,"href":"https:\/\/www.informationsportal.de\/ikkbb\/wp-json\/wp\/v2\/pages\/11"}],"wp:attachment":[{"href":"https:\/\/www.informationsportal.de\/ikkbb\/wp-json\/wp\/v2\/media?parent=568"}],"curies":[{"name":"wp","href":"https:\/\/api.w.org\/{rel}","templated":true}]}}