{"id":870,"date":"2017-01-01T16:00:00","date_gmt":"2017-01-01T16:00:00","guid":{"rendered":"https:\/\/www.informationsportal.de\/?page_id=870"},"modified":"2021-06-16T10:28:17","modified_gmt":"2021-06-16T08:28:17","slug":"elektronisch-unterstuetze-betriebspruefung-eubp","status":"publish","type":"page","link":"https:\/\/www.informationsportal.de\/ikkbb\/sv-bibliothek\/meldeverfahren\/gesetzliche-rentenversicherung\/elektronisch-unterstuetze-betriebspruefung-eubp\/","title":{"rendered":"Elektronisch unterst\u00fctzte Betriebspr\u00fcfung (euBP)"},"content":{"rendered":"<p>Die elektronisch unterst\u00fctzte Betriebspr\u00fcfung (euBP) sieht die Annahme der zur Durchf\u00fchrung einer Betriebspr\u00fcfung nach \u00a7 28p SGB IV notwendigen Arbeitgeberdaten im elektronischen Verfahren vor. Die pr\u00fcfrelevanten Daten aus dem Gehaltsabrechnungs- und Buchhaltungsprogramm k\u00f6nnen elektronisch \u00fcbermittelt werden, um den Aufwand einer herk\u00f6mmlichen Betriebspr\u00fcfung f\u00fcr alle Beteiligten zu verringern.<\/p>\n<p><a href=\"https:\/\/www.deutsche-rentenversicherung.de\/DRV\/DE\/Experten\/Arbeitgeber-und-Steuerberater\/elektronisch-unterstuetzte-Betriebspruefung-euBP\/euBP.html?https=1\">Die Deutsche Rentenversicherung hat die wichtigsten Informationen f\u00fcr Arbeitgeber und Steuerberater zur euPB zusammengefasst<\/a>. Hier finden Sie Antworten zu allgemeinen Fragen hinsichtlich der Rechtsgrundlagen und Verfahrensinhalte, zum technischen Verfahren und zu den Auswirkungen f\u00fcr den Arbeitgeber. Und Sie k\u00f6nnen hier auch alle wichtigen Dokumente herunterladen.<\/p>\n<p>Die Grunds\u00e4tze nebst Anlagen finden Sie aber auch hier:<\/p>\n<p><\/p>","protected":false},"excerpt":{"rendered":"<p>Die elektronisch unterst\u00fctzte Betriebspr\u00fcfung (euBP) sieht die Annahme der zur Durchf\u00fchrung einer Betriebspr\u00fcfung nach \u00a7 28p SGB IV notwendigen Arbeitgeberdaten im elektronischen Verfahren vor.  Die pr\u00fcfrelevanten Daten aus dem Gehaltsabrechnungs- und Buchhaltungsprogramm k\u00f6nnen elektronisch \u00fcbermittelt werden, um den Aufwand einer herk\u00f6mmlichen Betriebspr\u00fcfung f\u00fcr alle Beteiligten zu verringern.  Die Deutsche Rentenversicherung hat die wichtigsten Informationen f\u00fcr [&hellip;]<\/p>","protected":false},"author":2,"featured_media":0,"parent":865,"menu_order":0,"comment_status":"closed","ping_status":"closed","template":"tpl_documents.php","meta":{"_acf_changed":false,"footnotes":""},"class_list":["post-870","page","type-page","status-publish","hentry"],"acf":[],"yoast_head":"<!-- This site is optimized with the Yoast SEO plugin v26.3 - https:\/\/yoast.com\/wordpress\/plugins\/seo\/ -->\n<title>Elektronisch unterst\u00fctzte Betriebspr\u00fcfung (euBP) - Informationsportal f\u00fcr Arbeitgeber der IKK Brandenburg und Berlin<\/title>\n<meta name=\"robots\" content=\"index, follow, max-snippet:-1, max-image-preview:large, max-video-preview:-1\" \/>\n<link rel=\"canonical\" href=\"https:\/\/www.informationsportal.de\/ikkbb\/sv-bibliothek\/meldeverfahren\/gesetzliche-rentenversicherung\/elektronisch-unterstuetze-betriebspruefung-eubp\/\" \/>\n<meta property=\"og:locale\" content=\"de_DE\" \/>\n<meta property=\"og:type\" content=\"article\" \/>\n<meta property=\"og:title\" content=\"Elektronisch unterst\u00fctzte Betriebspr\u00fcfung (euBP) - Informationsportal f\u00fcr Arbeitgeber der IKK Brandenburg und Berlin\" \/>\n<meta property=\"og:description\" content=\"Die elektronisch unterst\u00fctzte Betriebspr\u00fcfung (euBP) sieht die Annahme der zur Durchf\u00fchrung einer Betriebspr\u00fcfung nach \u00a7 28p SGB IV notwendigen Arbeitgeberdaten im elektronischen Verfahren vor. Die pr\u00fcfrelevanten Daten aus dem Gehaltsabrechnungs- und Buchhaltungsprogramm k\u00f6nnen elektronisch \u00fcbermittelt werden, um den Aufwand einer herk\u00f6mmlichen Betriebspr\u00fcfung f\u00fcr alle Beteiligten zu verringern. Die Deutsche Rentenversicherung hat die wichtigsten Informationen f\u00fcr [&hellip;]\" \/>\n<meta property=\"og:url\" content=\"https:\/\/www.informationsportal.de\/ikkbb\/sv-bibliothek\/meldeverfahren\/gesetzliche-rentenversicherung\/elektronisch-unterstuetze-betriebspruefung-eubp\/\" \/>\n<meta property=\"og:site_name\" content=\"Informationsportal f\u00fcr Arbeitgeber der IKK Brandenburg und Berlin\" \/>\n<meta property=\"article:modified_time\" content=\"2021-06-16T08:28:17+00:00\" \/>\n<meta name=\"twitter:card\" content=\"summary_large_image\" \/>\n<meta name=\"twitter:label1\" content=\"Gesch\u00e4tzte Lesezeit\" \/>\n\t<meta name=\"twitter:data1\" content=\"1\u00a0Minute\" \/>\n<script type=\"application\/ld+json\" class=\"yoast-schema-graph\">{\"@context\":\"https:\/\/schema.org\",\"@graph\":[{\"@type\":\"WebPage\",\"@id\":\"https:\/\/www.informationsportal.de\/ikkbb\/sv-bibliothek\/meldeverfahren\/gesetzliche-rentenversicherung\/elektronisch-unterstuetze-betriebspruefung-eubp\/\",\"url\":\"https:\/\/www.informationsportal.de\/ikkbb\/sv-bibliothek\/meldeverfahren\/gesetzliche-rentenversicherung\/elektronisch-unterstuetze-betriebspruefung-eubp\/\",\"name\":\"Elektronisch unterst\u00fctzte Betriebspr\u00fcfung (euBP) - Informationsportal f\u00fcr Arbeitgeber der IKK Brandenburg und Berlin\",\"isPartOf\":{\"@id\":\"https:\/\/www.informationsportal.de\/ikkbb\/#website\"},\"datePublished\":\"2017-01-01T16:00:00+00:00\",\"dateModified\":\"2021-06-16T08:28:17+00:00\",\"breadcrumb\":{\"@id\":\"https:\/\/www.informationsportal.de\/ikkbb\/sv-bibliothek\/meldeverfahren\/gesetzliche-rentenversicherung\/elektronisch-unterstuetze-betriebspruefung-eubp\/#breadcrumb\"},\"inLanguage\":\"de\",\"potentialAction\":[{\"@type\":\"ReadAction\",\"target\":[\"https:\/\/www.informationsportal.de\/ikkbb\/sv-bibliothek\/meldeverfahren\/gesetzliche-rentenversicherung\/elektronisch-unterstuetze-betriebspruefung-eubp\/\"]}]},{\"@type\":\"BreadcrumbList\",\"@id\":\"https:\/\/www.informationsportal.de\/ikkbb\/sv-bibliothek\/meldeverfahren\/gesetzliche-rentenversicherung\/elektronisch-unterstuetze-betriebspruefung-eubp\/#breadcrumb\",\"itemListElement\":[{\"@type\":\"ListItem\",\"position\":1,\"name\":\"SV-Bibliothek\",\"item\":\"https:\/\/www.informationsportal.de\/ikkbb\/sv-bibliothek\/\"},{\"@type\":\"ListItem\",\"position\":2,\"name\":\"Meldeverfahren\",\"item\":\"https:\/\/www.informationsportal.de\/ikkbb\/sv-bibliothek\/meldeverfahren\/\"},{\"@type\":\"ListItem\",\"position\":3,\"name\":\"Gesetzliche Rentenversicherung\",\"item\":\"https:\/\/www.informationsportal.de\/ikkbb\/sv-bibliothek\/meldeverfahren\/gesetzliche-rentenversicherung\/\"},{\"@type\":\"ListItem\",\"position\":4,\"name\":\"Elektronisch unterst\u00fctzte Betriebspr\u00fcfung (euBP)\"}]},{\"@type\":\"WebSite\",\"@id\":\"https:\/\/www.informationsportal.de\/ikkbb\/#website\",\"url\":\"https:\/\/www.informationsportal.de\/ikkbb\/\",\"name\":\"Informationsportal f\u00fcr Arbeitgeber der IKK Brandenburg und Berlin\",\"description\":\"Eine weitere Informationsportal f\u00fcr Arbeitgeber Websites Website\",\"potentialAction\":[{\"@type\":\"SearchAction\",\"target\":{\"@type\":\"EntryPoint\",\"urlTemplate\":\"https:\/\/www.informationsportal.de\/ikkbb\/?s={search_term_string}\"},\"query-input\":{\"@type\":\"PropertyValueSpecification\",\"valueRequired\":true,\"valueName\":\"search_term_string\"}}],\"inLanguage\":\"de\"}]}<\/script>\n<!-- \/ Yoast SEO plugin. -->","yoast_head_json":{"title":"Elektronisch unterst\u00fctzte Betriebspr\u00fcfung (euBP) - Informationsportal f\u00fcr Arbeitgeber der IKK Brandenburg und Berlin","robots":{"index":"index","follow":"follow","max-snippet":"max-snippet:-1","max-image-preview":"max-image-preview:large","max-video-preview":"max-video-preview:-1"},"canonical":"https:\/\/www.informationsportal.de\/ikkbb\/sv-bibliothek\/meldeverfahren\/gesetzliche-rentenversicherung\/elektronisch-unterstuetze-betriebspruefung-eubp\/","og_locale":"de_DE","og_type":"article","og_title":"Elektronisch unterst\u00fctzte Betriebspr\u00fcfung (euBP) - Informationsportal f\u00fcr Arbeitgeber der IKK Brandenburg und Berlin","og_description":"Die elektronisch unterst\u00fctzte Betriebspr\u00fcfung (euBP) sieht die Annahme der zur Durchf\u00fchrung einer Betriebspr\u00fcfung nach \u00a7 28p SGB IV notwendigen Arbeitgeberdaten im elektronischen Verfahren vor. Die pr\u00fcfrelevanten Daten aus dem Gehaltsabrechnungs- und Buchhaltungsprogramm k\u00f6nnen elektronisch \u00fcbermittelt werden, um den Aufwand einer herk\u00f6mmlichen Betriebspr\u00fcfung f\u00fcr alle Beteiligten zu verringern. Die Deutsche Rentenversicherung hat die wichtigsten Informationen f\u00fcr [&hellip;]","og_url":"https:\/\/www.informationsportal.de\/ikkbb\/sv-bibliothek\/meldeverfahren\/gesetzliche-rentenversicherung\/elektronisch-unterstuetze-betriebspruefung-eubp\/","og_site_name":"Informationsportal f\u00fcr Arbeitgeber der IKK Brandenburg und Berlin","article_modified_time":"2021-06-16T08:28:17+00:00","twitter_card":"summary_large_image","twitter_misc":{"Gesch\u00e4tzte Lesezeit":"1\u00a0Minute"},"schema":{"@context":"https:\/\/schema.org","@graph":[{"@type":"WebPage","@id":"https:\/\/www.informationsportal.de\/ikkbb\/sv-bibliothek\/meldeverfahren\/gesetzliche-rentenversicherung\/elektronisch-unterstuetze-betriebspruefung-eubp\/","url":"https:\/\/www.informationsportal.de\/ikkbb\/sv-bibliothek\/meldeverfahren\/gesetzliche-rentenversicherung\/elektronisch-unterstuetze-betriebspruefung-eubp\/","name":"Elektronisch unterst\u00fctzte Betriebspr\u00fcfung (euBP) - Informationsportal f\u00fcr Arbeitgeber der IKK Brandenburg und Berlin","isPartOf":{"@id":"https:\/\/www.informationsportal.de\/ikkbb\/#website"},"datePublished":"2017-01-01T16:00:00+00:00","dateModified":"2021-06-16T08:28:17+00:00","breadcrumb":{"@id":"https:\/\/www.informationsportal.de\/ikkbb\/sv-bibliothek\/meldeverfahren\/gesetzliche-rentenversicherung\/elektronisch-unterstuetze-betriebspruefung-eubp\/#breadcrumb"},"inLanguage":"de","potentialAction":[{"@type":"ReadAction","target":["https:\/\/www.informationsportal.de\/ikkbb\/sv-bibliothek\/meldeverfahren\/gesetzliche-rentenversicherung\/elektronisch-unterstuetze-betriebspruefung-eubp\/"]}]},{"@type":"BreadcrumbList","@id":"https:\/\/www.informationsportal.de\/ikkbb\/sv-bibliothek\/meldeverfahren\/gesetzliche-rentenversicherung\/elektronisch-unterstuetze-betriebspruefung-eubp\/#breadcrumb","itemListElement":[{"@type":"ListItem","position":1,"name":"SV-Bibliothek","item":"https:\/\/www.informationsportal.de\/ikkbb\/sv-bibliothek\/"},{"@type":"ListItem","position":2,"name":"Meldeverfahren","item":"https:\/\/www.informationsportal.de\/ikkbb\/sv-bibliothek\/meldeverfahren\/"},{"@type":"ListItem","position":3,"name":"Gesetzliche Rentenversicherung","item":"https:\/\/www.informationsportal.de\/ikkbb\/sv-bibliothek\/meldeverfahren\/gesetzliche-rentenversicherung\/"},{"@type":"ListItem","position":4,"name":"Elektronisch unterst\u00fctzte Betriebspr\u00fcfung (euBP)"}]},{"@type":"WebSite","@id":"https:\/\/www.informationsportal.de\/ikkbb\/#website","url":"https:\/\/www.informationsportal.de\/ikkbb\/","name":"Informationsportal f\u00fcr Arbeitgeber der IKK Brandenburg und Berlin","description":"Eine weitere Informationsportal f\u00fcr Arbeitgeber Websites Website","potentialAction":[{"@type":"SearchAction","target":{"@type":"EntryPoint","urlTemplate":"https:\/\/www.informationsportal.de\/ikkbb\/?s={search_term_string}"},"query-input":{"@type":"PropertyValueSpecification","valueRequired":true,"valueName":"search_term_string"}}],"inLanguage":"de"}]}},"_links":{"self":[{"href":"https:\/\/www.informationsportal.de\/ikkbb\/wp-json\/wp\/v2\/pages\/870","targetHints":{"allow":["GET"]}}],"collection":[{"href":"https:\/\/www.informationsportal.de\/ikkbb\/wp-json\/wp\/v2\/pages"}],"about":[{"href":"https:\/\/www.informationsportal.de\/ikkbb\/wp-json\/wp\/v2\/types\/page"}],"author":[{"embeddable":true,"href":"https:\/\/www.informationsportal.de\/ikkbb\/wp-json\/wp\/v2\/users\/2"}],"replies":[{"embeddable":true,"href":"https:\/\/www.informationsportal.de\/ikkbb\/wp-json\/wp\/v2\/comments?post=870"}],"version-history":[{"count":3,"href":"https:\/\/www.informationsportal.de\/ikkbb\/wp-json\/wp\/v2\/pages\/870\/revisions"}],"predecessor-version":[{"id":14072,"href":"https:\/\/www.informationsportal.de\/ikkbb\/wp-json\/wp\/v2\/pages\/870\/revisions\/14072"}],"up":[{"embeddable":true,"href":"https:\/\/www.informationsportal.de\/ikkbb\/wp-json\/wp\/v2\/pages\/865"}],"wp:attachment":[{"href":"https:\/\/www.informationsportal.de\/ikkbb\/wp-json\/wp\/v2\/media?parent=870"}],"curies":[{"name":"wp","href":"https:\/\/api.w.org\/{rel}","templated":true}]}}