{"id":900,"date":"2017-01-01T16:00:00","date_gmt":"2017-01-01T16:00:00","guid":{"rendered":"https:\/\/www.informationsportal.de\/?page_id=900"},"modified":"2021-01-07T07:32:08","modified_gmt":"2021-01-07T06:32:08","slug":"betriebsnummern-service","status":"publish","type":"page","link":"https:\/\/www.informationsportal.de\/ikkbb\/sv-bibliothek\/meldeverfahren\/bundesagentur-fuer-arbeit\/betriebsnummern-service\/","title":{"rendered":"Betriebsnummern-Service"},"content":{"rendered":"<h2>Vergabe von Betriebsnummern f\u00fcr die Meldungen zur Sozialversicherung<\/h2>\n<p>Wenn Sie eine Betriebsnummer bei der Bundesagentur f\u00fcr Arbeit (BA) beantragen m\u00f6chten, sollten Sie den Online-Antrag der BA nutzen. Denn bei vielen Sachverhalten erhalten Sie die Betriebsnummer auf diese Weise automatisiert und rund um die Uhr.\u00a0In den restlichen F\u00e4llen erfasst der Betriebsnummern-Service (BNS) der BA alle erforderlichen Betriebsdaten und vergibt anschlie\u00dfend die Betriebsnummer. Die Vergabe der Betriebsnummer erfolgt nach bestimmten Grunds\u00e4tzen.<\/p>\n\n<ul>\n \t<li><a href=\"https:\/\/www.arbeitsagentur.de\/unternehmen\/betriebsnummern-service\" target=\"_blank\" rel=\"noopener noreferrer\">Die Bundesagentur f\u00fcr Arbeit bietet Ihnen auf ihrer Seite zum Betriebsnummern-Service weitere Informationen, Dokumenten und den Online-Antrag<\/a>.<\/li>\n \t<li><a href=\"https:\/\/www.arbeitsagentur.de\/betriebsnummern-service\/alles-wichtige\" target=\"_blank\" rel=\"noopener noreferrer\">Zus\u00e4tzlich finden Sie dort auch Grundlegendes zu Antrag, Vergabe und Bedeutung der Betriebsnummer sowie h\u00e4ufig gestellte Fragen und Antworten<\/a>.<\/li>\n<\/ul>\n<h2><strong>Elektronische \u00c4nderungsmitteilung zu betrieblichen Angaben<\/strong><\/h2>\n<p>Alle Arbeitgeber sind gem\u00e4\u00df <u><a href=\"https:\/\/www.gesetze-im-internet.de\/sgb_4\/__18i.html\" target=\"_blank\" rel=\"noopener noreferrer\">\u00a7 18i Abs. 4 SGB IV<\/a><\/u> verpflichtet, relevante betriebliche \u00c4nderungen unverz\u00fcglich der BA mitzuteilen. Hierzu ist eine \u00c4nderungsmitteilung \u00fcber den Datensatz Betriebsdatenpflege (DSBD) aus einem zertifizierten Entgeltabrechnungsprogramm oder einer gepr\u00fcften Ausf\u00fcllhilfe heraus zu erstellen. Alle anderen Mitteilungsarten sind nicht zugelassen.<\/p>\n<p>Relevante \u00c4nderungen von Betriebsdaten ergeben sich insbesondere bei Ver\u00e4nderungen von:<\/p>\n\n<ul>\n \t<li>Name sowie Rechtsform des Besch\u00e4ftigungsbetriebs<\/li>\n \t<li>Anschrift des Besch\u00e4ftigungsbetriebs<\/li>\n \t<li>abweichender Postanschrift<\/li>\n \t<li>Ansprechpartner sowie Telefonnummer<\/li>\n \t<li>vollst\u00e4ndiger Beendigung bzw. Stilllegung des Betriebs<\/li>\n<\/ul>\n<h2>Weitere Informationen vom Betriebsnummern-Service<\/h2>\n<p>Um Arbeitgeber zu unterst\u00fctzen, stellt die Bundesagentur f\u00fcr Arbeit das kostenlose\u00a0<a href=\"https:\/\/con.arbeitsagentur.de\/prod\/apok\/ct\/dam\/download\/documents\/dok_ba013289.pdf\" target=\"_blank\" rel=\"noopener noreferrer\">Handbuch \u201eBetriebliche Angaben \u2013 Elektronische \u00c4nderungsmeldung\u201c<\/a> zum Download zur Verf\u00fcgung. Hierin sind alle Grundlagen sowie \u00c4nderungsmitteilungen praxisnah und hilfreich dargestellt. Und eilige Leser finden im Handbuch eine Checkliste zu \u00c4nderungsmitteilungen.<\/p>\n<p>Gedacht ist das Handbuch f\u00fcr alle Arbeitgeber und Privathaushalte, die \u00fcber eine Betriebsnummer verf\u00fcgen.<\/p>\n<p><\/p>","protected":false},"excerpt":{"rendered":"<p>Vergabe von Betriebsnummern f\u00fcr die Meldungen zur Sozialversicherung Wenn Sie eine Betriebsnummer bei der Bundesagentur f\u00fcr Arbeit (BA) beantragen m\u00f6chten, sollten Sie den Online-Antrag der BA nutzen.  Denn bei vielen Sachverhalten erhalten Sie die Betriebsnummer auf diese Weise automatisiert und rund um die Uhr.\u00a0In den restlichen F\u00e4llen erfasst der Betriebsnummern-Service (BNS) der BA alle erforderlichen [&hellip;]<\/p>","protected":false},"author":2,"featured_media":0,"parent":894,"menu_order":0,"comment_status":"closed","ping_status":"closed","template":"tpl_documents_blog.php","meta":{"_acf_changed":false,"footnotes":""},"class_list":["post-900","page","type-page","status-publish","hentry"],"acf":[],"yoast_head":"<!-- This site is optimized with the Yoast SEO plugin v26.3 - https:\/\/yoast.com\/wordpress\/plugins\/seo\/ -->\n<title>Betriebsnummern-Service - Informationsportal f\u00fcr Arbeitgeber der IKK Brandenburg und Berlin<\/title>\n<meta name=\"robots\" content=\"index, follow, max-snippet:-1, max-image-preview:large, max-video-preview:-1\" \/>\n<link rel=\"canonical\" href=\"https:\/\/www.informationsportal.de\/ikkbb\/sv-bibliothek\/meldeverfahren\/bundesagentur-fuer-arbeit\/betriebsnummern-service\/\" \/>\n<meta property=\"og:locale\" content=\"de_DE\" \/>\n<meta property=\"og:type\" content=\"article\" \/>\n<meta property=\"og:title\" content=\"Betriebsnummern-Service - Informationsportal f\u00fcr Arbeitgeber der IKK Brandenburg und Berlin\" \/>\n<meta property=\"og:description\" content=\"Vergabe von Betriebsnummern f\u00fcr die Meldungen zur Sozialversicherung Wenn Sie eine Betriebsnummer bei der Bundesagentur f\u00fcr Arbeit (BA) beantragen m\u00f6chten, sollten Sie den Online-Antrag der BA nutzen. Denn bei vielen Sachverhalten erhalten Sie die Betriebsnummer auf diese Weise automatisiert und rund um die Uhr.\u00a0In den restlichen F\u00e4llen erfasst der Betriebsnummern-Service (BNS) der BA alle erforderlichen [&hellip;]\" \/>\n<meta property=\"og:url\" content=\"https:\/\/www.informationsportal.de\/ikkbb\/sv-bibliothek\/meldeverfahren\/bundesagentur-fuer-arbeit\/betriebsnummern-service\/\" \/>\n<meta property=\"og:site_name\" content=\"Informationsportal f\u00fcr Arbeitgeber der IKK Brandenburg und Berlin\" \/>\n<meta property=\"article:modified_time\" content=\"2021-01-07T06:32:08+00:00\" \/>\n<meta name=\"twitter:card\" content=\"summary_large_image\" \/>\n<meta name=\"twitter:label1\" content=\"Gesch\u00e4tzte Lesezeit\" \/>\n\t<meta name=\"twitter:data1\" content=\"1\u00a0Minute\" \/>\n<script type=\"application\/ld+json\" class=\"yoast-schema-graph\">{\"@context\":\"https:\/\/schema.org\",\"@graph\":[{\"@type\":\"WebPage\",\"@id\":\"https:\/\/www.informationsportal.de\/ikkbb\/sv-bibliothek\/meldeverfahren\/bundesagentur-fuer-arbeit\/betriebsnummern-service\/\",\"url\":\"https:\/\/www.informationsportal.de\/ikkbb\/sv-bibliothek\/meldeverfahren\/bundesagentur-fuer-arbeit\/betriebsnummern-service\/\",\"name\":\"Betriebsnummern-Service - Informationsportal f\u00fcr Arbeitgeber der IKK Brandenburg und Berlin\",\"isPartOf\":{\"@id\":\"https:\/\/www.informationsportal.de\/ikkbb\/#website\"},\"datePublished\":\"2017-01-01T16:00:00+00:00\",\"dateModified\":\"2021-01-07T06:32:08+00:00\",\"breadcrumb\":{\"@id\":\"https:\/\/www.informationsportal.de\/ikkbb\/sv-bibliothek\/meldeverfahren\/bundesagentur-fuer-arbeit\/betriebsnummern-service\/#breadcrumb\"},\"inLanguage\":\"de\",\"potentialAction\":[{\"@type\":\"ReadAction\",\"target\":[\"https:\/\/www.informationsportal.de\/ikkbb\/sv-bibliothek\/meldeverfahren\/bundesagentur-fuer-arbeit\/betriebsnummern-service\/\"]}]},{\"@type\":\"BreadcrumbList\",\"@id\":\"https:\/\/www.informationsportal.de\/ikkbb\/sv-bibliothek\/meldeverfahren\/bundesagentur-fuer-arbeit\/betriebsnummern-service\/#breadcrumb\",\"itemListElement\":[{\"@type\":\"ListItem\",\"position\":1,\"name\":\"SV-Bibliothek\",\"item\":\"https:\/\/www.informationsportal.de\/ikkbb\/sv-bibliothek\/\"},{\"@type\":\"ListItem\",\"position\":2,\"name\":\"Meldeverfahren\",\"item\":\"https:\/\/www.informationsportal.de\/ikkbb\/sv-bibliothek\/meldeverfahren\/\"},{\"@type\":\"ListItem\",\"position\":3,\"name\":\"Bundesagentur f\u00fcr Arbeit\",\"item\":\"https:\/\/www.informationsportal.de\/ikkbb\/sv-bibliothek\/meldeverfahren\/bundesagentur-fuer-arbeit\/\"},{\"@type\":\"ListItem\",\"position\":4,\"name\":\"Betriebsnummern-Service\"}]},{\"@type\":\"WebSite\",\"@id\":\"https:\/\/www.informationsportal.de\/ikkbb\/#website\",\"url\":\"https:\/\/www.informationsportal.de\/ikkbb\/\",\"name\":\"Informationsportal f\u00fcr Arbeitgeber der IKK Brandenburg und Berlin\",\"description\":\"Eine weitere Informationsportal f\u00fcr Arbeitgeber Websites Website\",\"potentialAction\":[{\"@type\":\"SearchAction\",\"target\":{\"@type\":\"EntryPoint\",\"urlTemplate\":\"https:\/\/www.informationsportal.de\/ikkbb\/?s={search_term_string}\"},\"query-input\":{\"@type\":\"PropertyValueSpecification\",\"valueRequired\":true,\"valueName\":\"search_term_string\"}}],\"inLanguage\":\"de\"}]}<\/script>\n<!-- \/ Yoast SEO plugin. -->","yoast_head_json":{"title":"Betriebsnummern-Service - Informationsportal f\u00fcr Arbeitgeber der IKK Brandenburg und Berlin","robots":{"index":"index","follow":"follow","max-snippet":"max-snippet:-1","max-image-preview":"max-image-preview:large","max-video-preview":"max-video-preview:-1"},"canonical":"https:\/\/www.informationsportal.de\/ikkbb\/sv-bibliothek\/meldeverfahren\/bundesagentur-fuer-arbeit\/betriebsnummern-service\/","og_locale":"de_DE","og_type":"article","og_title":"Betriebsnummern-Service - Informationsportal f\u00fcr Arbeitgeber der IKK Brandenburg und Berlin","og_description":"Vergabe von Betriebsnummern f\u00fcr die Meldungen zur Sozialversicherung Wenn Sie eine Betriebsnummer bei der Bundesagentur f\u00fcr Arbeit (BA) beantragen m\u00f6chten, sollten Sie den Online-Antrag der BA nutzen. Denn bei vielen Sachverhalten erhalten Sie die Betriebsnummer auf diese Weise automatisiert und rund um die Uhr.\u00a0In den restlichen F\u00e4llen erfasst der Betriebsnummern-Service (BNS) der BA alle erforderlichen [&hellip;]","og_url":"https:\/\/www.informationsportal.de\/ikkbb\/sv-bibliothek\/meldeverfahren\/bundesagentur-fuer-arbeit\/betriebsnummern-service\/","og_site_name":"Informationsportal f\u00fcr Arbeitgeber der IKK Brandenburg und Berlin","article_modified_time":"2021-01-07T06:32:08+00:00","twitter_card":"summary_large_image","twitter_misc":{"Gesch\u00e4tzte Lesezeit":"1\u00a0Minute"},"schema":{"@context":"https:\/\/schema.org","@graph":[{"@type":"WebPage","@id":"https:\/\/www.informationsportal.de\/ikkbb\/sv-bibliothek\/meldeverfahren\/bundesagentur-fuer-arbeit\/betriebsnummern-service\/","url":"https:\/\/www.informationsportal.de\/ikkbb\/sv-bibliothek\/meldeverfahren\/bundesagentur-fuer-arbeit\/betriebsnummern-service\/","name":"Betriebsnummern-Service - Informationsportal f\u00fcr Arbeitgeber der IKK Brandenburg und Berlin","isPartOf":{"@id":"https:\/\/www.informationsportal.de\/ikkbb\/#website"},"datePublished":"2017-01-01T16:00:00+00:00","dateModified":"2021-01-07T06:32:08+00:00","breadcrumb":{"@id":"https:\/\/www.informationsportal.de\/ikkbb\/sv-bibliothek\/meldeverfahren\/bundesagentur-fuer-arbeit\/betriebsnummern-service\/#breadcrumb"},"inLanguage":"de","potentialAction":[{"@type":"ReadAction","target":["https:\/\/www.informationsportal.de\/ikkbb\/sv-bibliothek\/meldeverfahren\/bundesagentur-fuer-arbeit\/betriebsnummern-service\/"]}]},{"@type":"BreadcrumbList","@id":"https:\/\/www.informationsportal.de\/ikkbb\/sv-bibliothek\/meldeverfahren\/bundesagentur-fuer-arbeit\/betriebsnummern-service\/#breadcrumb","itemListElement":[{"@type":"ListItem","position":1,"name":"SV-Bibliothek","item":"https:\/\/www.informationsportal.de\/ikkbb\/sv-bibliothek\/"},{"@type":"ListItem","position":2,"name":"Meldeverfahren","item":"https:\/\/www.informationsportal.de\/ikkbb\/sv-bibliothek\/meldeverfahren\/"},{"@type":"ListItem","position":3,"name":"Bundesagentur f\u00fcr Arbeit","item":"https:\/\/www.informationsportal.de\/ikkbb\/sv-bibliothek\/meldeverfahren\/bundesagentur-fuer-arbeit\/"},{"@type":"ListItem","position":4,"name":"Betriebsnummern-Service"}]},{"@type":"WebSite","@id":"https:\/\/www.informationsportal.de\/ikkbb\/#website","url":"https:\/\/www.informationsportal.de\/ikkbb\/","name":"Informationsportal f\u00fcr Arbeitgeber der IKK Brandenburg und Berlin","description":"Eine weitere Informationsportal f\u00fcr Arbeitgeber Websites Website","potentialAction":[{"@type":"SearchAction","target":{"@type":"EntryPoint","urlTemplate":"https:\/\/www.informationsportal.de\/ikkbb\/?s={search_term_string}"},"query-input":{"@type":"PropertyValueSpecification","valueRequired":true,"valueName":"search_term_string"}}],"inLanguage":"de"}]}},"_links":{"self":[{"href":"https:\/\/www.informationsportal.de\/ikkbb\/wp-json\/wp\/v2\/pages\/900","targetHints":{"allow":["GET"]}}],"collection":[{"href":"https:\/\/www.informationsportal.de\/ikkbb\/wp-json\/wp\/v2\/pages"}],"about":[{"href":"https:\/\/www.informationsportal.de\/ikkbb\/wp-json\/wp\/v2\/types\/page"}],"author":[{"embeddable":true,"href":"https:\/\/www.informationsportal.de\/ikkbb\/wp-json\/wp\/v2\/users\/2"}],"replies":[{"embeddable":true,"href":"https:\/\/www.informationsportal.de\/ikkbb\/wp-json\/wp\/v2\/comments?post=900"}],"version-history":[{"count":3,"href":"https:\/\/www.informationsportal.de\/ikkbb\/wp-json\/wp\/v2\/pages\/900\/revisions"}],"predecessor-version":[{"id":12006,"href":"https:\/\/www.informationsportal.de\/ikkbb\/wp-json\/wp\/v2\/pages\/900\/revisions\/12006"}],"up":[{"embeddable":true,"href":"https:\/\/www.informationsportal.de\/ikkbb\/wp-json\/wp\/v2\/pages\/894"}],"wp:attachment":[{"href":"https:\/\/www.informationsportal.de\/ikkbb\/wp-json\/wp\/v2\/media?parent=900"}],"curies":[{"name":"wp","href":"https:\/\/api.w.org\/{rel}","templated":true}]}}