{"id":902,"date":"2017-01-01T16:00:00","date_gmt":"2017-01-01T16:00:00","guid":{"rendered":"https:\/\/www.informationsportal.de\/?page_id=902"},"modified":"2020-07-08T16:15:59","modified_gmt":"2020-07-08T14:15:59","slug":"berufsstaendische-versorgung","status":"publish","type":"page","link":"https:\/\/www.informationsportal.de\/ikkbb\/sv-bibliothek\/meldeverfahren\/berufsstaendische-versorgung\/","title":{"rendered":"Berufsst\u00e4ndische Versorgung"},"content":{"rendered":"Die Richtlinien regeln die automatisierte Daten\u00fcbermittlung zwischen der Versorgungsanstalt des Bundes und der L\u00e4nder (nachfolgend als ZVE bezeichnet) und den beteiligten Arbeitgebern, die zur automatisierten Daten\u00fcbermittlung zugelassen sind. Die Daten\u00fcbermittlung erfolgt durch Daten\u00fcbertragung oder auf maschinell verwertbaren Datentr\u00e4gern.\n\nAn der automatisierten Daten\u00fcbermittlung k\u00f6nnen alle Arbeitgeber teilnehmen, die Beteiligte der ZVE sind. Die Teilnahme muss bei der ZVE beantragt werden.","protected":false},"excerpt":{"rendered":"<p>Die Richtlinien regeln die automatisierte Daten\u00fcbermittlung zwischen der Versorgungsanstalt des Bundes und der L\u00e4nder (nachfolgend als ZVE bezeichnet) und den beteiligten Arbeitgebern, die zur automatisierten Daten\u00fcbermittlung zugelassen sind.  Die Daten\u00fcbermittlung erfolgt durch Daten\u00fcbertragung oder auf maschinell verwertbaren Datentr\u00e4gern.  An der automatisierten Daten\u00fcbermittlung k\u00f6nnen alle Arbeitgeber teilnehmen, die Beteiligte der ZVE sind.  Die Teilnahme muss bei [&hellip;]<\/p>","protected":false},"author":2,"featured_media":0,"parent":655,"menu_order":0,"comment_status":"closed","ping_status":"closed","template":"tpl_documents_blog.php","meta":{"_acf_changed":false,"footnotes":""},"class_list":["post-902","page","type-page","status-publish","hentry"],"acf":[],"yoast_head":"<!-- This site is optimized with the Yoast SEO plugin v26.3 - https:\/\/yoast.com\/wordpress\/plugins\/seo\/ -->\n<title>Berufsst\u00e4ndische Versorgung - Informationsportal f\u00fcr Arbeitgeber der IKK Brandenburg und Berlin<\/title>\n<meta name=\"robots\" content=\"index, follow, max-snippet:-1, max-image-preview:large, max-video-preview:-1\" \/>\n<link rel=\"canonical\" href=\"https:\/\/www.informationsportal.de\/ikkbb\/sv-bibliothek\/meldeverfahren\/berufsstaendische-versorgung\/\" \/>\n<meta property=\"og:locale\" content=\"de_DE\" \/>\n<meta property=\"og:type\" content=\"article\" \/>\n<meta property=\"og:title\" content=\"Berufsst\u00e4ndische Versorgung - Informationsportal f\u00fcr Arbeitgeber der IKK Brandenburg und Berlin\" \/>\n<meta property=\"og:description\" content=\"Die Richtlinien regeln die automatisierte Daten\u00fcbermittlung zwischen der Versorgungsanstalt des Bundes und der L\u00e4nder (nachfolgend als ZVE bezeichnet) und den beteiligten Arbeitgebern, die zur automatisierten Daten\u00fcbermittlung zugelassen sind. Die Daten\u00fcbermittlung erfolgt durch Daten\u00fcbertragung oder auf maschinell verwertbaren Datentr\u00e4gern. An der automatisierten Daten\u00fcbermittlung k\u00f6nnen alle Arbeitgeber teilnehmen, die Beteiligte der ZVE sind. Die Teilnahme muss bei [&hellip;]\" \/>\n<meta property=\"og:url\" content=\"https:\/\/www.informationsportal.de\/ikkbb\/sv-bibliothek\/meldeverfahren\/berufsstaendische-versorgung\/\" \/>\n<meta property=\"og:site_name\" content=\"Informationsportal f\u00fcr Arbeitgeber der IKK Brandenburg und Berlin\" \/>\n<meta property=\"article:modified_time\" content=\"2020-07-08T14:15:59+00:00\" \/>\n<meta name=\"twitter:card\" content=\"summary_large_image\" \/>\n<script type=\"application\/ld+json\" class=\"yoast-schema-graph\">{\"@context\":\"https:\/\/schema.org\",\"@graph\":[{\"@type\":\"WebPage\",\"@id\":\"https:\/\/www.informationsportal.de\/ikkbb\/sv-bibliothek\/meldeverfahren\/berufsstaendische-versorgung\/\",\"url\":\"https:\/\/www.informationsportal.de\/ikkbb\/sv-bibliothek\/meldeverfahren\/berufsstaendische-versorgung\/\",\"name\":\"Berufsst\u00e4ndische Versorgung - Informationsportal f\u00fcr Arbeitgeber der IKK Brandenburg und Berlin\",\"isPartOf\":{\"@id\":\"https:\/\/www.informationsportal.de\/ikkbb\/#website\"},\"datePublished\":\"2017-01-01T16:00:00+00:00\",\"dateModified\":\"2020-07-08T14:15:59+00:00\",\"breadcrumb\":{\"@id\":\"https:\/\/www.informationsportal.de\/ikkbb\/sv-bibliothek\/meldeverfahren\/berufsstaendische-versorgung\/#breadcrumb\"},\"inLanguage\":\"de\",\"potentialAction\":[{\"@type\":\"ReadAction\",\"target\":[\"https:\/\/www.informationsportal.de\/ikkbb\/sv-bibliothek\/meldeverfahren\/berufsstaendische-versorgung\/\"]}]},{\"@type\":\"BreadcrumbList\",\"@id\":\"https:\/\/www.informationsportal.de\/ikkbb\/sv-bibliothek\/meldeverfahren\/berufsstaendische-versorgung\/#breadcrumb\",\"itemListElement\":[{\"@type\":\"ListItem\",\"position\":1,\"name\":\"SV-Bibliothek\",\"item\":\"https:\/\/www.informationsportal.de\/ikkbb\/sv-bibliothek\/\"},{\"@type\":\"ListItem\",\"position\":2,\"name\":\"Meldeverfahren\",\"item\":\"https:\/\/www.informationsportal.de\/ikkbb\/sv-bibliothek\/meldeverfahren\/\"},{\"@type\":\"ListItem\",\"position\":3,\"name\":\"Berufsst\u00e4ndische Versorgung\"}]},{\"@type\":\"WebSite\",\"@id\":\"https:\/\/www.informationsportal.de\/ikkbb\/#website\",\"url\":\"https:\/\/www.informationsportal.de\/ikkbb\/\",\"name\":\"Informationsportal f\u00fcr Arbeitgeber der IKK Brandenburg und Berlin\",\"description\":\"Eine weitere Informationsportal f\u00fcr Arbeitgeber Websites Website\",\"potentialAction\":[{\"@type\":\"SearchAction\",\"target\":{\"@type\":\"EntryPoint\",\"urlTemplate\":\"https:\/\/www.informationsportal.de\/ikkbb\/?s={search_term_string}\"},\"query-input\":{\"@type\":\"PropertyValueSpecification\",\"valueRequired\":true,\"valueName\":\"search_term_string\"}}],\"inLanguage\":\"de\"}]}<\/script>\n<!-- \/ Yoast SEO plugin. -->","yoast_head_json":{"title":"Berufsst\u00e4ndische Versorgung - Informationsportal f\u00fcr Arbeitgeber der IKK Brandenburg und Berlin","robots":{"index":"index","follow":"follow","max-snippet":"max-snippet:-1","max-image-preview":"max-image-preview:large","max-video-preview":"max-video-preview:-1"},"canonical":"https:\/\/www.informationsportal.de\/ikkbb\/sv-bibliothek\/meldeverfahren\/berufsstaendische-versorgung\/","og_locale":"de_DE","og_type":"article","og_title":"Berufsst\u00e4ndische Versorgung - Informationsportal f\u00fcr Arbeitgeber der IKK Brandenburg und Berlin","og_description":"Die Richtlinien regeln die automatisierte Daten\u00fcbermittlung zwischen der Versorgungsanstalt des Bundes und der L\u00e4nder (nachfolgend als ZVE bezeichnet) und den beteiligten Arbeitgebern, die zur automatisierten Daten\u00fcbermittlung zugelassen sind. Die Daten\u00fcbermittlung erfolgt durch Daten\u00fcbertragung oder auf maschinell verwertbaren Datentr\u00e4gern. An der automatisierten Daten\u00fcbermittlung k\u00f6nnen alle Arbeitgeber teilnehmen, die Beteiligte der ZVE sind. Die Teilnahme muss bei [&hellip;]","og_url":"https:\/\/www.informationsportal.de\/ikkbb\/sv-bibliothek\/meldeverfahren\/berufsstaendische-versorgung\/","og_site_name":"Informationsportal f\u00fcr Arbeitgeber der IKK Brandenburg und Berlin","article_modified_time":"2020-07-08T14:15:59+00:00","twitter_card":"summary_large_image","schema":{"@context":"https:\/\/schema.org","@graph":[{"@type":"WebPage","@id":"https:\/\/www.informationsportal.de\/ikkbb\/sv-bibliothek\/meldeverfahren\/berufsstaendische-versorgung\/","url":"https:\/\/www.informationsportal.de\/ikkbb\/sv-bibliothek\/meldeverfahren\/berufsstaendische-versorgung\/","name":"Berufsst\u00e4ndische Versorgung - Informationsportal f\u00fcr Arbeitgeber der IKK Brandenburg und Berlin","isPartOf":{"@id":"https:\/\/www.informationsportal.de\/ikkbb\/#website"},"datePublished":"2017-01-01T16:00:00+00:00","dateModified":"2020-07-08T14:15:59+00:00","breadcrumb":{"@id":"https:\/\/www.informationsportal.de\/ikkbb\/sv-bibliothek\/meldeverfahren\/berufsstaendische-versorgung\/#breadcrumb"},"inLanguage":"de","potentialAction":[{"@type":"ReadAction","target":["https:\/\/www.informationsportal.de\/ikkbb\/sv-bibliothek\/meldeverfahren\/berufsstaendische-versorgung\/"]}]},{"@type":"BreadcrumbList","@id":"https:\/\/www.informationsportal.de\/ikkbb\/sv-bibliothek\/meldeverfahren\/berufsstaendische-versorgung\/#breadcrumb","itemListElement":[{"@type":"ListItem","position":1,"name":"SV-Bibliothek","item":"https:\/\/www.informationsportal.de\/ikkbb\/sv-bibliothek\/"},{"@type":"ListItem","position":2,"name":"Meldeverfahren","item":"https:\/\/www.informationsportal.de\/ikkbb\/sv-bibliothek\/meldeverfahren\/"},{"@type":"ListItem","position":3,"name":"Berufsst\u00e4ndische Versorgung"}]},{"@type":"WebSite","@id":"https:\/\/www.informationsportal.de\/ikkbb\/#website","url":"https:\/\/www.informationsportal.de\/ikkbb\/","name":"Informationsportal f\u00fcr Arbeitgeber der IKK Brandenburg und Berlin","description":"Eine weitere Informationsportal f\u00fcr Arbeitgeber Websites Website","potentialAction":[{"@type":"SearchAction","target":{"@type":"EntryPoint","urlTemplate":"https:\/\/www.informationsportal.de\/ikkbb\/?s={search_term_string}"},"query-input":{"@type":"PropertyValueSpecification","valueRequired":true,"valueName":"search_term_string"}}],"inLanguage":"de"}]}},"_links":{"self":[{"href":"https:\/\/www.informationsportal.de\/ikkbb\/wp-json\/wp\/v2\/pages\/902","targetHints":{"allow":["GET"]}}],"collection":[{"href":"https:\/\/www.informationsportal.de\/ikkbb\/wp-json\/wp\/v2\/pages"}],"about":[{"href":"https:\/\/www.informationsportal.de\/ikkbb\/wp-json\/wp\/v2\/types\/page"}],"author":[{"embeddable":true,"href":"https:\/\/www.informationsportal.de\/ikkbb\/wp-json\/wp\/v2\/users\/2"}],"replies":[{"embeddable":true,"href":"https:\/\/www.informationsportal.de\/ikkbb\/wp-json\/wp\/v2\/comments?post=902"}],"version-history":[{"count":2,"href":"https:\/\/www.informationsportal.de\/ikkbb\/wp-json\/wp\/v2\/pages\/902\/revisions"}],"predecessor-version":[{"id":9835,"href":"https:\/\/www.informationsportal.de\/ikkbb\/wp-json\/wp\/v2\/pages\/902\/revisions\/9835"}],"up":[{"embeddable":true,"href":"https:\/\/www.informationsportal.de\/ikkbb\/wp-json\/wp\/v2\/pages\/655"}],"wp:attachment":[{"href":"https:\/\/www.informationsportal.de\/ikkbb\/wp-json\/wp\/v2\/media?parent=902"}],"curies":[{"name":"wp","href":"https:\/\/api.w.org\/{rel}","templated":true}]}}