{"id":9769,"date":"2017-01-01T16:00:00","date_gmt":"2017-01-01T16:00:00","guid":{"rendered":"https:\/\/www.informationsportal.de\/?page_id=1479"},"modified":"2021-01-07T15:26:06","modified_gmt":"2021-01-07T14:26:06","slug":"weisungen","status":"publish","type":"page","link":"https:\/\/www.informationsportal.de\/kbs\/sv-bibliothek\/versicherung-und-beitragsrecht\/arbeitslosenversicherung\/weisungen\/","title":{"rendered":"Weisungssammlungen nach Rechtsnormen"},"content":{"rendered":"\n<h2 class=\"wp-block-heading\">Weisungen, sortiert nach der Systematik des Sozialgesetzbuches und weiterer Gesetze<\/h2>\n\n\n\n<p>Unter dem Link finden Sie Dokumente, bei denen die Bundesagentur f\u00fcr Arbeit f\u00fcr verschiedene Gesetze Weisunge herausgegeben hat. Dazu geh\u00f6ren u. a. die Arbeitsf\u00f6rderung, Arbeitslosenversicherung und -geld, Berufswahl und -ausbildung, Aufnahme einer Erwerbst\u00e4tigkeit sowie der Teilhabe von Menschen mit Behinderung. Die Dokumente <span style=\"text-decoration: underline\"><span style=\"color: #0000ff;text-decoration: underline\"><a rel=\"noopener noreferrer\" href=\"https:\/\/www.arbeitsagentur.de\/veroeffentlichungen\/gesetze-und-weisungen#1478808824026\" target=\"_blank\">\u00a0finden Sie hier<\/a><\/span><\/span>.<\/p>\n","protected":false},"excerpt":{"rendered":"<p>Link-Seite zur Bundesagentur f\u00fcr Arbeit zum Thema Gesch\u00e4ftsanweisungen zur Arbeitslosenversicherung<\/p>","protected":false},"author":1,"featured_media":0,"parent":781,"menu_order":0,"comment_status":"closed","ping_status":"closed","template":"tpl_documents_blog.php","meta":{"_acf_changed":false,"footnotes":""},"class_list":["post-9769","page","type-page","status-publish","hentry"],"acf":[],"yoast_head":"<!-- This site is optimized with the Yoast SEO plugin v26.3 - https:\/\/yoast.com\/wordpress\/plugins\/seo\/ -->\n<title>Weisungssammlungen nach Rechtsnormen - Informationsportal der Knappschaft-Bahn-See f\u00fcr Arbeitgeber<\/title>\n<meta name=\"robots\" content=\"index, follow, max-snippet:-1, max-image-preview:large, max-video-preview:-1\" \/>\n<link rel=\"canonical\" href=\"https:\/\/www.informationsportal.de\/kbs\/sv-bibliothek\/versicherung-und-beitragsrecht\/arbeitslosenversicherung\/weisungen\/\" \/>\n<meta property=\"og:locale\" content=\"de_DE\" \/>\n<meta property=\"og:type\" content=\"article\" \/>\n<meta property=\"og:title\" content=\"Weisungssammlungen nach Rechtsnormen - Informationsportal der Knappschaft-Bahn-See f\u00fcr Arbeitgeber\" \/>\n<meta property=\"og:description\" content=\"Link-Seite zur Bundesagentur f\u00fcr Arbeit zum Thema Gesch\u00e4ftsanweisungen zur Arbeitslosenversicherung\" \/>\n<meta property=\"og:url\" content=\"https:\/\/www.informationsportal.de\/kbs\/sv-bibliothek\/versicherung-und-beitragsrecht\/arbeitslosenversicherung\/weisungen\/\" \/>\n<meta property=\"og:site_name\" content=\"Informationsportal der Knappschaft-Bahn-See f\u00fcr Arbeitgeber\" \/>\n<meta property=\"article:modified_time\" content=\"2021-01-07T14:26:06+00:00\" \/>\n<meta name=\"twitter:card\" content=\"summary_large_image\" \/>\n<script type=\"application\/ld+json\" class=\"yoast-schema-graph\">{\"@context\":\"https:\/\/schema.org\",\"@graph\":[{\"@type\":\"WebPage\",\"@id\":\"https:\/\/www.informationsportal.de\/kbs\/sv-bibliothek\/versicherung-und-beitragsrecht\/arbeitslosenversicherung\/weisungen\/\",\"url\":\"https:\/\/www.informationsportal.de\/kbs\/sv-bibliothek\/versicherung-und-beitragsrecht\/arbeitslosenversicherung\/weisungen\/\",\"name\":\"Weisungssammlungen nach Rechtsnormen - Informationsportal der Knappschaft-Bahn-See f\u00fcr Arbeitgeber\",\"isPartOf\":{\"@id\":\"https:\/\/www.informationsportal.de\/kbs\/#website\"},\"datePublished\":\"2017-01-01T16:00:00+00:00\",\"dateModified\":\"2021-01-07T14:26:06+00:00\",\"breadcrumb\":{\"@id\":\"https:\/\/www.informationsportal.de\/kbs\/sv-bibliothek\/versicherung-und-beitragsrecht\/arbeitslosenversicherung\/weisungen\/#breadcrumb\"},\"inLanguage\":\"de\",\"potentialAction\":[{\"@type\":\"ReadAction\",\"target\":[\"https:\/\/www.informationsportal.de\/kbs\/sv-bibliothek\/versicherung-und-beitragsrecht\/arbeitslosenversicherung\/weisungen\/\"]}]},{\"@type\":\"BreadcrumbList\",\"@id\":\"https:\/\/www.informationsportal.de\/kbs\/sv-bibliothek\/versicherung-und-beitragsrecht\/arbeitslosenversicherung\/weisungen\/#breadcrumb\",\"itemListElement\":[{\"@type\":\"ListItem\",\"position\":1,\"name\":\"SV-Bibliothek\",\"item\":\"https:\/\/www.informationsportal.de\/kbs\/sv-bibliothek\/\"},{\"@type\":\"ListItem\",\"position\":2,\"name\":\"Versicherungs- und Beitragsrecht\",\"item\":\"https:\/\/www.informationsportal.de\/kbs\/sv-bibliothek\/versicherung-und-beitragsrecht\/\"},{\"@type\":\"ListItem\",\"position\":3,\"name\":\"Arbeitslosenversicherung\",\"item\":\"https:\/\/www.informationsportal.de\/kbs\/sv-bibliothek\/versicherung-und-beitragsrecht\/arbeitslosenversicherung\/\"},{\"@type\":\"ListItem\",\"position\":4,\"name\":\"Weisungssammlungen nach Rechtsnormen\"}]},{\"@type\":\"WebSite\",\"@id\":\"https:\/\/www.informationsportal.de\/kbs\/#website\",\"url\":\"https:\/\/www.informationsportal.de\/kbs\/\",\"name\":\"Informationsportal der Knappschaft-Bahn-See f\u00fcr Arbeitgeber\",\"description\":\"Das Informationsportal ist ein Wegweiser zu den Meldepflichten der Sozialversicherung\",\"potentialAction\":[{\"@type\":\"SearchAction\",\"target\":{\"@type\":\"EntryPoint\",\"urlTemplate\":\"https:\/\/www.informationsportal.de\/kbs\/?s={search_term_string}\"},\"query-input\":{\"@type\":\"PropertyValueSpecification\",\"valueRequired\":true,\"valueName\":\"search_term_string\"}}],\"inLanguage\":\"de\"}]}<\/script>\n<!-- \/ Yoast SEO plugin. -->","yoast_head_json":{"title":"Weisungssammlungen nach Rechtsnormen - Informationsportal der Knappschaft-Bahn-See f\u00fcr Arbeitgeber","robots":{"index":"index","follow":"follow","max-snippet":"max-snippet:-1","max-image-preview":"max-image-preview:large","max-video-preview":"max-video-preview:-1"},"canonical":"https:\/\/www.informationsportal.de\/kbs\/sv-bibliothek\/versicherung-und-beitragsrecht\/arbeitslosenversicherung\/weisungen\/","og_locale":"de_DE","og_type":"article","og_title":"Weisungssammlungen nach Rechtsnormen - Informationsportal der Knappschaft-Bahn-See f\u00fcr Arbeitgeber","og_description":"Link-Seite zur Bundesagentur f\u00fcr Arbeit zum Thema Gesch\u00e4ftsanweisungen zur Arbeitslosenversicherung","og_url":"https:\/\/www.informationsportal.de\/kbs\/sv-bibliothek\/versicherung-und-beitragsrecht\/arbeitslosenversicherung\/weisungen\/","og_site_name":"Informationsportal der Knappschaft-Bahn-See f\u00fcr Arbeitgeber","article_modified_time":"2021-01-07T14:26:06+00:00","twitter_card":"summary_large_image","schema":{"@context":"https:\/\/schema.org","@graph":[{"@type":"WebPage","@id":"https:\/\/www.informationsportal.de\/kbs\/sv-bibliothek\/versicherung-und-beitragsrecht\/arbeitslosenversicherung\/weisungen\/","url":"https:\/\/www.informationsportal.de\/kbs\/sv-bibliothek\/versicherung-und-beitragsrecht\/arbeitslosenversicherung\/weisungen\/","name":"Weisungssammlungen nach Rechtsnormen - Informationsportal der Knappschaft-Bahn-See f\u00fcr Arbeitgeber","isPartOf":{"@id":"https:\/\/www.informationsportal.de\/kbs\/#website"},"datePublished":"2017-01-01T16:00:00+00:00","dateModified":"2021-01-07T14:26:06+00:00","breadcrumb":{"@id":"https:\/\/www.informationsportal.de\/kbs\/sv-bibliothek\/versicherung-und-beitragsrecht\/arbeitslosenversicherung\/weisungen\/#breadcrumb"},"inLanguage":"de","potentialAction":[{"@type":"ReadAction","target":["https:\/\/www.informationsportal.de\/kbs\/sv-bibliothek\/versicherung-und-beitragsrecht\/arbeitslosenversicherung\/weisungen\/"]}]},{"@type":"BreadcrumbList","@id":"https:\/\/www.informationsportal.de\/kbs\/sv-bibliothek\/versicherung-und-beitragsrecht\/arbeitslosenversicherung\/weisungen\/#breadcrumb","itemListElement":[{"@type":"ListItem","position":1,"name":"SV-Bibliothek","item":"https:\/\/www.informationsportal.de\/kbs\/sv-bibliothek\/"},{"@type":"ListItem","position":2,"name":"Versicherungs- und Beitragsrecht","item":"https:\/\/www.informationsportal.de\/kbs\/sv-bibliothek\/versicherung-und-beitragsrecht\/"},{"@type":"ListItem","position":3,"name":"Arbeitslosenversicherung","item":"https:\/\/www.informationsportal.de\/kbs\/sv-bibliothek\/versicherung-und-beitragsrecht\/arbeitslosenversicherung\/"},{"@type":"ListItem","position":4,"name":"Weisungssammlungen nach Rechtsnormen"}]},{"@type":"WebSite","@id":"https:\/\/www.informationsportal.de\/kbs\/#website","url":"https:\/\/www.informationsportal.de\/kbs\/","name":"Informationsportal der Knappschaft-Bahn-See f\u00fcr Arbeitgeber","description":"Das Informationsportal ist ein Wegweiser zu den Meldepflichten der Sozialversicherung","potentialAction":[{"@type":"SearchAction","target":{"@type":"EntryPoint","urlTemplate":"https:\/\/www.informationsportal.de\/kbs\/?s={search_term_string}"},"query-input":{"@type":"PropertyValueSpecification","valueRequired":true,"valueName":"search_term_string"}}],"inLanguage":"de"}]}},"_links":{"self":[{"href":"https:\/\/www.informationsportal.de\/kbs\/wp-json\/wp\/v2\/pages\/9769","targetHints":{"allow":["GET"]}}],"collection":[{"href":"https:\/\/www.informationsportal.de\/kbs\/wp-json\/wp\/v2\/pages"}],"about":[{"href":"https:\/\/www.informationsportal.de\/kbs\/wp-json\/wp\/v2\/types\/page"}],"author":[{"embeddable":true,"href":"https:\/\/www.informationsportal.de\/kbs\/wp-json\/wp\/v2\/users\/1"}],"replies":[{"embeddable":true,"href":"https:\/\/www.informationsportal.de\/kbs\/wp-json\/wp\/v2\/comments?post=9769"}],"version-history":[{"count":5,"href":"https:\/\/www.informationsportal.de\/kbs\/wp-json\/wp\/v2\/pages\/9769\/revisions"}],"predecessor-version":[{"id":12016,"href":"https:\/\/www.informationsportal.de\/kbs\/wp-json\/wp\/v2\/pages\/9769\/revisions\/12016"}],"up":[{"embeddable":true,"href":"https:\/\/www.informationsportal.de\/kbs\/wp-json\/wp\/v2\/pages\/781"}],"wp:attachment":[{"href":"https:\/\/www.informationsportal.de\/kbs\/wp-json\/wp\/v2\/media?parent=9769"}],"curies":[{"name":"wp","href":"https:\/\/api.w.org\/{rel}","templated":true}]}}