{"id":4899,"date":"2019-06-21T13:02:18","date_gmt":"2019-06-21T11:02:18","guid":{"rendered":"https:\/\/www.informationsportal.de\/?page_id=4899"},"modified":"2020-09-04T11:56:00","modified_gmt":"2020-09-04T09:56:00","slug":"beitragszuschlag-und-elterneigenschaft","status":"publish","type":"page","link":"https:\/\/www.informationsportal.de\/merck-bkk\/sv-bibliothek\/versicherung-und-beitragsrecht\/gesetzliche-krankenversicherung\/beitragszuschlag-und-elterneigenschaft\/","title":{"rendered":"Beitragszuschlag und Elterneigenschaft"},"content":{"rendered":"\n<h2 class=\"wp-block-heading\">Beitragszuschlag in der sozialen Pflegeversicherung f\u00fcr Kinderlose und Nachweis der Elterneigenschaft<\/h2>\n\n\n\n<p>Nachfolgend finden Sie die Dokumente, die den Beitragszuschlag f\u00fcr Kinderlose behandeln. Dabei werden die vom Beitragszuschlag ausgenommenen Personengruppen und der Nachweis der Elterneigenschaft zur Vermeidung des Beitragszuschlags beschrieben.<\/p>\n","protected":false},"excerpt":{"rendered":"<p>Beitragszuschlag in der sozialen Pflegeversicherung f\u00fcr Kinderlose und Nachweis der Elterneigenschaft Nachfolgend finden Sie die Dokumente, die den Beitragszuschlag f\u00fcr Kinderlose behandeln.  Dabei werden die vom Beitragszuschlag ausgenommenen Personengruppen und der Nachweis der Elterneigenschaft zur Vermeidung des Beitragszuschlags beschrieben.<\/p>","protected":false},"author":1,"featured_media":0,"parent":4897,"menu_order":0,"comment_status":"closed","ping_status":"closed","template":"tpl_documents.php","meta":{"_acf_changed":false,"footnotes":""},"class_list":["post-4899","page","type-page","status-publish","hentry"],"acf":[],"yoast_head":"<!-- This site is optimized with the Yoast SEO plugin v26.3 - https:\/\/yoast.com\/wordpress\/plugins\/seo\/ -->\n<title>Beitragszuschlag und Elterneigenschaft - Informationsportal f\u00fcr Arbeitgeber der Merck BKK<\/title>\n<meta name=\"robots\" content=\"index, follow, max-snippet:-1, max-image-preview:large, max-video-preview:-1\" \/>\n<link rel=\"canonical\" href=\"https:\/\/www.informationsportal.de\/merck-bkk\/sv-bibliothek\/versicherung-und-beitragsrecht\/gesetzliche-krankenversicherung\/beitragszuschlag-und-elterneigenschaft\/\" \/>\n<meta property=\"og:locale\" content=\"de_DE\" \/>\n<meta property=\"og:type\" content=\"article\" \/>\n<meta property=\"og:title\" content=\"Beitragszuschlag und Elterneigenschaft - Informationsportal f\u00fcr Arbeitgeber der Merck BKK\" \/>\n<meta property=\"og:description\" content=\"Beitragszuschlag in der sozialen Pflegeversicherung f\u00fcr Kinderlose und Nachweis der Elterneigenschaft Nachfolgend finden Sie die Dokumente, die den Beitragszuschlag f\u00fcr Kinderlose behandeln. Dabei werden die vom Beitragszuschlag ausgenommenen Personengruppen und der Nachweis der Elterneigenschaft zur Vermeidung des Beitragszuschlags beschrieben.\" \/>\n<meta property=\"og:url\" content=\"https:\/\/www.informationsportal.de\/merck-bkk\/sv-bibliothek\/versicherung-und-beitragsrecht\/gesetzliche-krankenversicherung\/beitragszuschlag-und-elterneigenschaft\/\" \/>\n<meta property=\"og:site_name\" content=\"Informationsportal f\u00fcr Arbeitgeber der Merck BKK\" \/>\n<meta property=\"article:modified_time\" content=\"2020-09-04T09:56:00+00:00\" \/>\n<meta name=\"twitter:card\" content=\"summary_large_image\" \/>\n<script type=\"application\/ld+json\" class=\"yoast-schema-graph\">{\"@context\":\"https:\/\/schema.org\",\"@graph\":[{\"@type\":\"WebPage\",\"@id\":\"https:\/\/www.informationsportal.de\/merck-bkk\/sv-bibliothek\/versicherung-und-beitragsrecht\/gesetzliche-krankenversicherung\/beitragszuschlag-und-elterneigenschaft\/\",\"url\":\"https:\/\/www.informationsportal.de\/merck-bkk\/sv-bibliothek\/versicherung-und-beitragsrecht\/gesetzliche-krankenversicherung\/beitragszuschlag-und-elterneigenschaft\/\",\"name\":\"Beitragszuschlag und Elterneigenschaft - Informationsportal f\u00fcr Arbeitgeber der Merck BKK\",\"isPartOf\":{\"@id\":\"https:\/\/www.informationsportal.de\/merck-bkk\/#website\"},\"datePublished\":\"2019-06-21T11:02:18+00:00\",\"dateModified\":\"2020-09-04T09:56:00+00:00\",\"breadcrumb\":{\"@id\":\"https:\/\/www.informationsportal.de\/merck-bkk\/sv-bibliothek\/versicherung-und-beitragsrecht\/gesetzliche-krankenversicherung\/beitragszuschlag-und-elterneigenschaft\/#breadcrumb\"},\"inLanguage\":\"de\",\"potentialAction\":[{\"@type\":\"ReadAction\",\"target\":[\"https:\/\/www.informationsportal.de\/merck-bkk\/sv-bibliothek\/versicherung-und-beitragsrecht\/gesetzliche-krankenversicherung\/beitragszuschlag-und-elterneigenschaft\/\"]}]},{\"@type\":\"BreadcrumbList\",\"@id\":\"https:\/\/www.informationsportal.de\/merck-bkk\/sv-bibliothek\/versicherung-und-beitragsrecht\/gesetzliche-krankenversicherung\/beitragszuschlag-und-elterneigenschaft\/#breadcrumb\",\"itemListElement\":[{\"@type\":\"ListItem\",\"position\":1,\"name\":\"SV-Bibliothek\",\"item\":\"https:\/\/www.informationsportal.de\/merck-bkk\/sv-bibliothek\/\"},{\"@type\":\"ListItem\",\"position\":2,\"name\":\"Versicherungs- und Beitragsrecht\",\"item\":\"https:\/\/www.informationsportal.de\/merck-bkk\/sv-bibliothek\/versicherung-und-beitragsrecht\/\"},{\"@type\":\"ListItem\",\"position\":3,\"name\":\"Gesetzliche Krankenversicherung\",\"item\":\"https:\/\/www.informationsportal.de\/merck-bkk\/sv-bibliothek\/versicherung-und-beitragsrecht\/gesetzliche-krankenversicherung\/\"},{\"@type\":\"ListItem\",\"position\":4,\"name\":\"Beitragszuschlag und Elterneigenschaft\"}]},{\"@type\":\"WebSite\",\"@id\":\"https:\/\/www.informationsportal.de\/merck-bkk\/#website\",\"url\":\"https:\/\/www.informationsportal.de\/merck-bkk\/\",\"name\":\"Informationsportal f\u00fcr Arbeitgeber der Merck BKK\",\"description\":\"Das Informationsportal ist ein Wegweiser zu den Meldepflichten der Sozialversicherung\",\"potentialAction\":[{\"@type\":\"SearchAction\",\"target\":{\"@type\":\"EntryPoint\",\"urlTemplate\":\"https:\/\/www.informationsportal.de\/merck-bkk\/?s={search_term_string}\"},\"query-input\":{\"@type\":\"PropertyValueSpecification\",\"valueRequired\":true,\"valueName\":\"search_term_string\"}}],\"inLanguage\":\"de\"}]}<\/script>\n<!-- \/ Yoast SEO plugin. -->","yoast_head_json":{"title":"Beitragszuschlag und Elterneigenschaft - Informationsportal f\u00fcr Arbeitgeber der Merck BKK","robots":{"index":"index","follow":"follow","max-snippet":"max-snippet:-1","max-image-preview":"max-image-preview:large","max-video-preview":"max-video-preview:-1"},"canonical":"https:\/\/www.informationsportal.de\/merck-bkk\/sv-bibliothek\/versicherung-und-beitragsrecht\/gesetzliche-krankenversicherung\/beitragszuschlag-und-elterneigenschaft\/","og_locale":"de_DE","og_type":"article","og_title":"Beitragszuschlag und Elterneigenschaft - Informationsportal f\u00fcr Arbeitgeber der Merck BKK","og_description":"Beitragszuschlag in der sozialen Pflegeversicherung f\u00fcr Kinderlose und Nachweis der Elterneigenschaft Nachfolgend finden Sie die Dokumente, die den Beitragszuschlag f\u00fcr Kinderlose behandeln. Dabei werden die vom Beitragszuschlag ausgenommenen Personengruppen und der Nachweis der Elterneigenschaft zur Vermeidung des Beitragszuschlags beschrieben.","og_url":"https:\/\/www.informationsportal.de\/merck-bkk\/sv-bibliothek\/versicherung-und-beitragsrecht\/gesetzliche-krankenversicherung\/beitragszuschlag-und-elterneigenschaft\/","og_site_name":"Informationsportal f\u00fcr Arbeitgeber der Merck BKK","article_modified_time":"2020-09-04T09:56:00+00:00","twitter_card":"summary_large_image","schema":{"@context":"https:\/\/schema.org","@graph":[{"@type":"WebPage","@id":"https:\/\/www.informationsportal.de\/merck-bkk\/sv-bibliothek\/versicherung-und-beitragsrecht\/gesetzliche-krankenversicherung\/beitragszuschlag-und-elterneigenschaft\/","url":"https:\/\/www.informationsportal.de\/merck-bkk\/sv-bibliothek\/versicherung-und-beitragsrecht\/gesetzliche-krankenversicherung\/beitragszuschlag-und-elterneigenschaft\/","name":"Beitragszuschlag und Elterneigenschaft - Informationsportal f\u00fcr Arbeitgeber der Merck BKK","isPartOf":{"@id":"https:\/\/www.informationsportal.de\/merck-bkk\/#website"},"datePublished":"2019-06-21T11:02:18+00:00","dateModified":"2020-09-04T09:56:00+00:00","breadcrumb":{"@id":"https:\/\/www.informationsportal.de\/merck-bkk\/sv-bibliothek\/versicherung-und-beitragsrecht\/gesetzliche-krankenversicherung\/beitragszuschlag-und-elterneigenschaft\/#breadcrumb"},"inLanguage":"de","potentialAction":[{"@type":"ReadAction","target":["https:\/\/www.informationsportal.de\/merck-bkk\/sv-bibliothek\/versicherung-und-beitragsrecht\/gesetzliche-krankenversicherung\/beitragszuschlag-und-elterneigenschaft\/"]}]},{"@type":"BreadcrumbList","@id":"https:\/\/www.informationsportal.de\/merck-bkk\/sv-bibliothek\/versicherung-und-beitragsrecht\/gesetzliche-krankenversicherung\/beitragszuschlag-und-elterneigenschaft\/#breadcrumb","itemListElement":[{"@type":"ListItem","position":1,"name":"SV-Bibliothek","item":"https:\/\/www.informationsportal.de\/merck-bkk\/sv-bibliothek\/"},{"@type":"ListItem","position":2,"name":"Versicherungs- und Beitragsrecht","item":"https:\/\/www.informationsportal.de\/merck-bkk\/sv-bibliothek\/versicherung-und-beitragsrecht\/"},{"@type":"ListItem","position":3,"name":"Gesetzliche Krankenversicherung","item":"https:\/\/www.informationsportal.de\/merck-bkk\/sv-bibliothek\/versicherung-und-beitragsrecht\/gesetzliche-krankenversicherung\/"},{"@type":"ListItem","position":4,"name":"Beitragszuschlag und Elterneigenschaft"}]},{"@type":"WebSite","@id":"https:\/\/www.informationsportal.de\/merck-bkk\/#website","url":"https:\/\/www.informationsportal.de\/merck-bkk\/","name":"Informationsportal f\u00fcr Arbeitgeber der Merck BKK","description":"Das Informationsportal ist ein Wegweiser zu den Meldepflichten der Sozialversicherung","potentialAction":[{"@type":"SearchAction","target":{"@type":"EntryPoint","urlTemplate":"https:\/\/www.informationsportal.de\/merck-bkk\/?s={search_term_string}"},"query-input":{"@type":"PropertyValueSpecification","valueRequired":true,"valueName":"search_term_string"}}],"inLanguage":"de"}]}},"_links":{"self":[{"href":"https:\/\/www.informationsportal.de\/merck-bkk\/wp-json\/wp\/v2\/pages\/4899","targetHints":{"allow":["GET"]}}],"collection":[{"href":"https:\/\/www.informationsportal.de\/merck-bkk\/wp-json\/wp\/v2\/pages"}],"about":[{"href":"https:\/\/www.informationsportal.de\/merck-bkk\/wp-json\/wp\/v2\/types\/page"}],"author":[{"embeddable":true,"href":"https:\/\/www.informationsportal.de\/merck-bkk\/wp-json\/wp\/v2\/users\/1"}],"replies":[{"embeddable":true,"href":"https:\/\/www.informationsportal.de\/merck-bkk\/wp-json\/wp\/v2\/comments?post=4899"}],"version-history":[{"count":1,"href":"https:\/\/www.informationsportal.de\/merck-bkk\/wp-json\/wp\/v2\/pages\/4899\/revisions"}],"predecessor-version":[{"id":9886,"href":"https:\/\/www.informationsportal.de\/merck-bkk\/wp-json\/wp\/v2\/pages\/4899\/revisions\/9886"}],"up":[{"embeddable":true,"href":"https:\/\/www.informationsportal.de\/merck-bkk\/wp-json\/wp\/v2\/pages\/4897"}],"wp:attachment":[{"href":"https:\/\/www.informationsportal.de\/merck-bkk\/wp-json\/wp\/v2\/media?parent=4899"}],"curies":[{"name":"wp","href":"https:\/\/api.w.org\/{rel}","templated":true}]}}