{"id":847,"date":"2017-01-01T16:00:00","date_gmt":"2017-01-01T15:00:00","guid":{"rendered":"https:\/\/www.informationsportal.de\/?page_id=847"},"modified":"2020-08-19T09:23:27","modified_gmt":"2020-08-19T07:23:27","slug":"aufwandsausgleichgesetz","status":"publish","type":"page","link":"https:\/\/www.informationsportal.de\/merck-bkk\/sv-bibliothek\/meldeverfahren\/gesetzliche-krankenversicherung\/aufwandsausgleichgesetz\/","title":{"rendered":"Aufwendungsausgleichsgesetz"},"content":{"rendered":"<h2>Meldungen f\u00fcr die Erstattung von Arbeitgeberaufwendungen<\/h2>\n<p>Nachfolgend finden Sie die Dokumente, die die Antragsverfahren auf Erstattung nach dem Aufwendungsausgleichgesetz (AAG) behandeln. Dies umfasst den \u00dcbertragungsweg, die Einzelheiten des Verfahrens und den Aufbau der Datens\u00e4tze.\nGrunds\u00e4tzliche Hinweise zum Ausgleichsverfahren bei Arbeitsunf\u00e4higkeit (U1) und Mutterschaftsgeld (U2) <a href=\"https:\/\/www.informationsportal.de\/merck-bkk\/ausgleichsverfahren-u1-und-u2\/\">finden Sie in der SV-Bibliothek &gt;&gt;<\/a><\/p>","protected":false},"excerpt":{"rendered":"<p>Meldungen f\u00fcr die Erstattung von Arbeitgeberaufwendungen Nachfolgend finden Sie die Dokumente, die die Antragsverfahren auf Erstattung nach dem Aufwendungsausgleichgesetz (AAG) behandeln.  Dies umfasst den \u00dcbertragungsweg, die Einzelheiten des Verfahrens und den Aufbau der Datens\u00e4tze.  Grunds\u00e4tzliche Hinweise zum Ausgleichsverfahren bei Arbeitsunf\u00e4higkeit (U1) und Mutterschaftsgeld (U2) finden Sie in der SV-Bibliothek &gt;&gt;<\/p>","protected":false},"author":1,"featured_media":0,"parent":778,"menu_order":0,"comment_status":"closed","ping_status":"closed","template":"tpl_documents_blog.php","meta":{"_acf_changed":false,"footnotes":""},"class_list":["post-847","page","type-page","status-publish","hentry"],"acf":[],"yoast_head":"<!-- This site is optimized with the Yoast SEO plugin v26.3 - https:\/\/yoast.com\/wordpress\/plugins\/seo\/ -->\n<title>Aufwendungsausgleichsgesetz - Informationsportal f\u00fcr Arbeitgeber der Merck BKK<\/title>\n<meta name=\"robots\" content=\"index, follow, max-snippet:-1, max-image-preview:large, max-video-preview:-1\" \/>\n<link rel=\"canonical\" href=\"https:\/\/www.informationsportal.de\/merck-bkk\/sv-bibliothek\/meldeverfahren\/gesetzliche-krankenversicherung\/aufwandsausgleichgesetz\/\" \/>\n<meta property=\"og:locale\" content=\"de_DE\" \/>\n<meta property=\"og:type\" content=\"article\" \/>\n<meta property=\"og:title\" content=\"Aufwendungsausgleichsgesetz - Informationsportal f\u00fcr Arbeitgeber der Merck BKK\" \/>\n<meta property=\"og:description\" content=\"Meldungen f\u00fcr die Erstattung von Arbeitgeberaufwendungen Nachfolgend finden Sie die Dokumente, die die Antragsverfahren auf Erstattung nach dem Aufwendungsausgleichgesetz (AAG) behandeln. Dies umfasst den \u00dcbertragungsweg, die Einzelheiten des Verfahrens und den Aufbau der Datens\u00e4tze. Grunds\u00e4tzliche Hinweise zum Ausgleichsverfahren bei Arbeitsunf\u00e4higkeit (U1) und Mutterschaftsgeld (U2) finden Sie in der SV-Bibliothek &gt;&gt;\" \/>\n<meta property=\"og:url\" content=\"https:\/\/www.informationsportal.de\/merck-bkk\/sv-bibliothek\/meldeverfahren\/gesetzliche-krankenversicherung\/aufwandsausgleichgesetz\/\" \/>\n<meta property=\"og:site_name\" content=\"Informationsportal f\u00fcr Arbeitgeber der Merck BKK\" \/>\n<meta property=\"article:modified_time\" content=\"2020-08-19T07:23:27+00:00\" \/>\n<meta name=\"twitter:card\" content=\"summary_large_image\" \/>\n<script type=\"application\/ld+json\" class=\"yoast-schema-graph\">{\"@context\":\"https:\/\/schema.org\",\"@graph\":[{\"@type\":\"WebPage\",\"@id\":\"https:\/\/www.informationsportal.de\/merck-bkk\/sv-bibliothek\/meldeverfahren\/gesetzliche-krankenversicherung\/aufwandsausgleichgesetz\/\",\"url\":\"https:\/\/www.informationsportal.de\/merck-bkk\/sv-bibliothek\/meldeverfahren\/gesetzliche-krankenversicherung\/aufwandsausgleichgesetz\/\",\"name\":\"Aufwendungsausgleichsgesetz - Informationsportal f\u00fcr Arbeitgeber der Merck BKK\",\"isPartOf\":{\"@id\":\"https:\/\/www.informationsportal.de\/merck-bkk\/#website\"},\"datePublished\":\"2017-01-01T15:00:00+00:00\",\"dateModified\":\"2020-08-19T07:23:27+00:00\",\"breadcrumb\":{\"@id\":\"https:\/\/www.informationsportal.de\/merck-bkk\/sv-bibliothek\/meldeverfahren\/gesetzliche-krankenversicherung\/aufwandsausgleichgesetz\/#breadcrumb\"},\"inLanguage\":\"de\",\"potentialAction\":[{\"@type\":\"ReadAction\",\"target\":[\"https:\/\/www.informationsportal.de\/merck-bkk\/sv-bibliothek\/meldeverfahren\/gesetzliche-krankenversicherung\/aufwandsausgleichgesetz\/\"]}]},{\"@type\":\"BreadcrumbList\",\"@id\":\"https:\/\/www.informationsportal.de\/merck-bkk\/sv-bibliothek\/meldeverfahren\/gesetzliche-krankenversicherung\/aufwandsausgleichgesetz\/#breadcrumb\",\"itemListElement\":[{\"@type\":\"ListItem\",\"position\":1,\"name\":\"SV-Bibliothek\",\"item\":\"https:\/\/www.informationsportal.de\/merck-bkk\/sv-bibliothek\/\"},{\"@type\":\"ListItem\",\"position\":2,\"name\":\"Meldeverfahren\",\"item\":\"https:\/\/www.informationsportal.de\/merck-bkk\/sv-bibliothek\/meldeverfahren\/\"},{\"@type\":\"ListItem\",\"position\":3,\"name\":\"Gesetzliche Krankenversicherung\",\"item\":\"https:\/\/www.informationsportal.de\/merck-bkk\/sv-bibliothek\/meldeverfahren\/gesetzliche-krankenversicherung\/\"},{\"@type\":\"ListItem\",\"position\":4,\"name\":\"Aufwendungsausgleichsgesetz\"}]},{\"@type\":\"WebSite\",\"@id\":\"https:\/\/www.informationsportal.de\/merck-bkk\/#website\",\"url\":\"https:\/\/www.informationsportal.de\/merck-bkk\/\",\"name\":\"Informationsportal f\u00fcr Arbeitgeber der Merck BKK\",\"description\":\"Das Informationsportal ist ein Wegweiser zu den Meldepflichten der Sozialversicherung\",\"potentialAction\":[{\"@type\":\"SearchAction\",\"target\":{\"@type\":\"EntryPoint\",\"urlTemplate\":\"https:\/\/www.informationsportal.de\/merck-bkk\/?s={search_term_string}\"},\"query-input\":{\"@type\":\"PropertyValueSpecification\",\"valueRequired\":true,\"valueName\":\"search_term_string\"}}],\"inLanguage\":\"de\"}]}<\/script>\n<!-- \/ Yoast SEO plugin. -->","yoast_head_json":{"title":"Aufwendungsausgleichsgesetz - Informationsportal f\u00fcr Arbeitgeber der Merck BKK","robots":{"index":"index","follow":"follow","max-snippet":"max-snippet:-1","max-image-preview":"max-image-preview:large","max-video-preview":"max-video-preview:-1"},"canonical":"https:\/\/www.informationsportal.de\/merck-bkk\/sv-bibliothek\/meldeverfahren\/gesetzliche-krankenversicherung\/aufwandsausgleichgesetz\/","og_locale":"de_DE","og_type":"article","og_title":"Aufwendungsausgleichsgesetz - Informationsportal f\u00fcr Arbeitgeber der Merck BKK","og_description":"Meldungen f\u00fcr die Erstattung von Arbeitgeberaufwendungen Nachfolgend finden Sie die Dokumente, die die Antragsverfahren auf Erstattung nach dem Aufwendungsausgleichgesetz (AAG) behandeln. Dies umfasst den \u00dcbertragungsweg, die Einzelheiten des Verfahrens und den Aufbau der Datens\u00e4tze. Grunds\u00e4tzliche Hinweise zum Ausgleichsverfahren bei Arbeitsunf\u00e4higkeit (U1) und Mutterschaftsgeld (U2) finden Sie in der SV-Bibliothek &gt;&gt;","og_url":"https:\/\/www.informationsportal.de\/merck-bkk\/sv-bibliothek\/meldeverfahren\/gesetzliche-krankenversicherung\/aufwandsausgleichgesetz\/","og_site_name":"Informationsportal f\u00fcr Arbeitgeber der Merck BKK","article_modified_time":"2020-08-19T07:23:27+00:00","twitter_card":"summary_large_image","schema":{"@context":"https:\/\/schema.org","@graph":[{"@type":"WebPage","@id":"https:\/\/www.informationsportal.de\/merck-bkk\/sv-bibliothek\/meldeverfahren\/gesetzliche-krankenversicherung\/aufwandsausgleichgesetz\/","url":"https:\/\/www.informationsportal.de\/merck-bkk\/sv-bibliothek\/meldeverfahren\/gesetzliche-krankenversicherung\/aufwandsausgleichgesetz\/","name":"Aufwendungsausgleichsgesetz - Informationsportal f\u00fcr Arbeitgeber der Merck BKK","isPartOf":{"@id":"https:\/\/www.informationsportal.de\/merck-bkk\/#website"},"datePublished":"2017-01-01T15:00:00+00:00","dateModified":"2020-08-19T07:23:27+00:00","breadcrumb":{"@id":"https:\/\/www.informationsportal.de\/merck-bkk\/sv-bibliothek\/meldeverfahren\/gesetzliche-krankenversicherung\/aufwandsausgleichgesetz\/#breadcrumb"},"inLanguage":"de","potentialAction":[{"@type":"ReadAction","target":["https:\/\/www.informationsportal.de\/merck-bkk\/sv-bibliothek\/meldeverfahren\/gesetzliche-krankenversicherung\/aufwandsausgleichgesetz\/"]}]},{"@type":"BreadcrumbList","@id":"https:\/\/www.informationsportal.de\/merck-bkk\/sv-bibliothek\/meldeverfahren\/gesetzliche-krankenversicherung\/aufwandsausgleichgesetz\/#breadcrumb","itemListElement":[{"@type":"ListItem","position":1,"name":"SV-Bibliothek","item":"https:\/\/www.informationsportal.de\/merck-bkk\/sv-bibliothek\/"},{"@type":"ListItem","position":2,"name":"Meldeverfahren","item":"https:\/\/www.informationsportal.de\/merck-bkk\/sv-bibliothek\/meldeverfahren\/"},{"@type":"ListItem","position":3,"name":"Gesetzliche Krankenversicherung","item":"https:\/\/www.informationsportal.de\/merck-bkk\/sv-bibliothek\/meldeverfahren\/gesetzliche-krankenversicherung\/"},{"@type":"ListItem","position":4,"name":"Aufwendungsausgleichsgesetz"}]},{"@type":"WebSite","@id":"https:\/\/www.informationsportal.de\/merck-bkk\/#website","url":"https:\/\/www.informationsportal.de\/merck-bkk\/","name":"Informationsportal f\u00fcr Arbeitgeber der Merck BKK","description":"Das Informationsportal ist ein Wegweiser zu den Meldepflichten der Sozialversicherung","potentialAction":[{"@type":"SearchAction","target":{"@type":"EntryPoint","urlTemplate":"https:\/\/www.informationsportal.de\/merck-bkk\/?s={search_term_string}"},"query-input":{"@type":"PropertyValueSpecification","valueRequired":true,"valueName":"search_term_string"}}],"inLanguage":"de"}]}},"_links":{"self":[{"href":"https:\/\/www.informationsportal.de\/merck-bkk\/wp-json\/wp\/v2\/pages\/847","targetHints":{"allow":["GET"]}}],"collection":[{"href":"https:\/\/www.informationsportal.de\/merck-bkk\/wp-json\/wp\/v2\/pages"}],"about":[{"href":"https:\/\/www.informationsportal.de\/merck-bkk\/wp-json\/wp\/v2\/types\/page"}],"author":[{"embeddable":true,"href":"https:\/\/www.informationsportal.de\/merck-bkk\/wp-json\/wp\/v2\/users\/1"}],"replies":[{"embeddable":true,"href":"https:\/\/www.informationsportal.de\/merck-bkk\/wp-json\/wp\/v2\/comments?post=847"}],"version-history":[{"count":4,"href":"https:\/\/www.informationsportal.de\/merck-bkk\/wp-json\/wp\/v2\/pages\/847\/revisions"}],"predecessor-version":[{"id":9853,"href":"https:\/\/www.informationsportal.de\/merck-bkk\/wp-json\/wp\/v2\/pages\/847\/revisions\/9853"}],"up":[{"embeddable":true,"href":"https:\/\/www.informationsportal.de\/merck-bkk\/wp-json\/wp\/v2\/pages\/778"}],"wp:attachment":[{"href":"https:\/\/www.informationsportal.de\/merck-bkk\/wp-json\/wp\/v2\/media?parent=847"}],"curies":[{"name":"wp","href":"https:\/\/api.w.org\/{rel}","templated":true}]}}