{"id":12668,"date":"2021-02-16T10:33:48","date_gmt":"2021-02-16T09:33:48","guid":{"rendered":"https:\/\/www.informationsportal.de\/?page_id=12668"},"modified":"2024-12-10T17:38:08","modified_gmt":"2024-12-10T16:38:08","slug":"benutzerhinweise","status":"publish","type":"page","link":"https:\/\/www.informationsportal.de\/mkk-meine-krankenkasse\/benutzerhinweise\/","title":{"rendered":"Benutzerhinweise"},"content":{"rendered":"<div class=\"wpb-content-wrapper\"><p>[vc_row][vc_column][vc_column_text]<\/p>\r\n<div class=\"toogle content\">\r\n<h3 class=\"toogleTitle\">Was ist das Ziel des Informationsportals?<\/h3>\r\n<div>\r\n<p>Das Informationsportal ist eine Hilfestellung f\u00fcr Arbeitgeber und Unternehmer, sich umfassend \u00fcber ihre Meldepflichten in der Sozialversicherung zu informieren. Die Frage-Antwort-Kataloge, Steckbriefe und weiteren Informationen sollen Ihnen als Arbeitgeber in allgemein verst\u00e4ndlicher Weise helfen, Ihre Meldungen gegen\u00fcber der Sozialversicherung korrekt zu abzugeben. Dies gilt unabh\u00e4ngig vom einzelnen Zweig der Sozialversicherung.\u00a0Das Informationsportal ersetzt jedoch <strong>nicht<\/strong> die pers\u00f6nliche Beratung oder die Einzelfallfeststellung durch die einzelnen Tr\u00e4ger der Sozialversicherung. <a href=\"\/bkk-vbu\/ueber-das-portal\/\">Weitere Informationen lesen Sie auf der Seite &#8222;\u00dcber das Portal&#8220;.<\/a><\/p>\r\n<\/div>\r\n<h3 class=\"toogleTitle\">Wie funktionieren die Frage-Antwort-Kataloge?<\/h3>\r\n<div>\r\n<p>Zur Pr\u00fcfung Ihres individuellen Anliegens starten Sie auf der Einstiegsseite und w\u00e4hlen Sie die Kachel entsprechend Ihrer Situation aus.<\/p>\r\n<ul>\r\n\t<li><strong>Neuer Arbeitgeber:<\/strong> Sie sind zum ersten Mal auf dem Informationsportal und haben <strong>noch keine Erfahrung <\/strong>mit der Anmeldung eines Arbeitnehmers.<\/li>\r\n\t<li><strong>Neueinstellungen:<\/strong> Sie haben <strong>bereits Erfahrung<\/strong> mit der Anmeldung eines Arbeitnehmers und wissen, welche Besch\u00e4ftigungsart gew\u00e4hlt werden soll.<\/li>\r\n\t<li><strong>Ver\u00e4nderungen:<\/strong> Sie besch\u00e4ftigen Arbeitnehmer und es kommt zu <strong>Ver\u00e4nderungen<\/strong> in Ihrem Betrieb oder bei Ihrem Arbeitnehmer.<\/li>\r\n<\/ul>\r\n<p>Navigieren Sie im Folgenden bis zu dem Frage-Antwort-Katalog, der Ihrer aktuellen Fragestellung entspricht. In einem Frage-Antwort-Katalog bekommen Sie Fragen gestellt, die Sie mit \u201eJa\u201c oder \u201eNein\u201c, Eingabe von Datum oder Geldbetrag oder Auswahl von M\u00f6glichkeiten beantworten k\u00f6nnen. Ihre Antworten bestimmen dann das Ergebnis, dass Sie sich anzeigen lassen k\u00f6nnen. Der Status in Ampelfarbe signalisiert Ihnen dann schon, ob alles in Ordnung ist:<\/p>\r\n<ul>\r\n\t<li>Gr\u00fcn: Es ist alles gekl\u00e4rt zur Neueinstellung oder einer anderen Situation.<\/li>\r\n\t<li>Gelb: Es sind noch Fragen offen.<\/li>\r\n\t<li>Rot: Hier ist etwas nicht m\u00f6glich.<\/li>\r\n\t<li>Grau: Setzen Sie die Befragung in dem genannten Frage-Antwort-Katalog fort.<\/li>\r\n<\/ul>\r\n<p>Sie erhalten im Ergebnis eine Zusammenfassung Ihrer Angaben sowie wichtige Informationen, was Sie bei der Meldung zur Sozialversicherung im vorliegenden Fall beachten sollten.<\/p>\r\n<p>Weitere Details erfahren Sie auf der Seite <a href=\"https:\/\/www.informationsportal.de\/mkk-meine-krankenkasse\/benutzerhinweise\/einordnung-und-pruefung\/\">&#8222;Einordnung und Pr\u00fcfung&#8220;<\/a>.<\/p>\r\n<\/div>\r\n<h3 class=\"toogleTitle\">Was finde ich in den Steckbriefen und im Glossar?<\/h3>\r\n<div>\r\n<p>In den <strong>Steckbriefen<\/strong> finden Sie Informationen zu den wichtigsten Themen rund um die Sozialversicherung: kompakt und verst\u00e4ndlich erl\u00e4utert.<\/p>\r\n<p>Und im <strong>Glossar<\/strong> haben wir einige Hundert Begriffe kurz erkl\u00e4rt, die h\u00e4ufig im Zusammenhang mit der Sozialversicherung vorkommen.<\/p>\r\n<p><a href=\"https:\/\/www.informationsportal.de\/mkk-meine-krankenkasse\/benutzerhinweise\/steckbriefe-und-glossar\/\">Mehr zu den Inhalten und zur Nutzung von Steckbriefen und Glossar lesen Sie hier.<\/a><\/p>\r\n<\/div>\r\n<h3 class=\"toogleTitle\">Welche Inhalte bietet mir die SV-Bibliothek?<\/h3>\r\n<div>\r\n<p>Die SV-Bibliothek enth\u00e4lt alle relevanten Dokumente der Sozialversicherung (SV) aus den Bereichen Versicherungsrecht, Beitragsrecht und Meldeverfahren. Diese Dokumente definieren Regelungen der Sozialversicherungstr\u00e4ger, um die gesetzlichen Vorgaben konkret umzusetzen.<\/p>\r\n<p>Die SV-Bibliothek unterteilt sich in zwei generelle Themenbereiche:<\/p>\r\n<ol>\r\n\t<li>Versicherungs- und Beitragsrecht und<\/li>\r\n\t<li>Meldeverfahren<\/li>\r\n<\/ol>\r\n<p>Zu den Dokumenten, die Sie in der SV-Bibliothek finden, geh\u00f6ren unter anderem Grunds\u00e4tze, Rundschreiben, Verfahrensbeschreibungen oder auch Datensatzbeschreibungen. In der SV-Bibliothek finden Sie immer die aktuell g\u00fcltigen Dokumente, welche je nach M\u00f6glichkeit um zuk\u00fcnftig geltende Versionen erg\u00e4nzt werden.<\/p>\r\n<\/div>\r\n<h3 class=\"toogleTitle\">Wie finde ich die passenden Inhalte im Informationsportal?<\/h3>\r\n<div>\r\n<p>Im <strong>Kopfbereich<\/strong> des Informationsportals finden Sie zahlreiche allgemeine Informationsangebote wie \u201eThemen\u201c oder \u201eInhalts\u00fcbersicht\u201c.<\/p>\r\n<p>Um Ihr Anliegen zu pr\u00fcfen, w\u00e4hlen Sie auf der <strong>Startseite<\/strong> des Informationsportal eine der drei Kacheln: \u201eNeuer Arbeitgeber\u201c, \u201eNeueinstellungen\u201c oder \u201eVer\u00e4nderungen\u201c. Oft finden Sie rechts daneben weitere Kacheln, mit denen Sie andere Informationen wie zum Beispiel die \u201eSteckbriefe\u201c erreichen.<\/p>\r\n<p>Auf den <strong>Folgeseiten<\/strong> navigieren Sie weiter, in dem Sie auf die jeweils passende Kachel klicken. Oder Sie nutzen die Breadcrumb (deutsch: Pfadangabe), um direkt zu einem anderen Inhalt zu gelangen: Klicken Sie hier auf die Rubrik oder nutzen Sie das danebenstehende Dreieck, um die darunterliegenden Inhalte direkt anzusteuern.<br \/>\r\nDie Startseite erreichen Sie wieder mit Klick auf \u201eEinstieg\u201c.<\/p>\r\n<p>Die <strong>Suchfunktion des Informationsportals<\/strong> finden Sie oben rechts auf der Ebene der Hauptnavigation. Hier k\u00f6nnen Sie direkt Suchbegriffe eingeben. Die Anwendung schl\u00e4gt Ihnen bei Eingabe eines relevanten Suchbegriffs automatisch Ergebnisse vor, die Ihren Suchbegriff enthalten:<\/p>\r\n<p>Sie haben dann zwei M\u00f6glichkeiten: Entweder Sie w\u00e4hlen Sie einen passenden Begriff aus, indem Sie ihn anklicken. Oder Sie best\u00e4tigen Ihre Eingabe durch die Enter-Taste oder einen Klick auf die Lupe.<\/p>\r\n<p>Mit Klick auf das Plus-Symbol \u00f6ffnen Sie die Kategorie und k\u00f6nnen aus den Treffern die Inhalte ausw\u00e4hlen und anklicken, die Sie interessieren.<\/p>\r\n<\/div>\r\n<h3 class=\"toogleTitle\">Was sind die &#8222;Gemerkten Seiten&#8220;?<\/h3>\r\n<div>\r\n<p>Die von Ihnen bearbeiteten Frage-Antwort-Kataloge speichern wir hier automatisch f\u00fcr Sie. So k\u00f6nnen Sie bei Bedarf an der Stelle weitermachen, wo Sie vielleicht die Bearbeitung unterbrochen hatten. Sie k\u00f6nnen sich die Ergebnisse auch noch einmal ansehen und als PDF herunterladen.<\/p>\r\n<p>Wenn Sie nicht registriert und angemeldet sind, werden <strong>alle<\/strong> gemerkten Frage-Antwort-Kataloge mit Ihren Angaben beim Schlie\u00dfen des Browser-Fensters wieder gel\u00f6scht. Die L\u00f6schung erfolgt sp\u00e4testens nach 24 Stunden Inaktivit\u00e4t, auch wenn Sie das Browser-Fenster ge\u00f6ffnet lassen. Dies dient dazu, dass unberechtigte Dritte nicht Ihre eingegebenen Daten aufrufen oder einsehen k\u00f6nnen.<\/p>\r\n<\/div>\r\n<h3 class=\"toogleTitle\">Wie lange sind die eingegebenen Daten und die dazu passenden Informationen g\u00fcltig?<\/h3>\r\n<div>\r\n<p>Wir achten sehr darauf, dass alle Informationen und Services im Informationsportal den aktuellen gesetzlichen Grundlagen entsprechen. Die G\u00fcltigkeit von Werten und Regeln f\u00fcr Sachverhalte kann sich aber mit der Zeit \u00e4ndern. Wir empfehlen Ihnen daher, eine bereits gepr\u00fcfte Gesch\u00e4ftssituation erneut zu bewerten, wenn sich Ihre Angaben \u00e4ndern oder die Situation f\u00fcr Sie erst zu einem sp\u00e4teren Datum relevant wird. F\u00fcr die individuell ermittelten Informationen auf Basis der von Ihnen eingegebenen Angaben wird keine Haftung \u00fcbernommen.<\/p>\r\n<\/div>\r\n<h3 class=\"toogleTitle\">Verwendet das Informationsportal eine geschlechterspezifische Sprache?<\/h3>\r\n<div>\r\n<p>Bei allen Bezeichnungen, die auf Personen bezogen sind, meint die gew\u00e4hlte Formulierung alle Geschlechter, auch wenn aus Gr\u00fcnden der Vereinfachung\u00a0eine geschlechterspezifische Form verwendet wird.<\/p>\r\n<\/div>\r\n<h3 class=\"toogleTitle\">Ist das Informationsportal f\u00fcr Arbeitgeber barrierefrei?<\/h3>\r\n<div>\r\n<p>Das Informationsportal soll f\u00fcr alle Menschen verst\u00e4ndlich und gut zug\u00e4nglich sein. Das gilt insbesondere f\u00fcr Menschen mit Beeintr\u00e4chtigungen oder Behinderungen. Mehr dazu lesen Sie in unserer <a href=\"https:\/\/www.informationsportal.de\/bkk-vbu\/erklaerung-zur-barrierefreiheit\/\">Erkl\u00e4rung zur Barrierefreiheit<\/a>.<\/p>\r\n<p><strong>Leichte Sprache:<\/strong> Diese Seite finden Sie immer ganz rechts oben. Hier finden sich grundlegende Informationen zum Informationsportal f\u00fcr Arbeitgeber <a href=\"\/bkk-vbu\/leichte-sprache\/\">leicht verst\u00e4ndlich aufbereitet<\/a>.<\/p>\r\n<p><strong>Vorlesen lassen:<\/strong> An vielen Stellen des Informationsportals, wo sich umfangreichere Textinformationen finden, k\u00f6nnen Sie sich diese durch eine integrierte Vorlesefunktion vorlesen lassen. Klicken Sie dazu einfach auf das Lautsprecher-Bild und dem Titel \u201eVorlesen\u201c am oberen rechten Rand einer Inhaltsseite.<\/p>\r\n<\/div>\r\n<\/div>\r\n<p>[\/vc_column_text][\/vc_column][\/vc_row][vc_row][vc_column][vc_column_text]<\/p>\r\n<p>[\/vc_column_text][\/vc_column][\/vc_row][vc_row][vc_column][vc_column_text]<\/p>\r\n<p>[\/vc_column_text][\/vc_column][\/vc_row][vc_row][vc_column][vc_column_text]<\/p>\r\n<p>[\/vc_column_text][\/vc_column][\/vc_row][vc_row][vc_column][vc_column_text]<\/p>\r\n<p>[\/vc_column_text][\/vc_column][\/vc_row]<\/p><\/div>","protected":false},"excerpt":{"rendered":"<p>[vc_row][vc_column][vc_column_text] Was ist das Ziel des Informationsportals? Das Informationsportal ist eine Hilfestellung f\u00fcr Arbeitgeber und Unternehmer, sich umfassend \u00fcber ihre Meldepflichten in der Sozialversicherung zu informieren.  Die Frage-Antwort-Kataloge, Steckbriefe und weiteren Informationen sollen Ihnen als Arbeitgeber in allgemein verst\u00e4ndlicher Weise helfen, Ihre Meldungen gegen\u00fcber der Sozialversicherung korrekt zu abzugeben.  Dies gilt unabh\u00e4ngig vom einzelnen Zweig [&hellip;]<\/p>","protected":false},"author":1,"featured_media":0,"parent":0,"menu_order":0,"comment_status":"closed","ping_status":"closed","template":"","meta":{"_acf_changed":false,"footnotes":""},"class_list":["post-12668","page","type-page","status-publish","hentry"],"acf":[],"yoast_head":"<!-- This site is optimized with the Yoast SEO plugin v26.3 - https:\/\/yoast.com\/wordpress\/plugins\/seo\/ -->\n<title>Benutzerhinweise - Informationsportal f\u00fcr Arbeitgeber der BKK VBU<\/title>\n<meta name=\"description\" content=\"Was bietet Ihnen das Informationsportal? Wie nutzen Sie die Frage-Antwort-Kataloge? Unsere Benutzerhinweise geben kompakt Aufschluss.\" \/>\n<meta name=\"robots\" content=\"index, follow, max-snippet:-1, max-image-preview:large, max-video-preview:-1\" \/>\n<link rel=\"canonical\" href=\"https:\/\/www.informationsportal.de\/mkk-meine-krankenkasse\/benutzerhinweise\/\" \/>\n<meta property=\"og:locale\" content=\"de_DE\" \/>\n<meta property=\"og:type\" content=\"article\" \/>\n<meta property=\"og:title\" content=\"Benutzerhinweise - Informationsportal f\u00fcr Arbeitgeber der BKK VBU\" \/>\n<meta property=\"og:description\" content=\"Was bietet Ihnen das Informationsportal? Wie nutzen Sie die Frage-Antwort-Kataloge? Unsere Benutzerhinweise geben kompakt Aufschluss.\" \/>\n<meta property=\"og:url\" content=\"https:\/\/www.informationsportal.de\/mkk-meine-krankenkasse\/benutzerhinweise\/\" \/>\n<meta property=\"og:site_name\" content=\"Informationsportal f\u00fcr Arbeitgeber der BKK VBU\" \/>\n<meta property=\"article:modified_time\" content=\"2024-12-10T16:38:08+00:00\" \/>\n<meta name=\"twitter:card\" content=\"summary_large_image\" \/>\n<meta name=\"twitter:label1\" content=\"Gesch\u00e4tzte Lesezeit\" \/>\n\t<meta name=\"twitter:data1\" content=\"6\u00a0Minuten\" \/>\n<script type=\"application\/ld+json\" class=\"yoast-schema-graph\">{\"@context\":\"https:\/\/schema.org\",\"@graph\":[{\"@type\":\"WebPage\",\"@id\":\"https:\/\/www.informationsportal.de\/mkk-meine-krankenkasse\/benutzerhinweise\/\",\"url\":\"https:\/\/www.informationsportal.de\/mkk-meine-krankenkasse\/benutzerhinweise\/\",\"name\":\"Benutzerhinweise - Informationsportal f\u00fcr Arbeitgeber der BKK VBU\",\"isPartOf\":{\"@id\":\"https:\/\/www.informationsportal.de\/mkk-meine-krankenkasse\/#website\"},\"datePublished\":\"2021-02-16T09:33:48+00:00\",\"dateModified\":\"2024-12-10T16:38:08+00:00\",\"description\":\"Was bietet Ihnen das Informationsportal? Wie nutzen Sie die Frage-Antwort-Kataloge? Unsere Benutzerhinweise geben kompakt Aufschluss.\",\"inLanguage\":\"de\",\"potentialAction\":[{\"@type\":\"ReadAction\",\"target\":[\"https:\/\/www.informationsportal.de\/mkk-meine-krankenkasse\/benutzerhinweise\/\"]}]},{\"@type\":\"WebSite\",\"@id\":\"https:\/\/www.informationsportal.de\/mkk-meine-krankenkasse\/#website\",\"url\":\"https:\/\/www.informationsportal.de\/mkk-meine-krankenkasse\/\",\"name\":\"Informationsportal f\u00fcr Arbeitgeber der BKK VBU\",\"description\":\"\",\"potentialAction\":[{\"@type\":\"SearchAction\",\"target\":{\"@type\":\"EntryPoint\",\"urlTemplate\":\"https:\/\/www.informationsportal.de\/mkk-meine-krankenkasse\/?s={search_term_string}\"},\"query-input\":{\"@type\":\"PropertyValueSpecification\",\"valueRequired\":true,\"valueName\":\"search_term_string\"}}],\"inLanguage\":\"de\"}]}<\/script>\n<!-- \/ Yoast SEO plugin. -->","yoast_head_json":{"title":"Benutzerhinweise - Informationsportal f\u00fcr Arbeitgeber der BKK VBU","description":"Was bietet Ihnen das Informationsportal? Wie nutzen Sie die Frage-Antwort-Kataloge? Unsere Benutzerhinweise geben kompakt Aufschluss.","robots":{"index":"index","follow":"follow","max-snippet":"max-snippet:-1","max-image-preview":"max-image-preview:large","max-video-preview":"max-video-preview:-1"},"canonical":"https:\/\/www.informationsportal.de\/mkk-meine-krankenkasse\/benutzerhinweise\/","og_locale":"de_DE","og_type":"article","og_title":"Benutzerhinweise - Informationsportal f\u00fcr Arbeitgeber der BKK VBU","og_description":"Was bietet Ihnen das Informationsportal? Wie nutzen Sie die Frage-Antwort-Kataloge? Unsere Benutzerhinweise geben kompakt Aufschluss.","og_url":"https:\/\/www.informationsportal.de\/mkk-meine-krankenkasse\/benutzerhinweise\/","og_site_name":"Informationsportal f\u00fcr Arbeitgeber der BKK VBU","article_modified_time":"2024-12-10T16:38:08+00:00","twitter_card":"summary_large_image","twitter_misc":{"Gesch\u00e4tzte Lesezeit":"6\u00a0Minuten"},"schema":{"@context":"https:\/\/schema.org","@graph":[{"@type":"WebPage","@id":"https:\/\/www.informationsportal.de\/mkk-meine-krankenkasse\/benutzerhinweise\/","url":"https:\/\/www.informationsportal.de\/mkk-meine-krankenkasse\/benutzerhinweise\/","name":"Benutzerhinweise - Informationsportal f\u00fcr Arbeitgeber der BKK VBU","isPartOf":{"@id":"https:\/\/www.informationsportal.de\/mkk-meine-krankenkasse\/#website"},"datePublished":"2021-02-16T09:33:48+00:00","dateModified":"2024-12-10T16:38:08+00:00","description":"Was bietet Ihnen das Informationsportal? Wie nutzen Sie die Frage-Antwort-Kataloge? Unsere Benutzerhinweise geben kompakt Aufschluss.","inLanguage":"de","potentialAction":[{"@type":"ReadAction","target":["https:\/\/www.informationsportal.de\/mkk-meine-krankenkasse\/benutzerhinweise\/"]}]},{"@type":"WebSite","@id":"https:\/\/www.informationsportal.de\/mkk-meine-krankenkasse\/#website","url":"https:\/\/www.informationsportal.de\/mkk-meine-krankenkasse\/","name":"Informationsportal f\u00fcr Arbeitgeber der BKK VBU","description":"","potentialAction":[{"@type":"SearchAction","target":{"@type":"EntryPoint","urlTemplate":"https:\/\/www.informationsportal.de\/mkk-meine-krankenkasse\/?s={search_term_string}"},"query-input":{"@type":"PropertyValueSpecification","valueRequired":true,"valueName":"search_term_string"}}],"inLanguage":"de"}]}},"_links":{"self":[{"href":"https:\/\/www.informationsportal.de\/mkk-meine-krankenkasse\/wp-json\/wp\/v2\/pages\/12668","targetHints":{"allow":["GET"]}}],"collection":[{"href":"https:\/\/www.informationsportal.de\/mkk-meine-krankenkasse\/wp-json\/wp\/v2\/pages"}],"about":[{"href":"https:\/\/www.informationsportal.de\/mkk-meine-krankenkasse\/wp-json\/wp\/v2\/types\/page"}],"author":[{"embeddable":true,"href":"https:\/\/www.informationsportal.de\/mkk-meine-krankenkasse\/wp-json\/wp\/v2\/users\/1"}],"replies":[{"embeddable":true,"href":"https:\/\/www.informationsportal.de\/mkk-meine-krankenkasse\/wp-json\/wp\/v2\/comments?post=12668"}],"version-history":[{"count":5,"href":"https:\/\/www.informationsportal.de\/mkk-meine-krankenkasse\/wp-json\/wp\/v2\/pages\/12668\/revisions"}],"predecessor-version":[{"id":18177,"href":"https:\/\/www.informationsportal.de\/mkk-meine-krankenkasse\/wp-json\/wp\/v2\/pages\/12668\/revisions\/18177"}],"wp:attachment":[{"href":"https:\/\/www.informationsportal.de\/mkk-meine-krankenkasse\/wp-json\/wp\/v2\/media?parent=12668"}],"curies":[{"name":"wp","href":"https:\/\/api.w.org\/{rel}","templated":true}]}}