{"id":1479,"date":"2017-01-01T16:00:00","date_gmt":"2017-01-01T16:00:00","guid":{"rendered":"https:\/\/www.informationsportal.de\/?page_id=1479"},"modified":"2021-01-07T08:52:04","modified_gmt":"2021-01-07T07:52:04","slug":"weisungen","status":"publish","type":"page","link":"https:\/\/www.informationsportal.de\/mkk-meine-krankenkasse\/sv-bibliothek\/versicherung-und-beitragsrecht\/arbeitslosenversicherung\/weisungen\/","title":{"rendered":"Weisungssammlungen nach Rechtsnormen"},"content":{"rendered":"<div class=\"contentContainer\">\n<div class=\"content\">\n<div class=\"csection cindented\">\n<div class=\"contentRight\">\n<div class=\"ContentRow\">\n<div class=\"aii-section multicol mcv\">\n<div class=\"mc-col1\">\n<div>\n<h2>Weisungen, sortiert nach der Systematik des Sozialgesetzbuches und weiterer Gesetze<\/h2>\n<p>Unter dem Link finden Sie Dokumente, bei denen die Bundesagentur f\u00fcr Arbeit f\u00fcr verschiedene Gesetze Weisungen herausgegeben hat. Dazu geh\u00f6ren u. a. die Arbeitsf\u00f6rderung, Arbeitslosenversicherung und -geld, Berufswahl und -ausbildung, Aufnahme einer Erwerbst\u00e4tigkeit sowie der Teilhabe von Menschen mit Behinderung. Die Dokumente <u><a href=\"https:\/\/www.arbeitsagentur.de\/veroeffentlichungen\/gesetze-und-weisungen#1478808824026\" target=\"_blank\" rel=\"noopener noreferrer\">finden Sie hier.<\/a><\/u><\/p>\n\n<\/div>\n<\/div>\n<\/div>\n<\/div>\n<\/div>\n<\/div>\n<\/div>\n<\/div>","protected":false},"excerpt":{"rendered":"<p>Weisungen, sortiert nach der Systematik des Sozialgesetzbuches und weiterer Gesetze Unter dem Link finden Sie Dokumente, bei denen die Bundesagentur f\u00fcr Arbeit f\u00fcr verschiedene Gesetze Weisungen herausgegeben hat.  Dazu geh\u00f6ren u.  a.  die Arbeitsf\u00f6rderung, Arbeitslosenversicherung und -geld, Berufswahl und -ausbildung, Aufnahme einer Erwerbst\u00e4tigkeit sowie der Teilhabe von Menschen mit Behinderung.  Die Dokumente finden Sie hier.<\/p>","protected":false},"author":2,"featured_media":0,"parent":781,"menu_order":0,"comment_status":"closed","ping_status":"closed","template":"","meta":{"_acf_changed":false,"footnotes":""},"class_list":["post-1479","page","type-page","status-publish","hentry"],"acf":[],"yoast_head":"<!-- This site is optimized with the Yoast SEO plugin v26.3 - https:\/\/yoast.com\/wordpress\/plugins\/seo\/ -->\n<title>Weisungssammlungen nach Rechtsnormen - Informationsportal f\u00fcr Arbeitgeber der BKK VBU<\/title>\n<meta name=\"robots\" content=\"index, follow, max-snippet:-1, max-image-preview:large, max-video-preview:-1\" \/>\n<link rel=\"canonical\" href=\"https:\/\/www.informationsportal.de\/mkk-meine-krankenkasse\/sv-bibliothek\/versicherung-und-beitragsrecht\/arbeitslosenversicherung\/weisungen\/\" \/>\n<meta property=\"og:locale\" content=\"de_DE\" \/>\n<meta property=\"og:type\" content=\"article\" \/>\n<meta property=\"og:title\" content=\"Weisungssammlungen nach Rechtsnormen - Informationsportal f\u00fcr Arbeitgeber der BKK VBU\" \/>\n<meta property=\"og:description\" content=\"Weisungen, sortiert nach der Systematik des Sozialgesetzbuches und weiterer Gesetze Unter dem Link finden Sie Dokumente, bei denen die Bundesagentur f\u00fcr Arbeit f\u00fcr verschiedene Gesetze Weisungen herausgegeben hat. Dazu geh\u00f6ren u. a. die Arbeitsf\u00f6rderung, Arbeitslosenversicherung und -geld, Berufswahl und -ausbildung, Aufnahme einer Erwerbst\u00e4tigkeit sowie der Teilhabe von Menschen mit Behinderung. Die Dokumente finden Sie hier.\" \/>\n<meta property=\"og:url\" content=\"https:\/\/www.informationsportal.de\/mkk-meine-krankenkasse\/sv-bibliothek\/versicherung-und-beitragsrecht\/arbeitslosenversicherung\/weisungen\/\" \/>\n<meta property=\"og:site_name\" content=\"Informationsportal f\u00fcr Arbeitgeber der BKK VBU\" \/>\n<meta property=\"article:modified_time\" content=\"2021-01-07T07:52:04+00:00\" \/>\n<meta name=\"twitter:card\" content=\"summary_large_image\" \/>\n<script type=\"application\/ld+json\" class=\"yoast-schema-graph\">{\"@context\":\"https:\/\/schema.org\",\"@graph\":[{\"@type\":\"WebPage\",\"@id\":\"https:\/\/www.informationsportal.de\/mkk-meine-krankenkasse\/sv-bibliothek\/versicherung-und-beitragsrecht\/arbeitslosenversicherung\/weisungen\/\",\"url\":\"https:\/\/www.informationsportal.de\/mkk-meine-krankenkasse\/sv-bibliothek\/versicherung-und-beitragsrecht\/arbeitslosenversicherung\/weisungen\/\",\"name\":\"Weisungssammlungen nach Rechtsnormen - Informationsportal f\u00fcr Arbeitgeber der BKK VBU\",\"isPartOf\":{\"@id\":\"https:\/\/www.informationsportal.de\/mkk-meine-krankenkasse\/#website\"},\"datePublished\":\"2017-01-01T16:00:00+00:00\",\"dateModified\":\"2021-01-07T07:52:04+00:00\",\"breadcrumb\":{\"@id\":\"https:\/\/www.informationsportal.de\/mkk-meine-krankenkasse\/sv-bibliothek\/versicherung-und-beitragsrecht\/arbeitslosenversicherung\/weisungen\/#breadcrumb\"},\"inLanguage\":\"de\",\"potentialAction\":[{\"@type\":\"ReadAction\",\"target\":[\"https:\/\/www.informationsportal.de\/mkk-meine-krankenkasse\/sv-bibliothek\/versicherung-und-beitragsrecht\/arbeitslosenversicherung\/weisungen\/\"]}]},{\"@type\":\"BreadcrumbList\",\"@id\":\"https:\/\/www.informationsportal.de\/mkk-meine-krankenkasse\/sv-bibliothek\/versicherung-und-beitragsrecht\/arbeitslosenversicherung\/weisungen\/#breadcrumb\",\"itemListElement\":[{\"@type\":\"ListItem\",\"position\":1,\"name\":\"SV-Bibliothek\",\"item\":\"https:\/\/www.informationsportal.de\/mkk-meine-krankenkasse\/sv-bibliothek\/\"},{\"@type\":\"ListItem\",\"position\":2,\"name\":\"Versicherungs- und Beitragsrecht\",\"item\":\"https:\/\/www.informationsportal.de\/mkk-meine-krankenkasse\/sv-bibliothek\/versicherung-und-beitragsrecht\/\"},{\"@type\":\"ListItem\",\"position\":3,\"name\":\"Arbeitslosenversicherung\",\"item\":\"https:\/\/www.informationsportal.de\/mkk-meine-krankenkasse\/sv-bibliothek\/versicherung-und-beitragsrecht\/arbeitslosenversicherung\/\"},{\"@type\":\"ListItem\",\"position\":4,\"name\":\"Weisungssammlungen nach Rechtsnormen\"}]},{\"@type\":\"WebSite\",\"@id\":\"https:\/\/www.informationsportal.de\/mkk-meine-krankenkasse\/#website\",\"url\":\"https:\/\/www.informationsportal.de\/mkk-meine-krankenkasse\/\",\"name\":\"Informationsportal f\u00fcr Arbeitgeber der BKK VBU\",\"description\":\"\",\"potentialAction\":[{\"@type\":\"SearchAction\",\"target\":{\"@type\":\"EntryPoint\",\"urlTemplate\":\"https:\/\/www.informationsportal.de\/mkk-meine-krankenkasse\/?s={search_term_string}\"},\"query-input\":{\"@type\":\"PropertyValueSpecification\",\"valueRequired\":true,\"valueName\":\"search_term_string\"}}],\"inLanguage\":\"de\"}]}<\/script>\n<!-- \/ Yoast SEO plugin. -->","yoast_head_json":{"title":"Weisungssammlungen nach Rechtsnormen - Informationsportal f\u00fcr Arbeitgeber der BKK VBU","robots":{"index":"index","follow":"follow","max-snippet":"max-snippet:-1","max-image-preview":"max-image-preview:large","max-video-preview":"max-video-preview:-1"},"canonical":"https:\/\/www.informationsportal.de\/mkk-meine-krankenkasse\/sv-bibliothek\/versicherung-und-beitragsrecht\/arbeitslosenversicherung\/weisungen\/","og_locale":"de_DE","og_type":"article","og_title":"Weisungssammlungen nach Rechtsnormen - Informationsportal f\u00fcr Arbeitgeber der BKK VBU","og_description":"Weisungen, sortiert nach der Systematik des Sozialgesetzbuches und weiterer Gesetze Unter dem Link finden Sie Dokumente, bei denen die Bundesagentur f\u00fcr Arbeit f\u00fcr verschiedene Gesetze Weisungen herausgegeben hat. Dazu geh\u00f6ren u. a. die Arbeitsf\u00f6rderung, Arbeitslosenversicherung und -geld, Berufswahl und -ausbildung, Aufnahme einer Erwerbst\u00e4tigkeit sowie der Teilhabe von Menschen mit Behinderung. Die Dokumente finden Sie hier.","og_url":"https:\/\/www.informationsportal.de\/mkk-meine-krankenkasse\/sv-bibliothek\/versicherung-und-beitragsrecht\/arbeitslosenversicherung\/weisungen\/","og_site_name":"Informationsportal f\u00fcr Arbeitgeber der BKK VBU","article_modified_time":"2021-01-07T07:52:04+00:00","twitter_card":"summary_large_image","schema":{"@context":"https:\/\/schema.org","@graph":[{"@type":"WebPage","@id":"https:\/\/www.informationsportal.de\/mkk-meine-krankenkasse\/sv-bibliothek\/versicherung-und-beitragsrecht\/arbeitslosenversicherung\/weisungen\/","url":"https:\/\/www.informationsportal.de\/mkk-meine-krankenkasse\/sv-bibliothek\/versicherung-und-beitragsrecht\/arbeitslosenversicherung\/weisungen\/","name":"Weisungssammlungen nach Rechtsnormen - Informationsportal f\u00fcr Arbeitgeber der BKK VBU","isPartOf":{"@id":"https:\/\/www.informationsportal.de\/mkk-meine-krankenkasse\/#website"},"datePublished":"2017-01-01T16:00:00+00:00","dateModified":"2021-01-07T07:52:04+00:00","breadcrumb":{"@id":"https:\/\/www.informationsportal.de\/mkk-meine-krankenkasse\/sv-bibliothek\/versicherung-und-beitragsrecht\/arbeitslosenversicherung\/weisungen\/#breadcrumb"},"inLanguage":"de","potentialAction":[{"@type":"ReadAction","target":["https:\/\/www.informationsportal.de\/mkk-meine-krankenkasse\/sv-bibliothek\/versicherung-und-beitragsrecht\/arbeitslosenversicherung\/weisungen\/"]}]},{"@type":"BreadcrumbList","@id":"https:\/\/www.informationsportal.de\/mkk-meine-krankenkasse\/sv-bibliothek\/versicherung-und-beitragsrecht\/arbeitslosenversicherung\/weisungen\/#breadcrumb","itemListElement":[{"@type":"ListItem","position":1,"name":"SV-Bibliothek","item":"https:\/\/www.informationsportal.de\/mkk-meine-krankenkasse\/sv-bibliothek\/"},{"@type":"ListItem","position":2,"name":"Versicherungs- und Beitragsrecht","item":"https:\/\/www.informationsportal.de\/mkk-meine-krankenkasse\/sv-bibliothek\/versicherung-und-beitragsrecht\/"},{"@type":"ListItem","position":3,"name":"Arbeitslosenversicherung","item":"https:\/\/www.informationsportal.de\/mkk-meine-krankenkasse\/sv-bibliothek\/versicherung-und-beitragsrecht\/arbeitslosenversicherung\/"},{"@type":"ListItem","position":4,"name":"Weisungssammlungen nach Rechtsnormen"}]},{"@type":"WebSite","@id":"https:\/\/www.informationsportal.de\/mkk-meine-krankenkasse\/#website","url":"https:\/\/www.informationsportal.de\/mkk-meine-krankenkasse\/","name":"Informationsportal f\u00fcr Arbeitgeber der BKK VBU","description":"","potentialAction":[{"@type":"SearchAction","target":{"@type":"EntryPoint","urlTemplate":"https:\/\/www.informationsportal.de\/mkk-meine-krankenkasse\/?s={search_term_string}"},"query-input":{"@type":"PropertyValueSpecification","valueRequired":true,"valueName":"search_term_string"}}],"inLanguage":"de"}]}},"_links":{"self":[{"href":"https:\/\/www.informationsportal.de\/mkk-meine-krankenkasse\/wp-json\/wp\/v2\/pages\/1479","targetHints":{"allow":["GET"]}}],"collection":[{"href":"https:\/\/www.informationsportal.de\/mkk-meine-krankenkasse\/wp-json\/wp\/v2\/pages"}],"about":[{"href":"https:\/\/www.informationsportal.de\/mkk-meine-krankenkasse\/wp-json\/wp\/v2\/types\/page"}],"author":[{"embeddable":true,"href":"https:\/\/www.informationsportal.de\/mkk-meine-krankenkasse\/wp-json\/wp\/v2\/users\/2"}],"replies":[{"embeddable":true,"href":"https:\/\/www.informationsportal.de\/mkk-meine-krankenkasse\/wp-json\/wp\/v2\/comments?post=1479"}],"version-history":[{"count":3,"href":"https:\/\/www.informationsportal.de\/mkk-meine-krankenkasse\/wp-json\/wp\/v2\/pages\/1479\/revisions"}],"predecessor-version":[{"id":12008,"href":"https:\/\/www.informationsportal.de\/mkk-meine-krankenkasse\/wp-json\/wp\/v2\/pages\/1479\/revisions\/12008"}],"up":[{"embeddable":true,"href":"https:\/\/www.informationsportal.de\/mkk-meine-krankenkasse\/wp-json\/wp\/v2\/pages\/781"}],"wp:attachment":[{"href":"https:\/\/www.informationsportal.de\/mkk-meine-krankenkasse\/wp-json\/wp\/v2\/media?parent=1479"}],"curies":[{"name":"wp","href":"https:\/\/api.w.org\/{rel}","templated":true}]}}