{"id":4843,"date":"2019-06-20T15:12:16","date_gmt":"2019-06-20T13:12:16","guid":{"rendered":"https:\/\/www.informationsportal.de\/?page_id=4843"},"modified":"2019-06-20T15:12:16","modified_gmt":"2019-06-20T13:12:16","slug":"gleitzone-und-uebergangsbereich","status":"publish","type":"page","link":"https:\/\/www.informationsportal.de\/mkk-meine-krankenkasse\/sv-bibliothek\/versicherung-und-beitragsrecht\/gemeinsame-dokumente-der-sozialversicherung\/gleitzone-und-uebergangsbereich\/","title":{"rendered":"Gleitzone und \u00dcbergangsbereich"},"content":{"rendered":"<p><strong>Besch\u00e4ftigung im \u00dcbergangsbereich (Midijobber)<\/strong><br \/>\n Nachfolgend finden Sie die Dokumente, die die Besch\u00e4ftigung von Arbeitnehmern mit einem Arbeitsentgelt zwischen 450,01 Euro und 1.300,00 Euro (\u00dcbergangsbereich) behandeln. Diese Arbeitnehmer werden auch Midijobber genannt. Seit dem 01.07.2019 hat der \u00dcbergangsbereich die Gleitzone (f\u00fcr Arbeitsentgelte bis 850,00 Euro) abgel\u00f6st<\/p>","protected":false},"excerpt":{"rendered":"<p>Besch\u00e4ftigung im \u00dcbergangsbereich (Midijobber) Nachfolgend finden Sie die Dokumente, die die Besch\u00e4ftigung von Arbeitnehmern mit einem Arbeitsentgelt zwischen 450,01 Euro und 1.300,00 Euro (\u00dcbergangsbereich) behandeln.  Diese Arbeitnehmer werden auch Midijobber genannt.  Seit dem 01.07.2019 hat der \u00dcbergangsbereich die Gleitzone (f\u00fcr Arbeitsentgelte bis 850,00 Euro) abgel\u00f6st<\/p>","protected":false},"author":1,"featured_media":0,"parent":4837,"menu_order":0,"comment_status":"closed","ping_status":"closed","template":"tpl_documents.php","meta":{"_acf_changed":false,"footnotes":""},"class_list":["post-4843","page","type-page","status-publish","hentry"],"acf":[],"yoast_head":"<!-- This site is optimized with the Yoast SEO plugin v26.3 - https:\/\/yoast.com\/wordpress\/plugins\/seo\/ -->\n<title>Gleitzone und \u00dcbergangsbereich - Informationsportal f\u00fcr Arbeitgeber der BKK VBU<\/title>\n<meta name=\"robots\" content=\"index, follow, max-snippet:-1, max-image-preview:large, max-video-preview:-1\" \/>\n<link rel=\"canonical\" href=\"https:\/\/www.informationsportal.de\/mkk-meine-krankenkasse\/sv-bibliothek\/versicherung-und-beitragsrecht\/gemeinsame-dokumente-der-sozialversicherung\/gleitzone-und-uebergangsbereich\/\" \/>\n<meta property=\"og:locale\" content=\"de_DE\" \/>\n<meta property=\"og:type\" content=\"article\" \/>\n<meta property=\"og:title\" content=\"Gleitzone und \u00dcbergangsbereich - Informationsportal f\u00fcr Arbeitgeber der BKK VBU\" \/>\n<meta property=\"og:description\" content=\"Besch\u00e4ftigung im \u00dcbergangsbereich (Midijobber) Nachfolgend finden Sie die Dokumente, die die Besch\u00e4ftigung von Arbeitnehmern mit einem Arbeitsentgelt zwischen 450,01 Euro und 1.300,00 Euro (\u00dcbergangsbereich) behandeln. Diese Arbeitnehmer werden auch Midijobber genannt. Seit dem 01.07.2019 hat der \u00dcbergangsbereich die Gleitzone (f\u00fcr Arbeitsentgelte bis 850,00 Euro) abgel\u00f6st\" \/>\n<meta property=\"og:url\" content=\"https:\/\/www.informationsportal.de\/mkk-meine-krankenkasse\/sv-bibliothek\/versicherung-und-beitragsrecht\/gemeinsame-dokumente-der-sozialversicherung\/gleitzone-und-uebergangsbereich\/\" \/>\n<meta property=\"og:site_name\" content=\"Informationsportal f\u00fcr Arbeitgeber der BKK VBU\" \/>\n<meta name=\"twitter:card\" content=\"summary_large_image\" \/>\n<script type=\"application\/ld+json\" class=\"yoast-schema-graph\">{\"@context\":\"https:\/\/schema.org\",\"@graph\":[{\"@type\":\"WebPage\",\"@id\":\"https:\/\/www.informationsportal.de\/mkk-meine-krankenkasse\/sv-bibliothek\/versicherung-und-beitragsrecht\/gemeinsame-dokumente-der-sozialversicherung\/gleitzone-und-uebergangsbereich\/\",\"url\":\"https:\/\/www.informationsportal.de\/mkk-meine-krankenkasse\/sv-bibliothek\/versicherung-und-beitragsrecht\/gemeinsame-dokumente-der-sozialversicherung\/gleitzone-und-uebergangsbereich\/\",\"name\":\"Gleitzone und \u00dcbergangsbereich - Informationsportal f\u00fcr Arbeitgeber der BKK VBU\",\"isPartOf\":{\"@id\":\"https:\/\/www.informationsportal.de\/mkk-meine-krankenkasse\/#website\"},\"datePublished\":\"2019-06-20T13:12:16+00:00\",\"breadcrumb\":{\"@id\":\"https:\/\/www.informationsportal.de\/mkk-meine-krankenkasse\/sv-bibliothek\/versicherung-und-beitragsrecht\/gemeinsame-dokumente-der-sozialversicherung\/gleitzone-und-uebergangsbereich\/#breadcrumb\"},\"inLanguage\":\"de\",\"potentialAction\":[{\"@type\":\"ReadAction\",\"target\":[\"https:\/\/www.informationsportal.de\/mkk-meine-krankenkasse\/sv-bibliothek\/versicherung-und-beitragsrecht\/gemeinsame-dokumente-der-sozialversicherung\/gleitzone-und-uebergangsbereich\/\"]}]},{\"@type\":\"BreadcrumbList\",\"@id\":\"https:\/\/www.informationsportal.de\/mkk-meine-krankenkasse\/sv-bibliothek\/versicherung-und-beitragsrecht\/gemeinsame-dokumente-der-sozialversicherung\/gleitzone-und-uebergangsbereich\/#breadcrumb\",\"itemListElement\":[{\"@type\":\"ListItem\",\"position\":1,\"name\":\"SV-Bibliothek\",\"item\":\"https:\/\/www.informationsportal.de\/mkk-meine-krankenkasse\/sv-bibliothek\/\"},{\"@type\":\"ListItem\",\"position\":2,\"name\":\"Versicherungs- und Beitragsrecht\",\"item\":\"https:\/\/www.informationsportal.de\/mkk-meine-krankenkasse\/sv-bibliothek\/versicherung-und-beitragsrecht\/\"},{\"@type\":\"ListItem\",\"position\":3,\"name\":\"Gemeinsame Dokumente der Sozialversicherung\",\"item\":\"https:\/\/www.informationsportal.de\/mkk-meine-krankenkasse\/sv-bibliothek\/versicherung-und-beitragsrecht\/gemeinsame-dokumente-der-sozialversicherung\/\"},{\"@type\":\"ListItem\",\"position\":4,\"name\":\"Gleitzone und \u00dcbergangsbereich\"}]},{\"@type\":\"WebSite\",\"@id\":\"https:\/\/www.informationsportal.de\/mkk-meine-krankenkasse\/#website\",\"url\":\"https:\/\/www.informationsportal.de\/mkk-meine-krankenkasse\/\",\"name\":\"Informationsportal f\u00fcr Arbeitgeber der BKK VBU\",\"description\":\"\",\"potentialAction\":[{\"@type\":\"SearchAction\",\"target\":{\"@type\":\"EntryPoint\",\"urlTemplate\":\"https:\/\/www.informationsportal.de\/mkk-meine-krankenkasse\/?s={search_term_string}\"},\"query-input\":{\"@type\":\"PropertyValueSpecification\",\"valueRequired\":true,\"valueName\":\"search_term_string\"}}],\"inLanguage\":\"de\"}]}<\/script>\n<!-- \/ Yoast SEO plugin. -->","yoast_head_json":{"title":"Gleitzone und \u00dcbergangsbereich - Informationsportal f\u00fcr Arbeitgeber der BKK VBU","robots":{"index":"index","follow":"follow","max-snippet":"max-snippet:-1","max-image-preview":"max-image-preview:large","max-video-preview":"max-video-preview:-1"},"canonical":"https:\/\/www.informationsportal.de\/mkk-meine-krankenkasse\/sv-bibliothek\/versicherung-und-beitragsrecht\/gemeinsame-dokumente-der-sozialversicherung\/gleitzone-und-uebergangsbereich\/","og_locale":"de_DE","og_type":"article","og_title":"Gleitzone und \u00dcbergangsbereich - Informationsportal f\u00fcr Arbeitgeber der BKK VBU","og_description":"Besch\u00e4ftigung im \u00dcbergangsbereich (Midijobber) Nachfolgend finden Sie die Dokumente, die die Besch\u00e4ftigung von Arbeitnehmern mit einem Arbeitsentgelt zwischen 450,01 Euro und 1.300,00 Euro (\u00dcbergangsbereich) behandeln. Diese Arbeitnehmer werden auch Midijobber genannt. Seit dem 01.07.2019 hat der \u00dcbergangsbereich die Gleitzone (f\u00fcr Arbeitsentgelte bis 850,00 Euro) abgel\u00f6st","og_url":"https:\/\/www.informationsportal.de\/mkk-meine-krankenkasse\/sv-bibliothek\/versicherung-und-beitragsrecht\/gemeinsame-dokumente-der-sozialversicherung\/gleitzone-und-uebergangsbereich\/","og_site_name":"Informationsportal f\u00fcr Arbeitgeber der BKK VBU","twitter_card":"summary_large_image","schema":{"@context":"https:\/\/schema.org","@graph":[{"@type":"WebPage","@id":"https:\/\/www.informationsportal.de\/mkk-meine-krankenkasse\/sv-bibliothek\/versicherung-und-beitragsrecht\/gemeinsame-dokumente-der-sozialversicherung\/gleitzone-und-uebergangsbereich\/","url":"https:\/\/www.informationsportal.de\/mkk-meine-krankenkasse\/sv-bibliothek\/versicherung-und-beitragsrecht\/gemeinsame-dokumente-der-sozialversicherung\/gleitzone-und-uebergangsbereich\/","name":"Gleitzone und \u00dcbergangsbereich - Informationsportal f\u00fcr Arbeitgeber der BKK VBU","isPartOf":{"@id":"https:\/\/www.informationsportal.de\/mkk-meine-krankenkasse\/#website"},"datePublished":"2019-06-20T13:12:16+00:00","breadcrumb":{"@id":"https:\/\/www.informationsportal.de\/mkk-meine-krankenkasse\/sv-bibliothek\/versicherung-und-beitragsrecht\/gemeinsame-dokumente-der-sozialversicherung\/gleitzone-und-uebergangsbereich\/#breadcrumb"},"inLanguage":"de","potentialAction":[{"@type":"ReadAction","target":["https:\/\/www.informationsportal.de\/mkk-meine-krankenkasse\/sv-bibliothek\/versicherung-und-beitragsrecht\/gemeinsame-dokumente-der-sozialversicherung\/gleitzone-und-uebergangsbereich\/"]}]},{"@type":"BreadcrumbList","@id":"https:\/\/www.informationsportal.de\/mkk-meine-krankenkasse\/sv-bibliothek\/versicherung-und-beitragsrecht\/gemeinsame-dokumente-der-sozialversicherung\/gleitzone-und-uebergangsbereich\/#breadcrumb","itemListElement":[{"@type":"ListItem","position":1,"name":"SV-Bibliothek","item":"https:\/\/www.informationsportal.de\/mkk-meine-krankenkasse\/sv-bibliothek\/"},{"@type":"ListItem","position":2,"name":"Versicherungs- und Beitragsrecht","item":"https:\/\/www.informationsportal.de\/mkk-meine-krankenkasse\/sv-bibliothek\/versicherung-und-beitragsrecht\/"},{"@type":"ListItem","position":3,"name":"Gemeinsame Dokumente der Sozialversicherung","item":"https:\/\/www.informationsportal.de\/mkk-meine-krankenkasse\/sv-bibliothek\/versicherung-und-beitragsrecht\/gemeinsame-dokumente-der-sozialversicherung\/"},{"@type":"ListItem","position":4,"name":"Gleitzone und \u00dcbergangsbereich"}]},{"@type":"WebSite","@id":"https:\/\/www.informationsportal.de\/mkk-meine-krankenkasse\/#website","url":"https:\/\/www.informationsportal.de\/mkk-meine-krankenkasse\/","name":"Informationsportal f\u00fcr Arbeitgeber der BKK VBU","description":"","potentialAction":[{"@type":"SearchAction","target":{"@type":"EntryPoint","urlTemplate":"https:\/\/www.informationsportal.de\/mkk-meine-krankenkasse\/?s={search_term_string}"},"query-input":{"@type":"PropertyValueSpecification","valueRequired":true,"valueName":"search_term_string"}}],"inLanguage":"de"}]}},"_links":{"self":[{"href":"https:\/\/www.informationsportal.de\/mkk-meine-krankenkasse\/wp-json\/wp\/v2\/pages\/4843","targetHints":{"allow":["GET"]}}],"collection":[{"href":"https:\/\/www.informationsportal.de\/mkk-meine-krankenkasse\/wp-json\/wp\/v2\/pages"}],"about":[{"href":"https:\/\/www.informationsportal.de\/mkk-meine-krankenkasse\/wp-json\/wp\/v2\/types\/page"}],"author":[{"embeddable":true,"href":"https:\/\/www.informationsportal.de\/mkk-meine-krankenkasse\/wp-json\/wp\/v2\/users\/1"}],"replies":[{"embeddable":true,"href":"https:\/\/www.informationsportal.de\/mkk-meine-krankenkasse\/wp-json\/wp\/v2\/comments?post=4843"}],"version-history":[{"count":0,"href":"https:\/\/www.informationsportal.de\/mkk-meine-krankenkasse\/wp-json\/wp\/v2\/pages\/4843\/revisions"}],"up":[{"embeddable":true,"href":"https:\/\/www.informationsportal.de\/mkk-meine-krankenkasse\/wp-json\/wp\/v2\/pages\/4837"}],"wp:attachment":[{"href":"https:\/\/www.informationsportal.de\/mkk-meine-krankenkasse\/wp-json\/wp\/v2\/media?parent=4843"}],"curies":[{"name":"wp","href":"https:\/\/api.w.org\/{rel}","templated":true}]}}