{"id":4910,"date":"2019-06-21T13:35:01","date_gmt":"2019-06-21T11:35:01","guid":{"rendered":"https:\/\/www.informationsportal.de\/?page_id=4910"},"modified":"2024-12-10T17:36:14","modified_gmt":"2024-12-10T16:36:14","slug":"zahlstellen","status":"publish","type":"page","link":"https:\/\/www.informationsportal.de\/mkk-meine-krankenkasse\/sv-bibliothek\/versicherung-und-beitragsrecht\/gesetzliche-krankenversicherung\/zahlstellen\/","title":{"rendered":"Zahlstellen"},"content":{"rendered":"\n<h2 class=\"wp-block-heading\">Verfahren zur Beitrags\u00fcberwachung von Zahlstellen<\/h2>\n\n\n\n<p>Weitere Dokumente zum Beitrags- und Meldeverfahren zwischen Zahlstellen von Versorgungsbez\u00fcgen und Krankenkassen <span style=\"text-decoration: underline\"><a href=\"https:\/\/www.informationsportal.de\/mkk-meine-krankenkasse\/sv-bibliothek\/meldeverfahren\/gesetzliche-krankenversicherung\/zahlstellenmeldeverfahren\/\">finden Sie im Bereich Meldeverfahren in der SV-Bibliothek<\/a><\/span>.<\/p>\n","protected":false},"excerpt":{"rendered":"<p>Verfahren zur Beitrags\u00fcberwachung von Zahlstellen Weitere Dokumente zum Beitrags- und Meldeverfahren zwischen Zahlstellen von Versorgungsbez\u00fcgen und Krankenkassen finden Sie im Bereich Meldeverfahren in der SV-Bibliothek.<\/p>","protected":false},"author":1,"featured_media":0,"parent":8536,"menu_order":0,"comment_status":"closed","ping_status":"closed","template":"tpl_documents.php","meta":{"_acf_changed":false,"footnotes":""},"class_list":["post-4910","page","type-page","status-publish","hentry"],"acf":[],"yoast_head":"<!-- This site is optimized with the Yoast SEO plugin v26.3 - https:\/\/yoast.com\/wordpress\/plugins\/seo\/ -->\n<title>Zahlstellen - Informationsportal f\u00fcr Arbeitgeber der BKK VBU<\/title>\n<meta name=\"robots\" content=\"index, follow, max-snippet:-1, max-image-preview:large, max-video-preview:-1\" \/>\n<link rel=\"canonical\" href=\"https:\/\/www.informationsportal.de\/mkk-meine-krankenkasse\/sv-bibliothek\/versicherung-und-beitragsrecht\/gesetzliche-krankenversicherung\/zahlstellen\/\" \/>\n<meta property=\"og:locale\" content=\"de_DE\" \/>\n<meta property=\"og:type\" content=\"article\" \/>\n<meta property=\"og:title\" content=\"Zahlstellen - Informationsportal f\u00fcr Arbeitgeber der BKK VBU\" \/>\n<meta property=\"og:description\" content=\"Verfahren zur Beitrags\u00fcberwachung von Zahlstellen Weitere Dokumente zum Beitrags- und Meldeverfahren zwischen Zahlstellen von Versorgungsbez\u00fcgen und Krankenkassen finden Sie im Bereich Meldeverfahren in der SV-Bibliothek.\" \/>\n<meta property=\"og:url\" content=\"https:\/\/www.informationsportal.de\/mkk-meine-krankenkasse\/sv-bibliothek\/versicherung-und-beitragsrecht\/gesetzliche-krankenversicherung\/zahlstellen\/\" \/>\n<meta property=\"og:site_name\" content=\"Informationsportal f\u00fcr Arbeitgeber der BKK VBU\" \/>\n<meta property=\"article:modified_time\" content=\"2024-12-10T16:36:14+00:00\" \/>\n<meta name=\"twitter:card\" content=\"summary_large_image\" \/>\n<script type=\"application\/ld+json\" class=\"yoast-schema-graph\">{\"@context\":\"https:\/\/schema.org\",\"@graph\":[{\"@type\":\"WebPage\",\"@id\":\"https:\/\/www.informationsportal.de\/mkk-meine-krankenkasse\/sv-bibliothek\/versicherung-und-beitragsrecht\/gesetzliche-krankenversicherung\/zahlstellen\/\",\"url\":\"https:\/\/www.informationsportal.de\/mkk-meine-krankenkasse\/sv-bibliothek\/versicherung-und-beitragsrecht\/gesetzliche-krankenversicherung\/zahlstellen\/\",\"name\":\"Zahlstellen - Informationsportal f\u00fcr Arbeitgeber der BKK VBU\",\"isPartOf\":{\"@id\":\"https:\/\/www.informationsportal.de\/mkk-meine-krankenkasse\/#website\"},\"datePublished\":\"2019-06-21T11:35:01+00:00\",\"dateModified\":\"2024-12-10T16:36:14+00:00\",\"breadcrumb\":{\"@id\":\"https:\/\/www.informationsportal.de\/mkk-meine-krankenkasse\/sv-bibliothek\/versicherung-und-beitragsrecht\/gesetzliche-krankenversicherung\/zahlstellen\/#breadcrumb\"},\"inLanguage\":\"de\",\"potentialAction\":[{\"@type\":\"ReadAction\",\"target\":[\"https:\/\/www.informationsportal.de\/mkk-meine-krankenkasse\/sv-bibliothek\/versicherung-und-beitragsrecht\/gesetzliche-krankenversicherung\/zahlstellen\/\"]}]},{\"@type\":\"BreadcrumbList\",\"@id\":\"https:\/\/www.informationsportal.de\/mkk-meine-krankenkasse\/sv-bibliothek\/versicherung-und-beitragsrecht\/gesetzliche-krankenversicherung\/zahlstellen\/#breadcrumb\",\"itemListElement\":[{\"@type\":\"ListItem\",\"position\":1,\"name\":\"SV-Bibliothek\",\"item\":\"https:\/\/www.informationsportal.de\/mkk-meine-krankenkasse\/sv-bibliothek\/\"},{\"@type\":\"ListItem\",\"position\":2,\"name\":\"Versicherungs- und Beitragsrecht\",\"item\":\"https:\/\/www.informationsportal.de\/mkk-meine-krankenkasse\/sv-bibliothek\/versicherung-und-beitragsrecht\/\"},{\"@type\":\"ListItem\",\"position\":3,\"name\":\"Gesetzliche Krankenversicherung\",\"item\":\"https:\/\/www.informationsportal.de\/mkk-meine-krankenkasse\/sv-bibliothek\/versicherung-und-beitragsrecht\/gesetzliche-krankenversicherung\/\"},{\"@type\":\"ListItem\",\"position\":4,\"name\":\"Zahlstellen\"}]},{\"@type\":\"WebSite\",\"@id\":\"https:\/\/www.informationsportal.de\/mkk-meine-krankenkasse\/#website\",\"url\":\"https:\/\/www.informationsportal.de\/mkk-meine-krankenkasse\/\",\"name\":\"Informationsportal f\u00fcr Arbeitgeber der BKK VBU\",\"description\":\"\",\"potentialAction\":[{\"@type\":\"SearchAction\",\"target\":{\"@type\":\"EntryPoint\",\"urlTemplate\":\"https:\/\/www.informationsportal.de\/mkk-meine-krankenkasse\/?s={search_term_string}\"},\"query-input\":{\"@type\":\"PropertyValueSpecification\",\"valueRequired\":true,\"valueName\":\"search_term_string\"}}],\"inLanguage\":\"de\"}]}<\/script>\n<!-- \/ Yoast SEO plugin. -->","yoast_head_json":{"title":"Zahlstellen - Informationsportal f\u00fcr Arbeitgeber der BKK VBU","robots":{"index":"index","follow":"follow","max-snippet":"max-snippet:-1","max-image-preview":"max-image-preview:large","max-video-preview":"max-video-preview:-1"},"canonical":"https:\/\/www.informationsportal.de\/mkk-meine-krankenkasse\/sv-bibliothek\/versicherung-und-beitragsrecht\/gesetzliche-krankenversicherung\/zahlstellen\/","og_locale":"de_DE","og_type":"article","og_title":"Zahlstellen - Informationsportal f\u00fcr Arbeitgeber der BKK VBU","og_description":"Verfahren zur Beitrags\u00fcberwachung von Zahlstellen Weitere Dokumente zum Beitrags- und Meldeverfahren zwischen Zahlstellen von Versorgungsbez\u00fcgen und Krankenkassen finden Sie im Bereich Meldeverfahren in der SV-Bibliothek.","og_url":"https:\/\/www.informationsportal.de\/mkk-meine-krankenkasse\/sv-bibliothek\/versicherung-und-beitragsrecht\/gesetzliche-krankenversicherung\/zahlstellen\/","og_site_name":"Informationsportal f\u00fcr Arbeitgeber der BKK VBU","article_modified_time":"2024-12-10T16:36:14+00:00","twitter_card":"summary_large_image","schema":{"@context":"https:\/\/schema.org","@graph":[{"@type":"WebPage","@id":"https:\/\/www.informationsportal.de\/mkk-meine-krankenkasse\/sv-bibliothek\/versicherung-und-beitragsrecht\/gesetzliche-krankenversicherung\/zahlstellen\/","url":"https:\/\/www.informationsportal.de\/mkk-meine-krankenkasse\/sv-bibliothek\/versicherung-und-beitragsrecht\/gesetzliche-krankenversicherung\/zahlstellen\/","name":"Zahlstellen - Informationsportal f\u00fcr Arbeitgeber der BKK VBU","isPartOf":{"@id":"https:\/\/www.informationsportal.de\/mkk-meine-krankenkasse\/#website"},"datePublished":"2019-06-21T11:35:01+00:00","dateModified":"2024-12-10T16:36:14+00:00","breadcrumb":{"@id":"https:\/\/www.informationsportal.de\/mkk-meine-krankenkasse\/sv-bibliothek\/versicherung-und-beitragsrecht\/gesetzliche-krankenversicherung\/zahlstellen\/#breadcrumb"},"inLanguage":"de","potentialAction":[{"@type":"ReadAction","target":["https:\/\/www.informationsportal.de\/mkk-meine-krankenkasse\/sv-bibliothek\/versicherung-und-beitragsrecht\/gesetzliche-krankenversicherung\/zahlstellen\/"]}]},{"@type":"BreadcrumbList","@id":"https:\/\/www.informationsportal.de\/mkk-meine-krankenkasse\/sv-bibliothek\/versicherung-und-beitragsrecht\/gesetzliche-krankenversicherung\/zahlstellen\/#breadcrumb","itemListElement":[{"@type":"ListItem","position":1,"name":"SV-Bibliothek","item":"https:\/\/www.informationsportal.de\/mkk-meine-krankenkasse\/sv-bibliothek\/"},{"@type":"ListItem","position":2,"name":"Versicherungs- und Beitragsrecht","item":"https:\/\/www.informationsportal.de\/mkk-meine-krankenkasse\/sv-bibliothek\/versicherung-und-beitragsrecht\/"},{"@type":"ListItem","position":3,"name":"Gesetzliche Krankenversicherung","item":"https:\/\/www.informationsportal.de\/mkk-meine-krankenkasse\/sv-bibliothek\/versicherung-und-beitragsrecht\/gesetzliche-krankenversicherung\/"},{"@type":"ListItem","position":4,"name":"Zahlstellen"}]},{"@type":"WebSite","@id":"https:\/\/www.informationsportal.de\/mkk-meine-krankenkasse\/#website","url":"https:\/\/www.informationsportal.de\/mkk-meine-krankenkasse\/","name":"Informationsportal f\u00fcr Arbeitgeber der BKK VBU","description":"","potentialAction":[{"@type":"SearchAction","target":{"@type":"EntryPoint","urlTemplate":"https:\/\/www.informationsportal.de\/mkk-meine-krankenkasse\/?s={search_term_string}"},"query-input":{"@type":"PropertyValueSpecification","valueRequired":true,"valueName":"search_term_string"}}],"inLanguage":"de"}]}},"_links":{"self":[{"href":"https:\/\/www.informationsportal.de\/mkk-meine-krankenkasse\/wp-json\/wp\/v2\/pages\/4910","targetHints":{"allow":["GET"]}}],"collection":[{"href":"https:\/\/www.informationsportal.de\/mkk-meine-krankenkasse\/wp-json\/wp\/v2\/pages"}],"about":[{"href":"https:\/\/www.informationsportal.de\/mkk-meine-krankenkasse\/wp-json\/wp\/v2\/types\/page"}],"author":[{"embeddable":true,"href":"https:\/\/www.informationsportal.de\/mkk-meine-krankenkasse\/wp-json\/wp\/v2\/users\/1"}],"replies":[{"embeddable":true,"href":"https:\/\/www.informationsportal.de\/mkk-meine-krankenkasse\/wp-json\/wp\/v2\/comments?post=4910"}],"version-history":[{"count":2,"href":"https:\/\/www.informationsportal.de\/mkk-meine-krankenkasse\/wp-json\/wp\/v2\/pages\/4910\/revisions"}],"predecessor-version":[{"id":18171,"href":"https:\/\/www.informationsportal.de\/mkk-meine-krankenkasse\/wp-json\/wp\/v2\/pages\/4910\/revisions\/18171"}],"up":[{"embeddable":true,"href":"https:\/\/www.informationsportal.de\/mkk-meine-krankenkasse\/wp-json\/wp\/v2\/pages\/8536"}],"wp:attachment":[{"href":"https:\/\/www.informationsportal.de\/mkk-meine-krankenkasse\/wp-json\/wp\/v2\/media?parent=4910"}],"curies":[{"name":"wp","href":"https:\/\/api.w.org\/{rel}","templated":true}]}}