{"id":902,"date":"2017-01-01T16:00:00","date_gmt":"2017-01-01T16:00:00","guid":{"rendered":"https:\/\/www.informationsportal.de\/?page_id=902"},"modified":"2020-08-27T11:21:38","modified_gmt":"2020-08-27T09:21:38","slug":"berufsstaendische-versorgung","status":"publish","type":"page","link":"https:\/\/www.informationsportal.de\/mkk-meine-krankenkasse\/sv-bibliothek\/meldeverfahren\/berufsstaendische-versorgung\/","title":{"rendered":"Berufsst\u00e4ndische Versorgung"},"content":{"rendered":"\n<h2>Meldungen an die Annahmestelle der berufsst\u00e4ndischen Versorgungseinrichtungen<\/h2>\n<p>Nachfolgend finden Sie die Dokumente, die Meldungen der Arbeitgeber an die DASBV als Annahmestelle der berufsst\u00e4ndischen Versorgungseinrichtungen behandelt. Die Arbeitsgemeinschaft berufsst\u00e4ndischer Versorgungseinrichtungen e. V. (ABV) beschreibt die Besonderheiten im Arbeitgeberverfahren erg\u00e4nzend zum gemeinsamen Rundschreiben der Sozialversicherungstr\u00e4ger zum gemeinsamen Meldeverfahren.<\/p>\n","protected":false},"excerpt":{"rendered":"Meldungen an die Annahmestelle der berufsst\u00e4ndischen Versorgungseinrichtungen Nachfolgend finden Sie die Dokumente, die Meldungen der Arbeitgeber an die DASBV als Annahmestelle der berufsst\u00e4ndischen Versorgungseinrichtungen behandelt. Die Arbeitsgemeinschaft berufsst\u00e4ndischer Versorgungseinrichtungen e. V. (ABV) beschreibt die Besonderheiten im Arbeitgeberverfahren erg\u00e4nzend zum gemeinsamen Rundschreiben der Sozialversicherungstr\u00e4ger zum gemeinsamen Meldeverfahren.","protected":false},"author":2,"featured_media":0,"parent":655,"menu_order":0,"comment_status":"closed","ping_status":"closed","template":"tpl_documents_blog.php","meta":{"_acf_changed":false,"footnotes":""},"class_list":["post-902","page","type-page","status-publish","hentry"],"acf":[],"yoast_head":"<!-- This site is optimized with the Yoast SEO plugin v26.3 - https:\/\/yoast.com\/wordpress\/plugins\/seo\/ -->\n<title>Berufsst\u00e4ndische Versorgung - Informationsportal f\u00fcr Arbeitgeber der BKK VBU<\/title>\n<meta name=\"robots\" content=\"index, follow, max-snippet:-1, max-image-preview:large, max-video-preview:-1\" \/>\n<link rel=\"canonical\" href=\"https:\/\/www.informationsportal.de\/mkk-meine-krankenkasse\/sv-bibliothek\/meldeverfahren\/berufsstaendische-versorgung\/\" \/>\n<meta property=\"og:locale\" content=\"de_DE\" \/>\n<meta property=\"og:type\" content=\"article\" \/>\n<meta property=\"og:title\" content=\"Berufsst\u00e4ndische Versorgung - Informationsportal f\u00fcr Arbeitgeber der BKK VBU\" \/>\n<meta property=\"og:url\" content=\"https:\/\/www.informationsportal.de\/mkk-meine-krankenkasse\/sv-bibliothek\/meldeverfahren\/berufsstaendische-versorgung\/\" \/>\n<meta property=\"og:site_name\" content=\"Informationsportal f\u00fcr Arbeitgeber der BKK VBU\" \/>\n<meta property=\"article:modified_time\" content=\"2020-08-27T09:21:38+00:00\" \/>\n<meta name=\"twitter:card\" content=\"summary_large_image\" \/>\n<script type=\"application\/ld+json\" class=\"yoast-schema-graph\">{\"@context\":\"https:\/\/schema.org\",\"@graph\":[{\"@type\":\"WebPage\",\"@id\":\"https:\/\/www.informationsportal.de\/mkk-meine-krankenkasse\/sv-bibliothek\/meldeverfahren\/berufsstaendische-versorgung\/\",\"url\":\"https:\/\/www.informationsportal.de\/mkk-meine-krankenkasse\/sv-bibliothek\/meldeverfahren\/berufsstaendische-versorgung\/\",\"name\":\"Berufsst\u00e4ndische Versorgung - Informationsportal f\u00fcr Arbeitgeber der BKK VBU\",\"isPartOf\":{\"@id\":\"https:\/\/www.informationsportal.de\/mkk-meine-krankenkasse\/#website\"},\"datePublished\":\"2017-01-01T16:00:00+00:00\",\"dateModified\":\"2020-08-27T09:21:38+00:00\",\"breadcrumb\":{\"@id\":\"https:\/\/www.informationsportal.de\/mkk-meine-krankenkasse\/sv-bibliothek\/meldeverfahren\/berufsstaendische-versorgung\/#breadcrumb\"},\"inLanguage\":\"de\",\"potentialAction\":[{\"@type\":\"ReadAction\",\"target\":[\"https:\/\/www.informationsportal.de\/mkk-meine-krankenkasse\/sv-bibliothek\/meldeverfahren\/berufsstaendische-versorgung\/\"]}]},{\"@type\":\"BreadcrumbList\",\"@id\":\"https:\/\/www.informationsportal.de\/mkk-meine-krankenkasse\/sv-bibliothek\/meldeverfahren\/berufsstaendische-versorgung\/#breadcrumb\",\"itemListElement\":[{\"@type\":\"ListItem\",\"position\":1,\"name\":\"SV-Bibliothek\",\"item\":\"https:\/\/www.informationsportal.de\/mkk-meine-krankenkasse\/sv-bibliothek\/\"},{\"@type\":\"ListItem\",\"position\":2,\"name\":\"Meldeverfahren\",\"item\":\"https:\/\/www.informationsportal.de\/mkk-meine-krankenkasse\/sv-bibliothek\/meldeverfahren\/\"},{\"@type\":\"ListItem\",\"position\":3,\"name\":\"Berufsst\u00e4ndische Versorgung\"}]},{\"@type\":\"WebSite\",\"@id\":\"https:\/\/www.informationsportal.de\/mkk-meine-krankenkasse\/#website\",\"url\":\"https:\/\/www.informationsportal.de\/mkk-meine-krankenkasse\/\",\"name\":\"Informationsportal f\u00fcr Arbeitgeber der BKK VBU\",\"description\":\"\",\"potentialAction\":[{\"@type\":\"SearchAction\",\"target\":{\"@type\":\"EntryPoint\",\"urlTemplate\":\"https:\/\/www.informationsportal.de\/mkk-meine-krankenkasse\/?s={search_term_string}\"},\"query-input\":{\"@type\":\"PropertyValueSpecification\",\"valueRequired\":true,\"valueName\":\"search_term_string\"}}],\"inLanguage\":\"de\"}]}<\/script>\n<!-- \/ Yoast SEO plugin. -->","yoast_head_json":{"title":"Berufsst\u00e4ndische Versorgung - Informationsportal f\u00fcr Arbeitgeber der BKK VBU","robots":{"index":"index","follow":"follow","max-snippet":"max-snippet:-1","max-image-preview":"max-image-preview:large","max-video-preview":"max-video-preview:-1"},"canonical":"https:\/\/www.informationsportal.de\/mkk-meine-krankenkasse\/sv-bibliothek\/meldeverfahren\/berufsstaendische-versorgung\/","og_locale":"de_DE","og_type":"article","og_title":"Berufsst\u00e4ndische Versorgung - Informationsportal f\u00fcr Arbeitgeber der BKK VBU","og_url":"https:\/\/www.informationsportal.de\/mkk-meine-krankenkasse\/sv-bibliothek\/meldeverfahren\/berufsstaendische-versorgung\/","og_site_name":"Informationsportal f\u00fcr Arbeitgeber der BKK VBU","article_modified_time":"2020-08-27T09:21:38+00:00","twitter_card":"summary_large_image","schema":{"@context":"https:\/\/schema.org","@graph":[{"@type":"WebPage","@id":"https:\/\/www.informationsportal.de\/mkk-meine-krankenkasse\/sv-bibliothek\/meldeverfahren\/berufsstaendische-versorgung\/","url":"https:\/\/www.informationsportal.de\/mkk-meine-krankenkasse\/sv-bibliothek\/meldeverfahren\/berufsstaendische-versorgung\/","name":"Berufsst\u00e4ndische Versorgung - Informationsportal f\u00fcr Arbeitgeber der BKK VBU","isPartOf":{"@id":"https:\/\/www.informationsportal.de\/mkk-meine-krankenkasse\/#website"},"datePublished":"2017-01-01T16:00:00+00:00","dateModified":"2020-08-27T09:21:38+00:00","breadcrumb":{"@id":"https:\/\/www.informationsportal.de\/mkk-meine-krankenkasse\/sv-bibliothek\/meldeverfahren\/berufsstaendische-versorgung\/#breadcrumb"},"inLanguage":"de","potentialAction":[{"@type":"ReadAction","target":["https:\/\/www.informationsportal.de\/mkk-meine-krankenkasse\/sv-bibliothek\/meldeverfahren\/berufsstaendische-versorgung\/"]}]},{"@type":"BreadcrumbList","@id":"https:\/\/www.informationsportal.de\/mkk-meine-krankenkasse\/sv-bibliothek\/meldeverfahren\/berufsstaendische-versorgung\/#breadcrumb","itemListElement":[{"@type":"ListItem","position":1,"name":"SV-Bibliothek","item":"https:\/\/www.informationsportal.de\/mkk-meine-krankenkasse\/sv-bibliothek\/"},{"@type":"ListItem","position":2,"name":"Meldeverfahren","item":"https:\/\/www.informationsportal.de\/mkk-meine-krankenkasse\/sv-bibliothek\/meldeverfahren\/"},{"@type":"ListItem","position":3,"name":"Berufsst\u00e4ndische Versorgung"}]},{"@type":"WebSite","@id":"https:\/\/www.informationsportal.de\/mkk-meine-krankenkasse\/#website","url":"https:\/\/www.informationsportal.de\/mkk-meine-krankenkasse\/","name":"Informationsportal f\u00fcr Arbeitgeber der BKK VBU","description":"","potentialAction":[{"@type":"SearchAction","target":{"@type":"EntryPoint","urlTemplate":"https:\/\/www.informationsportal.de\/mkk-meine-krankenkasse\/?s={search_term_string}"},"query-input":{"@type":"PropertyValueSpecification","valueRequired":true,"valueName":"search_term_string"}}],"inLanguage":"de"}]}},"_links":{"self":[{"href":"https:\/\/www.informationsportal.de\/mkk-meine-krankenkasse\/wp-json\/wp\/v2\/pages\/902","targetHints":{"allow":["GET"]}}],"collection":[{"href":"https:\/\/www.informationsportal.de\/mkk-meine-krankenkasse\/wp-json\/wp\/v2\/pages"}],"about":[{"href":"https:\/\/www.informationsportal.de\/mkk-meine-krankenkasse\/wp-json\/wp\/v2\/types\/page"}],"author":[{"embeddable":true,"href":"https:\/\/www.informationsportal.de\/mkk-meine-krankenkasse\/wp-json\/wp\/v2\/users\/2"}],"replies":[{"embeddable":true,"href":"https:\/\/www.informationsportal.de\/mkk-meine-krankenkasse\/wp-json\/wp\/v2\/comments?post=902"}],"version-history":[{"count":3,"href":"https:\/\/www.informationsportal.de\/mkk-meine-krankenkasse\/wp-json\/wp\/v2\/pages\/902\/revisions"}],"predecessor-version":[{"id":10319,"href":"https:\/\/www.informationsportal.de\/mkk-meine-krankenkasse\/wp-json\/wp\/v2\/pages\/902\/revisions\/10319"}],"up":[{"embeddable":true,"href":"https:\/\/www.informationsportal.de\/mkk-meine-krankenkasse\/wp-json\/wp\/v2\/pages\/655"}],"wp:attachment":[{"href":"https:\/\/www.informationsportal.de\/mkk-meine-krankenkasse\/wp-json\/wp\/v2\/media?parent=902"}],"curies":[{"name":"wp","href":"https:\/\/api.w.org\/{rel}","templated":true}]}}