{"id":11849,"date":"2020-12-01T09:58:31","date_gmt":"2020-12-01T08:58:31","guid":{"rendered":"https:\/\/www.informationsportal.de\/?page_id=11849"},"modified":"2021-01-06T13:39:27","modified_gmt":"2021-01-06T12:39:27","slug":"datensatz-betriebsdatenpflege","status":"publish","type":"page","link":"https:\/\/www.informationsportal.de\/salus-bkk\/sv-bibliothek\/meldeverfahren\/bundesagentur-fuer-arbeit\/datensatz-betriebsdatenpflege\/","title":{"rendered":"Datensatz Betriebsdatenpflege"},"content":{"rendered":"\n<h2>\u00dcbermittlung des Datensatzes Betriebsdatenpflege (DSBD)<\/h2>\n<p>Die zertifizierten Entgeltabrechnungsprogramme (EA) sollen so gestaltet sein, dass \u00c4nderungen betrieblicher Stammdaten unverz\u00fcglich an die Bundesagentur f\u00fcr Arbeit (BA) \u00fcbermittelt werden. Dazu werden in der vorliegenden Verfahrensanforderung die wesentlichen Ereignisse definiert, die zu einer \u00c4nderungsmeldung per Datensatz Betriebsdatenpflege (DSBD) f\u00fchren m\u00fcssen.<\/p>\n","protected":false},"excerpt":{"rendered":"\u00dcbermittlung des Datensatzes Betriebsdatenpflege (DSBD) Die zertifizierten Entgeltabrechnungsprogramme (EA) sollen so gestaltet sein, dass \u00c4nderungen betrieblicher Stammdaten unverz\u00fcglich an die Bundesagentur f\u00fcr Arbeit (BA) \u00fcbermittelt werden. Dazu werden in der vorliegenden Verfahrensanforderung die wesentlichen Ereignisse definiert, die zu einer \u00c4nderungsmeldung per Datensatz Betriebsdatenpflege (DSBD) f\u00fchren m\u00fcssen.","protected":false},"author":1,"featured_media":0,"parent":894,"menu_order":0,"comment_status":"closed","ping_status":"closed","template":"tpl_documents.php","meta":{"_acf_changed":false,"footnotes":""},"class_list":["post-11849","page","type-page","status-publish","hentry"],"acf":[],"yoast_head":"<!-- This site is optimized with the Yoast SEO plugin v26.3 - https:\/\/yoast.com\/wordpress\/plugins\/seo\/ -->\n<title>Datensatz Betriebsdatenpflege - Informationsportal f\u00fcr Arbeitgeber der Salus BKK<\/title>\n<meta name=\"robots\" content=\"index, follow, max-snippet:-1, max-image-preview:large, max-video-preview:-1\" \/>\n<link rel=\"canonical\" href=\"https:\/\/www.informationsportal.de\/salus-bkk\/sv-bibliothek\/meldeverfahren\/bundesagentur-fuer-arbeit\/datensatz-betriebsdatenpflege\/\" \/>\n<meta property=\"og:locale\" content=\"de_DE\" \/>\n<meta property=\"og:type\" content=\"article\" \/>\n<meta property=\"og:title\" content=\"Datensatz Betriebsdatenpflege - Informationsportal f\u00fcr Arbeitgeber der Salus BKK\" \/>\n<meta property=\"og:url\" content=\"https:\/\/www.informationsportal.de\/salus-bkk\/sv-bibliothek\/meldeverfahren\/bundesagentur-fuer-arbeit\/datensatz-betriebsdatenpflege\/\" \/>\n<meta property=\"og:site_name\" content=\"Informationsportal f\u00fcr Arbeitgeber der Salus BKK\" \/>\n<meta property=\"article:modified_time\" content=\"2021-01-06T12:39:27+00:00\" \/>\n<meta name=\"twitter:card\" content=\"summary_large_image\" \/>\n<script type=\"application\/ld+json\" class=\"yoast-schema-graph\">{\"@context\":\"https:\/\/schema.org\",\"@graph\":[{\"@type\":\"WebPage\",\"@id\":\"https:\/\/www.informationsportal.de\/salus-bkk\/sv-bibliothek\/meldeverfahren\/bundesagentur-fuer-arbeit\/datensatz-betriebsdatenpflege\/\",\"url\":\"https:\/\/www.informationsportal.de\/salus-bkk\/sv-bibliothek\/meldeverfahren\/bundesagentur-fuer-arbeit\/datensatz-betriebsdatenpflege\/\",\"name\":\"Datensatz Betriebsdatenpflege - Informationsportal f\u00fcr Arbeitgeber der Salus BKK\",\"isPartOf\":{\"@id\":\"https:\/\/www.informationsportal.de\/salus-bkk\/#website\"},\"datePublished\":\"2020-12-01T08:58:31+00:00\",\"dateModified\":\"2021-01-06T12:39:27+00:00\",\"breadcrumb\":{\"@id\":\"https:\/\/www.informationsportal.de\/salus-bkk\/sv-bibliothek\/meldeverfahren\/bundesagentur-fuer-arbeit\/datensatz-betriebsdatenpflege\/#breadcrumb\"},\"inLanguage\":\"de\",\"potentialAction\":[{\"@type\":\"ReadAction\",\"target\":[\"https:\/\/www.informationsportal.de\/salus-bkk\/sv-bibliothek\/meldeverfahren\/bundesagentur-fuer-arbeit\/datensatz-betriebsdatenpflege\/\"]}]},{\"@type\":\"BreadcrumbList\",\"@id\":\"https:\/\/www.informationsportal.de\/salus-bkk\/sv-bibliothek\/meldeverfahren\/bundesagentur-fuer-arbeit\/datensatz-betriebsdatenpflege\/#breadcrumb\",\"itemListElement\":[{\"@type\":\"ListItem\",\"position\":1,\"name\":\"SV-Bibliothek\",\"item\":\"https:\/\/www.informationsportal.de\/salus-bkk\/sv-bibliothek\/\"},{\"@type\":\"ListItem\",\"position\":2,\"name\":\"Meldeverfahren\",\"item\":\"https:\/\/www.informationsportal.de\/salus-bkk\/sv-bibliothek\/meldeverfahren\/\"},{\"@type\":\"ListItem\",\"position\":3,\"name\":\"Bundesagentur f\u00fcr Arbeit\",\"item\":\"https:\/\/www.informationsportal.de\/salus-bkk\/sv-bibliothek\/meldeverfahren\/bundesagentur-fuer-arbeit\/\"},{\"@type\":\"ListItem\",\"position\":4,\"name\":\"Datensatz Betriebsdatenpflege\"}]},{\"@type\":\"WebSite\",\"@id\":\"https:\/\/www.informationsportal.de\/salus-bkk\/#website\",\"url\":\"https:\/\/www.informationsportal.de\/salus-bkk\/\",\"name\":\"Informationsportal f\u00fcr Arbeitgeber der Salus BKK\",\"description\":\"Das Informationsportal ist ein Wegweiser zu den Meldepflichten der Sozialversicherung\",\"potentialAction\":[{\"@type\":\"SearchAction\",\"target\":{\"@type\":\"EntryPoint\",\"urlTemplate\":\"https:\/\/www.informationsportal.de\/salus-bkk\/?s={search_term_string}\"},\"query-input\":{\"@type\":\"PropertyValueSpecification\",\"valueRequired\":true,\"valueName\":\"search_term_string\"}}],\"inLanguage\":\"de\"}]}<\/script>\n<!-- \/ Yoast SEO plugin. -->","yoast_head_json":{"title":"Datensatz Betriebsdatenpflege - Informationsportal f\u00fcr Arbeitgeber der Salus BKK","robots":{"index":"index","follow":"follow","max-snippet":"max-snippet:-1","max-image-preview":"max-image-preview:large","max-video-preview":"max-video-preview:-1"},"canonical":"https:\/\/www.informationsportal.de\/salus-bkk\/sv-bibliothek\/meldeverfahren\/bundesagentur-fuer-arbeit\/datensatz-betriebsdatenpflege\/","og_locale":"de_DE","og_type":"article","og_title":"Datensatz Betriebsdatenpflege - Informationsportal f\u00fcr Arbeitgeber der Salus BKK","og_url":"https:\/\/www.informationsportal.de\/salus-bkk\/sv-bibliothek\/meldeverfahren\/bundesagentur-fuer-arbeit\/datensatz-betriebsdatenpflege\/","og_site_name":"Informationsportal f\u00fcr Arbeitgeber der Salus BKK","article_modified_time":"2021-01-06T12:39:27+00:00","twitter_card":"summary_large_image","schema":{"@context":"https:\/\/schema.org","@graph":[{"@type":"WebPage","@id":"https:\/\/www.informationsportal.de\/salus-bkk\/sv-bibliothek\/meldeverfahren\/bundesagentur-fuer-arbeit\/datensatz-betriebsdatenpflege\/","url":"https:\/\/www.informationsportal.de\/salus-bkk\/sv-bibliothek\/meldeverfahren\/bundesagentur-fuer-arbeit\/datensatz-betriebsdatenpflege\/","name":"Datensatz Betriebsdatenpflege - Informationsportal f\u00fcr Arbeitgeber der Salus BKK","isPartOf":{"@id":"https:\/\/www.informationsportal.de\/salus-bkk\/#website"},"datePublished":"2020-12-01T08:58:31+00:00","dateModified":"2021-01-06T12:39:27+00:00","breadcrumb":{"@id":"https:\/\/www.informationsportal.de\/salus-bkk\/sv-bibliothek\/meldeverfahren\/bundesagentur-fuer-arbeit\/datensatz-betriebsdatenpflege\/#breadcrumb"},"inLanguage":"de","potentialAction":[{"@type":"ReadAction","target":["https:\/\/www.informationsportal.de\/salus-bkk\/sv-bibliothek\/meldeverfahren\/bundesagentur-fuer-arbeit\/datensatz-betriebsdatenpflege\/"]}]},{"@type":"BreadcrumbList","@id":"https:\/\/www.informationsportal.de\/salus-bkk\/sv-bibliothek\/meldeverfahren\/bundesagentur-fuer-arbeit\/datensatz-betriebsdatenpflege\/#breadcrumb","itemListElement":[{"@type":"ListItem","position":1,"name":"SV-Bibliothek","item":"https:\/\/www.informationsportal.de\/salus-bkk\/sv-bibliothek\/"},{"@type":"ListItem","position":2,"name":"Meldeverfahren","item":"https:\/\/www.informationsportal.de\/salus-bkk\/sv-bibliothek\/meldeverfahren\/"},{"@type":"ListItem","position":3,"name":"Bundesagentur f\u00fcr Arbeit","item":"https:\/\/www.informationsportal.de\/salus-bkk\/sv-bibliothek\/meldeverfahren\/bundesagentur-fuer-arbeit\/"},{"@type":"ListItem","position":4,"name":"Datensatz Betriebsdatenpflege"}]},{"@type":"WebSite","@id":"https:\/\/www.informationsportal.de\/salus-bkk\/#website","url":"https:\/\/www.informationsportal.de\/salus-bkk\/","name":"Informationsportal f\u00fcr Arbeitgeber der Salus BKK","description":"Das Informationsportal ist ein Wegweiser zu den Meldepflichten der Sozialversicherung","potentialAction":[{"@type":"SearchAction","target":{"@type":"EntryPoint","urlTemplate":"https:\/\/www.informationsportal.de\/salus-bkk\/?s={search_term_string}"},"query-input":{"@type":"PropertyValueSpecification","valueRequired":true,"valueName":"search_term_string"}}],"inLanguage":"de"}]}},"_links":{"self":[{"href":"https:\/\/www.informationsportal.de\/salus-bkk\/wp-json\/wp\/v2\/pages\/11849","targetHints":{"allow":["GET"]}}],"collection":[{"href":"https:\/\/www.informationsportal.de\/salus-bkk\/wp-json\/wp\/v2\/pages"}],"about":[{"href":"https:\/\/www.informationsportal.de\/salus-bkk\/wp-json\/wp\/v2\/types\/page"}],"author":[{"embeddable":true,"href":"https:\/\/www.informationsportal.de\/salus-bkk\/wp-json\/wp\/v2\/users\/1"}],"replies":[{"embeddable":true,"href":"https:\/\/www.informationsportal.de\/salus-bkk\/wp-json\/wp\/v2\/comments?post=11849"}],"version-history":[{"count":1,"href":"https:\/\/www.informationsportal.de\/salus-bkk\/wp-json\/wp\/v2\/pages\/11849\/revisions"}],"predecessor-version":[{"id":11850,"href":"https:\/\/www.informationsportal.de\/salus-bkk\/wp-json\/wp\/v2\/pages\/11849\/revisions\/11850"}],"up":[{"embeddable":true,"href":"https:\/\/www.informationsportal.de\/salus-bkk\/wp-json\/wp\/v2\/pages\/894"}],"wp:attachment":[{"href":"https:\/\/www.informationsportal.de\/salus-bkk\/wp-json\/wp\/v2\/media?parent=11849"}],"curies":[{"name":"wp","href":"https:\/\/api.w.org\/{rel}","templated":true}]}}