{"id":16011,"date":"2023-11-01T14:55:29","date_gmt":"2023-11-01T13:55:29","guid":{"rendered":"https:\/\/www.informationsportal.de\/salus-bkk\/?page_id=16011"},"modified":"2023-11-01T14:58:31","modified_gmt":"2023-11-01T13:58:31","slug":"gesetzliche-unfallversicherung-uv-2","status":"publish","type":"page","link":"https:\/\/www.informationsportal.de\/salus-bkk\/sv-bibliothek\/meldeverfahren\/gesetzliche-unfallversicherung-uv-2\/","title":{"rendered":"Gesetzliche Unfallversicherung"},"content":{"rendered":"\n<h2 class=\"wp-block-heading\">Elektronisches Lohnnachweisverfahren f\u00fcr die gesetzliche Unfallversicherung<\/h2>\n\n\n\n<p>Nachfolgend finden Sie die Dokumente, die die Daten\u00fcbermittlung an die gesetzliche Unfallversicherung behandeln. Dies umfasst das Lohnnachweisverfahren mit den Inhalten des Lohnnachweises und des Stammdatendatei gem\u00e4\u00df \u00a7 103 SGB IV.<\/p>\n","protected":false},"excerpt":{"rendered":"<p>Elektronisches Lohnnachweisverfahren f\u00fcr die gesetzliche Unfallversicherung Nachfolgend finden Sie die Dokumente, die die Daten\u00fcbermittlung an die gesetzliche Unfallversicherung behandeln.  Dies umfasst das Lohnnachweisverfahren mit den Inhalten des Lohnnachweises und des Stammdatendatei gem\u00e4\u00df \u00a7 103 SGB IV.<\/p>","protected":false},"author":14,"featured_media":0,"parent":655,"menu_order":0,"comment_status":"closed","ping_status":"closed","template":"tpl_documents.php","meta":{"_acf_changed":false,"footnotes":""},"class_list":["post-16011","page","type-page","status-publish","hentry"],"acf":[],"yoast_head":"<!-- This site is optimized with the Yoast SEO plugin v26.3 - https:\/\/yoast.com\/wordpress\/plugins\/seo\/ -->\n<title>Gesetzliche Unfallversicherung - Informationsportal f\u00fcr Arbeitgeber der Salus BKK<\/title>\n<meta name=\"robots\" content=\"index, follow, max-snippet:-1, max-image-preview:large, max-video-preview:-1\" \/>\n<link rel=\"canonical\" href=\"https:\/\/www.informationsportal.de\/salus-bkk\/sv-bibliothek\/meldeverfahren\/gesetzliche-unfallversicherung-uv-2\/\" \/>\n<meta property=\"og:locale\" content=\"de_DE\" \/>\n<meta property=\"og:type\" content=\"article\" \/>\n<meta property=\"og:title\" content=\"Gesetzliche Unfallversicherung - Informationsportal f\u00fcr Arbeitgeber der Salus BKK\" \/>\n<meta property=\"og:description\" content=\"Elektronisches Lohnnachweisverfahren f\u00fcr die gesetzliche Unfallversicherung Nachfolgend finden Sie die Dokumente, die die Daten\u00fcbermittlung an die gesetzliche Unfallversicherung behandeln. Dies umfasst das Lohnnachweisverfahren mit den Inhalten des Lohnnachweises und des Stammdatendatei gem\u00e4\u00df \u00a7 103 SGB IV.\" \/>\n<meta property=\"og:url\" content=\"https:\/\/www.informationsportal.de\/salus-bkk\/sv-bibliothek\/meldeverfahren\/gesetzliche-unfallversicherung-uv-2\/\" \/>\n<meta property=\"og:site_name\" content=\"Informationsportal f\u00fcr Arbeitgeber der Salus BKK\" \/>\n<meta property=\"article:modified_time\" content=\"2023-11-01T13:58:31+00:00\" \/>\n<meta name=\"twitter:card\" content=\"summary_large_image\" \/>\n<meta name=\"twitter:label1\" content=\"Gesch\u00e4tzte Lesezeit\" \/>\n\t<meta name=\"twitter:data1\" content=\"1\u00a0Minute\" \/>\n<script type=\"application\/ld+json\" class=\"yoast-schema-graph\">{\"@context\":\"https:\/\/schema.org\",\"@graph\":[{\"@type\":\"WebPage\",\"@id\":\"https:\/\/www.informationsportal.de\/salus-bkk\/sv-bibliothek\/meldeverfahren\/gesetzliche-unfallversicherung-uv-2\/\",\"url\":\"https:\/\/www.informationsportal.de\/salus-bkk\/sv-bibliothek\/meldeverfahren\/gesetzliche-unfallversicherung-uv-2\/\",\"name\":\"Gesetzliche Unfallversicherung - Informationsportal f\u00fcr Arbeitgeber der Salus BKK\",\"isPartOf\":{\"@id\":\"https:\/\/www.informationsportal.de\/salus-bkk\/#website\"},\"datePublished\":\"2023-11-01T13:55:29+00:00\",\"dateModified\":\"2023-11-01T13:58:31+00:00\",\"breadcrumb\":{\"@id\":\"https:\/\/www.informationsportal.de\/salus-bkk\/sv-bibliothek\/meldeverfahren\/gesetzliche-unfallversicherung-uv-2\/#breadcrumb\"},\"inLanguage\":\"de\",\"potentialAction\":[{\"@type\":\"ReadAction\",\"target\":[\"https:\/\/www.informationsportal.de\/salus-bkk\/sv-bibliothek\/meldeverfahren\/gesetzliche-unfallversicherung-uv-2\/\"]}]},{\"@type\":\"BreadcrumbList\",\"@id\":\"https:\/\/www.informationsportal.de\/salus-bkk\/sv-bibliothek\/meldeverfahren\/gesetzliche-unfallversicherung-uv-2\/#breadcrumb\",\"itemListElement\":[{\"@type\":\"ListItem\",\"position\":1,\"name\":\"SV-Bibliothek\",\"item\":\"https:\/\/www.informationsportal.de\/salus-bkk\/sv-bibliothek\/\"},{\"@type\":\"ListItem\",\"position\":2,\"name\":\"Meldeverfahren\",\"item\":\"https:\/\/www.informationsportal.de\/salus-bkk\/sv-bibliothek\/meldeverfahren\/\"},{\"@type\":\"ListItem\",\"position\":3,\"name\":\"Gesetzliche Unfallversicherung\"}]},{\"@type\":\"WebSite\",\"@id\":\"https:\/\/www.informationsportal.de\/salus-bkk\/#website\",\"url\":\"https:\/\/www.informationsportal.de\/salus-bkk\/\",\"name\":\"Informationsportal f\u00fcr Arbeitgeber der Salus BKK\",\"description\":\"Das Informationsportal ist ein Wegweiser zu den Meldepflichten der Sozialversicherung\",\"potentialAction\":[{\"@type\":\"SearchAction\",\"target\":{\"@type\":\"EntryPoint\",\"urlTemplate\":\"https:\/\/www.informationsportal.de\/salus-bkk\/?s={search_term_string}\"},\"query-input\":{\"@type\":\"PropertyValueSpecification\",\"valueRequired\":true,\"valueName\":\"search_term_string\"}}],\"inLanguage\":\"de\"}]}<\/script>\n<!-- \/ Yoast SEO plugin. -->","yoast_head_json":{"title":"Gesetzliche Unfallversicherung - Informationsportal f\u00fcr Arbeitgeber der Salus BKK","robots":{"index":"index","follow":"follow","max-snippet":"max-snippet:-1","max-image-preview":"max-image-preview:large","max-video-preview":"max-video-preview:-1"},"canonical":"https:\/\/www.informationsportal.de\/salus-bkk\/sv-bibliothek\/meldeverfahren\/gesetzliche-unfallversicherung-uv-2\/","og_locale":"de_DE","og_type":"article","og_title":"Gesetzliche Unfallversicherung - Informationsportal f\u00fcr Arbeitgeber der Salus BKK","og_description":"Elektronisches Lohnnachweisverfahren f\u00fcr die gesetzliche Unfallversicherung Nachfolgend finden Sie die Dokumente, die die Daten\u00fcbermittlung an die gesetzliche Unfallversicherung behandeln. Dies umfasst das Lohnnachweisverfahren mit den Inhalten des Lohnnachweises und des Stammdatendatei gem\u00e4\u00df \u00a7 103 SGB IV.","og_url":"https:\/\/www.informationsportal.de\/salus-bkk\/sv-bibliothek\/meldeverfahren\/gesetzliche-unfallversicherung-uv-2\/","og_site_name":"Informationsportal f\u00fcr Arbeitgeber der Salus BKK","article_modified_time":"2023-11-01T13:58:31+00:00","twitter_card":"summary_large_image","twitter_misc":{"Gesch\u00e4tzte Lesezeit":"1\u00a0Minute"},"schema":{"@context":"https:\/\/schema.org","@graph":[{"@type":"WebPage","@id":"https:\/\/www.informationsportal.de\/salus-bkk\/sv-bibliothek\/meldeverfahren\/gesetzliche-unfallversicherung-uv-2\/","url":"https:\/\/www.informationsportal.de\/salus-bkk\/sv-bibliothek\/meldeverfahren\/gesetzliche-unfallversicherung-uv-2\/","name":"Gesetzliche Unfallversicherung - Informationsportal f\u00fcr Arbeitgeber der Salus BKK","isPartOf":{"@id":"https:\/\/www.informationsportal.de\/salus-bkk\/#website"},"datePublished":"2023-11-01T13:55:29+00:00","dateModified":"2023-11-01T13:58:31+00:00","breadcrumb":{"@id":"https:\/\/www.informationsportal.de\/salus-bkk\/sv-bibliothek\/meldeverfahren\/gesetzliche-unfallversicherung-uv-2\/#breadcrumb"},"inLanguage":"de","potentialAction":[{"@type":"ReadAction","target":["https:\/\/www.informationsportal.de\/salus-bkk\/sv-bibliothek\/meldeverfahren\/gesetzliche-unfallversicherung-uv-2\/"]}]},{"@type":"BreadcrumbList","@id":"https:\/\/www.informationsportal.de\/salus-bkk\/sv-bibliothek\/meldeverfahren\/gesetzliche-unfallversicherung-uv-2\/#breadcrumb","itemListElement":[{"@type":"ListItem","position":1,"name":"SV-Bibliothek","item":"https:\/\/www.informationsportal.de\/salus-bkk\/sv-bibliothek\/"},{"@type":"ListItem","position":2,"name":"Meldeverfahren","item":"https:\/\/www.informationsportal.de\/salus-bkk\/sv-bibliothek\/meldeverfahren\/"},{"@type":"ListItem","position":3,"name":"Gesetzliche Unfallversicherung"}]},{"@type":"WebSite","@id":"https:\/\/www.informationsportal.de\/salus-bkk\/#website","url":"https:\/\/www.informationsportal.de\/salus-bkk\/","name":"Informationsportal f\u00fcr Arbeitgeber der Salus BKK","description":"Das Informationsportal ist ein Wegweiser zu den Meldepflichten der Sozialversicherung","potentialAction":[{"@type":"SearchAction","target":{"@type":"EntryPoint","urlTemplate":"https:\/\/www.informationsportal.de\/salus-bkk\/?s={search_term_string}"},"query-input":{"@type":"PropertyValueSpecification","valueRequired":true,"valueName":"search_term_string"}}],"inLanguage":"de"}]}},"_links":{"self":[{"href":"https:\/\/www.informationsportal.de\/salus-bkk\/wp-json\/wp\/v2\/pages\/16011","targetHints":{"allow":["GET"]}}],"collection":[{"href":"https:\/\/www.informationsportal.de\/salus-bkk\/wp-json\/wp\/v2\/pages"}],"about":[{"href":"https:\/\/www.informationsportal.de\/salus-bkk\/wp-json\/wp\/v2\/types\/page"}],"author":[{"embeddable":true,"href":"https:\/\/www.informationsportal.de\/salus-bkk\/wp-json\/wp\/v2\/users\/14"}],"replies":[{"embeddable":true,"href":"https:\/\/www.informationsportal.de\/salus-bkk\/wp-json\/wp\/v2\/comments?post=16011"}],"version-history":[{"count":1,"href":"https:\/\/www.informationsportal.de\/salus-bkk\/wp-json\/wp\/v2\/pages\/16011\/revisions"}],"predecessor-version":[{"id":16012,"href":"https:\/\/www.informationsportal.de\/salus-bkk\/wp-json\/wp\/v2\/pages\/16011\/revisions\/16012"}],"up":[{"embeddable":true,"href":"https:\/\/www.informationsportal.de\/salus-bkk\/wp-json\/wp\/v2\/pages\/655"}],"wp:attachment":[{"href":"https:\/\/www.informationsportal.de\/salus-bkk\/wp-json\/wp\/v2\/media?parent=16011"}],"curies":[{"name":"wp","href":"https:\/\/api.w.org\/{rel}","templated":true}]}}