{"id":16017,"date":"2023-11-01T15:36:44","date_gmt":"2023-11-01T14:36:44","guid":{"rendered":"https:\/\/www.informationsportal.de\/salus-bkk\/abruf-der-zustaendigen-krankenkasse-nach-%c2%a7-28a-absatz-3e-sgb-iv\/"},"modified":"2023-11-01T15:36:44","modified_gmt":"2023-11-01T14:36:44","slug":"abruf-der-zustaendigen-krankenkasse-nach-%c2%a7-28a-absatz-3e-sgb-iv","status":"publish","type":"page","link":"https:\/\/www.informationsportal.de\/salus-bkk\/abruf-der-zustaendigen-krankenkasse-nach-%c2%a7-28a-absatz-3e-sgb-iv\/","title":{"rendered":"Abruf der zust\u00e4ndigen Krankenkasse nach \u00a7 28a Absatz 3e SGB IV"},"content":{"rendered":"\r\n<h2 class=\"wp-block-heading\">Abruf der zust\u00e4ndigen Krankenkasse nach \u00a7 28a Absatz 3e SGB IV<\/h2>\r\n\r\n\r\n\r\n<p>F\u00fcr die Abgabe von Meldungen an Krankenkassen k\u00f6nnen Arbeitgeber, Zahlstellen, die Agenturen f\u00fcr Arbeit und die zugelassenen kommunalen Tr\u00e4ger nach \u00a7 6a SGB II (Optionskommunen) die aktuelle Mitgliedschaft bei einer Krankenkasse in elektronischer Form beim GKV-Spitzenverband nach \u00a7 28a Abs\u00e4tze 3c und 3d SGB IV abfragen. Nachfolgend finden Sie die Grunds\u00e4tze und die Verfahrensbeschreibung.<\/p>\r\n","protected":false},"excerpt":{"rendered":"<p>Grunds\u00e4tze, Verfahrensbeschreibungn und Datensatzbeschreibungen f\u00fcr das maschinelle Antragsverfahren auf Erstattung nach dem Aufwendungsausgleichsgesetz (AAG)<\/p>","protected":false},"author":14,"featured_media":0,"parent":0,"menu_order":0,"comment_status":"closed","ping_status":"closed","template":"tpl_documents.php","meta":{"_acf_changed":false,"footnotes":""},"class_list":["post-16017","page","type-page","status-publish","hentry"],"acf":[],"yoast_head":"<!-- This site is optimized with the Yoast SEO plugin v26.3 - https:\/\/yoast.com\/wordpress\/plugins\/seo\/ -->\n<title>Abruf der zust\u00e4ndigen Krankenkasse nach \u00a7 28a Absatz 3e SGB IV - Informationsportal f\u00fcr Arbeitgeber der Salus BKK<\/title>\n<meta name=\"robots\" content=\"index, follow, max-snippet:-1, max-image-preview:large, max-video-preview:-1\" \/>\n<link rel=\"canonical\" href=\"https:\/\/www.informationsportal.de\/salus-bkk\/abruf-der-zustaendigen-krankenkasse-nach-\u00a7-28a-absatz-3e-sgb-iv\/\" \/>\n<meta property=\"og:locale\" content=\"de_DE\" \/>\n<meta property=\"og:type\" content=\"article\" \/>\n<meta property=\"og:title\" content=\"Abruf der zust\u00e4ndigen Krankenkasse nach \u00a7 28a Absatz 3e SGB IV - Informationsportal f\u00fcr Arbeitgeber der Salus BKK\" \/>\n<meta property=\"og:description\" content=\"Grunds\u00e4tze, Verfahrensbeschreibungn und Datensatzbeschreibungen f\u00fcr das maschinelle Antragsverfahren auf Erstattung nach dem Aufwendungsausgleichsgesetz (AAG)\" \/>\n<meta property=\"og:url\" content=\"https:\/\/www.informationsportal.de\/salus-bkk\/abruf-der-zustaendigen-krankenkasse-nach-\u00a7-28a-absatz-3e-sgb-iv\/\" \/>\n<meta property=\"og:site_name\" content=\"Informationsportal f\u00fcr Arbeitgeber der Salus BKK\" \/>\n<meta name=\"twitter:card\" content=\"summary_large_image\" \/>\n<meta name=\"twitter:label1\" content=\"Gesch\u00e4tzte Lesezeit\" \/>\n\t<meta name=\"twitter:data1\" content=\"1\u00a0Minute\" \/>\n<script type=\"application\/ld+json\" class=\"yoast-schema-graph\">{\"@context\":\"https:\/\/schema.org\",\"@graph\":[{\"@type\":\"WebPage\",\"@id\":\"https:\/\/www.informationsportal.de\/salus-bkk\/abruf-der-zustaendigen-krankenkasse-nach-%c2%a7-28a-absatz-3e-sgb-iv\/\",\"url\":\"https:\/\/www.informationsportal.de\/salus-bkk\/abruf-der-zustaendigen-krankenkasse-nach-%c2%a7-28a-absatz-3e-sgb-iv\/\",\"name\":\"Abruf der zust\u00e4ndigen Krankenkasse nach \u00a7 28a Absatz 3e SGB IV - Informationsportal f\u00fcr Arbeitgeber der Salus BKK\",\"isPartOf\":{\"@id\":\"https:\/\/www.informationsportal.de\/salus-bkk\/#website\"},\"datePublished\":\"2023-11-01T14:36:44+00:00\",\"inLanguage\":\"de\",\"potentialAction\":[{\"@type\":\"ReadAction\",\"target\":[\"https:\/\/www.informationsportal.de\/salus-bkk\/abruf-der-zustaendigen-krankenkasse-nach-%c2%a7-28a-absatz-3e-sgb-iv\/\"]}]},{\"@type\":\"WebSite\",\"@id\":\"https:\/\/www.informationsportal.de\/salus-bkk\/#website\",\"url\":\"https:\/\/www.informationsportal.de\/salus-bkk\/\",\"name\":\"Informationsportal f\u00fcr Arbeitgeber der Salus BKK\",\"description\":\"Das Informationsportal ist ein Wegweiser zu den Meldepflichten der Sozialversicherung\",\"potentialAction\":[{\"@type\":\"SearchAction\",\"target\":{\"@type\":\"EntryPoint\",\"urlTemplate\":\"https:\/\/www.informationsportal.de\/salus-bkk\/?s={search_term_string}\"},\"query-input\":{\"@type\":\"PropertyValueSpecification\",\"valueRequired\":true,\"valueName\":\"search_term_string\"}}],\"inLanguage\":\"de\"}]}<\/script>\n<!-- \/ Yoast SEO plugin. -->","yoast_head_json":{"title":"Abruf der zust\u00e4ndigen Krankenkasse nach \u00a7 28a Absatz 3e SGB IV - Informationsportal f\u00fcr Arbeitgeber der Salus BKK","robots":{"index":"index","follow":"follow","max-snippet":"max-snippet:-1","max-image-preview":"max-image-preview:large","max-video-preview":"max-video-preview:-1"},"canonical":"https:\/\/www.informationsportal.de\/salus-bkk\/abruf-der-zustaendigen-krankenkasse-nach-\u00a7-28a-absatz-3e-sgb-iv\/","og_locale":"de_DE","og_type":"article","og_title":"Abruf der zust\u00e4ndigen Krankenkasse nach \u00a7 28a Absatz 3e SGB IV - Informationsportal f\u00fcr Arbeitgeber der Salus BKK","og_description":"Grunds\u00e4tze, Verfahrensbeschreibungn und Datensatzbeschreibungen f\u00fcr das maschinelle Antragsverfahren auf Erstattung nach dem Aufwendungsausgleichsgesetz (AAG)","og_url":"https:\/\/www.informationsportal.de\/salus-bkk\/abruf-der-zustaendigen-krankenkasse-nach-\u00a7-28a-absatz-3e-sgb-iv\/","og_site_name":"Informationsportal f\u00fcr Arbeitgeber der Salus BKK","twitter_card":"summary_large_image","twitter_misc":{"Gesch\u00e4tzte Lesezeit":"1\u00a0Minute"},"schema":{"@context":"https:\/\/schema.org","@graph":[{"@type":"WebPage","@id":"https:\/\/www.informationsportal.de\/salus-bkk\/abruf-der-zustaendigen-krankenkasse-nach-%c2%a7-28a-absatz-3e-sgb-iv\/","url":"https:\/\/www.informationsportal.de\/salus-bkk\/abruf-der-zustaendigen-krankenkasse-nach-%c2%a7-28a-absatz-3e-sgb-iv\/","name":"Abruf der zust\u00e4ndigen Krankenkasse nach \u00a7 28a Absatz 3e SGB IV - Informationsportal f\u00fcr Arbeitgeber der Salus BKK","isPartOf":{"@id":"https:\/\/www.informationsportal.de\/salus-bkk\/#website"},"datePublished":"2023-11-01T14:36:44+00:00","inLanguage":"de","potentialAction":[{"@type":"ReadAction","target":["https:\/\/www.informationsportal.de\/salus-bkk\/abruf-der-zustaendigen-krankenkasse-nach-%c2%a7-28a-absatz-3e-sgb-iv\/"]}]},{"@type":"WebSite","@id":"https:\/\/www.informationsportal.de\/salus-bkk\/#website","url":"https:\/\/www.informationsportal.de\/salus-bkk\/","name":"Informationsportal f\u00fcr Arbeitgeber der Salus BKK","description":"Das Informationsportal ist ein Wegweiser zu den Meldepflichten der Sozialversicherung","potentialAction":[{"@type":"SearchAction","target":{"@type":"EntryPoint","urlTemplate":"https:\/\/www.informationsportal.de\/salus-bkk\/?s={search_term_string}"},"query-input":{"@type":"PropertyValueSpecification","valueRequired":true,"valueName":"search_term_string"}}],"inLanguage":"de"}]}},"_links":{"self":[{"href":"https:\/\/www.informationsportal.de\/salus-bkk\/wp-json\/wp\/v2\/pages\/16017","targetHints":{"allow":["GET"]}}],"collection":[{"href":"https:\/\/www.informationsportal.de\/salus-bkk\/wp-json\/wp\/v2\/pages"}],"about":[{"href":"https:\/\/www.informationsportal.de\/salus-bkk\/wp-json\/wp\/v2\/types\/page"}],"author":[{"embeddable":true,"href":"https:\/\/www.informationsportal.de\/salus-bkk\/wp-json\/wp\/v2\/users\/14"}],"replies":[{"embeddable":true,"href":"https:\/\/www.informationsportal.de\/salus-bkk\/wp-json\/wp\/v2\/comments?post=16017"}],"version-history":[{"count":0,"href":"https:\/\/www.informationsportal.de\/salus-bkk\/wp-json\/wp\/v2\/pages\/16017\/revisions"}],"wp:attachment":[{"href":"https:\/\/www.informationsportal.de\/salus-bkk\/wp-json\/wp\/v2\/media?parent=16017"}],"curies":[{"name":"wp","href":"https:\/\/api.w.org\/{rel}","templated":true}]}}