{"id":2109,"date":"2017-01-01T16:00:00","date_gmt":"2017-01-01T15:00:00","guid":{"rendered":"https:\/\/www.informationsportal.de\/?page_id=2109"},"modified":"2021-05-10T16:07:33","modified_gmt":"2021-05-10T14:07:33","slug":"gemerkte-seiten-nutzerhinweise","status":"publish","type":"page","link":"https:\/\/www.informationsportal.de\/salus-bkk\/benutzerhinweise\/gemerkte-seiten-nutzerhinweise\/","title":{"rendered":"Gemerkte Seiten Nutzerhinweise"},"content":{"rendered":"<h2>So finden Sie Ihre Angaben und Seiten unter &#8222;Germerkte Seiten&#8220;<\/h2>\n<p>Ihre eingegebenen Angaben in den Frage-Antwort-Katalogen werden automatisch durch die Anwendung zwischengespeichert. Hier finden Sie eine \u00dcbersicht \u00fcber die bearbeiteten Themen:<\/p>\n<p><img loading=\"lazy\" decoding=\"async\" class=\"alignnone  wp-image-2777\" src=\"https:\/\/www.informationsportal.de\/salus-bkk\/wp-content\/uploads\/sites\/29\/2017\/01\/Gemerkte-Seiten_Klic_sv-mk-2-1.png\" alt=\"Gemerkte Seiten anklicken\" width=\"708\" height=\"104\" srcset=\"https:\/\/www.informationsportal.de\/salus-bkk\/wp-content\/uploads\/sites\/29\/2017\/01\/Gemerkte-Seiten_Klic_sv-mk-2-1.png 810w, https:\/\/www.informationsportal.de\/salus-bkk\/wp-content\/uploads\/sites\/29\/2017\/01\/Gemerkte-Seiten_Klic_sv-mk-2-1-300x44.png 300w, https:\/\/www.informationsportal.de\/salus-bkk\/wp-content\/uploads\/sites\/29\/2017\/01\/Gemerkte-Seiten_Klic_sv-mk-2-1-768x113.png 768w\" sizes=\"auto, (max-width: 708px) 100vw, 708px\" \/><\/p>\n<p>Sie k\u00f6nnen die Themen jederzeit wieder aufrufen, um die Daten weiter zu bearbeiten oder zu l\u00f6schen.<\/p>\n<p>Sie \u00f6ffnen die \u00dcbersicht durch einen Klick auf das \u201e+\u201c-Symbol:<\/p>\n<p><img loading=\"lazy\" decoding=\"async\" class=\"alignnone  wp-image-2778\" src=\"https:\/\/www.informationsportal.de\/salus-bkk\/wp-content\/uploads\/sites\/29\/2017\/01\/Gemerkte-Frage-Antwort-Kataloge_Oeffnen_sv-m-2-1.png\" alt=\"Frage-Antwort-Katalog in Bearbeitung\" width=\"731\" height=\"132\" srcset=\"https:\/\/www.informationsportal.de\/salus-bkk\/wp-content\/uploads\/sites\/29\/2017\/01\/Gemerkte-Frage-Antwort-Kataloge_Oeffnen_sv-m-2-1.png 720w, https:\/\/www.informationsportal.de\/salus-bkk\/wp-content\/uploads\/sites\/29\/2017\/01\/Gemerkte-Frage-Antwort-Kataloge_Oeffnen_sv-m-2-1-300x54.png 300w\" sizes=\"auto, (max-width: 731px) 100vw, 731px\" \/><\/p>\n<p>Dort finden Sie folgende Funktionen:<\/p>\n<p><img loading=\"lazy\" decoding=\"async\" width=\"900\" height=\"450\" class=\"alignnone size-full wp-image-2779\" src=\"https:\/\/www.informationsportal.de\/salus-bkk\/wp-content\/uploads\/sites\/29\/2017\/01\/Frage-Antwort-Kataloge-in-Bearbeitung_sv-m-2-1.png\" alt=\"Frage-Antwort-Katalog Ueberblick\" srcset=\"https:\/\/www.informationsportal.de\/salus-bkk\/wp-content\/uploads\/sites\/29\/2017\/01\/Frage-Antwort-Kataloge-in-Bearbeitung_sv-m-2-1.png 900w, https:\/\/www.informationsportal.de\/salus-bkk\/wp-content\/uploads\/sites\/29\/2017\/01\/Frage-Antwort-Kataloge-in-Bearbeitung_sv-m-2-1-300x150.png 300w, https:\/\/www.informationsportal.de\/salus-bkk\/wp-content\/uploads\/sites\/29\/2017\/01\/Frage-Antwort-Kataloge-in-Bearbeitung_sv-m-2-1-768x384.png 768w\" sizes=\"auto, (max-width: 900px) 100vw, 900px\" \/><\/p>\n<p>Durch \u201eL\u00f6schen\u201c werden die Daten des jeweiligen Eintrags gel\u00f6scht. Nutzen Sie diese, um einzelne Abfragen zu l\u00f6schen. Mit der Funktion \u201eAlle Angaben l\u00f6schen\u201c werden alle Eintr\u00e4ge, die hier zwischengespeichert sind, gel\u00f6scht. Nutzen Sie diese nur, wenn Sie alle bisherigen Angbaben l\u00f6schen m\u00f6chten.<\/p>\n<p><strong>Favoriten von Informationsseiten setzen<\/strong><\/p>\n<p>Weitere Seiten mit Texten und sonstigen Informationen, die nicht Frage-Antwort-Kataloge sind, werden <strong>nicht<\/strong> automatisch gespeichert. Diese k\u00f6nnen Sie ebenfalls unter \u201eGemerkte Seiten\u201c ablegen, indem Sie auf den Seiten oben das Sterchen mit \u201eMerken\u201c anklicken:<\/p>\n<p><img loading=\"lazy\" decoding=\"async\" class=\"alignnone  wp-image-2780\" src=\"https:\/\/www.informationsportal.de\/salus-bkk\/wp-content\/uploads\/sites\/29\/2017\/01\/Merken_Informationsseite_sv-m-2-1.png\" alt=\"Eine Informationsseite merken\" width=\"422\" height=\"99\" srcset=\"https:\/\/www.informationsportal.de\/salus-bkk\/wp-content\/uploads\/sites\/29\/2017\/01\/Merken_Informationsseite_sv-m-2-1.png 384w, https:\/\/www.informationsportal.de\/salus-bkk\/wp-content\/uploads\/sites\/29\/2017\/01\/Merken_Informationsseite_sv-m-2-1-300x70.png 300w\" sizes=\"auto, (max-width: 422px) 100vw, 422px\" \/><\/p>\n<p><strong>Dauer der Speicherung<\/strong><\/p>\n<p><strong>Wichtig:<\/strong> Alle gemerkten Frage-Antwort-Kataloge mit Ihren Angaben und die Favoriten werden beim Schlie\u00dfen des Browser-Fensters wieder gel\u00f6scht. Die L\u00f6schung erfolgt sp\u00e4testens nach 24 Stunden Inaktivit\u00e4t, auch wenn Sie das Browser-Fenster ge\u00f6ffnet lassen. Dies dient dazu, dass unberechtigte Dritte nicht Ihre eingegebenen Daten aufrufen oder einsehen k\u00f6nnen.<\/p>\n<p>Um Ihre Ergebnisse l\u00e4nger zu speichern, nutzen Sie bitte auf den Ergebnissiten die Funktion &#8222;PDF&#8220; und speichern das Dokument auf Ihrem Computer.<\/p>","protected":false},"excerpt":{"rendered":"<p>So finden Sie Ihre Angaben und Seiten unter &#8222;Germerkte Seiten&#8220; Ihre eingegebenen Angaben in den Frage-Antwort-Katalogen werden automatisch durch die Anwendung zwischengespeichert.  Hier finden Sie eine \u00dcbersicht \u00fcber die bearbeiteten Themen: Sie k\u00f6nnen die Themen jederzeit wieder aufrufen, um die Daten weiter zu bearbeiten oder zu l\u00f6schen.  Sie \u00f6ffnen die \u00dcbersicht durch einen Klick auf [&hellip;]<\/p>","protected":false},"author":2,"featured_media":0,"parent":12668,"menu_order":0,"comment_status":"closed","ping_status":"closed","template":"","meta":{"_acf_changed":false,"footnotes":""},"class_list":["post-2109","page","type-page","status-publish","hentry"],"acf":[],"yoast_head":"<!-- This site is optimized with the Yoast SEO plugin v26.3 - https:\/\/yoast.com\/wordpress\/plugins\/seo\/ -->\n<title>Gemerkte Seiten Nutzerhinweise - Informationsportal f\u00fcr Arbeitgeber der Salus BKK<\/title>\n<meta name=\"robots\" content=\"index, follow, max-snippet:-1, max-image-preview:large, max-video-preview:-1\" \/>\n<link rel=\"canonical\" href=\"https:\/\/www.informationsportal.de\/salus-bkk\/benutzerhinweise\/gemerkte-seiten-nutzerhinweise\/\" \/>\n<meta property=\"og:locale\" content=\"de_DE\" \/>\n<meta property=\"og:type\" content=\"article\" \/>\n<meta property=\"og:title\" content=\"Gemerkte Seiten Nutzerhinweise - Informationsportal f\u00fcr Arbeitgeber der Salus BKK\" \/>\n<meta property=\"og:description\" content=\"So finden Sie Ihre Angaben und Seiten unter &#8222;Germerkte Seiten&#8220; Ihre eingegebenen Angaben in den Frage-Antwort-Katalogen werden automatisch durch die Anwendung zwischengespeichert. Hier finden Sie eine \u00dcbersicht \u00fcber die bearbeiteten Themen: Sie k\u00f6nnen die Themen jederzeit wieder aufrufen, um die Daten weiter zu bearbeiten oder zu l\u00f6schen. Sie \u00f6ffnen die \u00dcbersicht durch einen Klick auf [&hellip;]\" \/>\n<meta property=\"og:url\" content=\"https:\/\/www.informationsportal.de\/salus-bkk\/benutzerhinweise\/gemerkte-seiten-nutzerhinweise\/\" \/>\n<meta property=\"og:site_name\" content=\"Informationsportal f\u00fcr Arbeitgeber der Salus BKK\" \/>\n<meta property=\"article:modified_time\" content=\"2021-05-10T14:07:33+00:00\" \/>\n<meta property=\"og:image\" content=\"https:\/\/www.informationsportal.de\/salus-bkk\/wp-content\/uploads\/sites\/29\/2017\/01\/Gemerkte-Seiten_Klic_sv-mk-2-1.png\" \/>\n<meta name=\"twitter:card\" content=\"summary_large_image\" \/>\n<meta name=\"twitter:label1\" content=\"Gesch\u00e4tzte Lesezeit\" \/>\n\t<meta name=\"twitter:data1\" content=\"1\u00a0Minute\" \/>\n<script type=\"application\/ld+json\" class=\"yoast-schema-graph\">{\"@context\":\"https:\/\/schema.org\",\"@graph\":[{\"@type\":\"WebPage\",\"@id\":\"https:\/\/www.informationsportal.de\/salus-bkk\/benutzerhinweise\/gemerkte-seiten-nutzerhinweise\/\",\"url\":\"https:\/\/www.informationsportal.de\/salus-bkk\/benutzerhinweise\/gemerkte-seiten-nutzerhinweise\/\",\"name\":\"Gemerkte Seiten Nutzerhinweise - Informationsportal f\u00fcr Arbeitgeber der Salus BKK\",\"isPartOf\":{\"@id\":\"https:\/\/www.informationsportal.de\/salus-bkk\/#website\"},\"primaryImageOfPage\":{\"@id\":\"https:\/\/www.informationsportal.de\/salus-bkk\/benutzerhinweise\/gemerkte-seiten-nutzerhinweise\/#primaryimage\"},\"image\":{\"@id\":\"https:\/\/www.informationsportal.de\/salus-bkk\/benutzerhinweise\/gemerkte-seiten-nutzerhinweise\/#primaryimage\"},\"thumbnailUrl\":\"https:\/\/www.informationsportal.de\/salus-bkk\/wp-content\/uploads\/sites\/29\/2017\/01\/Gemerkte-Seiten_Klic_sv-mk-2-1.png\",\"datePublished\":\"2017-01-01T15:00:00+00:00\",\"dateModified\":\"2021-05-10T14:07:33+00:00\",\"breadcrumb\":{\"@id\":\"https:\/\/www.informationsportal.de\/salus-bkk\/benutzerhinweise\/gemerkte-seiten-nutzerhinweise\/#breadcrumb\"},\"inLanguage\":\"de\",\"potentialAction\":[{\"@type\":\"ReadAction\",\"target\":[\"https:\/\/www.informationsportal.de\/salus-bkk\/benutzerhinweise\/gemerkte-seiten-nutzerhinweise\/\"]}]},{\"@type\":\"ImageObject\",\"inLanguage\":\"de\",\"@id\":\"https:\/\/www.informationsportal.de\/salus-bkk\/benutzerhinweise\/gemerkte-seiten-nutzerhinweise\/#primaryimage\",\"url\":\"https:\/\/www.informationsportal.de\/salus-bkk\/wp-content\/uploads\/sites\/29\/2017\/01\/Gemerkte-Seiten_Klic_sv-mk-2-1.png\",\"contentUrl\":\"https:\/\/www.informationsportal.de\/salus-bkk\/wp-content\/uploads\/sites\/29\/2017\/01\/Gemerkte-Seiten_Klic_sv-mk-2-1.png\",\"width\":810,\"height\":119,\"caption\":\"Gemerkte Seiten anklicken\"},{\"@type\":\"BreadcrumbList\",\"@id\":\"https:\/\/www.informationsportal.de\/salus-bkk\/benutzerhinweise\/gemerkte-seiten-nutzerhinweise\/#breadcrumb\",\"itemListElement\":[{\"@type\":\"ListItem\",\"position\":1,\"name\":\"Benutzerhinweise\",\"item\":\"https:\/\/www.informationsportal.de\/salus-bkk\/benutzerhinweise\/\"},{\"@type\":\"ListItem\",\"position\":2,\"name\":\"Gemerkte Seiten Nutzerhinweise\"}]},{\"@type\":\"WebSite\",\"@id\":\"https:\/\/www.informationsportal.de\/salus-bkk\/#website\",\"url\":\"https:\/\/www.informationsportal.de\/salus-bkk\/\",\"name\":\"Informationsportal f\u00fcr Arbeitgeber der Salus BKK\",\"description\":\"Das Informationsportal ist ein Wegweiser zu den Meldepflichten der Sozialversicherung\",\"potentialAction\":[{\"@type\":\"SearchAction\",\"target\":{\"@type\":\"EntryPoint\",\"urlTemplate\":\"https:\/\/www.informationsportal.de\/salus-bkk\/?s={search_term_string}\"},\"query-input\":{\"@type\":\"PropertyValueSpecification\",\"valueRequired\":true,\"valueName\":\"search_term_string\"}}],\"inLanguage\":\"de\"}]}<\/script>\n<!-- \/ Yoast SEO plugin. -->","yoast_head_json":{"title":"Gemerkte Seiten Nutzerhinweise - Informationsportal f\u00fcr Arbeitgeber der Salus BKK","robots":{"index":"index","follow":"follow","max-snippet":"max-snippet:-1","max-image-preview":"max-image-preview:large","max-video-preview":"max-video-preview:-1"},"canonical":"https:\/\/www.informationsportal.de\/salus-bkk\/benutzerhinweise\/gemerkte-seiten-nutzerhinweise\/","og_locale":"de_DE","og_type":"article","og_title":"Gemerkte Seiten Nutzerhinweise - Informationsportal f\u00fcr Arbeitgeber der Salus BKK","og_description":"So finden Sie Ihre Angaben und Seiten unter &#8222;Germerkte Seiten&#8220; Ihre eingegebenen Angaben in den Frage-Antwort-Katalogen werden automatisch durch die Anwendung zwischengespeichert. Hier finden Sie eine \u00dcbersicht \u00fcber die bearbeiteten Themen: Sie k\u00f6nnen die Themen jederzeit wieder aufrufen, um die Daten weiter zu bearbeiten oder zu l\u00f6schen. Sie \u00f6ffnen die \u00dcbersicht durch einen Klick auf [&hellip;]","og_url":"https:\/\/www.informationsportal.de\/salus-bkk\/benutzerhinweise\/gemerkte-seiten-nutzerhinweise\/","og_site_name":"Informationsportal f\u00fcr Arbeitgeber der Salus BKK","article_modified_time":"2021-05-10T14:07:33+00:00","og_image":[{"url":"https:\/\/www.informationsportal.de\/salus-bkk\/wp-content\/uploads\/sites\/29\/2017\/01\/Gemerkte-Seiten_Klic_sv-mk-2-1.png","type":"","width":"","height":""}],"twitter_card":"summary_large_image","twitter_misc":{"Gesch\u00e4tzte Lesezeit":"1\u00a0Minute"},"schema":{"@context":"https:\/\/schema.org","@graph":[{"@type":"WebPage","@id":"https:\/\/www.informationsportal.de\/salus-bkk\/benutzerhinweise\/gemerkte-seiten-nutzerhinweise\/","url":"https:\/\/www.informationsportal.de\/salus-bkk\/benutzerhinweise\/gemerkte-seiten-nutzerhinweise\/","name":"Gemerkte Seiten Nutzerhinweise - Informationsportal f\u00fcr Arbeitgeber der Salus BKK","isPartOf":{"@id":"https:\/\/www.informationsportal.de\/salus-bkk\/#website"},"primaryImageOfPage":{"@id":"https:\/\/www.informationsportal.de\/salus-bkk\/benutzerhinweise\/gemerkte-seiten-nutzerhinweise\/#primaryimage"},"image":{"@id":"https:\/\/www.informationsportal.de\/salus-bkk\/benutzerhinweise\/gemerkte-seiten-nutzerhinweise\/#primaryimage"},"thumbnailUrl":"https:\/\/www.informationsportal.de\/salus-bkk\/wp-content\/uploads\/sites\/29\/2017\/01\/Gemerkte-Seiten_Klic_sv-mk-2-1.png","datePublished":"2017-01-01T15:00:00+00:00","dateModified":"2021-05-10T14:07:33+00:00","breadcrumb":{"@id":"https:\/\/www.informationsportal.de\/salus-bkk\/benutzerhinweise\/gemerkte-seiten-nutzerhinweise\/#breadcrumb"},"inLanguage":"de","potentialAction":[{"@type":"ReadAction","target":["https:\/\/www.informationsportal.de\/salus-bkk\/benutzerhinweise\/gemerkte-seiten-nutzerhinweise\/"]}]},{"@type":"ImageObject","inLanguage":"de","@id":"https:\/\/www.informationsportal.de\/salus-bkk\/benutzerhinweise\/gemerkte-seiten-nutzerhinweise\/#primaryimage","url":"https:\/\/www.informationsportal.de\/salus-bkk\/wp-content\/uploads\/sites\/29\/2017\/01\/Gemerkte-Seiten_Klic_sv-mk-2-1.png","contentUrl":"https:\/\/www.informationsportal.de\/salus-bkk\/wp-content\/uploads\/sites\/29\/2017\/01\/Gemerkte-Seiten_Klic_sv-mk-2-1.png","width":810,"height":119,"caption":"Gemerkte Seiten anklicken"},{"@type":"BreadcrumbList","@id":"https:\/\/www.informationsportal.de\/salus-bkk\/benutzerhinweise\/gemerkte-seiten-nutzerhinweise\/#breadcrumb","itemListElement":[{"@type":"ListItem","position":1,"name":"Benutzerhinweise","item":"https:\/\/www.informationsportal.de\/salus-bkk\/benutzerhinweise\/"},{"@type":"ListItem","position":2,"name":"Gemerkte Seiten Nutzerhinweise"}]},{"@type":"WebSite","@id":"https:\/\/www.informationsportal.de\/salus-bkk\/#website","url":"https:\/\/www.informationsportal.de\/salus-bkk\/","name":"Informationsportal f\u00fcr Arbeitgeber der Salus BKK","description":"Das Informationsportal ist ein Wegweiser zu den Meldepflichten der Sozialversicherung","potentialAction":[{"@type":"SearchAction","target":{"@type":"EntryPoint","urlTemplate":"https:\/\/www.informationsportal.de\/salus-bkk\/?s={search_term_string}"},"query-input":{"@type":"PropertyValueSpecification","valueRequired":true,"valueName":"search_term_string"}}],"inLanguage":"de"}]}},"_links":{"self":[{"href":"https:\/\/www.informationsportal.de\/salus-bkk\/wp-json\/wp\/v2\/pages\/2109","targetHints":{"allow":["GET"]}}],"collection":[{"href":"https:\/\/www.informationsportal.de\/salus-bkk\/wp-json\/wp\/v2\/pages"}],"about":[{"href":"https:\/\/www.informationsportal.de\/salus-bkk\/wp-json\/wp\/v2\/types\/page"}],"author":[{"embeddable":true,"href":"https:\/\/www.informationsportal.de\/salus-bkk\/wp-json\/wp\/v2\/users\/2"}],"replies":[{"embeddable":true,"href":"https:\/\/www.informationsportal.de\/salus-bkk\/wp-json\/wp\/v2\/comments?post=2109"}],"version-history":[{"count":1,"href":"https:\/\/www.informationsportal.de\/salus-bkk\/wp-json\/wp\/v2\/pages\/2109\/revisions"}],"predecessor-version":[{"id":12672,"href":"https:\/\/www.informationsportal.de\/salus-bkk\/wp-json\/wp\/v2\/pages\/2109\/revisions\/12672"}],"up":[{"embeddable":true,"href":"https:\/\/www.informationsportal.de\/salus-bkk\/wp-json\/wp\/v2\/pages\/12668"}],"wp:attachment":[{"href":"https:\/\/www.informationsportal.de\/salus-bkk\/wp-json\/wp\/v2\/media?parent=2109"}],"curies":[{"name":"wp","href":"https:\/\/api.w.org\/{rel}","templated":true}]}}