{"id":874,"date":"2017-01-01T16:00:00","date_gmt":"2017-01-01T16:00:00","guid":{"rendered":"https:\/\/www.informationsportal.de\/?page_id=874"},"modified":"2020-07-07T16:33:14","modified_gmt":"2020-07-07T14:33:14","slug":"bescheinigungen-zum-arbeitsentgelt-rv-bea","status":"publish","type":"page","link":"https:\/\/www.informationsportal.de\/salus-bkk\/sv-bibliothek\/meldeverfahren\/gesetzliche-rentenversicherung\/bescheinigungen-zum-arbeitsentgelt-rv-bea\/","title":{"rendered":"Bescheinigungen zum Arbeitsentgelt (RV-BEA)"},"content":{"rendered":"<h2>Anforderung und Annahme von Bescheinigungen und Antr\u00e4gen in der gesetzlichen Rentenversicherung<\/h2>\nMit Hilfe von rvBEA k\u00f6nnen Rentenversicherungstr\u00e4ger (\u201erv\u201c) bei einem Arbeitgeber Bescheinigungen elektronisch anfordern (\u201eBEA\u201c). Ebenso k\u00f6nnen hier\u00fcber Antr\u00e4ge des Arbeitgebers oder R\u00fcckantworten entgegengenommen werden. Ziel der Verfahren ist der Abbau von B\u00fcrokratiekosten bei der Kommunikation zwischen den Arbeitgebern und den Sozialversicherungstr\u00e4gern, indem die Digitalisierung in der Rentenversicherung ausgebaut wird.\n\nUnter <a href=\"http:\/\/www.rvbea.de\" target=\"_blank\" rel=\"noopener noreferrer\">www.rvbea.de<\/a> k\u00f6nnen auch die aktuellen g\u00fcltigen Dokumente heruntergeladen werden, insbesondere zur Kernpr\u00fcfung, der elektronischen Anforderung einer Gesonderten Meldung (GML57) und dem elektronisches Antrags- und Bescheinigungsverfahren A1.\n\n<em>&nbsp;<\/em>","protected":false},"excerpt":{"rendered":"<p>Anforderung und Annahme von Bescheinigungen und Antr\u00e4gen in der gesetzlichen Rentenversicherung Mit Hilfe von rvBEA k\u00f6nnen Rentenversicherungstr\u00e4ger (\u201erv\u201c) bei einem Arbeitgeber Bescheinigungen elektronisch anfordern (\u201eBEA\u201c).  Ebenso k\u00f6nnen hier\u00fcber Antr\u00e4ge des Arbeitgebers oder R\u00fcckantworten entgegengenommen werden.  Ziel der Verfahren ist der Abbau von B\u00fcrokratiekosten bei der Kommunikation zwischen den Arbeitgebern und den Sozialversicherungstr\u00e4gern, indem die Digitalisierung [&hellip;]<\/p>","protected":false},"author":2,"featured_media":0,"parent":865,"menu_order":0,"comment_status":"closed","ping_status":"closed","template":"tpl_documents_blog.php","meta":{"_acf_changed":false,"footnotes":""},"class_list":["post-874","page","type-page","status-publish","hentry"],"acf":[],"yoast_head":"<!-- This site is optimized with the Yoast SEO plugin v26.3 - https:\/\/yoast.com\/wordpress\/plugins\/seo\/ -->\n<title>Bescheinigungen zum Arbeitsentgelt (RV-BEA) - Informationsportal f\u00fcr Arbeitgeber der Salus BKK<\/title>\n<meta name=\"robots\" content=\"index, follow, max-snippet:-1, max-image-preview:large, max-video-preview:-1\" \/>\n<link rel=\"canonical\" href=\"https:\/\/www.informationsportal.de\/salus-bkk\/sv-bibliothek\/meldeverfahren\/gesetzliche-rentenversicherung\/bescheinigungen-zum-arbeitsentgelt-rv-bea\/\" \/>\n<meta property=\"og:locale\" content=\"de_DE\" \/>\n<meta property=\"og:type\" content=\"article\" \/>\n<meta property=\"og:title\" content=\"Bescheinigungen zum Arbeitsentgelt (RV-BEA) - Informationsportal f\u00fcr Arbeitgeber der Salus BKK\" \/>\n<meta property=\"og:description\" content=\"Anforderung und Annahme von Bescheinigungen und Antr\u00e4gen in der gesetzlichen Rentenversicherung Mit Hilfe von rvBEA k\u00f6nnen Rentenversicherungstr\u00e4ger (\u201erv\u201c) bei einem Arbeitgeber Bescheinigungen elektronisch anfordern (\u201eBEA\u201c). Ebenso k\u00f6nnen hier\u00fcber Antr\u00e4ge des Arbeitgebers oder R\u00fcckantworten entgegengenommen werden. Ziel der Verfahren ist der Abbau von B\u00fcrokratiekosten bei der Kommunikation zwischen den Arbeitgebern und den Sozialversicherungstr\u00e4gern, indem die Digitalisierung [&hellip;]\" \/>\n<meta property=\"og:url\" content=\"https:\/\/www.informationsportal.de\/salus-bkk\/sv-bibliothek\/meldeverfahren\/gesetzliche-rentenversicherung\/bescheinigungen-zum-arbeitsentgelt-rv-bea\/\" \/>\n<meta property=\"og:site_name\" content=\"Informationsportal f\u00fcr Arbeitgeber der Salus BKK\" \/>\n<meta property=\"article:modified_time\" content=\"2020-07-07T14:33:14+00:00\" \/>\n<meta name=\"twitter:card\" content=\"summary_large_image\" \/>\n<meta name=\"twitter:label1\" content=\"Gesch\u00e4tzte Lesezeit\" \/>\n\t<meta name=\"twitter:data1\" content=\"1\u00a0Minute\" \/>\n<script type=\"application\/ld+json\" class=\"yoast-schema-graph\">{\"@context\":\"https:\/\/schema.org\",\"@graph\":[{\"@type\":\"WebPage\",\"@id\":\"https:\/\/www.informationsportal.de\/salus-bkk\/sv-bibliothek\/meldeverfahren\/gesetzliche-rentenversicherung\/bescheinigungen-zum-arbeitsentgelt-rv-bea\/\",\"url\":\"https:\/\/www.informationsportal.de\/salus-bkk\/sv-bibliothek\/meldeverfahren\/gesetzliche-rentenversicherung\/bescheinigungen-zum-arbeitsentgelt-rv-bea\/\",\"name\":\"Bescheinigungen zum Arbeitsentgelt (RV-BEA) - Informationsportal f\u00fcr Arbeitgeber der Salus BKK\",\"isPartOf\":{\"@id\":\"https:\/\/www.informationsportal.de\/salus-bkk\/#website\"},\"datePublished\":\"2017-01-01T16:00:00+00:00\",\"dateModified\":\"2020-07-07T14:33:14+00:00\",\"breadcrumb\":{\"@id\":\"https:\/\/www.informationsportal.de\/salus-bkk\/sv-bibliothek\/meldeverfahren\/gesetzliche-rentenversicherung\/bescheinigungen-zum-arbeitsentgelt-rv-bea\/#breadcrumb\"},\"inLanguage\":\"de\",\"potentialAction\":[{\"@type\":\"ReadAction\",\"target\":[\"https:\/\/www.informationsportal.de\/salus-bkk\/sv-bibliothek\/meldeverfahren\/gesetzliche-rentenversicherung\/bescheinigungen-zum-arbeitsentgelt-rv-bea\/\"]}]},{\"@type\":\"BreadcrumbList\",\"@id\":\"https:\/\/www.informationsportal.de\/salus-bkk\/sv-bibliothek\/meldeverfahren\/gesetzliche-rentenversicherung\/bescheinigungen-zum-arbeitsentgelt-rv-bea\/#breadcrumb\",\"itemListElement\":[{\"@type\":\"ListItem\",\"position\":1,\"name\":\"SV-Bibliothek\",\"item\":\"https:\/\/www.informationsportal.de\/salus-bkk\/sv-bibliothek\/\"},{\"@type\":\"ListItem\",\"position\":2,\"name\":\"Meldeverfahren\",\"item\":\"https:\/\/www.informationsportal.de\/salus-bkk\/sv-bibliothek\/meldeverfahren\/\"},{\"@type\":\"ListItem\",\"position\":3,\"name\":\"Gesetzliche Rentenversicherung\",\"item\":\"https:\/\/www.informationsportal.de\/salus-bkk\/sv-bibliothek\/meldeverfahren\/gesetzliche-rentenversicherung\/\"},{\"@type\":\"ListItem\",\"position\":4,\"name\":\"Bescheinigungen zum Arbeitsentgelt (RV-BEA)\"}]},{\"@type\":\"WebSite\",\"@id\":\"https:\/\/www.informationsportal.de\/salus-bkk\/#website\",\"url\":\"https:\/\/www.informationsportal.de\/salus-bkk\/\",\"name\":\"Informationsportal f\u00fcr Arbeitgeber der Salus BKK\",\"description\":\"Das Informationsportal ist ein Wegweiser zu den Meldepflichten der Sozialversicherung\",\"potentialAction\":[{\"@type\":\"SearchAction\",\"target\":{\"@type\":\"EntryPoint\",\"urlTemplate\":\"https:\/\/www.informationsportal.de\/salus-bkk\/?s={search_term_string}\"},\"query-input\":{\"@type\":\"PropertyValueSpecification\",\"valueRequired\":true,\"valueName\":\"search_term_string\"}}],\"inLanguage\":\"de\"}]}<\/script>\n<!-- \/ Yoast SEO plugin. -->","yoast_head_json":{"title":"Bescheinigungen zum Arbeitsentgelt (RV-BEA) - Informationsportal f\u00fcr Arbeitgeber der Salus BKK","robots":{"index":"index","follow":"follow","max-snippet":"max-snippet:-1","max-image-preview":"max-image-preview:large","max-video-preview":"max-video-preview:-1"},"canonical":"https:\/\/www.informationsportal.de\/salus-bkk\/sv-bibliothek\/meldeverfahren\/gesetzliche-rentenversicherung\/bescheinigungen-zum-arbeitsentgelt-rv-bea\/","og_locale":"de_DE","og_type":"article","og_title":"Bescheinigungen zum Arbeitsentgelt (RV-BEA) - Informationsportal f\u00fcr Arbeitgeber der Salus BKK","og_description":"Anforderung und Annahme von Bescheinigungen und Antr\u00e4gen in der gesetzlichen Rentenversicherung Mit Hilfe von rvBEA k\u00f6nnen Rentenversicherungstr\u00e4ger (\u201erv\u201c) bei einem Arbeitgeber Bescheinigungen elektronisch anfordern (\u201eBEA\u201c). Ebenso k\u00f6nnen hier\u00fcber Antr\u00e4ge des Arbeitgebers oder R\u00fcckantworten entgegengenommen werden. Ziel der Verfahren ist der Abbau von B\u00fcrokratiekosten bei der Kommunikation zwischen den Arbeitgebern und den Sozialversicherungstr\u00e4gern, indem die Digitalisierung [&hellip;]","og_url":"https:\/\/www.informationsportal.de\/salus-bkk\/sv-bibliothek\/meldeverfahren\/gesetzliche-rentenversicherung\/bescheinigungen-zum-arbeitsentgelt-rv-bea\/","og_site_name":"Informationsportal f\u00fcr Arbeitgeber der Salus BKK","article_modified_time":"2020-07-07T14:33:14+00:00","twitter_card":"summary_large_image","twitter_misc":{"Gesch\u00e4tzte Lesezeit":"1\u00a0Minute"},"schema":{"@context":"https:\/\/schema.org","@graph":[{"@type":"WebPage","@id":"https:\/\/www.informationsportal.de\/salus-bkk\/sv-bibliothek\/meldeverfahren\/gesetzliche-rentenversicherung\/bescheinigungen-zum-arbeitsentgelt-rv-bea\/","url":"https:\/\/www.informationsportal.de\/salus-bkk\/sv-bibliothek\/meldeverfahren\/gesetzliche-rentenversicherung\/bescheinigungen-zum-arbeitsentgelt-rv-bea\/","name":"Bescheinigungen zum Arbeitsentgelt (RV-BEA) - Informationsportal f\u00fcr Arbeitgeber der Salus BKK","isPartOf":{"@id":"https:\/\/www.informationsportal.de\/salus-bkk\/#website"},"datePublished":"2017-01-01T16:00:00+00:00","dateModified":"2020-07-07T14:33:14+00:00","breadcrumb":{"@id":"https:\/\/www.informationsportal.de\/salus-bkk\/sv-bibliothek\/meldeverfahren\/gesetzliche-rentenversicherung\/bescheinigungen-zum-arbeitsentgelt-rv-bea\/#breadcrumb"},"inLanguage":"de","potentialAction":[{"@type":"ReadAction","target":["https:\/\/www.informationsportal.de\/salus-bkk\/sv-bibliothek\/meldeverfahren\/gesetzliche-rentenversicherung\/bescheinigungen-zum-arbeitsentgelt-rv-bea\/"]}]},{"@type":"BreadcrumbList","@id":"https:\/\/www.informationsportal.de\/salus-bkk\/sv-bibliothek\/meldeverfahren\/gesetzliche-rentenversicherung\/bescheinigungen-zum-arbeitsentgelt-rv-bea\/#breadcrumb","itemListElement":[{"@type":"ListItem","position":1,"name":"SV-Bibliothek","item":"https:\/\/www.informationsportal.de\/salus-bkk\/sv-bibliothek\/"},{"@type":"ListItem","position":2,"name":"Meldeverfahren","item":"https:\/\/www.informationsportal.de\/salus-bkk\/sv-bibliothek\/meldeverfahren\/"},{"@type":"ListItem","position":3,"name":"Gesetzliche Rentenversicherung","item":"https:\/\/www.informationsportal.de\/salus-bkk\/sv-bibliothek\/meldeverfahren\/gesetzliche-rentenversicherung\/"},{"@type":"ListItem","position":4,"name":"Bescheinigungen zum Arbeitsentgelt (RV-BEA)"}]},{"@type":"WebSite","@id":"https:\/\/www.informationsportal.de\/salus-bkk\/#website","url":"https:\/\/www.informationsportal.de\/salus-bkk\/","name":"Informationsportal f\u00fcr Arbeitgeber der Salus BKK","description":"Das Informationsportal ist ein Wegweiser zu den Meldepflichten der Sozialversicherung","potentialAction":[{"@type":"SearchAction","target":{"@type":"EntryPoint","urlTemplate":"https:\/\/www.informationsportal.de\/salus-bkk\/?s={search_term_string}"},"query-input":{"@type":"PropertyValueSpecification","valueRequired":true,"valueName":"search_term_string"}}],"inLanguage":"de"}]}},"_links":{"self":[{"href":"https:\/\/www.informationsportal.de\/salus-bkk\/wp-json\/wp\/v2\/pages\/874","targetHints":{"allow":["GET"]}}],"collection":[{"href":"https:\/\/www.informationsportal.de\/salus-bkk\/wp-json\/wp\/v2\/pages"}],"about":[{"href":"https:\/\/www.informationsportal.de\/salus-bkk\/wp-json\/wp\/v2\/types\/page"}],"author":[{"embeddable":true,"href":"https:\/\/www.informationsportal.de\/salus-bkk\/wp-json\/wp\/v2\/users\/2"}],"replies":[{"embeddable":true,"href":"https:\/\/www.informationsportal.de\/salus-bkk\/wp-json\/wp\/v2\/comments?post=874"}],"version-history":[{"count":3,"href":"https:\/\/www.informationsportal.de\/salus-bkk\/wp-json\/wp\/v2\/pages\/874\/revisions"}],"predecessor-version":[{"id":9813,"href":"https:\/\/www.informationsportal.de\/salus-bkk\/wp-json\/wp\/v2\/pages\/874\/revisions\/9813"}],"up":[{"embeddable":true,"href":"https:\/\/www.informationsportal.de\/salus-bkk\/wp-json\/wp\/v2\/pages\/865"}],"wp:attachment":[{"href":"https:\/\/www.informationsportal.de\/salus-bkk\/wp-json\/wp\/v2\/media?parent=874"}],"curies":[{"name":"wp","href":"https:\/\/api.w.org\/{rel}","templated":true}]}}