{"id":4877,"date":"2019-06-21T11:30:39","date_gmt":"2019-06-21T09:30:39","guid":{"rendered":"https:\/\/www.informationsportal.de\/?page_id=4877"},"modified":"2020-08-26T14:19:59","modified_gmt":"2020-08-26T12:19:59","slug":"betriebliche-altersversorgung","status":"publish","type":"page","link":"https:\/\/www.informationsportal.de\/vivida-bkk\/sv-bibliothek\/versicherung-und-beitragsrecht\/gemeinsame-dokumente-der-sozialversicherung\/sonstige-themen\/betriebliche-altersversorgung\/","title":{"rendered":"Betriebliche Altersversorgung"},"content":{"rendered":"<p><strong>Zuwendungen und Durchf\u00fchrungswege zum Aufbau der betrieblichen Altersversorgung<\/strong><br \/>\n Nachfolgend finden Sie die Dokumente, die den Aufbau der betrieblichen Altersversorgung unter beitragsrechtlichen Aspekten behandeln. Dazu geh\u00f6ren die Durchf\u00fchrungswege Direktzusage, Unterst\u00fctzungskasse, Direktversicherung, Pensionskasse und Pensionsfonds.<\/p>","protected":false},"excerpt":{"rendered":"<p>Zuwendungen und Durchf\u00fchrungswege zum Aufbau der betrieblichen Altersversorgung Nachfolgend finden Sie die Dokumente, die den Aufbau der betrieblichen Altersversorgung unter beitragsrechtlichen Aspekten behandeln.  Dazu geh\u00f6ren die Durchf\u00fchrungswege Direktzusage, Unterst\u00fctzungskasse, Direktversicherung, Pensionskasse und Pensionsfonds.<\/p>","protected":false},"author":1,"featured_media":0,"parent":4860,"menu_order":0,"comment_status":"closed","ping_status":"closed","template":"tpl_documents.php","meta":{"_acf_changed":false,"footnotes":""},"class_list":["post-4877","page","type-page","status-publish","hentry"],"acf":[],"yoast_head":"<!-- This site is optimized with the Yoast SEO plugin v26.3 - https:\/\/yoast.com\/wordpress\/plugins\/seo\/ -->\n<title>Betriebliche Altersversorgung - Informationsportal f\u00fcr Arbeitgeber der Vivida BKK<\/title>\n<meta name=\"robots\" content=\"index, follow, max-snippet:-1, max-image-preview:large, max-video-preview:-1\" \/>\n<link rel=\"canonical\" href=\"https:\/\/www.informationsportal.de\/vivida-bkk\/sv-bibliothek\/versicherung-und-beitragsrecht\/gemeinsame-dokumente-der-sozialversicherung\/sonstige-themen\/betriebliche-altersversorgung\/\" \/>\n<meta property=\"og:locale\" content=\"de_DE\" \/>\n<meta property=\"og:type\" content=\"article\" \/>\n<meta property=\"og:title\" content=\"Betriebliche Altersversorgung - Informationsportal f\u00fcr Arbeitgeber der Vivida BKK\" \/>\n<meta property=\"og:description\" content=\"Zuwendungen und Durchf\u00fchrungswege zum Aufbau der betrieblichen Altersversorgung Nachfolgend finden Sie die Dokumente, die den Aufbau der betrieblichen Altersversorgung unter beitragsrechtlichen Aspekten behandeln. Dazu geh\u00f6ren die Durchf\u00fchrungswege Direktzusage, Unterst\u00fctzungskasse, Direktversicherung, Pensionskasse und Pensionsfonds.\" \/>\n<meta property=\"og:url\" content=\"https:\/\/www.informationsportal.de\/vivida-bkk\/sv-bibliothek\/versicherung-und-beitragsrecht\/gemeinsame-dokumente-der-sozialversicherung\/sonstige-themen\/betriebliche-altersversorgung\/\" \/>\n<meta property=\"og:site_name\" content=\"Informationsportal f\u00fcr Arbeitgeber der Vivida BKK\" \/>\n<meta property=\"article:modified_time\" content=\"2020-08-26T12:19:59+00:00\" \/>\n<meta name=\"twitter:card\" content=\"summary_large_image\" \/>\n<script type=\"application\/ld+json\" class=\"yoast-schema-graph\">{\"@context\":\"https:\/\/schema.org\",\"@graph\":[{\"@type\":\"WebPage\",\"@id\":\"https:\/\/www.informationsportal.de\/vivida-bkk\/sv-bibliothek\/versicherung-und-beitragsrecht\/gemeinsame-dokumente-der-sozialversicherung\/sonstige-themen\/betriebliche-altersversorgung\/\",\"url\":\"https:\/\/www.informationsportal.de\/vivida-bkk\/sv-bibliothek\/versicherung-und-beitragsrecht\/gemeinsame-dokumente-der-sozialversicherung\/sonstige-themen\/betriebliche-altersversorgung\/\",\"name\":\"Betriebliche Altersversorgung - Informationsportal f\u00fcr Arbeitgeber der Vivida BKK\",\"isPartOf\":{\"@id\":\"https:\/\/www.informationsportal.de\/vivida-bkk\/#website\"},\"datePublished\":\"2019-06-21T09:30:39+00:00\",\"dateModified\":\"2020-08-26T12:19:59+00:00\",\"breadcrumb\":{\"@id\":\"https:\/\/www.informationsportal.de\/vivida-bkk\/sv-bibliothek\/versicherung-und-beitragsrecht\/gemeinsame-dokumente-der-sozialversicherung\/sonstige-themen\/betriebliche-altersversorgung\/#breadcrumb\"},\"inLanguage\":\"de\",\"potentialAction\":[{\"@type\":\"ReadAction\",\"target\":[\"https:\/\/www.informationsportal.de\/vivida-bkk\/sv-bibliothek\/versicherung-und-beitragsrecht\/gemeinsame-dokumente-der-sozialversicherung\/sonstige-themen\/betriebliche-altersversorgung\/\"]}]},{\"@type\":\"BreadcrumbList\",\"@id\":\"https:\/\/www.informationsportal.de\/vivida-bkk\/sv-bibliothek\/versicherung-und-beitragsrecht\/gemeinsame-dokumente-der-sozialversicherung\/sonstige-themen\/betriebliche-altersversorgung\/#breadcrumb\",\"itemListElement\":[{\"@type\":\"ListItem\",\"position\":1,\"name\":\"SV-Bibliothek\",\"item\":\"https:\/\/www.informationsportal.de\/vivida-bkk\/sv-bibliothek\/\"},{\"@type\":\"ListItem\",\"position\":2,\"name\":\"Versicherungs- und Beitragsrecht\",\"item\":\"https:\/\/www.informationsportal.de\/vivida-bkk\/sv-bibliothek\/versicherung-und-beitragsrecht\/\"},{\"@type\":\"ListItem\",\"position\":3,\"name\":\"Gemeinsame Dokumente der Sozialversicherung\",\"item\":\"https:\/\/www.informationsportal.de\/vivida-bkk\/sv-bibliothek\/versicherung-und-beitragsrecht\/gemeinsame-dokumente-der-sozialversicherung\/\"},{\"@type\":\"ListItem\",\"position\":4,\"name\":\"Sonstige Themen\",\"item\":\"https:\/\/www.informationsportal.de\/vivida-bkk\/sv-bibliothek\/versicherung-und-beitragsrecht\/gemeinsame-dokumente-der-sozialversicherung\/sonstige-themen\/\"},{\"@type\":\"ListItem\",\"position\":5,\"name\":\"Betriebliche Altersversorgung\"}]},{\"@type\":\"WebSite\",\"@id\":\"https:\/\/www.informationsportal.de\/vivida-bkk\/#website\",\"url\":\"https:\/\/www.informationsportal.de\/vivida-bkk\/\",\"name\":\"Informationsportal f\u00fcr Arbeitgeber der Vivida BKK\",\"description\":\"\",\"potentialAction\":[{\"@type\":\"SearchAction\",\"target\":{\"@type\":\"EntryPoint\",\"urlTemplate\":\"https:\/\/www.informationsportal.de\/vivida-bkk\/?s={search_term_string}\"},\"query-input\":{\"@type\":\"PropertyValueSpecification\",\"valueRequired\":true,\"valueName\":\"search_term_string\"}}],\"inLanguage\":\"de\"}]}<\/script>\n<!-- \/ Yoast SEO plugin. -->","yoast_head_json":{"title":"Betriebliche Altersversorgung - Informationsportal f\u00fcr Arbeitgeber der Vivida BKK","robots":{"index":"index","follow":"follow","max-snippet":"max-snippet:-1","max-image-preview":"max-image-preview:large","max-video-preview":"max-video-preview:-1"},"canonical":"https:\/\/www.informationsportal.de\/vivida-bkk\/sv-bibliothek\/versicherung-und-beitragsrecht\/gemeinsame-dokumente-der-sozialversicherung\/sonstige-themen\/betriebliche-altersversorgung\/","og_locale":"de_DE","og_type":"article","og_title":"Betriebliche Altersversorgung - Informationsportal f\u00fcr Arbeitgeber der Vivida BKK","og_description":"Zuwendungen und Durchf\u00fchrungswege zum Aufbau der betrieblichen Altersversorgung Nachfolgend finden Sie die Dokumente, die den Aufbau der betrieblichen Altersversorgung unter beitragsrechtlichen Aspekten behandeln. Dazu geh\u00f6ren die Durchf\u00fchrungswege Direktzusage, Unterst\u00fctzungskasse, Direktversicherung, Pensionskasse und Pensionsfonds.","og_url":"https:\/\/www.informationsportal.de\/vivida-bkk\/sv-bibliothek\/versicherung-und-beitragsrecht\/gemeinsame-dokumente-der-sozialversicherung\/sonstige-themen\/betriebliche-altersversorgung\/","og_site_name":"Informationsportal f\u00fcr Arbeitgeber der Vivida BKK","article_modified_time":"2020-08-26T12:19:59+00:00","twitter_card":"summary_large_image","schema":{"@context":"https:\/\/schema.org","@graph":[{"@type":"WebPage","@id":"https:\/\/www.informationsportal.de\/vivida-bkk\/sv-bibliothek\/versicherung-und-beitragsrecht\/gemeinsame-dokumente-der-sozialversicherung\/sonstige-themen\/betriebliche-altersversorgung\/","url":"https:\/\/www.informationsportal.de\/vivida-bkk\/sv-bibliothek\/versicherung-und-beitragsrecht\/gemeinsame-dokumente-der-sozialversicherung\/sonstige-themen\/betriebliche-altersversorgung\/","name":"Betriebliche Altersversorgung - Informationsportal f\u00fcr Arbeitgeber der Vivida BKK","isPartOf":{"@id":"https:\/\/www.informationsportal.de\/vivida-bkk\/#website"},"datePublished":"2019-06-21T09:30:39+00:00","dateModified":"2020-08-26T12:19:59+00:00","breadcrumb":{"@id":"https:\/\/www.informationsportal.de\/vivida-bkk\/sv-bibliothek\/versicherung-und-beitragsrecht\/gemeinsame-dokumente-der-sozialversicherung\/sonstige-themen\/betriebliche-altersversorgung\/#breadcrumb"},"inLanguage":"de","potentialAction":[{"@type":"ReadAction","target":["https:\/\/www.informationsportal.de\/vivida-bkk\/sv-bibliothek\/versicherung-und-beitragsrecht\/gemeinsame-dokumente-der-sozialversicherung\/sonstige-themen\/betriebliche-altersversorgung\/"]}]},{"@type":"BreadcrumbList","@id":"https:\/\/www.informationsportal.de\/vivida-bkk\/sv-bibliothek\/versicherung-und-beitragsrecht\/gemeinsame-dokumente-der-sozialversicherung\/sonstige-themen\/betriebliche-altersversorgung\/#breadcrumb","itemListElement":[{"@type":"ListItem","position":1,"name":"SV-Bibliothek","item":"https:\/\/www.informationsportal.de\/vivida-bkk\/sv-bibliothek\/"},{"@type":"ListItem","position":2,"name":"Versicherungs- und Beitragsrecht","item":"https:\/\/www.informationsportal.de\/vivida-bkk\/sv-bibliothek\/versicherung-und-beitragsrecht\/"},{"@type":"ListItem","position":3,"name":"Gemeinsame Dokumente der Sozialversicherung","item":"https:\/\/www.informationsportal.de\/vivida-bkk\/sv-bibliothek\/versicherung-und-beitragsrecht\/gemeinsame-dokumente-der-sozialversicherung\/"},{"@type":"ListItem","position":4,"name":"Sonstige Themen","item":"https:\/\/www.informationsportal.de\/vivida-bkk\/sv-bibliothek\/versicherung-und-beitragsrecht\/gemeinsame-dokumente-der-sozialversicherung\/sonstige-themen\/"},{"@type":"ListItem","position":5,"name":"Betriebliche Altersversorgung"}]},{"@type":"WebSite","@id":"https:\/\/www.informationsportal.de\/vivida-bkk\/#website","url":"https:\/\/www.informationsportal.de\/vivida-bkk\/","name":"Informationsportal f\u00fcr Arbeitgeber der Vivida BKK","description":"","potentialAction":[{"@type":"SearchAction","target":{"@type":"EntryPoint","urlTemplate":"https:\/\/www.informationsportal.de\/vivida-bkk\/?s={search_term_string}"},"query-input":{"@type":"PropertyValueSpecification","valueRequired":true,"valueName":"search_term_string"}}],"inLanguage":"de"}]}},"_links":{"self":[{"href":"https:\/\/www.informationsportal.de\/vivida-bkk\/wp-json\/wp\/v2\/pages\/4877","targetHints":{"allow":["GET"]}}],"collection":[{"href":"https:\/\/www.informationsportal.de\/vivida-bkk\/wp-json\/wp\/v2\/pages"}],"about":[{"href":"https:\/\/www.informationsportal.de\/vivida-bkk\/wp-json\/wp\/v2\/types\/page"}],"author":[{"embeddable":true,"href":"https:\/\/www.informationsportal.de\/vivida-bkk\/wp-json\/wp\/v2\/users\/1"}],"replies":[{"embeddable":true,"href":"https:\/\/www.informationsportal.de\/vivida-bkk\/wp-json\/wp\/v2\/comments?post=4877"}],"version-history":[{"count":1,"href":"https:\/\/www.informationsportal.de\/vivida-bkk\/wp-json\/wp\/v2\/pages\/4877\/revisions"}],"predecessor-version":[{"id":10018,"href":"https:\/\/www.informationsportal.de\/vivida-bkk\/wp-json\/wp\/v2\/pages\/4877\/revisions\/10018"}],"up":[{"embeddable":true,"href":"https:\/\/www.informationsportal.de\/vivida-bkk\/wp-json\/wp\/v2\/pages\/4860"}],"wp:attachment":[{"href":"https:\/\/www.informationsportal.de\/vivida-bkk\/wp-json\/wp\/v2\/media?parent=4877"}],"curies":[{"name":"wp","href":"https:\/\/api.w.org\/{rel}","templated":true}]}}